{"id":272,"date":"2022-02-08T15:34:29","date_gmt":"2022-02-08T15:34:29","guid":{"rendered":"https:\/\/bawso.org.uk\/?page_id=272"},"modified":"2022-03-23T20:40:58","modified_gmt":"2022-03-23T20:40:58","slug":"terms-of-use","status":"publish","type":"page","link":"https:\/\/bawso.org.uk\/it\/terms-of-use\/","title":{"rendered":"Condizioni d&#039;uso"},"content":{"rendered":"<h2 class=\"has-brand-one-color has-text-color wp-block-heading\" id=\"website-terms-of-use-privacy\"><strong>Condizioni d&#039;uso e privacy del sito web<\/strong><\/h2>\n\n\n\n<p>&quot;Noi&quot; e &quot;Nostro&quot; di seguito si riferiscono a &quot;Bawso&quot; ea chiunque svolga il nostro lavoro o lavori per nostro conto.<\/p>\n\n\n\n<p>Utilizzando il nostro sito Web, accetti di essere vincolato dai termini e dalle condizioni d&#039;uso e dalla nostra informativa sulla privacy di seguito.<\/p>\n\n\n\n<div style=\"height:20px\" aria-hidden=\"true\" class=\"wp-block-spacer\"><\/div>\n\n\n\n<h2 class=\"has-brand-one-color has-text-color wp-block-heading\" id=\"terms-and-conditions\"><strong>Termini e Condizioni<\/strong><\/h2>\n\n\n\n<div style=\"height:20px\" aria-hidden=\"true\" class=\"wp-block-spacer\"><\/div>\n\n\n\n<h3 class=\"has-brand-one-color has-text-color wp-block-heading\" id=\"1-access-to-the-website-and-content\"><strong>1. Accesso al sito Web e ai contenuti<\/strong><\/h3>\n\n\n\n<p>Le informazioni fornite su questo sito Web non costituiscono in alcun modo un invito o una raccomandazione all&#039;acquisto di prodotti o servizi presentati e dovresti cercare un&#039;appropriata consulenza indipendente.<\/p>\n\n\n\n<p>Cercheremo di consentire l&#039;accesso ininterrotto a questo sito Web, ma l&#039;accesso a uno di questi siti Web potrebbe essere sospeso, limitato o terminato in qualsiasi momento.<\/p>\n\n\n\n<p>Non ci assumiamo alcuna responsabilit\u00e0 per i contenuti di altri siti Web a cui questo sito Web ha collegamenti.<\/p>\n\n\n\n<div style=\"height:20px\" aria-hidden=\"true\" class=\"wp-block-spacer\"><\/div>\n\n\n\n<h3 class=\"has-brand-one-color has-text-color wp-block-heading\" id=\"2-intellectual-property\"><strong>2. Propriet\u00e0 intellettuale<\/strong><\/h3>\n\n\n\n<p>I diritti d&#039;autore sul contenuto di questo sito Web, design, testo e grafica, nonch\u00e9 la loro selezione e disposizione appartengono a noi o ai fornitori di tali informazioni. Tutti i diritti sono riservati. Nessuno di questo materiale pu\u00f2 essere riprodotto o ridistribuito senza la nostra autorizzazione scritta. Tuttavia, puoi scaricare o stampare una singola copia per la tua visualizzazione offline non commerciale.<\/p>\n\n\n\n<p>I nomi di prodotti e societ\u00e0 citati in questo sito Web possono essere marchi o marchi registrati dei rispettivi proprietari.<\/p>\n\n\n\n<div style=\"height:20px\" aria-hidden=\"true\" class=\"wp-block-spacer\"><\/div>\n\n\n\n<h3 class=\"has-brand-one-color has-text-color wp-block-heading\" id=\"3-exclusions-of-liability\"><strong>3. Esclusioni di responsabilit\u00e0<\/strong><\/h3>\n\n\n\n<p>Nella misura consentita dalla legge applicabile, decliniamo qualsiasi garanzia e dichiarazione (espressa o implicita) in merito all&#039;accuratezza delle informazioni contenute in questo sito Web. Non garantiamo che questo sito Web sar\u00e0 privo di errori e n\u00e9 accetteremo responsabilit\u00e0 per eventuali errori o omissioni.<\/p>\n\n\n\n<p>A causa della natura della trasmissione elettronica di dati su Internet e del numero di utenti da cui i dati vengono pubblicati su questo sito Web, qualsiasi responsabilit\u00e0 che potremmo avere per eventuali perdite o reclami derivanti dall&#039;impossibilit\u00e0 di accedere a questo sito Web o da qualsiasi l&#039;uso di questo sito Web o l&#039;affidamento ai dati trasmessi tramite questo sito Web, \u00e8 escluso nella misura massima consentita dalla legge. In nessun caso saremo responsabili per qualsiasi perdita di profitto, entrate, avviamento, opportunit\u00e0, affari, risparmi anticipati o altre perdite indirette o consequenziali di qualsiasi tipo per contratto, illecito (inclusa negligenza) o altrimenti derivanti dall&#039;uso di questo sito Web, salvo che tale responsabilit\u00e0 non possa essere esclusa dalla legge.<\/p>\n\n\n\n<p>Non diamo alcuna garanzia che questo sito Web sia esente da virus o qualsiasi altra cosa che possa avere un effetto dannoso su qualsiasi tecnologia.<\/p>\n\n\n\n<div style=\"height:20px\" aria-hidden=\"true\" class=\"wp-block-spacer\"><\/div>\n\n\n\n<h3 class=\"has-brand-one-color has-text-color wp-block-heading\" id=\"4-links-disclaimer\"><strong>4. Esclusione di responsabilit\u00e0 per i collegamenti<\/strong><\/h3>\n\n\n\n<p>Tutti i collegamenti messi a disposizione sono forniti per comodit\u00e0 dei nostri utenti. Non abbiamo il controllo, non esercitiamo alcuna responsabilit\u00e0 e non rilasciamo alcuna dichiarazione in merito all&#039;accuratezza o a qualsiasi altro aspetto del contenuto\/informazioni trovato o utilizzato visitando uno qualsiasi dei siti Web di terzi. La fornitura di un collegamento a un sito Web di terze parti non deve essere considerata come un&#039;approvazione espressa o implicita da parte nostra di qualsiasi contenuto\/informazione, prodotto\/servizio che potrebbe essere disponibile per te o tramite la terza parte.<\/p>\n\n\n\n<div style=\"height:20px\" aria-hidden=\"true\" class=\"wp-block-spacer\"><\/div>\n\n\n\n<h3 class=\"has-brand-one-color has-text-color wp-block-heading\" id=\"5-governing-law\"><strong>5. Diritto applicabile<\/strong><\/h3>\n\n\n\n<p>Questi termini e condizioni sono regolati e interpretati in conformit\u00e0 con la legge inglese e gallese. Eventuali controversie saranno soggette alla giurisdizione esclusiva dei tribunali inglese e gallese.<\/p>\n\n\n\n<p>Informativa sulla privacy del sito Web Questa informativa sulla privacy si applica ai siti Web di Bawso all&#039;indirizzo <a href=\"https:\/\/bawso.org.uk\/it\/\" data-type=\"URL\" data-id=\"www.bawso.org.uk\" target=\"_blank\" rel=\"noreferrer noopener\">www.bawso.org.uk<\/a> Prendiamo sul serio la privacy dei dati personali. Questa politica sulla privacy copre la raccolta, l&#039;elaborazione e altri usi dei dati personali ai sensi del Regolamento generale sulla protezione dei dati 2016\/679 e del Data Protection Act 2018, per questo scopo il titolare del trattamento \u00e8 Bawso. Utilizzando questo sito Web, acconsenti a questa politica sulla privacy e alla sua applicazione a te. Siamo registrati presso l&#039;Ufficio del Commissario per le informazioni per questo scopo.<\/p>\n\n\n\n<div style=\"height:20px\" aria-hidden=\"true\" class=\"wp-block-spacer\"><\/div>\n\n\n\n<h3 class=\"has-brand-one-color has-text-color wp-block-heading\" id=\"6-information-we-collect\"><strong>6. Informazioni che raccogliamo<\/strong><\/h3>\n\n\n\n<p>Raccoglieremo dati personali sui nostri siti Web di cui sopra solo se ci vengono forniti direttamente da te utente e quindi sono stati forniti da te con il tuo consenso. Utilizziamo anche strumenti analitici e statistici che monitorano i dettagli delle tue visite al nostro sito Web e le risorse a cui accedi, inclusi, a titolo esemplificativo, dati sul traffico, dati sulla posizione, weblog e altri dati di comunicazione (ma questi dati non ti identificherebbero personalmente ).<\/p>\n\n\n\n<p>Le informazioni di pagamento (ad es. i dati della carta di credito) fornite se si effettua una donazione tramite il nostro sito Web non vengono ricevute o memorizzate da noi. Tali informazioni vengono elaborate in modo sicuro e privato dai processori di pagamento di terze parti che utilizziamo. Non avremo accesso a tali informazioni in nessun momento. Potremmo condividere i tuoi dati personali con i nostri processori di pagamento, ma solo allo scopo di completare la relativa transazione di pagamento. A tali elaboratori di pagamento \u00e8 vietato utilizzare i tuoi dati personali, tranne che per fornirci questi servizi di pagamento necessari, e sono tenuti a mantenere la riservatezza dei tuoi dati personali e delle informazioni di pagamento.<\/p>\n\n\n\n<div style=\"height:20px\" aria-hidden=\"true\" class=\"wp-block-spacer\"><\/div>\n\n\n\n<h3 class=\"has-brand-one-color has-text-color wp-block-heading\" id=\"7-use-storage-and-disclosure-of-your-information\"><strong>7. Uso, archiviazione e divulgazione delle tue informazioni<\/strong><\/h3>\n\n\n\n<p>Possiamo conservare ed elaborare questi dati personali in conformit\u00e0 con il Data Protection Act 2018, ma non trasferiremo, condivideremo, venderemo, affitteremo o affitteremo i tuoi dati personali a terzi<\/p>\n\n\n\n<p>Le informazioni che raccogliamo e memorizziamo su di te vengono utilizzate principalmente per consentirci di fornirti i nostri servizi. Inoltre, potremmo utilizzare le informazioni per scopi inclusi i seguenti:<\/p>\n\n\n\n<p>Per fornirti le informazioni da noi richieste, relative ai nostri servizi. Per fornire informazioni su altri servizi che riteniamo possano interessarti, qualora tu abbia acconsentito a ricevere tali informazioni;<\/p>\n\n\n\n<p>Per soddisfare i nostri eventuali impegni contrattuali nei tuoi confronti;<\/p>\n\n\n\n<p>Per informarti di eventuali modifiche al nostro sito Web, come miglioramenti o modifiche al servizio\/prodotto, che potrebbero influire sul nostro servizio;<\/p>\n\n\n\n<p>Per aiutare la protezione dalle frodi e ridurre al minimo i rischi.<\/p>\n\n\n\n<p>Si prega di notare che non riveliamo informazioni su individui identificabili a terze parti ma, a volte, potremmo fornire loro informazioni statistiche aggregate sui nostri visitatori.<\/p>\n\n\n\n<p>Nell&#039;ambito dei servizi offerti all&#039;utente, ad esempio tramite il nostro sito Web, le informazioni fornite dall&#039;utente possono essere trasferite, ma non archiviate, in paesi al di fuori dello Spazio economico europeo (SEE) poich\u00e9 utilizziamo host di server di siti Web remoti per fornire il sito Web e alcuni aspetti del nostro servizio, che possono avere sede al di fuori del SEE o utilizzare server con sede al di fuori del SEE: questa \u00e8 generalmente la natura dei dati archiviati nel &quot;Cloud&quot;. Un trasferimento dei tuoi dati personali pu\u00f2 avvenire se uno qualsiasi dei nostri server si trova in un paese al di fuori del SEE o se uno dei nostri fornitori di servizi si trova in un paese al di fuori del SEE. Se trasferiamo o memorizziamo i tuoi dati personali al di fuori del SEE in questo modo, adotteremo misure con l&#039;obiettivo di garantire che i tuoi diritti alla privacy continuino a essere protetti, come delineato nella presente informativa sulla privacy e in conformit\u00e0 con il Data Protection Act 1998 (2018 ). Se utilizzi il nostro servizio mentre sei al di fuori del SEE, i tuoi dati personali potrebbero essere trasferiti al di fuori del SEE al fine di fornirti questi servizi.<\/p>\n\n\n\n<p>Non utilizziamo n\u00e9 divulghiamo dati personali sensibili, come razza, religione o affiliazioni politiche, senza il tuo esplicito consenso.<\/p>\n\n\n\n<p>In caso contrario, elaboreremo, divulgheremo o condivideremo i tuoi dati personali solo se richiesto dalla legge o in buona fede ritenendo che tale azione sia necessaria per ottemperare ai requisiti legali o alle procedure legali applicate a noi o al sito web.<\/p>\n\n\n\n<p>Hai il diritto di rinunciare al trattamento dei tuoi dati personali per scopi di marketing contattandoci all&#039;indirizzo <a href=\"mailto:info@bawso.org.uk\" target=\"_blank\" rel=\"noreferrer noopener\">info@bawso.org.uk<\/a><\/p>\n\n\n\n<div style=\"height:20px\" aria-hidden=\"true\" class=\"wp-block-spacer\"><\/div>\n\n\n\n<h3 class=\"has-brand-one-color has-text-color wp-block-heading\" id=\"8-security\"><strong>8. Sicurezza<\/strong><\/h3>\n\n\n\n<p>La trasmissione di informazioni tramite Internet o e-mail non \u00e8 completamente sicura. Sebbene faremo del nostro meglio per proteggere i tuoi dati personali, non possiamo garantire la sicurezza dei dati mentre li stai trasmettendo al nostro sito; qualsiasi trasmissione di questo tipo \u00e8 a proprio rischio. Una volta ricevuti i tuoi dati personali, utilizzeremo procedure rigorose e funzionalit\u00e0 di sicurezza per cercare di prevenire accessi non autorizzati.<\/p>\n\n\n\n<p>Laddove ti abbiamo fornito (o dove hai scelto) una password in modo che tu possa accedere ad alcune parti del nostro sito, sei responsabile della riservatezza di questa password. Dovresti scegliere una password che non \u00e8 facile indovinare per qualcuno.<\/p>\n\n\n\n<div style=\"height:20px\" aria-hidden=\"true\" class=\"wp-block-spacer\"><\/div>\n\n\n\n<h3 class=\"has-brand-one-color has-text-color wp-block-heading\" id=\"9-third-party-links\"><strong>9. Collegamenti di terze parti<\/strong><\/h3>\n\n\n\n<p>\u00c8 possibile trovare collegamenti a siti Web di terzi sui nostri siti Web di cui sopra. Questi siti Web dovrebbero avere le proprie politiche sulla privacy, che dovresti controllare. Non accettiamo alcuna responsabilit\u00e0 per i loro siti Web o politiche di alcun tipo poich\u00e9 non abbiamo alcun controllo su di essi.<\/p>\n\n\n\n<div style=\"height:20px\" aria-hidden=\"true\" class=\"wp-block-spacer\"><\/div>\n\n\n\n<h3 class=\"has-brand-one-color has-text-color wp-block-heading\" id=\"10-cookies\"><strong>10. Biscotti<\/strong><\/h3>\n\n\n\n<p>Occasionalmente, potremmo raccogliere informazioni sul tuo computer per i nostri servizi e per fornire informazioni statistiche sull&#039;uso del nostro sito Web ai nostri inserzionisti. Tali informazioni non ti identificheranno personalmente: si tratta di dati statistici sui nostri visitatori e sul loro utilizzo del nostro sito. Questi dati statistici non identificano alcun dato personale. Analogamente, a quanto sopra, potremmo raccogliere informazioni sul tuo utilizzo generale di Internet utilizzando un file cookie. Laddove utilizzati, questi cookie vengono scaricati automaticamente sul tuo computer. Questo file cookie \u00e8 memorizzato sul disco rigido del tuo computer, poich\u00e9 i cookie contengono informazioni che vengono trasferite sul disco rigido del tuo computer. Ci aiutano a migliorare il nostro sito Web e il servizio che ti forniamo. Tutti i computer hanno la capacit\u00e0 di rifiutare i cookies. Questo pu\u00f2 essere fatto attivando l&#039;impostazione sul tuo browser che ti consente di rifiutare i cookie. Tieni presente che se scegli di rifiutare i cookie, potresti non essere in grado di accedere a parti particolari del nostro sito Web.<\/p>\n\n\n\n<div style=\"height:20px\" aria-hidden=\"true\" class=\"wp-block-spacer\"><\/div>\n\n\n\n<h3 class=\"has-brand-one-color has-text-color wp-block-heading\" id=\"11-access-to-information\"><strong>11. Accesso alle informazioni<\/strong><\/h3>\n\n\n\n<p>Il Data Protection Act 2018 ti d\u00e0 il diritto di accedere alle informazioni detenute su di te da noi. Questo diritto pu\u00f2 essere esercitato da te in conformit\u00e0 con la legge. Se desideri ricevere i dettagli che conserviamo su di te, ti preghiamo di contattarci utilizzando i dettagli di contatto di seguito:<br><br>Invia una email a: <a rel=\"noreferrer noopener\" href=\"mailto:dataprotection@bawso.org.uk\" target=\"_blank\">dataprotection@bawso.org.uk<\/a><br>Tel: <a href=\"http:\/\/02920644633\" data-type=\"URL\" data-id=\"02920644633\">02920644633<\/a><br>Responsabile Controllo Qualit\u00e0 e Conformit\u00e0,<br>Unit\u00e0 4, Sovereign Quay,<br>Havannah Street,<br>Cardiff,<br>CF10 5SF<\/p>\n\n\n\n<div style=\"height:20px\" aria-hidden=\"true\" class=\"wp-block-spacer\"><\/div>\n\n\n\n<h3 class=\"has-brand-one-color has-text-color wp-block-heading\" id=\"12-changes-to-this-policy\"><strong>12. Modifiche alla presente Politica<\/strong><\/h3>\n\n\n\n<p>Potremmo aggiornare questa politica sulla privacy in qualsiasi momento per riflettere le modifiche ai siti Web di cui sopra e il feedback dei clienti. Si prega di rivedere regolarmente questa politica sulla privacy per essere informati della nostra attuale politica sulla privacy<\/p>","protected":false},"excerpt":{"rendered":"<p>Website Terms of Use &amp; Privacy \u201cWe\u201d and \u201cOur\u201d below refer to \u201cBawso\u201d and anyone in our employment or working on our behalf. By using our website, you are agreeing [&hellip;]<\/p>\n","protected":false},"author":1,"featured_media":0,"parent":0,"menu_order":14,"comment_status":"closed","ping_status":"closed","template":"","meta":{"_acf_changed":false,"_seopress_robots_primary_cat":"","_seopress_titles_title":"Bawso | Terms &amp; Conditions","_seopress_titles_desc":"Bawso terms of use - by using our website, you are agreeing to be bound by terms and conditions of use and our privacy statement.","_seopress_robots_index":"","footnotes":""},"class_list":["post-272","page","type-page","status-publish","hentry"],"acf":[],"publishpress_future_action":{"enabled":false,"date":"2026-07-07 14:48:17","action":"category-add","newStatus":"draft","terms":[],"taxonomy":"","extraData":[]},"publishpress_future_workflow_manual_trigger":{"enabledWorkflows":[]},"_links":{"self":[{"href":"https:\/\/bawso.org.uk\/it\/wp-json\/wp\/v2\/pages\/272","targetHints":{"allow":["GET"]}}],"collection":[{"href":"https:\/\/bawso.org.uk\/it\/wp-json\/wp\/v2\/pages"}],"about":[{"href":"https:\/\/bawso.org.uk\/it\/wp-json\/wp\/v2\/types\/page"}],"author":[{"embeddable":true,"href":"https:\/\/bawso.org.uk\/it\/wp-json\/wp\/v2\/users\/1"}],"replies":[{"embeddable":true,"href":"https:\/\/bawso.org.uk\/it\/wp-json\/wp\/v2\/comments?post=272"}],"version-history":[{"count":0,"href":"https:\/\/bawso.org.uk\/it\/wp-json\/wp\/v2\/pages\/272\/revisions"}],"wp:attachment":[{"href":"https:\/\/bawso.org.uk\/it\/wp-json\/wp\/v2\/media?parent=272"}],"curies":[{"name":"parola chiave","href":"https:\/\/api.w.org\/{rel}","templated":true}]}}