{"id":1139,"date":"2022-06-24T09:50:19","date_gmt":"2022-06-24T08:50:19","guid":{"rendered":"https:\/\/bawso.org.uk\/?page_id=1139"},"modified":"2022-08-12T13:48:14","modified_gmt":"2022-08-12T12:48:14","slug":"wales-for-africa","status":"publish","type":"page","link":"https:\/\/bawso.org.uk\/it\/wales-for-africa\/","title":{"rendered":"Galles per l&#039;Africa"},"content":{"rendered":"<h2 class=\"wp-block-heading\"><strong>Aumentare la consapevolezza a livello internazionale<\/strong><\/h2>\n\n\n\n<p class=\"is-style-default\">\u00c8 un fatto triste che le donne nere e minorate sperimentino la disuguaglianza in tutti gli aspetti della loro vita quotidiana, come hanno fatto nel corso della storia. La violenza di genere e la tratta di esseri umani sono prevalenti nelle aree sottosviluppate in cui le donne hanno meno accesso all&#039;istruzione, alla formazione e a mezzi di sussistenza sostenibili.<\/p>\n\n\n\n<p class=\"is-style-default\">Bawso gestisce un progetto &quot;Galles in Africa&quot; finanziato dal governo gallese attraverso il Wales Centre for Voluntary Services, con un partner in Kenya, la Christian Partners Development Agency, per creare consapevolezza nella comunit\u00e0 sulla violenza contro le donne e le ragazze, in particolare le ragazze che sono maggiormente a rischio di violenza da parte dei familiari e della comunit\u00e0.<\/p>\n\n\n\n<p class=\"is-style-default\">Questo lavoro \u00e8 collegato alle attivit\u00e0 nelle comunit\u00e0 in tutto il Galles per aumentare la consapevolezza sulla violenza contro le donne, gli abusi domestici e la violenza sessuale. Le sessioni interattive aiutano a informare i giovani di tutte le forme di violenza contro donne e ragazze e promuovono relazioni sane.<\/p>\n\n\n\n<p class=\"is-style-default\">Per ulteriori informazioni su questo progetto, inviaci un&#039;e-mail: <a href=\"mailto:info@bawso.org.uk\">info@bawso.org.uk<\/a><\/p>\n\n\n\n<div style=\"height:20px\" aria-hidden=\"true\" class=\"wp-block-spacer\"><\/div>\n\n\n\n<figure class=\"wp-block-gallery has-nested-images columns-default is-cropped wp-block-gallery-1 is-layout-flex wp-block-gallery-is-layout-flex\">\n<figure class=\"wp-block-image size-medium\"><a href=\"https:\/\/bawso.org.uk\/wp-content\/uploads\/2022\/03\/BAWSO-21.jpg\"><img loading=\"lazy\" decoding=\"async\" width=\"300\" height=\"225\" data-id=\"601\" src=\"https:\/\/bawso.org.uk\/wp-content\/uploads\/2022\/03\/BAWSO-21-300x225.jpg\" alt=\"\" class=\"wp-image-601\" srcset=\"https:\/\/bawso.org.uk\/wp-content\/uploads\/2022\/03\/BAWSO-21-300x225.jpg 300w, https:\/\/bawso.org.uk\/wp-content\/uploads\/2022\/03\/BAWSO-21-768x576.jpg 768w, https:\/\/bawso.org.uk\/wp-content\/uploads\/2022\/03\/BAWSO-21-16x12.jpg 16w, https:\/\/bawso.org.uk\/wp-content\/uploads\/2022\/03\/BAWSO-21.jpg 1024w\" sizes=\"auto, (max-width: 300px) 100vw, 300px\" \/><\/a><\/figure>\n\n\n\n<figure class=\"wp-block-image size-medium\"><a href=\"https:\/\/bawso.org.uk\/wp-content\/uploads\/2022\/03\/BAWSO-32.jpg\"><img loading=\"lazy\" decoding=\"async\" width=\"300\" height=\"279\" data-id=\"612\" src=\"https:\/\/bawso.org.uk\/wp-content\/uploads\/2022\/03\/BAWSO-32-300x279.jpg\" alt=\"\" class=\"wp-image-612\" srcset=\"https:\/\/bawso.org.uk\/wp-content\/uploads\/2022\/03\/BAWSO-32-300x279.jpg 300w, https:\/\/bawso.org.uk\/wp-content\/uploads\/2022\/03\/BAWSO-32-13x12.jpg 13w, https:\/\/bawso.org.uk\/wp-content\/uploads\/2022\/03\/BAWSO-32.jpg 720w\" sizes=\"auto, (max-width: 300px) 100vw, 300px\" \/><\/a><\/figure>\n\n\n\n<figure class=\"wp-block-image size-medium\"><a href=\"https:\/\/bawso.org.uk\/wp-content\/uploads\/2022\/03\/BAWSO-27.jpg\"><img loading=\"lazy\" decoding=\"async\" width=\"300\" height=\"225\" data-id=\"607\" src=\"https:\/\/bawso.org.uk\/wp-content\/uploads\/2022\/03\/BAWSO-27-300x225.jpg\" alt=\"\" class=\"wp-image-607\" srcset=\"https:\/\/bawso.org.uk\/wp-content\/uploads\/2022\/03\/BAWSO-27-300x225.jpg 300w, https:\/\/bawso.org.uk\/wp-content\/uploads\/2022\/03\/BAWSO-27-768x576.jpg 768w, https:\/\/bawso.org.uk\/wp-content\/uploads\/2022\/03\/BAWSO-27-16x12.jpg 16w, https:\/\/bawso.org.uk\/wp-content\/uploads\/2022\/03\/BAWSO-27.jpg 1024w\" sizes=\"auto, (max-width: 300px) 100vw, 300px\" \/><\/a><\/figure>\n\n\n\n<figure class=\"wp-block-image size-medium\"><a href=\"https:\/\/bawso.org.uk\/wp-content\/uploads\/2022\/03\/Bawso-Africa-Project.jpg\"><img loading=\"lazy\" decoding=\"async\" width=\"1024\" height=\"678\" data-id=\"566\" src=\"https:\/\/bawso.org.uk\/wp-content\/uploads\/2022\/03\/Bawso-Africa-Project.jpg\" alt=\"Bawso Africa Project\" class=\"wp-image-566\" srcset=\"https:\/\/bawso.org.uk\/wp-content\/uploads\/2022\/03\/Bawso-Africa-Project.jpg 1024w, https:\/\/bawso.org.uk\/wp-content\/uploads\/2022\/03\/Bawso-Africa-Project-300x199.jpg 300w, https:\/\/bawso.org.uk\/wp-content\/uploads\/2022\/03\/Bawso-Africa-Project-768x509.jpg 768w, https:\/\/bawso.org.uk\/wp-content\/uploads\/2022\/03\/Bawso-Africa-Project-18x12.jpg 18w\" sizes=\"auto, (max-width: 1024px) 100vw, 1024px\" \/><\/a><\/figure>\n\n\n\n<figure class=\"wp-block-image size-medium\"><a href=\"https:\/\/bawso.org.uk\/wp-content\/uploads\/2022\/03\/BAWSO-25.jpg\"><img loading=\"lazy\" decoding=\"async\" width=\"300\" height=\"225\" data-id=\"605\" src=\"https:\/\/bawso.org.uk\/wp-content\/uploads\/2022\/03\/BAWSO-25-300x225.jpg\" alt=\"\" class=\"wp-image-605\" srcset=\"https:\/\/bawso.org.uk\/wp-content\/uploads\/2022\/03\/BAWSO-25-300x225.jpg 300w, https:\/\/bawso.org.uk\/wp-content\/uploads\/2022\/03\/BAWSO-25-768x576.jpg 768w, https:\/\/bawso.org.uk\/wp-content\/uploads\/2022\/03\/BAWSO-25-16x12.jpg 16w, https:\/\/bawso.org.uk\/wp-content\/uploads\/2022\/03\/BAWSO-25.jpg 1024w\" sizes=\"auto, (max-width: 300px) 100vw, 300px\" \/><\/a><\/figure>\n<\/figure>\n\n\n\n<div class=\"wp-block-buttons is-layout-flex wp-block-buttons-is-layout-flex\"><\/div>","protected":false},"excerpt":{"rendered":"<p>Raising Awareness Internationally It is a sad fact that black and minoritised women experience inequality in all facets of their daily life, as they have throughout history. Gender based violence [&hellip;]<\/p>\n","protected":false},"author":1,"featured_media":0,"parent":0,"menu_order":9,"comment_status":"closed","ping_status":"closed","template":"","meta":{"_acf_changed":false,"_seopress_robots_primary_cat":"","_seopress_titles_title":"","_seopress_titles_desc":"","_seopress_robots_index":"","footnotes":""},"class_list":["post-1139","page","type-page","status-publish","hentry"],"acf":[],"publishpress_future_action":{"enabled":false,"date":"2026-07-06 10:29:26","action":"category-add","newStatus":"draft","terms":[],"taxonomy":"","extraData":[]},"publishpress_future_workflow_manual_trigger":{"enabledWorkflows":[]},"_links":{"self":[{"href":"https:\/\/bawso.org.uk\/it\/wp-json\/wp\/v2\/pages\/1139","targetHints":{"allow":["GET"]}}],"collection":[{"href":"https:\/\/bawso.org.uk\/it\/wp-json\/wp\/v2\/pages"}],"about":[{"href":"https:\/\/bawso.org.uk\/it\/wp-json\/wp\/v2\/types\/page"}],"author":[{"embeddable":true,"href":"https:\/\/bawso.org.uk\/it\/wp-json\/wp\/v2\/users\/1"}],"replies":[{"embeddable":true,"href":"https:\/\/bawso.org.uk\/it\/wp-json\/wp\/v2\/comments?post=1139"}],"version-history":[{"count":14,"href":"https:\/\/bawso.org.uk\/it\/wp-json\/wp\/v2\/pages\/1139\/revisions"}],"predecessor-version":[{"id":1582,"href":"https:\/\/bawso.org.uk\/it\/wp-json\/wp\/v2\/pages\/1139\/revisions\/1582"}],"wp:attachment":[{"href":"https:\/\/bawso.org.uk\/it\/wp-json\/wp\/v2\/media?parent=1139"}],"curies":[{"name":"parola chiave","href":"https:\/\/api.w.org\/{rel}","templated":true}]}}