{"id":4134,"date":"2024-09-23T14:26:13","date_gmt":"2024-09-23T13:26:13","guid":{"rendered":"https:\/\/bawso.org.uk\/?page_id=4134"},"modified":"2024-09-23T14:26:13","modified_gmt":"2024-09-23T13:26:13","slug":"trust-matters-no-one-is-hard-to-reach-conference","status":"publish","type":"page","link":"https:\/\/bawso.org.uk\/hu\/trust-matters-no-one-is-hard-to-reach-conference\/","title":{"rendered":"\u201eA bizalom sz\u00e1m\u00edt. Senkit sem neh\u00e9z el\u00e9rni\u201d konferencia"},"content":{"rendered":"<p>\u201eA bizalom sz\u00e1m\u00edt. Senki sem \u00e9rhet\u0151 el\u201d c\u00edm\u0171 konferencia c\u00e9lja, hogy el\u0151seg\u00edtse a tud\u00e1scser\u00e9t a D\u00e9l-Walesi Egyetem (USW) kutat\u00f3i k\u00f6z\u00f6ss\u00e9gei, a harmadik szektor szervezetei \u00e9s a kutat\u00e1sb\u00f3l hagyom\u00e1nyosan kiz\u00e1rt kisebbs\u00e9gi k\u00f6z\u00f6ss\u00e9gek k\u00f6z\u00f6tt, a bizalomra \u00e9s a kapcsolat\u00e9p\u00edt\u00e9sre helyezve a hangs\u00falyt. Amellett, hogy az esem\u00e9ny egyik vez\u00e9rsz\u00f3nokak\u00e9nt szolg\u00e1lt, Nancy Lidubwi Baws\u00f3b\u00f3l egy workshopot is vezetett \u201eA bizalom jav\u00edt\u00e1sa a kisebbs\u00e9gi k\u00f6z\u00f6ss\u00e9gekkel folytatott partners\u00e9gi munk\u00e1ban\u201d. Ez a kiv\u00e1l\u00f3 lehet\u0151s\u00e9g tette lehet\u0151v\u00e9 annak megoszt\u00e1s\u00e1t, hogy a Bawso mit tesz a BME k\u00f6z\u00f6ss\u00e9geinek t\u00e1mogat\u00e1sa \u00e9rdek\u00e9ben, k\u00fcl\u00f6n\u00f6sen a kutat\u00e1s keret\u00e9ben.<\/p>\n\n\n\n<figure class=\"wp-block-gallery has-nested-images columns-default is-cropped wp-block-gallery-1 is-layout-flex wp-block-gallery-is-layout-flex\">\n<figure class=\"wp-block-image size-large\"><img loading=\"lazy\" decoding=\"async\" width=\"1024\" height=\"768\" data-id=\"4137\" src=\"https:\/\/bawso.org.uk\/wp-content\/uploads\/2024\/09\/Trust-Matters.-No-One-is-Hard-To-Reach-conference-4-1024x768.jpg\" alt=\"\" class=\"wp-image-4137\" srcset=\"https:\/\/bawso.org.uk\/wp-content\/uploads\/2024\/09\/Trust-Matters.-No-One-is-Hard-To-Reach-conference-4-1024x768.jpg 1024w, https:\/\/bawso.org.uk\/wp-content\/uploads\/2024\/09\/Trust-Matters.-No-One-is-Hard-To-Reach-conference-4-300x225.jpg 300w, https:\/\/bawso.org.uk\/wp-content\/uploads\/2024\/09\/Trust-Matters.-No-One-is-Hard-To-Reach-conference-4-768x576.jpg 768w, https:\/\/bawso.org.uk\/wp-content\/uploads\/2024\/09\/Trust-Matters.-No-One-is-Hard-To-Reach-conference-4-1536x1152.jpg 1536w, https:\/\/bawso.org.uk\/wp-content\/uploads\/2024\/09\/Trust-Matters.-No-One-is-Hard-To-Reach-conference-4-16x12.jpg 16w, https:\/\/bawso.org.uk\/wp-content\/uploads\/2024\/09\/Trust-Matters.-No-One-is-Hard-To-Reach-conference-4.jpg 1600w\" sizes=\"auto, (max-width: 1024px) 100vw, 1024px\" \/><\/figure>\n\n\n\n<figure class=\"wp-block-image size-large\"><img loading=\"lazy\" decoding=\"async\" width=\"768\" height=\"1024\" data-id=\"4139\" src=\"https:\/\/bawso.org.uk\/wp-content\/uploads\/2024\/09\/Trust-Matters.-No-One-is-Hard-To-Reach-conference-3-768x1024.jpg\" alt=\"\" class=\"wp-image-4139\" srcset=\"https:\/\/bawso.org.uk\/wp-content\/uploads\/2024\/09\/Trust-Matters.-No-One-is-Hard-To-Reach-conference-3-768x1024.jpg 768w, https:\/\/bawso.org.uk\/wp-content\/uploads\/2024\/09\/Trust-Matters.-No-One-is-Hard-To-Reach-conference-3-225x300.jpg 225w, https:\/\/bawso.org.uk\/wp-content\/uploads\/2024\/09\/Trust-Matters.-No-One-is-Hard-To-Reach-conference-3-1152x1536.jpg 1152w, https:\/\/bawso.org.uk\/wp-content\/uploads\/2024\/09\/Trust-Matters.-No-One-is-Hard-To-Reach-conference-3-9x12.jpg 9w, https:\/\/bawso.org.uk\/wp-content\/uploads\/2024\/09\/Trust-Matters.-No-One-is-Hard-To-Reach-conference-3.jpg 1200w\" sizes=\"auto, (max-width: 768px) 100vw, 768px\" \/><\/figure>\n\n\n\n<figure class=\"wp-block-image size-large\"><img loading=\"lazy\" decoding=\"async\" width=\"1024\" height=\"768\" data-id=\"4140\" src=\"https:\/\/bawso.org.uk\/wp-content\/uploads\/2024\/09\/Trust-Matters.-No-One-is-Hard-To-Reach-conference-2-1024x768.jpg\" alt=\"\" class=\"wp-image-4140\" srcset=\"https:\/\/bawso.org.uk\/wp-content\/uploads\/2024\/09\/Trust-Matters.-No-One-is-Hard-To-Reach-conference-2-1024x768.jpg 1024w, https:\/\/bawso.org.uk\/wp-content\/uploads\/2024\/09\/Trust-Matters.-No-One-is-Hard-To-Reach-conference-2-300x225.jpg 300w, https:\/\/bawso.org.uk\/wp-content\/uploads\/2024\/09\/Trust-Matters.-No-One-is-Hard-To-Reach-conference-2-768x576.jpg 768w, https:\/\/bawso.org.uk\/wp-content\/uploads\/2024\/09\/Trust-Matters.-No-One-is-Hard-To-Reach-conference-2-1536x1152.jpg 1536w, https:\/\/bawso.org.uk\/wp-content\/uploads\/2024\/09\/Trust-Matters.-No-One-is-Hard-To-Reach-conference-2-16x12.jpg 16w, https:\/\/bawso.org.uk\/wp-content\/uploads\/2024\/09\/Trust-Matters.-No-One-is-Hard-To-Reach-conference-2.jpg 1600w\" sizes=\"auto, (max-width: 1024px) 100vw, 1024px\" \/><\/figure>\n\n\n\n<figure class=\"wp-block-image size-large\"><img loading=\"lazy\" decoding=\"async\" width=\"1024\" height=\"768\" data-id=\"4138\" src=\"https:\/\/bawso.org.uk\/wp-content\/uploads\/2024\/09\/Trust-Matters.-No-One-is-Hard-To-Reach-conference-1-1024x768.jpg\" alt=\"\" class=\"wp-image-4138\" srcset=\"https:\/\/bawso.org.uk\/wp-content\/uploads\/2024\/09\/Trust-Matters.-No-One-is-Hard-To-Reach-conference-1-1024x768.jpg 1024w, https:\/\/bawso.org.uk\/wp-content\/uploads\/2024\/09\/Trust-Matters.-No-One-is-Hard-To-Reach-conference-1-300x225.jpg 300w, https:\/\/bawso.org.uk\/wp-content\/uploads\/2024\/09\/Trust-Matters.-No-One-is-Hard-To-Reach-conference-1-768x576.jpg 768w, https:\/\/bawso.org.uk\/wp-content\/uploads\/2024\/09\/Trust-Matters.-No-One-is-Hard-To-Reach-conference-1-1536x1152.jpg 1536w, https:\/\/bawso.org.uk\/wp-content\/uploads\/2024\/09\/Trust-Matters.-No-One-is-Hard-To-Reach-conference-1-16x12.jpg 16w, https:\/\/bawso.org.uk\/wp-content\/uploads\/2024\/09\/Trust-Matters.-No-One-is-Hard-To-Reach-conference-1.jpg 1600w\" sizes=\"auto, (max-width: 1024px) 100vw, 1024px\" \/><\/figure>\n<\/figure>","protected":false},"excerpt":{"rendered":"<p>&#8220;Trust Matters. No One is Hard To Reach\u201d conference is to foster knowledge exchange among the University of South Wales (USW) research communities, Third Sector Organisations, and Minoritised communities traditionally [&hellip;]<\/p>","protected":false},"author":6,"featured_media":0,"parent":0,"menu_order":0,"comment_status":"closed","ping_status":"closed","template":"","meta":{"_acf_changed":false,"_seopress_robots_primary_cat":"","_seopress_titles_title":"","_seopress_titles_desc":"","_seopress_robots_index":"","footnotes":""},"class_list":["post-4134","page","type-page","status-publish","hentry"],"acf":[],"publishpress_future_action":{"enabled":false,"date":"2026-06-16 16:17:48","action":"category-add","newStatus":"draft","terms":[],"taxonomy":"","extraData":[]},"publishpress_future_workflow_manual_trigger":{"enabledWorkflows":[]},"_links":{"self":[{"href":"https:\/\/bawso.org.uk\/hu\/wp-json\/wp\/v2\/pages\/4134","targetHints":{"allow":["GET"]}}],"collection":[{"href":"https:\/\/bawso.org.uk\/hu\/wp-json\/wp\/v2\/pages"}],"about":[{"href":"https:\/\/bawso.org.uk\/hu\/wp-json\/wp\/v2\/types\/page"}],"author":[{"embeddable":true,"href":"https:\/\/bawso.org.uk\/hu\/wp-json\/wp\/v2\/users\/6"}],"replies":[{"embeddable":true,"href":"https:\/\/bawso.org.uk\/hu\/wp-json\/wp\/v2\/comments?post=4134"}],"version-history":[{"count":1,"href":"https:\/\/bawso.org.uk\/hu\/wp-json\/wp\/v2\/pages\/4134\/revisions"}],"predecessor-version":[{"id":4141,"href":"https:\/\/bawso.org.uk\/hu\/wp-json\/wp\/v2\/pages\/4134\/revisions\/4141"}],"wp:attachment":[{"href":"https:\/\/bawso.org.uk\/hu\/wp-json\/wp\/v2\/media?parent=4134"}],"curies":[{"name":"munkaf\u00fczet","href":"https:\/\/api.w.org\/{rel}","templated":true}]}}