{"id":4082,"date":"2024-08-28T11:06:31","date_gmt":"2024-08-28T10:06:31","guid":{"rendered":"https:\/\/bawso.org.uk\/?page_id=4082"},"modified":"2024-08-28T11:06:31","modified_gmt":"2024-08-28T10:06:31","slug":"linking-communities-in-africa-to-address-fgm","status":"publish","type":"page","link":"https:\/\/bawso.org.uk\/hu\/linking-communities-in-africa-to-address-fgm\/","title":{"rendered":"Az afrikai k\u00f6z\u00f6ss\u00e9gek \u00f6sszekapcsol\u00e1sa az FGM elleni k\u00fczdelem \u00e9rdek\u00e9ben\u00a0"},"content":{"rendered":"<p>A n\u0151i nemi szerv megcsonk\u00edt\u00e1s\u00e1t (FGM) nagym\u00e9rt\u00e9kben alkalmazz\u00e1k Uganda keleti r\u00e9sz\u00e9n, k\u00fcl\u00f6n\u00f6sen a Sebei r\u00e9gi\u00f3ban \u00e9s a pokotok k\u00f6r\u00e9ben Amudatban, a Karamoja r\u00e9gi\u00f3 szomsz\u00e9dos k\u00f6rzet\u00e9ben, ahol sok fiatal l\u00e1nyt k\u00e9nyszer\u00edtenek erre a vesz\u00e9lyes gyakorlatra.&nbsp;<\/p>\n\n\n\n<p>\u00dagy tartj\u00e1k, hogy ez egy \u00e1tmenet r\u00edtusa, amely sor\u00e1n a l\u00e1nyok n\u0151i kapucniv\u00e1 v\u00e1lnak. A folyamat azonban nagyon f\u00e1jdalmas, \u00e9s s\u00falyos eg\u00e9szs\u00e9g\u00fcgyi sz\u00f6v\u0151dm\u00e9nyekhez, fert\u0151z\u00e9sekhez, v\u00e9rz\u00e9sekhez, ak\u00e1r hal\u00e1lhoz is vezethet.&nbsp;<\/p>\n\n\n\n<p>A jelent\u00e9sek szerint a sebei \u00e9s amudati l\u00e1nyok t\u00f6bb mint 50%-je n\u0151i nemi szerv megcsonk\u00edt\u00e1son esik \u00e1t, \u00e9s n\u00e9h\u00e1nyan nagyon gyeng\u00e9den, t\u00edz\u00e9vesen k\u00e9nyszer\u00fcltek erre a gyakorlatra.&nbsp;<\/p>\n\n\n\n<p>A gyakorlatot mindig eg\u00e9szs\u00e9gtelen k\u00f6r\u00fclm\u00e9nyek k\u00f6z\u00f6tt v\u00e9gzik, ami n\u00f6veli a fert\u0151z\u00e9s \u00e9s egy\u00e9b eg\u00e9szs\u00e9g\u00fcgyi felt\u00e9telek kock\u00e1zat\u00e1t. A k\u00f6z\u00f6ss\u00e9g n\u00e9h\u00e1ny tagj\u00e1nak ellen\u00e1ll\u00e1sa ellen\u00e9re, akik fontos kultur\u00e1lis hagyom\u00e1nynak tekintik, a Greater Sebei Community Empowerment Project sok er\u0151fesz\u00edt\u00e9st tesz az eg\u00e9szs\u00e9g\u00fcgyi dolgoz\u00f3kkal, a helyi aktivist\u00e1kkal \u00e9s a korm\u00e1nyzati hat\u00f3s\u00e1gokkal, int\u00e9zm\u00e9nyekkel, p\u00e9ld\u00e1ul iskol\u00e1kkal \u00e9s egyh\u00e1zakkal val\u00f3 kapcsolattart\u00e1s \u00e9rdek\u00e9ben, hogy v\u00e9get vessen a cs\u00f6kkent\u00e9snek.&nbsp;<\/p>\n\n\n\n<p>A Greater Sebei Community Empowerment Project a kenyai sz\u00e9khely\u0171 Christian Partners Fejleszt\u00e9si \u00dcgyn\u00f6ks\u00e9ggel (CDPA) egy\u00fcttm\u0171k\u00f6dve tov\u00e1bb dolgozik, hogy megossz\u00e1k tapasztalataikat arr\u00f3l, hogyan fejezhetik be a gyakorlatot az al\u00e1bbi megk\u00f6zel\u00edt\u00e9sek seg\u00edts\u00e9g\u00e9vel. A CPDA t\u00f6bb mint 30 \u00e9ves tapasztalattal rendelkezik a fiatal l\u00e1nyok \u00e9s n\u0151k t\u00e1mogat\u00e1s\u00e1ban, a nemi alap\u00fa er\u0151szak, bele\u00e9rtve az FGM, a korai h\u00e1zass\u00e1gok, a csal\u00e1don bel\u00fcli b\u00e1ntalmaz\u00e1s, a szexu\u00e1lis er\u0151szak, a nemi er\u0151szak \u00e9s a v\u00e9rfert\u0151z\u00e9s kezel\u00e9se ter\u00e9n Keny\u00e1ban. Mindk\u00e9t szervezet a n\u0151k \u00e9s l\u00e1nyok elleni er\u0151szak hasonl\u00f3 ter\u00fcletein dolgozik, \u00e9s egy\u00e9ni tapasztalataik hozz\u00e1j\u00e1rulnak ahhoz, hogy az elk\u00f6vetkez\u0151 t\u00edz \u00e9vben 50%-vel cs\u00f6kkenjen az FGM ar\u00e1nya Sebei r\u00e9gi\u00f3ban.\u00a0<\/p>\n\n\n\n<ul class=\"wp-block-list\">\n<li>Folyamatos ajt\u00f3t\u00f3l-h\u00e1zig \u00e9rz\u00e9keny\u00edt\u00e9s&nbsp;<\/li>\n\n\n\n<li>Folyamatos FGM Hot spot \u00e9rz\u00e9keny\u00edt\u00e9s<\/li>\n\n\n\n<li>Iskolai vit\u00e1k bevezet\u00e9se mindk\u00e9t nem sz\u00e1m\u00e1ra, hogy megvitass\u00e1k az FGM \u00e1ldozataira gyakorolt hat\u00e1s\u00e1t&nbsp;<\/li>\n\n\n\n<li>K\u00f6z\u00f6ss\u00e9gi figyelemfelkelt\u00e9s road show-kon kereszt\u00fcl&nbsp;<\/li>\n\n\n\n<li>A helyi k\u00f6z\u00f6ss\u00e9gi r\u00e1di\u00f3k helyi \u00e9s orsz\u00e1gos szint\u0171 m\u0171soraival is besz\u00e9lnek az FGM-r\u0151l&nbsp;<\/li>\n\n\n\n<li>FGM-ellenes nagyk\u00f6vetek toborz\u00e1sa a k\u00f6z\u00f6ss\u00e9gben \u00e9s az iskol\u00e1kban&nbsp;&nbsp;<\/li>\n\n\n\n<li>Az FGM-ellenes nagyk\u00f6vetek elismer\u00e9se. Az \u00f6nk\u00e9ntesek k\u00e9pz\u00e9sben r\u00e9szes\u00fclnek, \u00e9s megkapj\u00e1k azokat az eszk\u00f6z\u00f6ket, amelyekkel felh\u00edvj\u00e1k a figyelmet az FGM-re k\u00f6z\u00f6ss\u00e9geikben. Standard szint\u0171 teljes\u00edtm\u00e9nnyel \u00e9retts\u00e9giznek<\/li>\n\n\n\n<li>Rendszeres k\u00f6z\u00f6ss\u00e9gi p\u00e1rbesz\u00e9d tart\u00e1sa az FGM-ellenes \u00fczenet \u00e9letben tart\u00e1sa \u00e9rdek\u00e9ben<\/li>\n<\/ul>\n\n\n\n<div style=\"height:49px\" aria-hidden=\"true\" class=\"wp-block-spacer\"><\/div>\n\n\n\n<div class=\"wp-block-media-text is-stacked-on-mobile\"><figure class=\"wp-block-media-text__media\"><img loading=\"lazy\" decoding=\"async\" width=\"262\" height=\"245\" src=\"https:\/\/bawso.org.uk\/wp-content\/uploads\/2024\/08\/Picture2.png\" alt=\"\" class=\"wp-image-4085 size-full\" srcset=\"https:\/\/bawso.org.uk\/wp-content\/uploads\/2024\/08\/Picture2.png 262w, https:\/\/bawso.org.uk\/wp-content\/uploads\/2024\/08\/Picture2-13x12.png 13w\" sizes=\"auto, (max-width: 262px) 100vw, 262px\" \/><\/figure><div class=\"wp-block-media-text__content\">\n<p><strong><em>A CDPA vez\u00e9rigazgat\u00f3ja, Mrs. Alice Kirambi, akivel tal\u00e1lkozik<\/em><\/strong> <strong><em>FGM\/FISZTULA t\u00fal\u00e9l\u0151i.<\/em><\/strong><\/p>\n<\/div><\/div>\n\n\n\n<div class=\"wp-block-media-text has-media-on-the-right is-stacked-on-mobile\"><div class=\"wp-block-media-text__content\">\n<p><strong><em>\u00a0Ann a CDPA-t\u00f3l a Kapkwata fels\u0151 tagozatos k\u00f6z\u00e9piskol\u00e1ban tart egy foglalkoz\u00e1st<\/em><\/strong><\/p>\n<\/div><figure class=\"wp-block-media-text__media\"><img loading=\"lazy\" decoding=\"async\" width=\"664\" height=\"460\" src=\"https:\/\/bawso.org.uk\/wp-content\/uploads\/2024\/08\/Picture3.png\" alt=\"\" class=\"wp-image-4086 size-full\" srcset=\"https:\/\/bawso.org.uk\/wp-content\/uploads\/2024\/08\/Picture3.png 664w, https:\/\/bawso.org.uk\/wp-content\/uploads\/2024\/08\/Picture3-300x208.png 300w, https:\/\/bawso.org.uk\/wp-content\/uploads\/2024\/08\/Picture3-18x12.png 18w\" sizes=\"auto, (max-width: 664px) 100vw, 664px\" \/><\/figure><\/div>","protected":false},"excerpt":{"rendered":"<p>A n\u0151i nemi szervek megcsonk\u00edt\u00e1sa (FGM) sz\u00e9les k\u00f6rben elterjedt Uganda keleti r\u00e9sz\u00e9n, k\u00fcl\u00f6n\u00f6sen a Sebei r\u00e9gi\u00f3ban \u00e9s a szomsz\u00e9dos Karamoja r\u00e9gi\u00f3, Amudat k\u00f6rzet\u00e9nek pokotjai k\u00f6r\u00e9ben, ahol [\u2026]<\/p>","protected":false},"author":6,"featured_media":0,"parent":0,"menu_order":0,"comment_status":"closed","ping_status":"closed","template":"","meta":{"_acf_changed":false,"_seopress_robots_primary_cat":"","_seopress_titles_title":"","_seopress_titles_desc":"","_seopress_robots_index":"","footnotes":""},"class_list":["post-4082","page","type-page","status-publish","hentry"],"acf":[],"publishpress_future_action":{"enabled":false,"date":"2026-06-16 07:21:46","action":"category-add","newStatus":"draft","terms":[],"taxonomy":"","extraData":[]},"publishpress_future_workflow_manual_trigger":{"enabledWorkflows":[]},"_links":{"self":[{"href":"https:\/\/bawso.org.uk\/hu\/wp-json\/wp\/v2\/pages\/4082","targetHints":{"allow":["GET"]}}],"collection":[{"href":"https:\/\/bawso.org.uk\/hu\/wp-json\/wp\/v2\/pages"}],"about":[{"href":"https:\/\/bawso.org.uk\/hu\/wp-json\/wp\/v2\/types\/page"}],"author":[{"embeddable":true,"href":"https:\/\/bawso.org.uk\/hu\/wp-json\/wp\/v2\/users\/6"}],"replies":[{"embeddable":true,"href":"https:\/\/bawso.org.uk\/hu\/wp-json\/wp\/v2\/comments?post=4082"}],"version-history":[{"count":2,"href":"https:\/\/bawso.org.uk\/hu\/wp-json\/wp\/v2\/pages\/4082\/revisions"}],"predecessor-version":[{"id":4088,"href":"https:\/\/bawso.org.uk\/hu\/wp-json\/wp\/v2\/pages\/4082\/revisions\/4088"}],"wp:attachment":[{"href":"https:\/\/bawso.org.uk\/hu\/wp-json\/wp\/v2\/media?parent=4082"}],"curies":[{"name":"munkaf\u00fczet","href":"https:\/\/api.w.org\/{rel}","templated":true}]}}