{"id":1535,"date":"2022-08-11T19:40:46","date_gmt":"2022-08-11T18:40:46","guid":{"rendered":"https:\/\/bawso.org.uk\/?page_id=1535"},"modified":"2022-08-12T12:54:53","modified_gmt":"2022-08-12T11:54:53","slug":"grants-team","status":"publish","type":"page","link":"https:\/\/bawso.org.uk\/hu\/grants-team\/","title":{"rendered":"T\u00e1mogat\u00e1si csapat"},"content":{"rendered":"<p class=\"is-style-text-x-large\">A Baws\u00f3nak van egy speci\u00e1lis t\u00e1mogat\u00e1si csapata, amely szak\u00e9rtelemmel rendelkezik az Egyes\u00fclt Kir\u00e1lys\u00e1gt\u00f3l \u00e9s a helyi szervekt\u0151l sz\u00e1rmaz\u00f3, fekete-feh\u00e9r \u00e9s kisebbs\u00e9gi csoportoknak ny\u00fajtott t\u00e1mogat\u00e1sok kezel\u00e9s\u00e9ben \u00e9s adminisztr\u00e1l\u00e1s\u00e1ban Walesben.<\/p>\n\n\n\n<p class=\"is-style-default\">Ezt a k\u00e9pess\u00e9get az elm\u00falt \u00e9vekben fejlesztett\u00e9k ki a Comic Relief \u00e1ltal biztos\u00edtott Global Majority Fund t\u00e1mogat\u00e1si programjai sor\u00e1n.<\/p>\n\n\n\n<p class=\"is-style-default\">Bawso m\u00e9ly \u00e9s hossz\u00fa t\u00e1v\u00fa kapcsolatokat \u00e1pol walesi fekete csoportokkal \u00e9s k\u00f6z\u00f6ss\u00e9gi vezet\u0151kkel. A Bawso igazgat\u00f3tan\u00e1csa, szem\u00e9lyzete \u00e9s \u00f6nk\u00e9ntesei ezekb\u0151l a k\u00f6z\u00f6ss\u00e9gekb\u0151l sz\u00e1rmaznak, \u00e9s a Bawso j\u00f3l bev\u00e1lt kapacit\u00e1ssal rendelkezik a t\u00e1mogat\u00e1sok ny\u00fajt\u00e1s\u00e1ra, valamint a Walesben tev\u00e9kenykedni k\u00edv\u00e1n\u00f3 p\u00e1ly\u00e1zati finansz\u00edroz\u00f3k t\u00e1mogat\u00e1s\u00e1ra \u00e9s tan\u00e1csad\u00e1sra. Primer kutat\u00e1sokat v\u00e9gez ezen a munkater\u00fcleten.<\/p>","protected":false},"excerpt":{"rendered":"<p>Bawso has a specialist grants team with expertise in managing and administering grants from UK and local bodies to black and minoritised groups in Wales. This capability has been developed [&hellip;]<\/p>\n","protected":false},"author":1,"featured_media":0,"parent":0,"menu_order":3,"comment_status":"closed","ping_status":"closed","template":"","meta":{"_acf_changed":false,"_seopress_robots_primary_cat":"","_seopress_titles_title":"Bawso | Grants Team","_seopress_titles_desc":"Bawso has a specialist grants team with expertise in managing and administering grants from UK and local bodies to black and minoritised groups in Wales.","_seopress_robots_index":"","footnotes":""},"class_list":["post-1535","page","type-page","status-publish","hentry"],"acf":[],"publishpress_future_action":{"enabled":false,"date":"2026-07-08 16:31:27","action":"category-add","newStatus":"draft","terms":[],"taxonomy":"","extraData":[]},"publishpress_future_workflow_manual_trigger":{"enabledWorkflows":[]},"_links":{"self":[{"href":"https:\/\/bawso.org.uk\/hu\/wp-json\/wp\/v2\/pages\/1535","targetHints":{"allow":["GET"]}}],"collection":[{"href":"https:\/\/bawso.org.uk\/hu\/wp-json\/wp\/v2\/pages"}],"about":[{"href":"https:\/\/bawso.org.uk\/hu\/wp-json\/wp\/v2\/types\/page"}],"author":[{"embeddable":true,"href":"https:\/\/bawso.org.uk\/hu\/wp-json\/wp\/v2\/users\/1"}],"replies":[{"embeddable":true,"href":"https:\/\/bawso.org.uk\/hu\/wp-json\/wp\/v2\/comments?post=1535"}],"version-history":[{"count":3,"href":"https:\/\/bawso.org.uk\/hu\/wp-json\/wp\/v2\/pages\/1535\/revisions"}],"predecessor-version":[{"id":1562,"href":"https:\/\/bawso.org.uk\/hu\/wp-json\/wp\/v2\/pages\/1535\/revisions\/1562"}],"wp:attachment":[{"href":"https:\/\/bawso.org.uk\/hu\/wp-json\/wp\/v2\/media?parent=1535"}],"curies":[{"name":"munkaf\u00fczet","href":"https:\/\/api.w.org\/{rel}","templated":true}]}}