{"id":1139,"date":"2022-06-24T09:50:19","date_gmt":"2022-06-24T08:50:19","guid":{"rendered":"https:\/\/bawso.org.uk\/?page_id=1139"},"modified":"2022-08-12T13:48:14","modified_gmt":"2022-08-12T12:48:14","slug":"wales-for-africa","status":"publish","type":"page","link":"https:\/\/bawso.org.uk\/hu\/wales-for-africa\/","title":{"rendered":"Wales Afrik\u00e1nak"},"content":{"rendered":"<h2 class=\"wp-block-heading\"><strong>Figyelemfelkelt\u00e9s nemzetk\u00f6zi szinten<\/strong><\/h2>\n\n\n\n<p class=\"is-style-default\">Szomor\u00fa t\u00e9ny, hogy a fekete \u00e9s a kisebbs\u00e9gi n\u0151k mindennapi \u00e9let\u00fck minden ter\u00fclet\u00e9n egyenl\u0151tlens\u00e9get tapasztalnak, ahogyan a t\u00f6rt\u00e9nelem sor\u00e1n is. A nemi alap\u00fa er\u0151szak \u00e9s az emberkereskedelem elterjedt azokon a fejletlen ter\u00fcleteken, ahol a n\u0151k kev\u00e9sb\u00e9 f\u00e9rnek hozz\u00e1 az oktat\u00e1shoz, k\u00e9pz\u00e9shez \u00e9s fenntarthat\u00f3 meg\u00e9lhet\u00e9shez.<\/p>\n\n\n\n<p class=\"is-style-default\">Bawso egy \u201eWales Afrik\u00e1ban\u201d projektet m\u0171k\u00f6dtet, amelyet a walesi korm\u00e1ny a Wales-i \u00d6nk\u00e9ntes Szolg\u00e1latok K\u00f6zpontj\u00e1n kereszt\u00fcl finansz\u00edroz egy kenyai partnerrel, a Christian Partners Development Agency-vel, hogy felh\u00edvja a k\u00f6z\u00f6ss\u00e9g figyelm\u00e9t a n\u0151k \u00e9s l\u00e1nyok, k\u00fcl\u00f6n\u00f6sen a fiatal l\u00e1nyok elleni er\u0151szakra. akik fokozottan ki vannak t\u00e9ve a csal\u00e1dtagok \u00e9s a k\u00f6z\u00f6ss\u00e9g er\u0151szak\u00e1nak.<\/p>\n\n\n\n<p class=\"is-style-default\">Ez a munka a walesi k\u00f6z\u00f6ss\u00e9gekben zajl\u00f3 tev\u00e9kenys\u00e9gekhez kapcsol\u00f3dik, hogy felh\u00edvja a figyelmet a n\u0151k elleni er\u0151szakra, a csal\u00e1don bel\u00fcli b\u00e1ntalmaz\u00e1sra \u00e9s a szexu\u00e1lis er\u0151szakra. Az interakt\u00edv foglalkoz\u00e1sok seg\u00edtenek t\u00e1j\u00e9koztatni a fiatalokat a n\u0151k \u00e9s l\u00e1nyok elleni er\u0151szak minden form\u00e1j\u00e1r\u00f3l, \u00e9s el\u0151seg\u00edtik az eg\u00e9szs\u00e9ges kapcsolatokat.<\/p>\n\n\n\n<p class=\"is-style-default\">A projekttel kapcsolatos tov\u00e1bbi inform\u00e1ci\u00f3k\u00e9rt k\u00e9rj\u00fck, \u00edrjon nek\u00fcnk e-mailt: <a href=\"mailto:info@bawso.org.uk\">info@bawso.org.uk<\/a><\/p>\n\n\n\n<div style=\"height:20px\" aria-hidden=\"true\" class=\"wp-block-spacer\"><\/div>\n\n\n\n<figure class=\"wp-block-gallery has-nested-images columns-default is-cropped wp-block-gallery-1 is-layout-flex wp-block-gallery-is-layout-flex\">\n<figure class=\"wp-block-image size-medium\"><a href=\"https:\/\/bawso.org.uk\/wp-content\/uploads\/2022\/03\/BAWSO-21.jpg\"><img loading=\"lazy\" decoding=\"async\" width=\"300\" height=\"225\" data-id=\"601\" src=\"https:\/\/bawso.org.uk\/wp-content\/uploads\/2022\/03\/BAWSO-21-300x225.jpg\" alt=\"\" class=\"wp-image-601\" srcset=\"https:\/\/bawso.org.uk\/wp-content\/uploads\/2022\/03\/BAWSO-21-300x225.jpg 300w, https:\/\/bawso.org.uk\/wp-content\/uploads\/2022\/03\/BAWSO-21-768x576.jpg 768w, https:\/\/bawso.org.uk\/wp-content\/uploads\/2022\/03\/BAWSO-21-16x12.jpg 16w, https:\/\/bawso.org.uk\/wp-content\/uploads\/2022\/03\/BAWSO-21.jpg 1024w\" sizes=\"auto, (max-width: 300px) 100vw, 300px\" \/><\/a><\/figure>\n\n\n\n<figure class=\"wp-block-image size-medium\"><a href=\"https:\/\/bawso.org.uk\/wp-content\/uploads\/2022\/03\/BAWSO-32.jpg\"><img loading=\"lazy\" decoding=\"async\" width=\"300\" height=\"279\" data-id=\"612\" src=\"https:\/\/bawso.org.uk\/wp-content\/uploads\/2022\/03\/BAWSO-32-300x279.jpg\" alt=\"\" class=\"wp-image-612\" srcset=\"https:\/\/bawso.org.uk\/wp-content\/uploads\/2022\/03\/BAWSO-32-300x279.jpg 300w, https:\/\/bawso.org.uk\/wp-content\/uploads\/2022\/03\/BAWSO-32-13x12.jpg 13w, https:\/\/bawso.org.uk\/wp-content\/uploads\/2022\/03\/BAWSO-32.jpg 720w\" sizes=\"auto, (max-width: 300px) 100vw, 300px\" \/><\/a><\/figure>\n\n\n\n<figure class=\"wp-block-image size-medium\"><a href=\"https:\/\/bawso.org.uk\/wp-content\/uploads\/2022\/03\/BAWSO-27.jpg\"><img loading=\"lazy\" decoding=\"async\" width=\"300\" height=\"225\" data-id=\"607\" src=\"https:\/\/bawso.org.uk\/wp-content\/uploads\/2022\/03\/BAWSO-27-300x225.jpg\" alt=\"\" class=\"wp-image-607\" srcset=\"https:\/\/bawso.org.uk\/wp-content\/uploads\/2022\/03\/BAWSO-27-300x225.jpg 300w, https:\/\/bawso.org.uk\/wp-content\/uploads\/2022\/03\/BAWSO-27-768x576.jpg 768w, https:\/\/bawso.org.uk\/wp-content\/uploads\/2022\/03\/BAWSO-27-16x12.jpg 16w, https:\/\/bawso.org.uk\/wp-content\/uploads\/2022\/03\/BAWSO-27.jpg 1024w\" sizes=\"auto, (max-width: 300px) 100vw, 300px\" \/><\/a><\/figure>\n\n\n\n<figure class=\"wp-block-image size-medium\"><a href=\"https:\/\/bawso.org.uk\/wp-content\/uploads\/2022\/03\/Bawso-Africa-Project.jpg\"><img loading=\"lazy\" decoding=\"async\" width=\"1024\" height=\"678\" data-id=\"566\" src=\"https:\/\/bawso.org.uk\/wp-content\/uploads\/2022\/03\/Bawso-Africa-Project.jpg\" alt=\"Bawso Africa Project\" class=\"wp-image-566\" srcset=\"https:\/\/bawso.org.uk\/wp-content\/uploads\/2022\/03\/Bawso-Africa-Project.jpg 1024w, https:\/\/bawso.org.uk\/wp-content\/uploads\/2022\/03\/Bawso-Africa-Project-300x199.jpg 300w, https:\/\/bawso.org.uk\/wp-content\/uploads\/2022\/03\/Bawso-Africa-Project-768x509.jpg 768w, https:\/\/bawso.org.uk\/wp-content\/uploads\/2022\/03\/Bawso-Africa-Project-18x12.jpg 18w\" sizes=\"auto, (max-width: 1024px) 100vw, 1024px\" \/><\/a><\/figure>\n\n\n\n<figure class=\"wp-block-image size-medium\"><a href=\"https:\/\/bawso.org.uk\/wp-content\/uploads\/2022\/03\/BAWSO-25.jpg\"><img loading=\"lazy\" decoding=\"async\" width=\"300\" height=\"225\" data-id=\"605\" src=\"https:\/\/bawso.org.uk\/wp-content\/uploads\/2022\/03\/BAWSO-25-300x225.jpg\" alt=\"\" class=\"wp-image-605\" srcset=\"https:\/\/bawso.org.uk\/wp-content\/uploads\/2022\/03\/BAWSO-25-300x225.jpg 300w, https:\/\/bawso.org.uk\/wp-content\/uploads\/2022\/03\/BAWSO-25-768x576.jpg 768w, https:\/\/bawso.org.uk\/wp-content\/uploads\/2022\/03\/BAWSO-25-16x12.jpg 16w, https:\/\/bawso.org.uk\/wp-content\/uploads\/2022\/03\/BAWSO-25.jpg 1024w\" sizes=\"auto, (max-width: 300px) 100vw, 300px\" \/><\/a><\/figure>\n<\/figure>\n\n\n\n<div class=\"wp-block-buttons is-layout-flex wp-block-buttons-is-layout-flex\"><\/div>","protected":false},"excerpt":{"rendered":"<p>Nemzetk\u00f6zi figyelemfelkelt\u00e9s Szomor\u00fa t\u00e9ny, hogy a fekete \u00e9s kisebbs\u00e9gbe szorult n\u0151k a t\u00f6rt\u00e9nelem sor\u00e1n is egyenl\u0151tlens\u00e9geket tapasztalnak mindennapi \u00e9let\u00fck minden ter\u00fclet\u00e9n. Nemi alap\u00fa er\u0151szak [\u2026]<\/p>","protected":false},"author":1,"featured_media":0,"parent":0,"menu_order":9,"comment_status":"closed","ping_status":"closed","template":"","meta":{"_acf_changed":false,"_seopress_robots_primary_cat":"","_seopress_titles_title":"","_seopress_titles_desc":"","_seopress_robots_index":"","footnotes":""},"class_list":["post-1139","page","type-page","status-publish","hentry"],"acf":[],"publishpress_future_action":{"enabled":false,"date":"2026-06-16 02:00:44","action":"category-add","newStatus":"draft","terms":[],"taxonomy":"","extraData":[]},"publishpress_future_workflow_manual_trigger":{"enabledWorkflows":[]},"_links":{"self":[{"href":"https:\/\/bawso.org.uk\/hu\/wp-json\/wp\/v2\/pages\/1139","targetHints":{"allow":["GET"]}}],"collection":[{"href":"https:\/\/bawso.org.uk\/hu\/wp-json\/wp\/v2\/pages"}],"about":[{"href":"https:\/\/bawso.org.uk\/hu\/wp-json\/wp\/v2\/types\/page"}],"author":[{"embeddable":true,"href":"https:\/\/bawso.org.uk\/hu\/wp-json\/wp\/v2\/users\/1"}],"replies":[{"embeddable":true,"href":"https:\/\/bawso.org.uk\/hu\/wp-json\/wp\/v2\/comments?post=1139"}],"version-history":[{"count":14,"href":"https:\/\/bawso.org.uk\/hu\/wp-json\/wp\/v2\/pages\/1139\/revisions"}],"predecessor-version":[{"id":1582,"href":"https:\/\/bawso.org.uk\/hu\/wp-json\/wp\/v2\/pages\/1139\/revisions\/1582"}],"wp:attachment":[{"href":"https:\/\/bawso.org.uk\/hu\/wp-json\/wp\/v2\/media?parent=1139"}],"curies":[{"name":"munkaf\u00fczet","href":"https:\/\/api.w.org\/{rel}","templated":true}]}}