{"id":1535,"date":"2022-08-11T19:40:46","date_gmt":"2022-08-11T18:40:46","guid":{"rendered":"https:\/\/bawso.org.uk\/?page_id=1535"},"modified":"2022-08-12T12:54:53","modified_gmt":"2022-08-12T11:54:53","slug":"grants-team","status":"publish","type":"page","link":"https:\/\/bawso.org.uk\/hr\/grants-team\/","title":{"rendered":"Tim za potpore"},"content":{"rendered":"<p class=\"is-style-text-x-large\">Bawso ima specijalizirani tim za potpore koji ima stru\u010dnost u upravljanju i administriranju potpora iz Ujedinjenog Kraljevstva i lokalnih tijela crna\u010dkim i manjinskim skupinama u Walesu.<\/p>\n\n\n\n<p class=\"is-style-default\">Ova je sposobnost razvijena tijekom posljednjih godina u okviru programa dodjele grantova Globalnog ve\u0107inskog fonda koje osigurava Comic Relief.<\/p>\n\n\n\n<p class=\"is-style-default\">Bawso ima duboke i dugoro\u010dne odnose s crna\u010dkim skupinama i vo\u0111ama zajednice diljem Walesa. Bawso odbor, osoblje i volonteri su iz ovih zajednica, a Bawso ima isprobanu i testiranu sposobnost za isporuku bespovratnih sredstava, kao i podr\u0161ku i savjetovanje financijera koji \u017eele djelovati u Walesu. Poduzima primarna istra\u017eivanja u ovom podru\u010dju rada.<\/p>","protected":false},"excerpt":{"rendered":"<p>Bawso has a specialist grants team with expertise in managing and administering grants from UK and local bodies to black and minoritised groups in Wales. This capability has been developed [&hellip;]<\/p>","protected":false},"author":1,"featured_media":0,"parent":0,"menu_order":3,"comment_status":"closed","ping_status":"closed","template":"","meta":{"_acf_changed":false,"_seopress_robots_primary_cat":"","_seopress_titles_title":"Bawso | Grants Team","_seopress_titles_desc":"Bawso has a specialist grants team with expertise in managing and administering grants from UK and local bodies to black and minoritised groups in Wales.","_seopress_robots_index":"","footnotes":""},"class_list":["post-1535","page","type-page","status-publish","hentry"],"acf":[],"publishpress_future_action":{"enabled":false,"date":"2026-06-16 12:33:35","action":"category-add","newStatus":"draft","terms":[],"taxonomy":"","extraData":[]},"publishpress_future_workflow_manual_trigger":{"enabledWorkflows":[]},"_links":{"self":[{"href":"https:\/\/bawso.org.uk\/hr\/wp-json\/wp\/v2\/pages\/1535","targetHints":{"allow":["GET"]}}],"collection":[{"href":"https:\/\/bawso.org.uk\/hr\/wp-json\/wp\/v2\/pages"}],"about":[{"href":"https:\/\/bawso.org.uk\/hr\/wp-json\/wp\/v2\/types\/page"}],"author":[{"embeddable":true,"href":"https:\/\/bawso.org.uk\/hr\/wp-json\/wp\/v2\/users\/1"}],"replies":[{"embeddable":true,"href":"https:\/\/bawso.org.uk\/hr\/wp-json\/wp\/v2\/comments?post=1535"}],"version-history":[{"count":3,"href":"https:\/\/bawso.org.uk\/hr\/wp-json\/wp\/v2\/pages\/1535\/revisions"}],"predecessor-version":[{"id":1562,"href":"https:\/\/bawso.org.uk\/hr\/wp-json\/wp\/v2\/pages\/1535\/revisions\/1562"}],"wp:attachment":[{"href":"https:\/\/bawso.org.uk\/hr\/wp-json\/wp\/v2\/media?parent=1535"}],"curies":[{"name":"radni list","href":"https:\/\/api.w.org\/{rel}","templated":true}]}}