{"id":77,"date":"2021-11-30T13:46:45","date_gmt":"2021-11-30T13:46:45","guid":{"rendered":"https:\/\/bawso.org.uk\/?page_id=77"},"modified":"2025-11-19T10:26:37","modified_gmt":"2025-11-19T10:26:37","slug":"support-us","status":"publish","type":"page","link":"https:\/\/bawso.org.uk\/fr_be\/support-us\/","title":{"rendered":"Soutenez-nous"},"content":{"rendered":"<h2 class=\"wp-block-heading\">Faire un don<\/h2>\n\n\n\n<p class=\"is-style-text-x-large\">Soutenez Bawso par des dons mensuels et des cadeaux ponctuels.<\/p>\n\n\n\n<p class=\"is-style-default\">Vos dons feront une \u00e9norme diff\u00e9rence et nous permettront de d\u00e9fendre et de fournir des services sp\u00e9cialis\u00e9s aux victimes noires et minoritaires d&#039;abus, de violence et d&#039;exploitation au Pays de Galles. Que vous mettiez en place un don mensuel ou un don unique, votre don, quel qu&#039;il soit, changera la vie des femmes victimes d&#039;abus et d&#039;exploitation au Pays de Galles. Il contribuera \u00e0 fournir un lieu de s\u00e9curit\u00e9 et d&#039;h\u00e9bergement pour les femmes et un soutien adapt\u00e9 aux besoins individuels.<\/p>\n\n\n\n<div class=\"wp-block-buttons is-layout-flex wp-block-buttons-is-layout-flex\">\n<div class=\"wp-block-button is-style-primary-btn\"><a class=\"wp-block-button__link wp-element-button\" href=\"https:\/\/www.justgiving.com\/bawso\">Veuillez faire un don aujourd&#039;hui<\/a><\/div>\n<\/div>\n\n\n\n<div style=\"height:28px\" aria-hidden=\"true\" class=\"wp-block-spacer\"><\/div>\n\n\n\n<p class=\"is-style-default\">Si vous souhaitez faire un don en esp\u00e8ces, par ch\u00e8que ou par virement bancaire, merci de contacter un membre de notre \u00e9quipe au <a href=\"\/fr_be\/t\u00e9l:02920 644 633\/\"><strong>02920 644 633<\/strong><\/a> ou email <a href=\"mailto:info@bawso.org.uk\" target=\"_blank\" rel=\"noreferrer noopener\">info@bawso.org.uk<\/a>. Merci.<\/p>\n\n\n\n<div style=\"height:28px\" aria-hidden=\"true\" class=\"wp-block-spacer\"><\/div>\n\n\n\n<h2 class=\"wp-block-heading\">Devenez membre de Bawso <\/h2>\n\n\n\n<p>L&#039;adh\u00e9sion annuelle \u00e0 Bawso s&#039;\u00e9tend du 1er janvier au 31 d\u00e9cembre de chaque ann\u00e9e. Si vous adh\u00e9rez en milieu d&#039;ann\u00e9e, nous facturons les frais au prorata. <\/p>\n\n\n\n<p><strong>Avantages pour tous les membres : <\/strong><\/p>\n\n\n\n<ul class=\"wp-block-list\">\n<li>Remise sur les formations Bawso<\/li>\n\n\n\n<li>Acc\u00e8s aux s\u00e9ances de sensibilisation \u00e0 la violence \u00e0 l&#039;\u00e9gard des femmes<\/li>\n\n\n\n<li>Alertes email de nos Emplois, Actualit\u00e9s, \u00c9v\u00e9nements et Formations<\/li>\n\n\n\n<li>Acc\u00e8s aux b\u00e9n\u00e9voles \/ b\u00e9n\u00e9volat<\/li>\n\n\n\n<li>Participation \u00e0 des initiatives de collecte de fonds<\/li>\n\n\n\n<li>Campagnes contre la violence contre les femmes<\/li>\n<\/ul>\n\n\n\n<p><strong>Avantages suppl\u00e9mentaires pour les supporters individuels\u00a0: <\/strong><\/p>\n\n\n\n<ul class=\"wp-block-list\">\n<li>Acc\u00e8s \u00e0 la formation de capacit\u00e9<\/li>\n\n\n\n<li>Animation d&#039;ateliers et prise de parole lors d&#039;\u00e9v\u00e9nements<\/li>\n\n\n\n<li>Droit de vote \u00e0 notre Assembl\u00e9e G\u00e9n\u00e9rale<\/li>\n<\/ul>\n\n\n\n<p><strong>Avantages suppl\u00e9mentaires pour les organisations\u00a0: <\/strong><\/p>\n\n\n\n<ul class=\"wp-block-list\">\n<li>Promotion gratuite de vos offres d&#039;emploi<\/li>\n<\/ul>\n\n\n\n<p>Suite \u00e0 un examen de notre programme d&#039;adh\u00e9sion en 2018, Bawso propose d\u00e9sormais la cat\u00e9gorie d&#039;adh\u00e9sion suivante\u00a0:<\/p>\n\n\n\n<div class=\"wp-block-columns alignwide is-layout-flex wp-container-core-columns-is-layout-829b1d53 wp-block-columns-is-layout-flex\" style=\"margin-bottom:0\">\n<div class=\"wp-block-column is-vertically-aligned-top has-brand-seven-background-color has-text-color has-background has-link-color wp-elements-5bea72c41901201a2af98d370fd96f4f is-layout-flow wp-block-column-is-layout-flow\" style=\"color:#000000;padding-top:2em;padding-right:2em;padding-bottom:2em;padding-left:2em\">\n<h2 class=\"wp-block-heading\" id=\"single\" style=\"font-size:25px\"><strong>Cotisation d&#039;adh\u00e9sion \u00e0 l&#039;organisation<\/strong><\/h2>\n\n\n\n<hr class=\"wp-block-separator has-text-color has-css-opacity has-background is-style-wide\" style=\"background-color:#000000;color:#000000\"\/>\n\n\n\n<div style=\"height:31px\" aria-hidden=\"true\" class=\"wp-block-spacer\"><\/div>\n\n\n\n<div class=\"wp-block-buttons alignfull is-horizontal is-content-justification-center is-layout-flex wp-container-core-buttons-is-layout-499968f5 wp-block-buttons-is-layout-flex\">\n<div class=\"wp-block-button has-custom-width wp-block-button__width-100 is-style-fill\"><a class=\"wp-block-button__link has-white-color has-brand-two-background-color has-text-color has-background has-medium-font-size no-border-radius has-custom-font-size wp-element-button\"><strong>100\u00a0\u00a3\/an<\/strong> (pour les organisations dont le chiffre d&#039;affaires ne d\u00e9passe pas 1 million de livres sterling)<\/a><\/div>\n\n\n\n<div class=\"wp-block-button has-custom-width wp-block-button__width-100 is-style-fill\"><a class=\"wp-block-button__link has-white-color has-brand-two-background-color has-text-color has-background has-medium-font-size no-border-radius has-custom-font-size wp-element-button\"><strong>200 \u00a3\/an<\/strong> (pour les organisations dont le chiffre d&#039;affaires est sup\u00e9rieur \u00e0 1 million de livres sterling)<\/a><\/div>\n<\/div>\n\n\n\n<div style=\"height:41px\" aria-hidden=\"true\" class=\"wp-block-spacer\"><\/div>\n\n\n\n<div class=\"wp-block-buttons is-content-justification-right is-layout-flex wp-container-core-buttons-is-layout-765c4724 wp-block-buttons-is-layout-flex\">\n<div class=\"wp-block-button is-style-primary-btn\"><a class=\"wp-block-button__link wp-element-button\" href=\"https:\/\/bawso.org.uk\/fr_be\/bawso-membership-application-form-for-organisations\/\">Voir le formulaire<\/a><\/div>\n<\/div>\n<\/div>\n\n\n\n<div class=\"wp-block-column is-vertically-aligned-top has-brand-seven-background-color has-text-color has-background has-link-color wp-elements-91b7c1bf9238835c2d39eae0154569b1 is-layout-flow wp-block-column-is-layout-flow\" style=\"color:#000000;padding-top:2em;padding-right:2em;padding-bottom:2em;padding-left:2em\">\n<h2 class=\"wp-block-heading\" id=\"family\" style=\"font-size:29px\"><strong>Cotisation individuelle<\/strong><\/h2>\n\n\n\n<hr class=\"wp-block-separator has-css-opacity is-style-wide\"\/>\n\n\n\n<div style=\"height:31px\" aria-hidden=\"true\" class=\"wp-block-spacer\"><\/div>\n\n\n\n<div class=\"wp-block-buttons alignfull is-horizontal is-content-justification-center is-layout-flex wp-container-core-buttons-is-layout-499968f5 wp-block-buttons-is-layout-flex\">\n<div class=\"wp-block-button has-custom-width wp-block-button__width-100 is-style-fill\"><a class=\"wp-block-button__link has-white-color has-brand-two-background-color has-text-color has-background has-medium-font-size no-border-radius has-custom-font-size wp-element-button\"><strong>20\u00a0\u00a3\/an<\/strong> (employ\u00e9)<\/a><\/div>\n\n\n\n<div class=\"wp-block-button has-custom-width wp-block-button__width-100 is-style-fill\"><a class=\"wp-block-button__link has-white-color has-brand-two-background-color has-text-color has-background has-medium-font-size no-border-radius has-custom-font-size wp-element-button\"><strong>10\u00a0\u00a3\/an <\/strong>(sans emploi)<\/a><\/div>\n<\/div>\n\n\n\n<div style=\"height:107px\" aria-hidden=\"true\" class=\"wp-block-spacer\"><\/div>\n\n\n\n<div class=\"wp-block-buttons is-content-justification-right is-layout-flex wp-container-core-buttons-is-layout-765c4724 wp-block-buttons-is-layout-flex\">\n<div class=\"wp-block-button is-style-primary-btn\"><a class=\"wp-block-button__link wp-element-button\" href=\"https:\/\/bawso.org.uk\/fr_be\/bawso-membership-application-form-for-individuals\/\">Voir le formulaire<\/a><\/div>\n<\/div>\n<\/div>\n<\/div>\n\n\n\n<details class=\"wp-block-details is-layout-flow wp-block-details-is-layout-flow\"><summary>Laps de temps <\/summary>\n<p>L&#039;adh\u00e9sion \u00e0 Bawso peut g\u00e9n\u00e9ralement \u00eatre approuv\u00e9e dans les 5 jours ouvrables \u00e0 condition que vous r\u00e9pondiez \u00e0 nos crit\u00e8res d&#039;adh\u00e9sion et fournissiez toutes les informations demand\u00e9es dans ce formulaire. Les candidatures plus complexes peuvent \u00eatre soumises \u00e0 l&#039;approbation du conseil d&#039;administration de Bawso, ce qui peut prendre jusqu&#039;\u00e0 3 mois (selon le cycle des r\u00e9unions). Si votre candidature est renvoy\u00e9e au conseil d&#039;administration, nous vous en informerons.<\/p>\n<\/details>\n\n\n\n<details class=\"wp-block-details is-layout-flow wp-block-details-is-layout-flow\"><summary>Le R\u00e8glement G\u00e9n\u00e9ral sur la Protection des Donn\u00e9es (RGPD)<\/summary>\n<p>Nous prenons tr\u00e8s au s\u00e9rieux la confidentialit\u00e9 et la s\u00e9curit\u00e9 des individus et de leurs informations personnelles et prenons toutes les mesures et pr\u00e9cautions raisonnables pour prot\u00e9ger et s\u00e9curiser les donn\u00e9es personnelles que nous traitons. Nous avons mis en place des politiques et proc\u00e9dures solides en mati\u00e8re de s\u00e9curit\u00e9 des informations pour prot\u00e9ger les informations personnelles contre tout acc\u00e8s, modification et divulgation non autoris\u00e9s. Bawso dispose d&#039;un repr\u00e9sentant d\u00e9di\u00e9 qui peut \u00eatre contact\u00e9 pour toute question, commentaire et demande concernant la protection des donn\u00e9es info@bawso.org.uk.<\/p>\n<\/details>\n\n\n\n<h2 class=\"wp-block-heading\">B\u00e9n\u00e9vole<\/h2>\n\n\n\n<p class=\"is-style-default\">Bawso a un programme de volontariat \u00e9tabli qui offre une formation et un soutien aux femmes et aux filles des communaut\u00e9s f\u00e9minines noires et minoritaires du Pays de Galles, souhaitant soutenir les activit\u00e9s de Bawso.<\/p>\n\n\n\n<p class=\"is-style-default\">Les b\u00e9n\u00e9voles travaillent dans toutes les parties de Bawso, du soutien aux services pour adultes et de garde d&#039;enfants jusqu&#039;aux services centraux et \u00e0 l&#039;administration, et dans toutes les r\u00e9gions du Pays de Galles.<\/p>\n\n\n\n<p class=\"is-style-default\">Les r\u00f4les des b\u00e9n\u00e9voles sont bas\u00e9s sur les int\u00e9r\u00eats et les capacit\u00e9s de chaque b\u00e9n\u00e9vole.<\/p>\n\n\n\n<p class=\"is-style-default\">Les b\u00e9n\u00e9voles de Bawso acqui\u00e8rent des comp\u00e9tences et de l&#039;exp\u00e9rience qui contribuent de mani\u00e8re significative \u00e0 l&#039;obtention d&#039;un emploi ult\u00e9rieur dans la communaut\u00e9. Certains b\u00e9n\u00e9voles de Bawso suivent une formation professionnelle et rejoignent l&#039;\u00e9quipe du personnel de Bawso.<\/p>\n\n\n\n\n\n<div style=\"height:28px\" aria-hidden=\"true\" class=\"wp-block-spacer\"><\/div>\n\n\n\n<h2 class=\"wp-block-heading\">Lever des fonds pour Bawso<\/h2>\n\n\n\n<p class=\"is-style-default\">Nous vous aiderons \u00e0 collecter des fonds pour Bawso en organisant votre propre \u00e9v\u00e9nement en participant \u00e0 des \u00e9v\u00e9nements organis\u00e9s par Bawso. Appelez-nous et nous vous conseillerons et vous fournirons le mat\u00e9riel.<\/p>\n\n\n\n<div style=\"height:28px\" aria-hidden=\"true\" class=\"wp-block-spacer\"><\/div>\n\n\n\n<h2 class=\"wp-block-heading\">Devenez un ami de Bawso<\/h2>\n\n\n\n<p class=\"is-style-default\">Friends of Bawso est une collection libre de sp\u00e9cialistes \u00e0 la retraite et en activit\u00e9 qui soutiennent Bawso et fournissent des services de conseil pro bono dans de nombreux domaines, notamment l&#039;\u00e9laboration de politiques, la planification pr\u00e9visionnelle, le marketing, la publicit\u00e9, les demandes de subventions, les soumissions de services command\u00e9s, le logement, la propri\u00e9t\u00e9 et les conseils juridiques. .<\/p>\n\n\n\n<p class=\"is-style-default\">Friends of Bawso r\u00e9pond aux demandes de l&#039;ACEO et du conseil d&#039;administration. Les sp\u00e9cialistes individuels des Amis de Bawso fournissent directement des conseils et des services. Elle n&#039;a aucun statut formel et ne joue aucun r\u00f4le dans la gouvernance ou la gestion de Bawso.<\/p>\n\n\n\n<p class=\"is-style-default\">Si vous souhaitez soutenir Bawso de cette mani\u00e8re, veuillez contacter Bawso et partager votre domaine d&#039;expertise.<\/p>","protected":false},"excerpt":{"rendered":"<p>Donate Support Bawso through monthly donations and one-off gifts. Your donations will make a huge difference&nbsp;and allow us to advocate for and deliver specialist services to black and minoritised victims [&hellip;]<\/p>\n","protected":false},"author":1,"featured_media":0,"parent":0,"menu_order":13,"comment_status":"closed","ping_status":"closed","template":"","meta":{"_acf_changed":false,"_seopress_robots_primary_cat":"","_seopress_titles_title":"","_seopress_titles_desc":"","_seopress_robots_index":"","footnotes":""},"class_list":["post-77","page","type-page","status-publish","hentry"],"acf":[],"publishpress_future_action":{"enabled":false,"date":"2026-07-06 14:30:15","action":"category-add","newStatus":"draft","terms":[],"taxonomy":"","extraData":[]},"publishpress_future_workflow_manual_trigger":{"enabledWorkflows":[]},"_links":{"self":[{"href":"https:\/\/bawso.org.uk\/fr_be\/wp-json\/wp\/v2\/pages\/77","targetHints":{"allow":["GET"]}}],"collection":[{"href":"https:\/\/bawso.org.uk\/fr_be\/wp-json\/wp\/v2\/pages"}],"about":[{"href":"https:\/\/bawso.org.uk\/fr_be\/wp-json\/wp\/v2\/types\/page"}],"author":[{"embeddable":true,"href":"https:\/\/bawso.org.uk\/fr_be\/wp-json\/wp\/v2\/users\/1"}],"replies":[{"embeddable":true,"href":"https:\/\/bawso.org.uk\/fr_be\/wp-json\/wp\/v2\/comments?post=77"}],"version-history":[{"count":70,"href":"https:\/\/bawso.org.uk\/fr_be\/wp-json\/wp\/v2\/pages\/77\/revisions"}],"predecessor-version":[{"id":4884,"href":"https:\/\/bawso.org.uk\/fr_be\/wp-json\/wp\/v2\/pages\/77\/revisions\/4884"}],"wp:attachment":[{"href":"https:\/\/bawso.org.uk\/fr_be\/wp-json\/wp\/v2\/media?parent=77"}],"curies":[{"name":"wp","href":"https:\/\/api.w.org\/{rel}","templated":true}]}}