{"id":4797,"date":"2025-08-29T11:35:05","date_gmt":"2025-08-29T10:35:05","guid":{"rendered":"https:\/\/bawso.org.uk\/?page_id=4797"},"modified":"2025-09-16T10:37:43","modified_gmt":"2025-09-16T09:37:43","slug":"bawso-service-user-engagement-july-2025","status":"publish","type":"page","link":"https:\/\/bawso.org.uk\/fr_be\/bawso-service-user-engagement-july-2025\/","title":{"rendered":"Engagement des utilisateurs du service Bawso \u2013 juillet 2025\u00a0"},"content":{"rendered":"<p>Chez Bawso, nous sommes convaincus qu&#039;un changement significatif et durable ne peut \u00eatre obtenu que si les personnes ayant une exp\u00e9rience v\u00e9cue sont habilit\u00e9es \u00e0 fa\u00e7onner et \u00e0 diriger les services con\u00e7us pour les soutenir. L&#039;implication active des usagers, actuels et anciens, \u00e0 tous les niveaux de notre action est au c\u0153ur de notre approche. Nous offrons des formations continues, un renforcement des capacit\u00e9s et des opportunit\u00e9s de leadership \u00e0 ceux qui souhaitent contribuer \u00e0 notre mission et au mouvement plus large pour le changement.&nbsp;<\/p>\n\n\n\n<p>Notre engagement \u00e0 int\u00e9grer l&#039;exp\u00e9rience v\u00e9cue se refl\u00e8te structurellement et strat\u00e9giquement dans toute l&#039;organisation. Le conseil d&#039;administration de Bawso est pr\u00e9sid\u00e9 par un ancien usager des services, et les survivants sont impliqu\u00e9s dans le recrutement de notre personnel. Nombre de nos projets font appel \u00e0 la contribution directe de personnes ayant v\u00e9cu une exp\u00e9rience v\u00e9cue, garantissant ainsi que les services sont con\u00e7us et dispens\u00e9s de mani\u00e8re \u00e0 la fois efficace et responsabilisante.&nbsp;<\/p>\n\n\n\n<p><strong>Voici quelques exemples cl\u00e9s d\u2019engagement des utilisateurs de services :<\/strong>&nbsp;<\/p>\n\n\n\n<p><strong>1. Strat\u00e9gie VAWDASV du gouvernement gallois (2022-2026)<\/strong>&nbsp;<\/p>\n\n\n\n<div class=\"wp-block-media-text is-stacked-on-mobile\" style=\"grid-template-columns:30% auto\"><figure class=\"wp-block-media-text__media\"><img loading=\"lazy\" decoding=\"async\" width=\"1024\" height=\"576\" src=\"https:\/\/bawso.org.uk\/wp-content\/uploads\/2025\/08\/Welsh-Governments-VAWDASV-Strategy-2022\u20132026-1024x576.png\" alt=\"\" class=\"wp-image-4767 size-full\" srcset=\"https:\/\/bawso.org.uk\/wp-content\/uploads\/2025\/08\/Welsh-Governments-VAWDASV-Strategy-2022\u20132026-1024x576.png 1024w, https:\/\/bawso.org.uk\/wp-content\/uploads\/2025\/08\/Welsh-Governments-VAWDASV-Strategy-2022\u20132026-300x169.png 300w, https:\/\/bawso.org.uk\/wp-content\/uploads\/2025\/08\/Welsh-Governments-VAWDASV-Strategy-2022\u20132026-768x432.png 768w, https:\/\/bawso.org.uk\/wp-content\/uploads\/2025\/08\/Welsh-Governments-VAWDASV-Strategy-2022\u20132026-1536x864.png 1536w, https:\/\/bawso.org.uk\/wp-content\/uploads\/2025\/08\/Welsh-Governments-VAWDASV-Strategy-2022\u20132026-18x10.png 18w, https:\/\/bawso.org.uk\/wp-content\/uploads\/2025\/08\/Welsh-Governments-VAWDASV-Strategy-2022\u20132026.png 1920w\" sizes=\"auto, (max-width: 1024px) 100vw, 1024px\" \/><\/figure><div class=\"wp-block-media-text__content\">\n<p>Bawso contribue activement \u00e0 la mise en \u0153uvre de la strat\u00e9gie du gouvernement gallois contre la violence faite aux femmes, la violence domestique et la violence sexuelle (VAWDASV). Cette strat\u00e9gie nationale adopte une approche syst\u00e9mique, associant les acteurs des services de police, de justice, de sant\u00e9, d&#039;\u00e9ducation, des services sociaux, du monde universitaire, des associations caritatives et des collectivit\u00e9s. Deux anciens usagers de Bawso si\u00e8gent actuellement au comit\u00e9 d&#039;examen des victimes et survivants du gouvernement gallois. Leur exp\u00e9rience personnelle apporte un \u00e9clairage essentiel sur l&#039;\u00e9laboration et l&#039;am\u00e9lioration des politiques visant \u00e0 mieux r\u00e9pondre aux besoins des victimes.&nbsp;<\/p>\n<\/div><\/div>\n\n\n\n<p><strong>2. Engagement des utilisateurs du service aupr\u00e8s du commissaire de police et de la criminalit\u00e9 du sud du Pays de Galles (SWPCC)<\/strong>&nbsp;<\/p>\n\n\n\n<div class=\"wp-block-media-text has-media-on-the-right is-stacked-on-mobile is-vertically-aligned-center\" style=\"grid-template-columns:auto 27%\"><div class=\"wp-block-media-text__content\">\n<p>Bawso organise des rencontres r\u00e9guli\u00e8res entre les survivants et les repr\u00e9sentants de la police du sud du Pays de Galles. Ces s\u00e9ances permettent aux survivants de partager leurs exp\u00e9riences, leurs difficult\u00e9s et leurs retours sur le soutien policier, du premier contact jusqu&#039;\u00e0 la proc\u00e9dure judiciaire, ou jusqu&#039;\u00e0 ce qu&#039;ils soient satisfaits du service et quittent notre service. Ce dialogue permet un apprentissage en temps r\u00e9el pour la police et contribue directement \u00e0 l&#039;\u00e9laboration de politiques et de pratiques polici\u00e8res plus r\u00e9actives et centr\u00e9es sur les survivants.&nbsp;<\/p>\n<\/div><figure class=\"wp-block-media-text__media\"><img loading=\"lazy\" decoding=\"async\" width=\"1024\" height=\"1024\" src=\"https:\/\/bawso.org.uk\/wp-content\/uploads\/2025\/08\/WhatsApp-Image-2025-08-19-at-11.47.28_19f4de11-edited-1024x1024.jpg\" alt=\"\" class=\"wp-image-4771 size-full\" srcset=\"https:\/\/bawso.org.uk\/wp-content\/uploads\/2025\/08\/WhatsApp-Image-2025-08-19-at-11.47.28_19f4de11-edited-1024x1024.jpg 1024w, https:\/\/bawso.org.uk\/wp-content\/uploads\/2025\/08\/WhatsApp-Image-2025-08-19-at-11.47.28_19f4de11-edited-300x300.jpg 300w, https:\/\/bawso.org.uk\/wp-content\/uploads\/2025\/08\/WhatsApp-Image-2025-08-19-at-11.47.28_19f4de11-edited-150x150.jpg 150w, https:\/\/bawso.org.uk\/wp-content\/uploads\/2025\/08\/WhatsApp-Image-2025-08-19-at-11.47.28_19f4de11-edited-768x768.jpg 768w, https:\/\/bawso.org.uk\/wp-content\/uploads\/2025\/08\/WhatsApp-Image-2025-08-19-at-11.47.28_19f4de11-edited-12x12.jpg 12w, https:\/\/bawso.org.uk\/wp-content\/uploads\/2025\/08\/WhatsApp-Image-2025-08-19-at-11.47.28_19f4de11-edited-250x250.jpg 250w, https:\/\/bawso.org.uk\/wp-content\/uploads\/2025\/08\/WhatsApp-Image-2025-08-19-at-11.47.28_19f4de11-edited.jpg 1200w\" sizes=\"auto, (max-width: 1024px) 100vw, 1024px\" \/><\/figure><\/div>\n\n\n\n<p><strong>3. \u00ab\u00a0L&#039;\u00e9coute est une \u00e9tape importante\u00a0\u00bb \u2013 Co-d\u00e9veloppement d&#039;un cadre multi-agences<\/strong>&nbsp;<br>Ce projet de recherche de deux ans, financ\u00e9 par Health and Care Research Wales et r\u00e9alis\u00e9 en partenariat avec l&#039;Universit\u00e9 du Pays de Galles du Sud, est n\u00e9 des id\u00e9es et des priorit\u00e9s identifi\u00e9es par les usagers des services. Deux anciens usagers sont employ\u00e9s comme chercheurs pairs, tandis que neuf usagers, actuels et anciens, si\u00e8gent au comit\u00e9 consultatif du projet. Ce comit\u00e9 comprend \u00e9galement des repr\u00e9sentants de la police, des services de sant\u00e9, des services sociaux et des services de conseil et de soutien aux enfants et aux familles (CAFCASS). Ensemble, ils travaillent \u00e0 l&#039;\u00e9laboration conjointe d&#039;un cadre multi-organismes visant \u00e0 am\u00e9liorer les r\u00e9ponses aux violences faites aux femmes, aux violences conjugales et aux violences sexuelles (VAWDASV) subies par les femmes noires et issues de minorit\u00e9s ethniques (BME) au Pays de Galles. Le cadre ainsi obtenu fournira des orientations pratiques aux organismes pour une collaboration plus efficace dans le soutien aux victimes de BME.&nbsp;<\/p>\n\n\n\n<div style=\"height:35px\" aria-hidden=\"true\" class=\"wp-block-spacer\"><\/div>\n\n\n\n<p><strong>4. Collaboration en mati\u00e8re de recherche et de politique avec l&#039;Universit\u00e9 de Cardiff<\/strong>&nbsp;<\/p>\n\n\n\n<p>Bawso collabore actuellement avec l&#039;Universit\u00e9 de Cardiff \u00e0 plusieurs partenariats de recherche ax\u00e9s sur la violence domestique et la d\u00e9fense des politiques. Ces collaborations s&#039;appuient sur les t\u00e9moignages des usagers et visent \u00e0 influencer les politiques et les pratiques aux niveaux local et national.&nbsp;<\/p>\n\n\n\n<div style=\"height:35px\" aria-hidden=\"true\" class=\"wp-block-spacer\"><\/div>\n\n\n\n<p>Gr\u00e2ce \u00e0 ces initiatives et \u00e0 d&#039;autres, Bawso d\u00e9montre un engagement profond et soutenu \u00e0 int\u00e9grer la voix des survivants dans la conception, la prestation et l&#039;\u00e9valuation des services. En veillant \u00e0 ce que les personnes ayant une exp\u00e9rience v\u00e9cue soient non seulement entendues, mais aussi qu&#039;elles contribuent activement \u00e0 fa\u00e7onner les syst\u00e8mes et les solutions, nous favorisons le changement.<\/p>","protected":false},"excerpt":{"rendered":"<p>Chez Bawso, nous croyons qu\u2019un changement significatif et durable ne peut \u00eatre r\u00e9alis\u00e9 que si les personnes ayant une exp\u00e9rience v\u00e9cue sont habilit\u00e9es \u00e0 fa\u00e7onner et \u00e0 diriger les services destin\u00e9s \u00e0 les soutenir. [\u2026]<\/p>","protected":false},"author":6,"featured_media":0,"parent":0,"menu_order":0,"comment_status":"closed","ping_status":"closed","template":"","meta":{"_acf_changed":false,"_seopress_robots_primary_cat":"","_seopress_titles_title":"","_seopress_titles_desc":"","_seopress_robots_index":"","footnotes":""},"class_list":["post-4797","page","type-page","status-publish","hentry"],"acf":[],"publishpress_future_action":{"enabled":false,"date":"2026-06-16 12:13:22","action":"category-add","newStatus":"draft","terms":[],"taxonomy":"","extraData":[]},"publishpress_future_workflow_manual_trigger":{"enabledWorkflows":[]},"_links":{"self":[{"href":"https:\/\/bawso.org.uk\/fr_be\/wp-json\/wp\/v2\/pages\/4797","targetHints":{"allow":["GET"]}}],"collection":[{"href":"https:\/\/bawso.org.uk\/fr_be\/wp-json\/wp\/v2\/pages"}],"about":[{"href":"https:\/\/bawso.org.uk\/fr_be\/wp-json\/wp\/v2\/types\/page"}],"author":[{"embeddable":true,"href":"https:\/\/bawso.org.uk\/fr_be\/wp-json\/wp\/v2\/users\/6"}],"replies":[{"embeddable":true,"href":"https:\/\/bawso.org.uk\/fr_be\/wp-json\/wp\/v2\/comments?post=4797"}],"version-history":[{"count":2,"href":"https:\/\/bawso.org.uk\/fr_be\/wp-json\/wp\/v2\/pages\/4797\/revisions"}],"predecessor-version":[{"id":4809,"href":"https:\/\/bawso.org.uk\/fr_be\/wp-json\/wp\/v2\/pages\/4797\/revisions\/4809"}],"wp:attachment":[{"href":"https:\/\/bawso.org.uk\/fr_be\/wp-json\/wp\/v2\/media?parent=4797"}],"curies":[{"name":"wp","href":"https:\/\/api.w.org\/{rel}","templated":true}]}}