{"id":4657,"date":"2025-07-24T11:35:56","date_gmt":"2025-07-24T10:35:56","guid":{"rendered":"https:\/\/bawso.org.uk\/?page_id=4657"},"modified":"2025-08-06T11:37:38","modified_gmt":"2025-08-06T10:37:38","slug":"bawso-reclaim-project","status":"publish","type":"page","link":"https:\/\/bawso.org.uk\/fr_be\/bawso-reclaim-project\/","title":{"rendered":"Projet de r\u00e9cup\u00e9ration de Bawso"},"content":{"rendered":"<p>Les victimes de violences conjugales souffrent souvent de graves probl\u00e8mes de sant\u00e9 mentale, aggrav\u00e9s par leurs origines, leurs cultures et leurs croyances. Dans de nombreuses communaut\u00e9s, notamment parmi les minorit\u00e9s ethniques, les probl\u00e8mes de sant\u00e9 mentale sont fortement stigmatis\u00e9s, ce qui complique encore davantage la recherche et l&#039;obtention du soutien dont elles ont besoin.&nbsp;<\/p>\n\n\n\n<p>Au Royaume-Uni, et plus particuli\u00e8rement au Pays de Galles, de nombreux obstacles emp\u00eachent les usagers de services, notamment ceux qui n&#039;ont pas acc\u00e8s aux fonds publics, d&#039;acc\u00e9der \u00e0 un soutien appropri\u00e9 en sant\u00e9 mentale. Nombre de nos usagers issus de minorit\u00e9s ethniques n&#039;ont pas les moyens de se payer des consultations priv\u00e9es, et la fermeture de plusieurs associations caritatives de sant\u00e9 mentale au Pays de Galles a aggrav\u00e9 la situation. Actuellement, les d\u00e9lais d&#039;attente pour obtenir des services de consultation varient d&#039;un an \u00e0 un an et demi, p\u00e9riode durant laquelle nombre de nos usagers voient leur sant\u00e9 mentale se d\u00e9t\u00e9riorer davantage.&nbsp;<\/p>\n\n\n\n<p>Chez Bawso, nous nous engageons \u00e0 trouver des solutions innovantes pour accompagner nos usagers dans l&#039;attente d&#039;une aide professionnelle. L&#039;une de ces initiatives est la <strong>S\u00e9ances th\u00e9rapeutiques de r\u00e9cup\u00e9ration<\/strong> Un projet artistique holistique, initi\u00e9 par un coll\u00e8gue, permet aux clients d&#039;utiliser l&#039;expression cr\u00e9ative comme moyen de g\u00e9rer leurs \u00e9motions, d&#039;apaiser leur esprit et de g\u00e9rer leur sant\u00e9 mentale.&nbsp;<\/p>\n\n\n\n<p>Gr\u00e2ce \u00e0 l&#039;art, les clients b\u00e9n\u00e9ficient d&#039;un moyen non verbal d&#039;explorer et d&#039;exprimer leurs \u00e9motions, favorisant ainsi la gu\u00e9rison et la r\u00e9silience. De plus, leurs \u0153uvres peuvent \u00eatre expos\u00e9es ou vendues, les b\u00e9n\u00e9fices soutenant le projet NRPF, qui offre des bienfaits th\u00e9rapeutiques et pratiques.&nbsp;<\/p>\n\n\n\n<p>Nous pensons que le projet Reclaim a le potentiel d\u2019avoir un impact positif sur un large \u00e9ventail d\u2019utilisateurs de nos services, en les aidant \u00e0 retrouver leur voix, \u00e0 g\u00e9rer leur bien-\u00eatre mental et \u00e0 avancer avec dignit\u00e9 et espoir.&nbsp;<\/p>\n\n\n\n<div class=\"wp-block-media-text is-stacked-on-mobile\"><figure class=\"wp-block-media-text__media\"><img loading=\"lazy\" decoding=\"async\" width=\"768\" height=\"1024\" src=\"https:\/\/bawso.org.uk\/wp-content\/uploads\/2025\/08\/Cardiff-Half-Marathon-Group-Picture-2024-1-768x1024.jpg\" alt=\"\" class=\"wp-image-4701 size-full\" srcset=\"https:\/\/bawso.org.uk\/wp-content\/uploads\/2025\/08\/Cardiff-Half-Marathon-Group-Picture-2024-1-768x1024.jpg 768w, https:\/\/bawso.org.uk\/wp-content\/uploads\/2025\/08\/Cardiff-Half-Marathon-Group-Picture-2024-1-225x300.jpg 225w, https:\/\/bawso.org.uk\/wp-content\/uploads\/2025\/08\/Cardiff-Half-Marathon-Group-Picture-2024-1-1152x1536.jpg 1152w, https:\/\/bawso.org.uk\/wp-content\/uploads\/2025\/08\/Cardiff-Half-Marathon-Group-Picture-2024-1-9x12.jpg 9w, https:\/\/bawso.org.uk\/wp-content\/uploads\/2025\/08\/Cardiff-Half-Marathon-Group-Picture-2024-1.jpg 1536w\" sizes=\"auto, (max-width: 768px) 100vw, 768px\" \/><\/figure><div class=\"wp-block-media-text__content\">\n<p>Cette ann\u00e9e, lors du semi-marathon de Cardiff 2025, nos coureurs collectent des fonds pour ce projet. Suivez leurs progr\u00e8s et soutenez-les en faisant un don ou en partageant\u00a0!<\/p>\n\n\n\n<div class=\"wp-block-buttons is-layout-flex wp-block-buttons-is-layout-flex\">\n<div class=\"wp-block-button\"><a class=\"wp-block-button__link wp-element-button\" href=\"https:\/\/www.justgiving.com\/campaign\/teambawso-chm-2025\">Faites un don ici ! <\/a><\/div>\n<\/div>\n<\/div><\/div>\n\n\n\n<p><\/p>","protected":false},"excerpt":{"rendered":"<p>Victims of domestic abuse often suffer immensely from mental health challenges, which are further compounded by their backgrounds, cultures, and belief systems. In many communities, particularly among BME groups, mental [&hellip;]<\/p>\n","protected":false},"author":6,"featured_media":0,"parent":0,"menu_order":0,"comment_status":"closed","ping_status":"closed","template":"","meta":{"_acf_changed":false,"_seopress_robots_primary_cat":"","_seopress_titles_title":"","_seopress_titles_desc":"","_seopress_robots_index":"","footnotes":""},"class_list":["post-4657","page","type-page","status-publish","hentry"],"acf":[],"publishpress_future_action":{"enabled":false,"date":"2026-07-06 13:47:25","action":"category-add","newStatus":"draft","terms":[],"taxonomy":"","extraData":[]},"publishpress_future_workflow_manual_trigger":{"enabledWorkflows":[]},"_links":{"self":[{"href":"https:\/\/bawso.org.uk\/fr_be\/wp-json\/wp\/v2\/pages\/4657","targetHints":{"allow":["GET"]}}],"collection":[{"href":"https:\/\/bawso.org.uk\/fr_be\/wp-json\/wp\/v2\/pages"}],"about":[{"href":"https:\/\/bawso.org.uk\/fr_be\/wp-json\/wp\/v2\/types\/page"}],"author":[{"embeddable":true,"href":"https:\/\/bawso.org.uk\/fr_be\/wp-json\/wp\/v2\/users\/6"}],"replies":[{"embeddable":true,"href":"https:\/\/bawso.org.uk\/fr_be\/wp-json\/wp\/v2\/comments?post=4657"}],"version-history":[{"count":2,"href":"https:\/\/bawso.org.uk\/fr_be\/wp-json\/wp\/v2\/pages\/4657\/revisions"}],"predecessor-version":[{"id":4702,"href":"https:\/\/bawso.org.uk\/fr_be\/wp-json\/wp\/v2\/pages\/4657\/revisions\/4702"}],"wp:attachment":[{"href":"https:\/\/bawso.org.uk\/fr_be\/wp-json\/wp\/v2\/media?parent=4657"}],"curies":[{"name":"wp","href":"https:\/\/api.w.org\/{rel}","templated":true}]}}