{"id":457,"date":"2022-03-16T12:14:41","date_gmt":"2022-03-16T12:14:41","guid":{"rendered":"https:\/\/bawso.org.uk\/?page_id=457"},"modified":"2026-04-10T10:15:39","modified_gmt":"2026-04-10T09:15:39","slug":"vacancies","status":"publish","type":"page","link":"https:\/\/bawso.org.uk\/fr_be\/vacancies\/","title":{"rendered":"Emplois"},"content":{"rendered":"<h2 class=\"wp-block-heading has-brand-two-color has-text-color\" id=\"good-news-we-re-hiring\"><strong>Vous cherchez un nouvel emploi \u00e9panouissant? Alors venez nous rejoindre.<\/strong><\/h2>\n\n\n\n<p class=\"is-style-text-x-large\"><strong>Notre mission est d&#039;\u00eatre le principal fournisseur et d\u00e9fenseur des services sp\u00e9cialis\u00e9s pour les communaut\u00e9s BME touch\u00e9es par les abus, la violence et l&#039;exploitation. <\/strong><\/p>\n\n\n\n<p class=\"is-style-default\">Pour ce faire, nous avons besoin des personnes les plus engag\u00e9es, les plus talentueuses et les plus enthousiastes, dot\u00e9es d&#039;un large \u00e9ventail de comp\u00e9tences pour rejoindre nos \u00e9quipes\u00a0; des travailleurs de refuge, de la violence domestique, de la traite des \u00eatres humains et des gestionnaires de services bas\u00e9s sur le genre et des d\u00e9fenseurs ind\u00e9pendants de la violence domestique, aux professionnels de la collecte de fonds, du d\u00e9veloppement, des finances et des ressources humaines.<\/p>\n\n\n\n<h2 class=\"wp-block-heading has-brand-two-color has-text-color\"><strong>Bonne nouvelle, nous recrutons !<\/strong><\/h2>\n\n\n\n<p>Si vous croyez en notre vision d&#039;un avenir o\u00f9 tous les habitants du Pays de Galles seront \u00e0 l&#039;abri des abus, de la violence et de l&#039;exploitation, nous voulons vous entendre.<\/p>\n\n\n\n<div style=\"height:31px\" aria-hidden=\"true\" class=\"wp-block-spacer\"><\/div>\n\n\n\n<div class=\"wp-block-buttons is-layout-flex wp-block-buttons-is-layout-flex\">\n<div class=\"wp-block-button has-custom-width wp-block-button__width-50 is-style-primary-btn\"><a class=\"wp-block-button__link wp-element-button\" href=\"https:\/\/bawso.ciphr-irecruit.com\/Applicants\/vacancy\">CLIQUEZ ICI POUR VOIR NOS OFFRES D&#039;EMPLOI ACTUELLES<\/a><\/div>\n<\/div>\n\n\n\n<div style=\"height:36px\" aria-hidden=\"true\" class=\"wp-block-spacer\"><\/div>\n\n\n\n<h2 class=\"wp-block-heading is-style-h2\">Vos r\u00e9compenses et avantages\u00a0:<\/h2>\n\n\n\n<ul class=\"wp-block-list\">\n<li>30 jours de cong\u00e9 annuel (portant \u00e0 35 apr\u00e8s 5 ans de service) PLUS jours f\u00e9ri\u00e9s et jours f\u00e9ri\u00e9s.<\/li>\n\n\n\n<li>R\u00e9gime d&#039;indemnit\u00e9s de maladie de l&#039;entreprise.<\/li>\n\n\n\n<li>R\u00e9gime de retraite en milieu de travail.<\/li>\n\n\n\n<li>Primes de maternit\u00e9, d&#039;adoption et de paternit\u00e9 am\u00e9lior\u00e9es.<\/li>\n\n\n\n<li>Programme d&#039;aide aux employ\u00e9s.<\/li>\n\n\n\n<li>Assurance-vie (indemnit\u00e9 de d\u00e9c\u00e8s en service).<\/li>\n\n\n\n<li>Excellentes opportunit\u00e9s de formation et de d\u00e9veloppement.<\/li>\n\n\n\n<li>Les options d&#039;\u00e9quilibre entre vie professionnelle et vie priv\u00e9e peuvent inclure des horaires flexibles, le partage d&#039;emploi, le travail \u00e0 domicile et le temps partiel.<\/li>\n\n\n\n<li>Bureau moderne surplombant le front de mer de la baie de Cardiff, \u00e0 5 minutes \u00e0 pied de la gare.<\/li>\n<\/ul>\n\n\n\n<p><\/p>\n\n\n\n<h2 class=\"wp-block-heading has-brand-two-color has-text-color\" id=\"what-makes-bawso-different\"><strong>Qu&#039;est-ce qui rend Bawso diff\u00e9rent?<\/strong><\/h2>\n\n\n\n<p>Bawso est une organisation dirig\u00e9e par BME qui fournit un soutien pratique et \u00e9motionnel aux victimes BME de violence domestique, de violence sexuelle, de traite des \u00eatres humains, de mutilation g\u00e9nitale f\u00e9minine et de mariage forc\u00e9 au Pays de Galles depuis plus de 25 ans. Nos programmes contribuent \u00e0 la pr\u00e9vention de la violence faite aux femmes. Chaque ann\u00e9e, \u00e0 travers nos services de protection et d&#039;accompagnement, nous avons accompagn\u00e9 plus de 6 000 adultes et enfants et d\u00e9velopp\u00e9 des initiatives pour contrer la revictimisation. Nous avons la t\u00e2che continue de collecter des fonds afin de maintenir ouverte notre offre de services de crise pour les communaut\u00e9s.<\/p>\n\n\n\n<p>Chez Bawso, nous veillons \u00e0 ce que la voix du survivant soit int\u00e9gr\u00e9e dans nos activit\u00e9s et services que nous fournissons. Nos utilisateurs de services sont pleinement impliqu\u00e9s dans toutes les facettes de la vie de Bawso. Par exemple, si une personne est h\u00e9berg\u00e9e dans un refuge, elle a un r\u00f4le \u00e0 jouer dans sa gestion et dans l&#039;accompagnement des autres r\u00e9sidents. Ils sont en outre consult\u00e9s sur le d\u00e9veloppement des services. Certains des survivants sont membres du comit\u00e9 de recrutement, b\u00e9n\u00e9voles ou employ\u00e9s r\u00e9mun\u00e9r\u00e9s tandis que d&#039;autres si\u00e8gent au conseil apr\u00e8s avoir quitt\u00e9 le service de Bawso.<\/p>\n\n\n\n<h2 class=\"wp-block-heading has-brand-two-color has-text-color\" id=\"our-placement-opportunities\"><strong>Nos opportunit\u00e9s de placement&nbsp;<\/strong><\/h2>\n\n\n\n<p>Nous proposons des stages non r\u00e9mun\u00e9r\u00e9s pour les \u00e9tudiants universitaires de deuxi\u00e8me et troisi\u00e8me ann\u00e9e.<\/p>\n\n\n\n<p>Nous accueillons les candidatures de toutes les sections de la communaut\u00e9 que nous servons et reconnaissons la valeur que la diversit\u00e9 ajoute \u00e0 notre travail et \u00e0 notre organisation.<\/p>\n\n\n\n<div style=\"height:68px\" aria-hidden=\"true\" class=\"wp-block-spacer\"><\/div>\n\n\n\n<p>Si vous avez des questions, vous pouvez contacter notre \u00e9quipe de recrutement au&nbsp;<a href=\"mailto:recruitment@bawso.org.uk\">recrutement@bawso.org.uk<\/a><\/p>\n\n\n\n<p><\/p>\n\n\n\n<p><\/p>","protected":false},"excerpt":{"rendered":"<p>Vous recherchez un emploi enrichissant\u00a0? Rejoignez-nous\u00a0! Notre mission est d\u2019\u00eatre le principal fournisseur et d\u00e9fenseur de services sp\u00e9cialis\u00e9s pour les communaut\u00e9s BME victimes de maltraitance, [\u2026]<\/p>","protected":false},"author":1,"featured_media":0,"parent":0,"menu_order":11,"comment_status":"closed","ping_status":"closed","template":"","meta":{"_acf_changed":false,"_seopress_robots_primary_cat":"","_seopress_titles_title":"Bawso | Job Vacancies","_seopress_titles_desc":"Join the Bawso Team. If you believe in our vision of a future when all people in Wales are free from abuse, violence and exploitation, we want to hear from you.","_seopress_robots_index":"","footnotes":""},"class_list":["post-457","page","type-page","status-publish","hentry"],"acf":[],"publishpress_future_action":{"enabled":false,"date":"2026-06-16 12:10:56","action":"category-add","newStatus":"draft","terms":[],"taxonomy":"","extraData":[]},"publishpress_future_workflow_manual_trigger":{"enabledWorkflows":[]},"_links":{"self":[{"href":"https:\/\/bawso.org.uk\/fr_be\/wp-json\/wp\/v2\/pages\/457","targetHints":{"allow":["GET"]}}],"collection":[{"href":"https:\/\/bawso.org.uk\/fr_be\/wp-json\/wp\/v2\/pages"}],"about":[{"href":"https:\/\/bawso.org.uk\/fr_be\/wp-json\/wp\/v2\/types\/page"}],"author":[{"embeddable":true,"href":"https:\/\/bawso.org.uk\/fr_be\/wp-json\/wp\/v2\/users\/1"}],"replies":[{"embeddable":true,"href":"https:\/\/bawso.org.uk\/fr_be\/wp-json\/wp\/v2\/comments?post=457"}],"version-history":[{"count":55,"href":"https:\/\/bawso.org.uk\/fr_be\/wp-json\/wp\/v2\/pages\/457\/revisions"}],"predecessor-version":[{"id":5086,"href":"https:\/\/bawso.org.uk\/fr_be\/wp-json\/wp\/v2\/pages\/457\/revisions\/5086"}],"wp:attachment":[{"href":"https:\/\/bawso.org.uk\/fr_be\/wp-json\/wp\/v2\/media?parent=457"}],"curies":[{"name":"wp","href":"https:\/\/api.w.org\/{rel}","templated":true}]}}