{"id":454,"date":"2022-03-14T14:20:38","date_gmt":"2022-03-14T14:20:38","guid":{"rendered":"https:\/\/bawso.org.uk\/?post_type=services&#038;p=454"},"modified":"2022-09-17T14:01:27","modified_gmt":"2022-09-17T13:01:27","slug":"language-services","status":"publish","type":"page","link":"https:\/\/bawso.org.uk\/fr_be\/language-services\/","title":{"rendered":"Services linguistiques"},"content":{"rendered":"<h2 class=\"text-x-large is-style-text-xx-large has-brand-two-color has-text-color wp-block-heading\" id=\"we-believe-that-everyone-deserves-to-be-safe-treated-equally-and-have-a-voice\"><strong>Traduction et interpr\u00e9tation professionnelles<\/strong><\/h2>\n\n\n\n<p class=\"is-style-text-x-large\"><strong>Bawso dispose d&#039;un service d&#039;interpr\u00e9tation et de traduction d\u00e9di\u00e9 \u00e0 l&#039;appui de son programme de travail \u00e0 travers le Pays de Galles, qui est \u00e9galement disponible pour des organismes ext\u00e9rieurs.<\/strong><\/p>\n\n\n\n<p class=\"is-style-default\">Cela couvre plus de 90 langues avec des interpr\u00e8tes et des traducteurs couramment et accr\u00e9dit\u00e9s, qualifi\u00e9s pour fournir des services aux personnes vuln\u00e9rables et aux professionnels de l&#039;accompagnement. Les services sont offerts en personne, en ligne ou par t\u00e9l\u00e9phone.<\/p>\n\n\n\n<p class=\"is-style-text-x-large\">Pour entrer en contact et r\u00e9server un interpr\u00e8te, <strong>appelez le 02920 644633<\/strong>.<\/p>","protected":false},"excerpt":{"rendered":"<p>Professional Translation and Interpretation Bawso has a dedicated Interpretation and Translation Service in support of its programme of work across Wales, which is also available to outside bodies. This covers [&hellip;]<\/p>\n","protected":false},"author":1,"featured_media":0,"parent":0,"menu_order":7,"comment_status":"open","ping_status":"closed","template":"","meta":{"_acf_changed":false,"_seopress_robots_primary_cat":"","_seopress_titles_title":"","_seopress_titles_desc":"","_seopress_robots_index":"","footnotes":""},"class_list":["post-454","page","type-page","status-publish","hentry"],"acf":[],"publishpress_future_action":{"enabled":false,"date":"2026-07-06 13:30:58","action":"category-add","newStatus":"draft","terms":[],"taxonomy":"","extraData":[]},"publishpress_future_workflow_manual_trigger":{"enabledWorkflows":[]},"_links":{"self":[{"href":"https:\/\/bawso.org.uk\/fr_be\/wp-json\/wp\/v2\/pages\/454","targetHints":{"allow":["GET"]}}],"collection":[{"href":"https:\/\/bawso.org.uk\/fr_be\/wp-json\/wp\/v2\/pages"}],"about":[{"href":"https:\/\/bawso.org.uk\/fr_be\/wp-json\/wp\/v2\/types\/page"}],"author":[{"embeddable":true,"href":"https:\/\/bawso.org.uk\/fr_be\/wp-json\/wp\/v2\/users\/1"}],"replies":[{"embeddable":true,"href":"https:\/\/bawso.org.uk\/fr_be\/wp-json\/wp\/v2\/comments?post=454"}],"version-history":[{"count":7,"href":"https:\/\/bawso.org.uk\/fr_be\/wp-json\/wp\/v2\/pages\/454\/revisions"}],"predecessor-version":[{"id":1682,"href":"https:\/\/bawso.org.uk\/fr_be\/wp-json\/wp\/v2\/pages\/454\/revisions\/1682"}],"wp:attachment":[{"href":"https:\/\/bawso.org.uk\/fr_be\/wp-json\/wp\/v2\/media?parent=454"}],"curies":[{"name":"wp","href":"https:\/\/api.w.org\/{rel}","templated":true}]}}