{"id":4082,"date":"2024-08-28T11:06:31","date_gmt":"2024-08-28T10:06:31","guid":{"rendered":"https:\/\/bawso.org.uk\/?page_id=4082"},"modified":"2024-08-28T11:06:31","modified_gmt":"2024-08-28T10:06:31","slug":"linking-communities-in-africa-to-address-fgm","status":"publish","type":"page","link":"https:\/\/bawso.org.uk\/fr_be\/linking-communities-in-africa-to-address-fgm\/","title":{"rendered":"Rassembler les communaut\u00e9s en Afrique pour lutter contre les MGF\u00a0"},"content":{"rendered":"<p>Les mutilations g\u00e9nitales f\u00e9minines (MGF) sont tr\u00e8s pratiqu\u00e9es dans l\u2019est de l\u2019Ouganda, en particulier dans la r\u00e9gion de Sebei et parmi les Pokots d\u2019Amudat, le district voisin de la r\u00e9gion de Karamoja, o\u00f9 de nombreuses jeunes filles sont contraintes \u00e0 cette pratique dangereuse.&nbsp;<\/p>\n\n\n\n<p>On pense qu&#039;il s&#039;agit d&#039;un rite de passage qui permet \u00e0 une jeune fille de devenir une femme. Cependant, ce processus est tr\u00e8s douloureux et peut entra\u00eener de graves complications de sant\u00e9, des infections, des saignements, voire la mort.&nbsp;<\/p>\n\n\n\n<p>Selon les rapports, plus de 501 filles de Sebei et d&#039;Amudat subissent des mutilations g\u00e9nitales f\u00e9minines, certaines \u00e9tant contraintes \u00e0 cette pratique d\u00e8s l&#039;\u00e2ge tr\u00e8s tendre de dix ans.&nbsp;<\/p>\n\n\n\n<p>Cette pratique est toujours pratiqu\u00e9e dans des conditions insalubres, ce qui augmente le risque d&#039;infection et d&#039;autres probl\u00e8mes de sant\u00e9. Malgr\u00e9 la r\u00e9sistance de certains membres de la communaut\u00e9 qui la consid\u00e8rent comme une tradition culturelle importante, le projet d&#039;autonomisation de la communaut\u00e9 du Grand Sebei d\u00e9ploie de nombreux efforts pour collaborer avec les agents de sant\u00e9, les militants locaux et les autorit\u00e9s gouvernementales, ainsi qu&#039;avec les institutions telles que les \u00e9coles et les \u00e9glises, afin de mettre fin \u00e0 l&#039;excision.&nbsp;<\/p>\n\n\n\n<p>Le projet Greater Sebei Community Empowerment Project travaille en partenariat avec la Christian Partners Development Agency (CDPA) bas\u00e9e au Kenya, pour partager leurs exp\u00e9riences sur la mani\u00e8re dont elles peuvent mettre fin \u00e0 cette pratique en utilisant les approches ci-dessous. La CPDA a plus de 30 ans d&#039;exp\u00e9rience dans la d\u00e9fense des jeunes filles et des femmes, dans la lutte contre la violence sexiste qui comprend les MGF, les mariages pr\u00e9coces, la violence domestique, la violence sexuelle, le viol et l&#039;inceste au Kenya. Les deux organisations travaillent dans des domaines similaires de violence contre les femmes et les filles et leurs exp\u00e9riences individuelles contribuent \u00e0 r\u00e9duire les taux de MGF dans la r\u00e9gion de Sebei de 50% dans les dix prochaines ann\u00e9es.\u00a0<\/p>\n\n\n\n<ul class=\"wp-block-list\">\n<li>Sensibilisation continue porte \u00e0 porte&nbsp;<\/li>\n\n\n\n<li>Sensibilisation continue aux points chauds des MGF<\/li>\n\n\n\n<li>Introduction de d\u00e9bats scolaires pour les deux sexes afin de discuter de l&#039;impact des MGF sur leurs victimes&nbsp;<\/li>\n\n\n\n<li>Sensibilisation de la communaut\u00e9 par le biais de roadshows&nbsp;<\/li>\n\n\n\n<li>Utiliser les \u00e9missions de radio communautaires locales, tant au niveau local que national, pour parler des MGF&nbsp;<\/li>\n\n\n\n<li>Recrutement d&#039;ambassadeurs anti-MGF dans la communaut\u00e9 et les \u00e9coles&nbsp;&nbsp;<\/li>\n\n\n\n<li>Reconnaissance des ambassadeurs anti-MGF. Les b\u00e9n\u00e9voles sont form\u00e9s et dot\u00e9s des outils n\u00e9cessaires pour sensibiliser leurs communaut\u00e9s aux MGF. Ils obtiennent leur dipl\u00f4me avec un niveau de r\u00e9ussite standard<\/li>\n\n\n\n<li>Organiser r\u00e9guli\u00e8rement un dialogue communautaire pour maintenir vivant le message anti-MGF<\/li>\n<\/ul>\n\n\n\n<div style=\"height:49px\" aria-hidden=\"true\" class=\"wp-block-spacer\"><\/div>\n\n\n\n<div class=\"wp-block-media-text is-stacked-on-mobile\"><figure class=\"wp-block-media-text__media\"><img loading=\"lazy\" decoding=\"async\" width=\"262\" height=\"245\" src=\"https:\/\/bawso.org.uk\/wp-content\/uploads\/2024\/08\/Picture2.png\" alt=\"\" class=\"wp-image-4085 size-full\" srcset=\"https:\/\/bawso.org.uk\/wp-content\/uploads\/2024\/08\/Picture2.png 262w, https:\/\/bawso.org.uk\/wp-content\/uploads\/2024\/08\/Picture2-13x12.png 13w\" sizes=\"auto, (max-width: 262px) 100vw, 262px\" \/><\/figure><div class=\"wp-block-media-text__content\">\n<p><strong><em>La PDG de CDPA, Mme Alice Kirambi, en s\u00e9ance avec<\/em><\/strong> <strong><em>Survivantes des MGF\/FISTULES.<\/em><\/strong><\/p>\n<\/div><\/div>\n\n\n\n<div class=\"wp-block-media-text has-media-on-the-right is-stacked-on-mobile\"><div class=\"wp-block-media-text__content\">\n<p><strong><em>\u00a0Ann de CDPA anime une session \u00e0 l&#039;\u00e9cole secondaire sup\u00e9rieure de Kapkwata<\/em><\/strong><\/p>\n<\/div><figure class=\"wp-block-media-text__media\"><img loading=\"lazy\" decoding=\"async\" width=\"664\" height=\"460\" src=\"https:\/\/bawso.org.uk\/wp-content\/uploads\/2024\/08\/Picture3.png\" alt=\"\" class=\"wp-image-4086 size-full\" srcset=\"https:\/\/bawso.org.uk\/wp-content\/uploads\/2024\/08\/Picture3.png 664w, https:\/\/bawso.org.uk\/wp-content\/uploads\/2024\/08\/Picture3-300x208.png 300w, https:\/\/bawso.org.uk\/wp-content\/uploads\/2024\/08\/Picture3-18x12.png 18w\" sizes=\"auto, (max-width: 664px) 100vw, 664px\" \/><\/figure><\/div>","protected":false},"excerpt":{"rendered":"<p>Female Genital Mutilation (FGM) is highly practiced in eastern part of Uganda, particularly the Sebei region and among the Pokots in Amudat the neighboring District of the Karamoja region where [&hellip;]<\/p>","protected":false},"author":6,"featured_media":0,"parent":0,"menu_order":0,"comment_status":"closed","ping_status":"closed","template":"","meta":{"_acf_changed":false,"_seopress_robots_primary_cat":"","_seopress_titles_title":"","_seopress_titles_desc":"","_seopress_robots_index":"","footnotes":""},"class_list":["post-4082","page","type-page","status-publish","hentry"],"acf":[],"publishpress_future_action":{"enabled":false,"date":"2026-06-16 12:13:21","action":"category-add","newStatus":"draft","terms":[],"taxonomy":"","extraData":[]},"publishpress_future_workflow_manual_trigger":{"enabledWorkflows":[]},"_links":{"self":[{"href":"https:\/\/bawso.org.uk\/fr_be\/wp-json\/wp\/v2\/pages\/4082","targetHints":{"allow":["GET"]}}],"collection":[{"href":"https:\/\/bawso.org.uk\/fr_be\/wp-json\/wp\/v2\/pages"}],"about":[{"href":"https:\/\/bawso.org.uk\/fr_be\/wp-json\/wp\/v2\/types\/page"}],"author":[{"embeddable":true,"href":"https:\/\/bawso.org.uk\/fr_be\/wp-json\/wp\/v2\/users\/6"}],"replies":[{"embeddable":true,"href":"https:\/\/bawso.org.uk\/fr_be\/wp-json\/wp\/v2\/comments?post=4082"}],"version-history":[{"count":2,"href":"https:\/\/bawso.org.uk\/fr_be\/wp-json\/wp\/v2\/pages\/4082\/revisions"}],"predecessor-version":[{"id":4088,"href":"https:\/\/bawso.org.uk\/fr_be\/wp-json\/wp\/v2\/pages\/4082\/revisions\/4088"}],"wp:attachment":[{"href":"https:\/\/bawso.org.uk\/fr_be\/wp-json\/wp\/v2\/media?parent=4082"}],"curies":[{"name":"wp","href":"https:\/\/api.w.org\/{rel}","templated":true}]}}