{"id":3983,"date":"2024-07-10T11:01:52","date_gmt":"2024-07-10T10:01:52","guid":{"rendered":"https:\/\/bawso.org.uk\/?page_id=3983"},"modified":"2024-07-10T11:01:52","modified_gmt":"2024-07-10T10:01:52","slug":"bawso-sebei-fgm-project-update","status":"publish","type":"page","link":"https:\/\/bawso.org.uk\/fr_be\/bawso-sebei-fgm-project-update\/","title":{"rendered":"Bawso \u2013 MISE \u00c0 JOUR du projet Sebei FGM\u00a0!\u00a0"},"content":{"rendered":"<p>Nous sommes ravis d&#039;annoncer que le projet d&#039;autonomisation du Grand Sebei a lanc\u00e9 les travaux pr\u00e9paratoires en Ouganda. L&#039;objectif de ce projet est de voir une r\u00e9duction de la violence contre les femmes et les filles (VAWG), qui inclut les MGF, le changement d&#039;attitude et la confiance n\u00e9cessaire pour contester les pratiques culturelles n\u00e9fastes.\u00a0\u00a0<\/p>\n\n\n\n<h2 class=\"wp-block-heading\"><strong>Principales r\u00e9alisations<\/strong>\u00a0<\/h2>\n\n\n\n<p>15 a\u00een\u00e9s de la communaut\u00e9, hommes et femmes, ont assist\u00e9 au casting de la vision, o\u00f9 ils ont re\u00e7u la vision du projet et les strat\u00e9gies visant \u00e0 \u00e9liminer les MGF dans le cadre de notre approche communautaire d&#039;adh\u00e9sion.\u00a0<\/p>\n\n\n\n<figure class=\"wp-block-gallery has-nested-images columns-default is-cropped wp-block-gallery-1 is-layout-flex wp-block-gallery-is-layout-flex\">\n<figure class=\"wp-block-image size-large\"><img loading=\"lazy\" decoding=\"async\" width=\"339\" height=\"452\" data-id=\"3986\" src=\"https:\/\/bawso.org.uk\/wp-content\/uploads\/2024\/07\/Bawso-\u2013-Sebei-FGM-Project-UPDATE-Picture-2.jpg\" alt=\"\" class=\"wp-image-3986\" srcset=\"https:\/\/bawso.org.uk\/wp-content\/uploads\/2024\/07\/Bawso-\u2013-Sebei-FGM-Project-UPDATE-Picture-2.jpg 339w, https:\/\/bawso.org.uk\/wp-content\/uploads\/2024\/07\/Bawso-\u2013-Sebei-FGM-Project-UPDATE-Picture-2-225x300.jpg 225w, https:\/\/bawso.org.uk\/wp-content\/uploads\/2024\/07\/Bawso-\u2013-Sebei-FGM-Project-UPDATE-Picture-2-9x12.jpg 9w\" sizes=\"auto, (max-width: 339px) 100vw, 339px\" \/><\/figure>\n\n\n\n<figure class=\"wp-block-image size-large\"><img loading=\"lazy\" decoding=\"async\" width=\"259\" height=\"194\" data-id=\"3987\" src=\"https:\/\/bawso.org.uk\/wp-content\/uploads\/2024\/07\/Bawso-\u2013-Sebei-FGM-Project-UPDATE-Picture-1.png\" alt=\"\" class=\"wp-image-3987\" srcset=\"https:\/\/bawso.org.uk\/wp-content\/uploads\/2024\/07\/Bawso-\u2013-Sebei-FGM-Project-UPDATE-Picture-1.png 259w, https:\/\/bawso.org.uk\/wp-content\/uploads\/2024\/07\/Bawso-\u2013-Sebei-FGM-Project-UPDATE-Picture-1-16x12.png 16w\" sizes=\"auto, (max-width: 259px) 100vw, 259px\" \/><\/figure>\n<\/figure>\n\n\n\n<p>\u00a0A\u00een\u00e9s participant au casting de vision Benfred \u2013 l&#039;un des membres de l&#039;\u00e9quipe du projet MGF, engageant les a\u00een\u00e9s dans des discussions sur les alternatives aux MGF.<\/p>\n\n\n\n<div class=\"wp-block-media-text is-stacked-on-mobile\"><figure class=\"wp-block-media-text__media\"><img loading=\"lazy\" decoding=\"async\" width=\"609\" height=\"456\" src=\"https:\/\/bawso.org.uk\/wp-content\/uploads\/2024\/07\/Bawso-\u2013-Sebei-FGM-Project-UPDATE-Picture-3.jpg\" alt=\"\" class=\"wp-image-3988 size-full\" srcset=\"https:\/\/bawso.org.uk\/wp-content\/uploads\/2024\/07\/Bawso-\u2013-Sebei-FGM-Project-UPDATE-Picture-3.jpg 609w, https:\/\/bawso.org.uk\/wp-content\/uploads\/2024\/07\/Bawso-\u2013-Sebei-FGM-Project-UPDATE-Picture-3-300x225.jpg 300w, https:\/\/bawso.org.uk\/wp-content\/uploads\/2024\/07\/Bawso-\u2013-Sebei-FGM-Project-UPDATE-Picture-3-16x12.jpg 16w\" sizes=\"auto, (max-width: 609px) 100vw, 609px\" \/><\/figure><div class=\"wp-block-media-text__content\">\n<p>20 enseignants de trois \u00e9coles diff\u00e9rentes ont suivi la formation. Le projet d&#039;autonomisation du Grand Sebei vise \u00e0 travailler avec les \u00e9coles et \u00e0 proposer des s\u00e9ances aux enfants. Cela a \u00e9t\u00e9 bien accueilli par les directeurs d\u2019\u00e9cole et les enseignants.<\/p>\n<\/div><\/div>\n\n\n\n<div class=\"wp-block-media-text has-media-on-the-right is-stacked-on-mobile\"><div class=\"wp-block-media-text__content\">\n<p>L&#039;\u00e9quipe a rencontr\u00e9 40 \u00e9l\u00e8ves du secondaire pour discuter des MGF, donnant ainsi aux jeunes les outils n\u00e9cessaires pour identifier tr\u00e8s t\u00f4t les pr\u00e9occupations concernant la maltraitance des enfants et les VFFF.<\/p>\n<\/div><figure class=\"wp-block-media-text__media\"><img loading=\"lazy\" decoding=\"async\" width=\"256\" height=\"192\" src=\"https:\/\/bawso.org.uk\/wp-content\/uploads\/2024\/07\/Bawso-\u2013-Sebei-FGM-Project-UPDATE-Picture-4.jpg\" alt=\"\" class=\"wp-image-3989 size-full\" srcset=\"https:\/\/bawso.org.uk\/wp-content\/uploads\/2024\/07\/Bawso-\u2013-Sebei-FGM-Project-UPDATE-Picture-4.jpg 256w, https:\/\/bawso.org.uk\/wp-content\/uploads\/2024\/07\/Bawso-\u2013-Sebei-FGM-Project-UPDATE-Picture-4-16x12.jpg 16w\" sizes=\"auto, (max-width: 256px) 100vw, 256px\" \/><\/figure><\/div>\n\n\n\n<div class=\"wp-block-media-text is-stacked-on-mobile\"><figure class=\"wp-block-media-text__media\"><img loading=\"lazy\" decoding=\"async\" width=\"258\" height=\"117\" src=\"https:\/\/bawso.org.uk\/wp-content\/uploads\/2024\/07\/Bawso-\u2013-Sebei-FGM-Project-UPDATE-Picture-5.png\" alt=\"\" class=\"wp-image-3990 size-full\" srcset=\"https:\/\/bawso.org.uk\/wp-content\/uploads\/2024\/07\/Bawso-\u2013-Sebei-FGM-Project-UPDATE-Picture-5.png 258w, https:\/\/bawso.org.uk\/wp-content\/uploads\/2024\/07\/Bawso-\u2013-Sebei-FGM-Project-UPDATE-Picture-5-18x8.png 18w\" sizes=\"auto, (max-width: 258px) 100vw, 258px\" \/><\/figure><div class=\"wp-block-media-text__content\">\n<p>30 personnes sur 40 ont re\u00e7u une formation sur les comp\u00e9tences de vie et les effets n\u00e9fastes des MGF.<\/p>\n\n\n\n<p>Winnie, la formatrice du projet qui anime une session de formation.<\/p>\n<\/div><\/div>\n\n\n\n<p>Il s\u2019agit d\u2019un projet passionnant pour la communaut\u00e9 Sebei, dans l\u2019est de l\u2019Ouganda, qui a d\u00e9j\u00e0 suscit\u00e9 beaucoup d\u2019int\u00e9r\u00eat parmi tous les groupes d\u2019\u00e2ge.<\/p>\n\n\n\n<p>Suivez Bawso sur les r\u00e9seaux sociaux et sur le site Web pour plus de mises \u00e0 jour en provenance de l&#039;Ouganda.<\/p>","protected":false},"excerpt":{"rendered":"<p>We are delighted to announce that Greater Sebei Empowerment Project has started the groundwork in Uganda. The aim of this project is to see a reduction in violence against women [&hellip;]<\/p>\n","protected":false},"author":6,"featured_media":0,"parent":0,"menu_order":0,"comment_status":"closed","ping_status":"closed","template":"","meta":{"_acf_changed":false,"_seopress_robots_primary_cat":"","_seopress_titles_title":"","_seopress_titles_desc":"","_seopress_robots_index":"","footnotes":""},"class_list":["post-3983","page","type-page","status-publish","hentry"],"acf":[],"publishpress_future_action":{"enabled":false,"date":"2026-07-06 13:40:35","action":"category-add","newStatus":"draft","terms":[],"taxonomy":"","extraData":[]},"publishpress_future_workflow_manual_trigger":{"enabledWorkflows":[]},"_links":{"self":[{"href":"https:\/\/bawso.org.uk\/fr_be\/wp-json\/wp\/v2\/pages\/3983","targetHints":{"allow":["GET"]}}],"collection":[{"href":"https:\/\/bawso.org.uk\/fr_be\/wp-json\/wp\/v2\/pages"}],"about":[{"href":"https:\/\/bawso.org.uk\/fr_be\/wp-json\/wp\/v2\/types\/page"}],"author":[{"embeddable":true,"href":"https:\/\/bawso.org.uk\/fr_be\/wp-json\/wp\/v2\/users\/6"}],"replies":[{"embeddable":true,"href":"https:\/\/bawso.org.uk\/fr_be\/wp-json\/wp\/v2\/comments?post=3983"}],"version-history":[{"count":1,"href":"https:\/\/bawso.org.uk\/fr_be\/wp-json\/wp\/v2\/pages\/3983\/revisions"}],"predecessor-version":[{"id":3991,"href":"https:\/\/bawso.org.uk\/fr_be\/wp-json\/wp\/v2\/pages\/3983\/revisions\/3991"}],"wp:attachment":[{"href":"https:\/\/bawso.org.uk\/fr_be\/wp-json\/wp\/v2\/media?parent=3983"}],"curies":[{"name":"wp","href":"https:\/\/api.w.org\/{rel}","templated":true}]}}