{"id":3974,"date":"2024-07-10T10:17:09","date_gmt":"2024-07-10T09:17:09","guid":{"rendered":"https:\/\/bawso.org.uk\/?page_id=3974"},"modified":"2024-09-23T14:21:57","modified_gmt":"2024-09-23T13:21:57","slug":"bawso-sebei-project","status":"publish","type":"page","link":"https:\/\/bawso.org.uk\/fr_be\/bawso-sebei-project\/","title":{"rendered":"Projet Bawso \u2013 Sebei"},"content":{"rendered":"<figure class=\"wp-block-image size-large\"><img loading=\"lazy\" decoding=\"async\" width=\"1024\" height=\"585\" src=\"https:\/\/bawso.org.uk\/wp-content\/uploads\/2024\/03\/Website-Wordpress-Feature-Image-1100-x-628-px-3-1024x585.png\" alt=\"\" class=\"wp-image-3632\"\/><\/figure>\n\n\n\n<p>Nous sommes ravis d&#039;annoncer un nouveau projet qui est un partenariat entre le Pays de Galles et l&#039;Ouganda. Nous avons re\u00e7u un financement du gouvernement gallois administr\u00e9 par le Wales Council for Voluntary Action (WCVA) dans le cadre du programme Wales for Africa, pour travailler avec le Sebei Community Empowerment Project en Ouganda afin de lutter contre la pratique des MGF.<\/p>\n\n\n\n<figure class=\"wp-block-image size-full is-resized\"><img loading=\"lazy\" decoding=\"async\" width=\"691\" height=\"300\" src=\"https:\/\/bawso.org.uk\/wp-content\/uploads\/2024\/03\/WA_Colour-removebg-preview-e1710238776667.png\" alt=\"\" class=\"wp-image-3619\" style=\"width:839px;height:auto\" srcset=\"https:\/\/bawso.org.uk\/wp-content\/uploads\/2024\/03\/WA_Colour-removebg-preview-e1710238776667.png 691w, https:\/\/bawso.org.uk\/wp-content\/uploads\/2024\/03\/WA_Colour-removebg-preview-e1710238776667-300x130.png 300w, https:\/\/bawso.org.uk\/wp-content\/uploads\/2024\/03\/WA_Colour-removebg-preview-e1710238776667-18x8.png 18w\" sizes=\"auto, (max-width: 691px) 100vw, 691px\" \/><\/figure>\n\n\n\n<p>Le projet vise \u00e0 contribuer \u00e0 l&#039;\u00e9limination des MGF dans la r\u00e9gion de Sebei, \u00e0 l&#039;est de l&#039;Ouganda, \u00e0 travers l&#039;\u00e9ducation et la sensibilisation communautaires. Les avantages comprennent la cr\u00e9ation d\u2019une \u00e9quipe de d\u00e9fenseurs communautaires qui comprend des \u00e9coles, des sages-femmes form\u00e9es de mani\u00e8re traditionnelle (accoucheuses traditionnelles) et des leaders d\u2019opinion qui dirigeront le projet et g\u00e9reront les r\u00e9sultats.<\/p>\n\n\n\n<p>Le r\u00e9sultat global du projet est une r\u00e9duction de la violence \u00e0 l&#039;\u00e9gard des femmes et des filles (VAWG), qui inclut les MGF, le changement d&#039;attitude et la confiance n\u00e9cessaire pour contester les pratiques culturelles n\u00e9fastes. L&#039;impact \u00e0 long terme est de r\u00e9aliser une r\u00e9duction des MGF dans la r\u00e9gion de Sebei de 551 TP3T d&#039;ici 10 ans.<\/p>\n\n\n\n<p>Le projet contribuera \u00e0 la loi de 2015 sur le bien-\u00eatre des g\u00e9n\u00e9rations futures en dotant les enseignants du Pays de Galles d&#039;informations et de connaissances pour identifier les filles expos\u00e9es au risque de MGF et r\u00e9soudre les probl\u00e8mes de protection des jeunes filles BME. Cela renforcera \u00e9galement le r\u00f4le de Bawso dans la fourniture de services \u00e0 travers le Pays de Galles pour soutenir les femmes des communaut\u00e9s BME et cr\u00e9era des opportunit\u00e9s d&#039;apprentissage entre le Pays de Galles et l&#039;Ouganda.<\/p>\n\n\n\n<hr class=\"wp-block-separator has-alpha-channel-opacity\"\/>\n\n\n\n<p>\u00ab Je suis ravi d&#039;annoncer que Bawso a obtenu un financement par le biais du programme Pays de Galles et Afrique du gouvernement gallois, permettant aux organisations du Pays de Galles de se lancer dans des projets align\u00e9s sur les objectifs de d\u00e9veloppement durable des Nations Unies. Cette collaboration est sur le point d\u2019apporter des avantages substantiels au Pays de Galles et \u00e0 l\u2019Afrique.<br>&nbsp;<br>Notre initiative r\u00e9volutionnaire, le projet Bawso-Sebei, devrait avoir un impact significatif sur l&#039;\u00e9radication des mutilations g\u00e9nitales f\u00e9minines (MGF) dans la r\u00e9gion de Sebei en Ouganda. Gr\u00e2ce \u00e0 des partenariats strat\u00e9giques avec des groupes communautaires locaux et des \u00e9coles, nous visons \u00e0 atteindre une r\u00e9duction remarquable des MGF au cours de la prochaine d\u00e9cennie.<br>&nbsp;<br>Ensemble, nous nous engageons \u00e0 favoriser un changement positif et \u00e0 contribuer \u00e0 un monde plus s\u00fbr et plus \u00e9quitable. \u00bb\u2013 Tina Fahm,&nbsp;<em>PDG de Bawso<\/em>.<\/p>\n\n\n\n<h2 class=\"wp-block-heading\"><strong>Rencontrez l&#039;\u00e9quipe travaillant sur le projet Bawso-Sebei en Ouganda&nbsp;<\/strong><\/h2>\n\n\n\n<p>Nous sommes ravis de travailler avec l\u2019\u00e9quipe du projet d\u2019autonomisation communautaire de Sebei pour assurer l\u2019\u00e9limination des MGF dans la r\u00e9gion de Sebei.\u00a0<\/p>\n\n\n\n<div class=\"wp-block-columns is-layout-flex wp-container-core-columns-is-layout-9d6595d7 wp-block-columns-is-layout-flex\">\n<div class=\"wp-block-column is-layout-flow wp-block-column-is-layout-flow\">\n<div class=\"wp-block-media-text is-stacked-on-mobile\" style=\"grid-template-columns:46% auto\"><figure class=\"wp-block-media-text__media\"><img loading=\"lazy\" decoding=\"async\" width=\"216\" height=\"288\" src=\"https:\/\/bawso.org.uk\/wp-content\/uploads\/2024\/08\/Sokuton-1.jpg\" alt=\"\" class=\"wp-image-4075 size-full\" srcset=\"https:\/\/bawso.org.uk\/wp-content\/uploads\/2024\/08\/Sokuton-1.jpg 216w, https:\/\/bawso.org.uk\/wp-content\/uploads\/2024\/08\/Sokuton-1-9x12.jpg 9w\" sizes=\"auto, (max-width: 216px) 100vw, 216px\" \/><\/figure><div class=\"wp-block-media-text__content\">\n<p class=\"has-small-font-size\">Sokuton Samuel, Chef de projet<\/p>\n\n\n\n<p class=\"has-small-font-size\">Autonomisation de la communaut\u00e9 du Grand Sebei, Ouganda<\/p>\n<\/div><\/div>\n<\/div>\n\n\n\n<div class=\"wp-block-column is-layout-flow wp-block-column-is-layout-flow\">\n<div class=\"wp-block-media-text is-stacked-on-mobile\"><figure class=\"wp-block-media-text__media\"><img loading=\"lazy\" decoding=\"async\" width=\"247\" height=\"329\" src=\"https:\/\/bawso.org.uk\/wp-content\/uploads\/2024\/08\/Picture2.jpg\" alt=\"\" class=\"wp-image-4076 size-full\" srcset=\"https:\/\/bawso.org.uk\/wp-content\/uploads\/2024\/08\/Picture2.jpg 247w, https:\/\/bawso.org.uk\/wp-content\/uploads\/2024\/08\/Picture2-225x300.jpg 225w, https:\/\/bawso.org.uk\/wp-content\/uploads\/2024\/08\/Picture2-9x12.jpg 9w\" sizes=\"auto, (max-width: 247px) 100vw, 247px\" \/><\/figure><div class=\"wp-block-media-text__content\">\n<p class=\"has-small-font-size\">Nyadoi Winfred, formatrice de projet<\/p>\n\n\n\n<p class=\"has-small-font-size\">Autonomisation de la communaut\u00e9 du Grand Sebei, Ouganda<\/p>\n<\/div><\/div>\n<\/div>\n\n\n\n<div class=\"wp-block-column is-layout-flow wp-block-column-is-layout-flow\">\n<div class=\"wp-block-media-text is-stacked-on-mobile\"><figure class=\"wp-block-media-text__media\"><img loading=\"lazy\" decoding=\"async\" width=\"225\" height=\"300\" src=\"https:\/\/bawso.org.uk\/wp-content\/uploads\/2024\/08\/Picture3.jpg\" alt=\"\" class=\"wp-image-4077 size-full\" srcset=\"https:\/\/bawso.org.uk\/wp-content\/uploads\/2024\/08\/Picture3.jpg 225w, https:\/\/bawso.org.uk\/wp-content\/uploads\/2024\/08\/Picture3-9x12.jpg 9w\" sizes=\"auto, (max-width: 225px) 100vw, 225px\" \/><\/figure><div class=\"wp-block-media-text__content\">\n<p class=\"has-small-font-size\">Twietuk Benfred, Responsable de la sensibilisation et de la prise de conscience communautaire   <\/p>\n\n\n\n<p class=\"has-small-font-size\">                         <\/p>\n<\/div><\/div>\n<\/div>\n<\/div>\n\n\n\n<p class=\"is-style-text-large has-medium-font-size\"><strong>Connecter les communaut\u00e9s en Afrique subsaharienne<\/strong><\/p>\n\n\n\n<p>Apr\u00e8s avoir travaill\u00e9 avec succ\u00e8s avec nos partenaires au Kenya, The Christian Partners Development Agency, pour sensibiliser la communaut\u00e9 \u00e0 la violence contre les femmes et les filles, nous avons cr\u00e9\u00e9 un partenariat entre notre \u00e9quipe en Ouganda et au Kenya pour travailler ensemble afin de nous soutenir et d&#039;apprendre les uns des autres en connectant les deux communaut\u00e9s. Cela impliquera de voyager entre les deux communaut\u00e9s, de nouer des relations et de partager les meilleures pratiques. Nous sommes tr\u00e8s heureux de voir les fruits de ce partenariat.<\/p>\n\n\n\n<div class=\"wp-block-columns is-layout-flex wp-container-core-columns-is-layout-9d6595d7 wp-block-columns-is-layout-flex\">\n<div class=\"wp-block-column is-layout-flow wp-block-column-is-layout-flow\">\n<div class=\"wp-block-media-text is-stacked-on-mobile\"><figure class=\"wp-block-media-text__media\"><img loading=\"lazy\" decoding=\"async\" width=\"307\" height=\"409\" src=\"https:\/\/bawso.org.uk\/wp-content\/uploads\/2024\/08\/Picture4.jpg\" alt=\"\" class=\"wp-image-4078 size-full\" srcset=\"https:\/\/bawso.org.uk\/wp-content\/uploads\/2024\/08\/Picture4.jpg 307w, https:\/\/bawso.org.uk\/wp-content\/uploads\/2024\/08\/Picture4-225x300.jpg 225w, https:\/\/bawso.org.uk\/wp-content\/uploads\/2024\/08\/Picture4-9x12.jpg 9w\" sizes=\"auto, (max-width: 307px) 100vw, 307px\" \/><\/figure><div class=\"wp-block-media-text__content\">\n<p class=\"has-small-font-size\">Alice Kirambi, directrice g\u00e9n\u00e9rale<\/p>\n\n\n\n<p class=\"has-small-font-size\">Agence de d\u00e9veloppement des partenaires chr\u00e9tiens, Kenya<\/p>\n<\/div><\/div>\n<\/div>\n\n\n\n<div class=\"wp-block-column is-layout-flow wp-block-column-is-layout-flow\">\n<div class=\"wp-block-media-text is-stacked-on-mobile\"><figure class=\"wp-block-media-text__media\"><img loading=\"lazy\" decoding=\"async\" width=\"320\" height=\"427\" src=\"https:\/\/bawso.org.uk\/wp-content\/uploads\/2024\/08\/Picture5.jpg\" alt=\"\" class=\"wp-image-4079 size-full\" srcset=\"https:\/\/bawso.org.uk\/wp-content\/uploads\/2024\/08\/Picture5.jpg 320w, https:\/\/bawso.org.uk\/wp-content\/uploads\/2024\/08\/Picture5-225x300.jpg 225w, https:\/\/bawso.org.uk\/wp-content\/uploads\/2024\/08\/Picture5-9x12.jpg 9w\" sizes=\"auto, (max-width: 320px) 100vw, 320px\" \/><\/figure><div class=\"wp-block-media-text__content\">\n<p class=\"has-small-font-size\">Anne Savai, Coordinatrice du projet&nbsp;<\/p>\n\n\n\n<p class=\"has-small-font-size\">Agence de d\u00e9veloppement des partenaires chr\u00e9tiens, Kenya<\/p>\n<\/div><\/div>\n<\/div>\n\n\n\n<div class=\"wp-block-column is-layout-flow wp-block-column-is-layout-flow\">\n<div class=\"wp-block-media-text is-stacked-on-mobile\"><figure class=\"wp-block-media-text__media\"><img loading=\"lazy\" decoding=\"async\" width=\"321\" height=\"497\" src=\"https:\/\/bawso.org.uk\/wp-content\/uploads\/2024\/08\/Picture6.png\" alt=\"\" class=\"wp-image-4080 size-full\" srcset=\"https:\/\/bawso.org.uk\/wp-content\/uploads\/2024\/08\/Picture6.png 321w, https:\/\/bawso.org.uk\/wp-content\/uploads\/2024\/08\/Picture6-194x300.png 194w, https:\/\/bawso.org.uk\/wp-content\/uploads\/2024\/08\/Picture6-8x12.png 8w\" sizes=\"auto, (max-width: 321px) 100vw, 321px\" \/><\/figure><div class=\"wp-block-media-text__content\">\n<p class=\"has-small-font-size\">Rooda Ahmed, coordinateur du projet<\/p>\n\n\n\n<p class=\"has-small-font-size\">Bawso Womens Aid, Pays de Galles, Royaume-Uni<\/p>\n\n\n\n<details class=\"wp-block-details is-layout-flow wp-block-details-is-layout-flow\"><summary><strong>Mon r\u00f4le<\/strong><\/summary>\n<p>est de superviser le projet en Ouganda et de travailler en \u00e9troite collaboration avec l&#039;\u00e9quipe sur le terrain pour atteindre les r\u00e9sultats du projet. Ici au Pays de Galles, mon r\u00f4le consiste \u00e9galement \u00e0 coordonner la branche galloise du projet, qui consiste notamment \u00e0 travailler avec les \u00e9coles, les b\u00e9n\u00e9voles et les communaut\u00e9s pour coordonner les activit\u00e9s qui permettront d&#039;accro\u00eetre les connaissances sur les MGF parmi les b\u00e9n\u00e9ficiaires. Une partie de mon r\u00f4le consiste \u00e0 \u00e9tablir des r\u00e9seaux et \u00e0 assurer la liaison avec les partenaires pour d\u00e9velopper et entretenir des liens avec les communaut\u00e9s et les organisations ici et en Afrique.<\/p>\n<\/details>\n<\/div><\/div>\n<\/div>\n<\/div>\n\n\n\n<h2 class=\"wp-block-heading\">D\u00e9pliants d&#039;information sur les mutilations g\u00e9nitales f\u00e9minines <\/h2>\n\n\n\n<p>La cr\u00e9ation de brochures d\u2019information sur les MGF a plusieurs objectifs importants. Tout d\u2019abord, il s\u2019agit de sensibiliser et d\u2019informer le public, ainsi que les communaut\u00e9s sp\u00e9cifiques \u00e0 risque, sur ce qu\u2019est la MGF, ses types, sa pr\u00e9valence et les graves risques pour la sant\u00e9 et les violations des droits de l\u2019homme qui y sont associ\u00e9s.&nbsp;&nbsp;                               <\/p>\n\n\n\n<p>Deuxi\u00e8mement, la brochure d&#039;information vise \u00e9galement \u00e0 donner aux jeunes filles et aux femmes les moyens de se prot\u00e9ger et de r\u00e9sister aux pressions les incitant \u00e0 subir des MGF. C&#039;est \u00e9galement l&#039;occasion d&#039;\u00e9duquer d&#039;autres communaut\u00e9s sur les diff\u00e9rentes formes de violence contre les femmes et les filles, parmi lesquelles les MGF.&nbsp;&nbsp;<\/p>\n\n\n\n<p>Cela renforce le cadre juridique du Royaume-Uni entourant les MGF et ses implications. Il informe les communaut\u00e9s sur le statut juridique des MGF dans leur pays, y compris les lois qui interdisent cette pratique et les sanctions impos\u00e9es \u00e0 ceux qui les pratiquent ou les facilitent.&nbsp;&nbsp;<\/p>\n\n\n\n<p>La brochure d&#039;information propose diff\u00e9rents services de soutien disponibles pour les survivantes des MGF et des ressources g\u00e9n\u00e9rales qui fournissent des informations compl\u00e9mentaires. Dans l\u2019ensemble, les brochures sur les MGF jouent un r\u00f4le crucial dans l\u2019effort mondial visant \u00e0 \u00e9radiquer cette pratique et \u00e0 soutenir les communaut\u00e9s touch\u00e9es.&nbsp;&nbsp;<\/p>\n\n\n\n<figure class=\"wp-block-image size-large\"><a href=\"https:\/\/bawso.org.uk\/wp-content\/uploads\/2024\/07\/202407-Bawso-FGM-Awareness-leaflet.pdf.png\"><img loading=\"lazy\" decoding=\"async\" width=\"1024\" height=\"307\" src=\"https:\/\/bawso.org.uk\/wp-content\/uploads\/2024\/07\/202407-Bawso-FGM-Awareness-leaflet.pdf-1024x307.png\" alt=\"\" class=\"wp-image-4013\" srcset=\"https:\/\/bawso.org.uk\/wp-content\/uploads\/2024\/07\/202407-Bawso-FGM-Awareness-leaflet.pdf-1024x307.png 1024w, https:\/\/bawso.org.uk\/wp-content\/uploads\/2024\/07\/202407-Bawso-FGM-Awareness-leaflet.pdf-300x90.png 300w, https:\/\/bawso.org.uk\/wp-content\/uploads\/2024\/07\/202407-Bawso-FGM-Awareness-leaflet.pdf-768x230.png 768w, https:\/\/bawso.org.uk\/wp-content\/uploads\/2024\/07\/202407-Bawso-FGM-Awareness-leaflet.pdf-1536x460.png 1536w, https:\/\/bawso.org.uk\/wp-content\/uploads\/2024\/07\/202407-Bawso-FGM-Awareness-leaflet.pdf-18x5.png 18w, https:\/\/bawso.org.uk\/wp-content\/uploads\/2024\/07\/202407-Bawso-FGM-Awareness-leaflet.pdf.png 2000w\" sizes=\"auto, (max-width: 1024px) 100vw, 1024px\" \/><\/a><\/figure>\n\n\n\n<figure class=\"wp-block-image size-large\"><a href=\"https:\/\/bawso.org.uk\/wp-content\/uploads\/2024\/07\/202407-Bawso-FGM-Awareness-leaflet.pdf-1.png\"><img loading=\"lazy\" decoding=\"async\" width=\"1024\" height=\"307\" src=\"https:\/\/bawso.org.uk\/wp-content\/uploads\/2024\/07\/202407-Bawso-FGM-Awareness-leaflet.pdf-1-1024x307.png\" alt=\"\" class=\"wp-image-4016\" srcset=\"https:\/\/bawso.org.uk\/wp-content\/uploads\/2024\/07\/202407-Bawso-FGM-Awareness-leaflet.pdf-1-1024x307.png 1024w, https:\/\/bawso.org.uk\/wp-content\/uploads\/2024\/07\/202407-Bawso-FGM-Awareness-leaflet.pdf-1-300x90.png 300w, https:\/\/bawso.org.uk\/wp-content\/uploads\/2024\/07\/202407-Bawso-FGM-Awareness-leaflet.pdf-1-768x230.png 768w, https:\/\/bawso.org.uk\/wp-content\/uploads\/2024\/07\/202407-Bawso-FGM-Awareness-leaflet.pdf-1-1536x460.png 1536w, https:\/\/bawso.org.uk\/wp-content\/uploads\/2024\/07\/202407-Bawso-FGM-Awareness-leaflet.pdf-1-18x5.png 18w, https:\/\/bawso.org.uk\/wp-content\/uploads\/2024\/07\/202407-Bawso-FGM-Awareness-leaflet.pdf-1.png 2000w\" sizes=\"auto, (max-width: 1024px) 100vw, 1024px\" \/><\/a><\/figure>\n\n\n\n<h2 class=\"wp-block-heading has-brand-one-color has-text-color has-link-color wp-elements-f83db1f6d3b29a0d7a1c91e86e820ee8\"><a href=\"https:\/\/bawso.org.uk\/fr_be\/bawso-sebei-fgm-project-update\/\" data-type=\"page\" data-id=\"3983\">B<\/a><a href=\"https:\/\/bawso.org.uk\/fr_be\/bawso-sebei-fgm-project-update\/\" data-type=\"page\" data-id=\"3983\" target=\"_blank\" rel=\"noreferrer noopener\">awso \u2013 MISE \u00c0 JOUR du projet Sebei FGM\u00a0!&nbsp;<\/a><\/h2>\n\n\n\n<h2 class=\"wp-block-heading has-brand-one-color has-text-color has-link-color wp-elements-d5732e93419d15dd6160343a321ccb40\"><a href=\"https:\/\/bawso.org.uk\/fr_be\/linking-communities-in-africa-to-address-fgm\/\" data-type=\"page\" data-id=\"4082\">Rassembler les communaut\u00e9s en Afrique pour lutter contre les MGF<\/a><\/h2>","protected":false},"excerpt":{"rendered":"<p>We are delighted to announce a new project which is a partnership between Wales and Uganda. We have received funding from the Welsh government administered by Wales Council for Voluntary [&hellip;]<\/p>\n","protected":false},"author":6,"featured_media":3632,"parent":0,"menu_order":0,"comment_status":"closed","ping_status":"closed","template":"","meta":{"_acf_changed":false,"_seopress_robots_primary_cat":"","_seopress_titles_title":"","_seopress_titles_desc":"","_seopress_robots_index":"","footnotes":""},"class_list":["post-3974","page","type-page","status-publish","has-post-thumbnail","hentry"],"acf":[],"publishpress_future_action":{"enabled":false,"date":"2026-07-06 13:40:35","action":"category-add","newStatus":"draft","terms":[],"taxonomy":"","extraData":[]},"publishpress_future_workflow_manual_trigger":{"enabledWorkflows":[]},"_links":{"self":[{"href":"https:\/\/bawso.org.uk\/fr_be\/wp-json\/wp\/v2\/pages\/3974","targetHints":{"allow":["GET"]}}],"collection":[{"href":"https:\/\/bawso.org.uk\/fr_be\/wp-json\/wp\/v2\/pages"}],"about":[{"href":"https:\/\/bawso.org.uk\/fr_be\/wp-json\/wp\/v2\/types\/page"}],"author":[{"embeddable":true,"href":"https:\/\/bawso.org.uk\/fr_be\/wp-json\/wp\/v2\/users\/6"}],"replies":[{"embeddable":true,"href":"https:\/\/bawso.org.uk\/fr_be\/wp-json\/wp\/v2\/comments?post=3974"}],"version-history":[{"count":11,"href":"https:\/\/bawso.org.uk\/fr_be\/wp-json\/wp\/v2\/pages\/3974\/revisions"}],"predecessor-version":[{"id":4133,"href":"https:\/\/bawso.org.uk\/fr_be\/wp-json\/wp\/v2\/pages\/3974\/revisions\/4133"}],"wp:featuredmedia":[{"embeddable":true,"href":"https:\/\/bawso.org.uk\/fr_be\/wp-json\/wp\/v2\/media\/3632"}],"wp:attachment":[{"href":"https:\/\/bawso.org.uk\/fr_be\/wp-json\/wp\/v2\/media?parent=3974"}],"curies":[{"name":"wp","href":"https:\/\/api.w.org\/{rel}","templated":true}]}}