{"id":396,"date":"2022-03-10T11:49:44","date_gmt":"2022-03-10T11:49:44","guid":{"rendered":"https:\/\/bawso.org.uk\/?post_type=services&#038;p=396"},"modified":"2022-08-23T11:22:20","modified_gmt":"2022-08-23T10:22:20","slug":"raising-awareness-in-the-community","status":"publish","type":"page","link":"https:\/\/bawso.org.uk\/fr_be\/raising-awareness-in-the-community\/","title":{"rendered":"Sensibiliser la communaut\u00e9"},"content":{"rendered":"<p class=\"is-style-text-x-large\">Bawso organise des sessions de sensibilisation dans les communaut\u00e9s noires et minoritaires sur les pratiques culturelles et traditionnelles n\u00e9fastes. <\/p>\n\n\n\n<p class=\"is-style-default\">Ceux-ci sont fr\u00e9quent\u00e9s par des femmes et des filles, des hommes et des gar\u00e7ons, et abordent l&#039;impact et l&#039;injustice de pratiques telles que les mutilations g\u00e9nitales f\u00e9minines, la violence bas\u00e9e sur l&#039;honneur, la violence domestique et toutes les formes de brutalit\u00e9.<\/p>\n\n\n\n<p class=\"is-style-default\">Les sessions sont con\u00e7ues pour doter les communaut\u00e9s des connaissances et des informations dont elles ont besoin pour lutter contre les pratiques n\u00e9fastes et pour changer les attitudes qui permettent aux abus de se poursuivre et de ne pas \u00eatre signal\u00e9s.<\/p>\n\n\n\n<h3 class=\"wp-block-heading\">\u00catre impliqu\u00e9<\/h3>\n\n\n\n<p>Pour vous impliquer dans notre travail de pr\u00e9vention, veuillez nous envoyer un courriel au <a href=\"mailto:info@bawso.org.uk\" target=\"_blank\" rel=\"noreferrer noopener\">info@bawso.org.uk<\/a><\/p>","protected":false},"excerpt":{"rendered":"<p>Bawso delivers awareness sessions in black and minoritised communities on harmful cultural and traditional practices. These are attended by women and girls, men and boys, and broach the impact and [&hellip;]<\/p>\n","protected":false},"author":1,"featured_media":0,"parent":0,"menu_order":6,"comment_status":"open","ping_status":"closed","template":"","meta":{"_acf_changed":false,"_seopress_robots_primary_cat":"","_seopress_titles_title":"Bawso | Raising Awareness in the Community","_seopress_titles_desc":"Bawso works with Black and Ethnic Minority communities (BME) improving understanding of harmful cultural practices including violence against women and girls.","_seopress_robots_index":"","footnotes":""},"class_list":["post-396","page","type-page","status-publish","hentry"],"acf":[],"publishpress_future_action":{"enabled":false,"date":"2026-07-06 13:47:26","action":"category-add","newStatus":"draft","terms":[],"taxonomy":"","extraData":[]},"publishpress_future_workflow_manual_trigger":{"enabledWorkflows":[]},"_links":{"self":[{"href":"https:\/\/bawso.org.uk\/fr_be\/wp-json\/wp\/v2\/pages\/396","targetHints":{"allow":["GET"]}}],"collection":[{"href":"https:\/\/bawso.org.uk\/fr_be\/wp-json\/wp\/v2\/pages"}],"about":[{"href":"https:\/\/bawso.org.uk\/fr_be\/wp-json\/wp\/v2\/types\/page"}],"author":[{"embeddable":true,"href":"https:\/\/bawso.org.uk\/fr_be\/wp-json\/wp\/v2\/users\/1"}],"replies":[{"embeddable":true,"href":"https:\/\/bawso.org.uk\/fr_be\/wp-json\/wp\/v2\/comments?post=396"}],"version-history":[{"count":7,"href":"https:\/\/bawso.org.uk\/fr_be\/wp-json\/wp\/v2\/pages\/396\/revisions"}],"predecessor-version":[{"id":1658,"href":"https:\/\/bawso.org.uk\/fr_be\/wp-json\/wp\/v2\/pages\/396\/revisions\/1658"}],"wp:attachment":[{"href":"https:\/\/bawso.org.uk\/fr_be\/wp-json\/wp\/v2\/media?parent=396"}],"curies":[{"name":"wp","href":"https:\/\/api.w.org\/{rel}","templated":true}]}}