{"id":3896,"date":"2024-05-21T08:24:47","date_gmt":"2024-05-21T07:24:47","guid":{"rendered":"https:\/\/bawso.org.uk\/?page_id=3896"},"modified":"2025-01-07T15:56:41","modified_gmt":"2025-01-07T15:56:41","slug":"research-and-publications","status":"publish","type":"page","link":"https:\/\/bawso.org.uk\/fr_be\/research-and-publications\/","title":{"rendered":"Recherches et publications"},"content":{"rendered":"<p class=\"has-large-font-size\"><strong><em><strong>R\u00e9sultats du rapport de recherche de Bawso sur les mariages forc\u00e9s&nbsp;<\/strong>&nbsp;<\/em><\/strong><\/p>\n\n\n\n<p>Le mariage forc\u00e9 touche plus de 15,4 millions de personnes dans le monde, dont 88% sont des femmes et des filles. Cette pratique limite les choix de vie des femmes en dictant la personne qu&#039;elles doivent \u00e9pouser, les amis avec qui elles s&#039;associent et d&#039;autres choix de vie. Le mariage forc\u00e9 est une forme d\u2019abus contre les femmes et les filles et doit \u00eatre trait\u00e9 comme un crime.&nbsp;&nbsp;<\/p>\n\n\n\n<p>La lutte contre le mariage forc\u00e9 et les abus fond\u00e9s sur l\u2019honneur (HBA) qui sont souvent associ\u00e9s au mariage n\u00e9cessite une meilleure compr\u00e9hension de l\u2019ampleur de cette pratique et des facteurs qui y contribuent. En tant qu&#039;organisation qui soutient les victimes et survivants du mariage forc\u00e9 et du HBA, nous avons entrepris une \u00e9tude visant \u00e0 acqu\u00e9rir une compr\u00e9hension approfondie des id\u00e9ologies qui contribuent au mariage forc\u00e9 et au VHB. Cette \u00e9tude a \u00e9t\u00e9 r\u00e9alis\u00e9e \u00e0 partir de 2022 et achev\u00e9e en septembre 2023. Le rapport a \u00e9t\u00e9 lanc\u00e9 en octobre 2023 par la ministre de la Justice sociale et whip en chef, Jane Hutt (gouvernement gallois).&nbsp;&nbsp;<\/p>\n\n\n\n<p>L&#039;une des principales recommandations de l&#039;\u00e9tude \u00e9tait la n\u00e9cessit\u00e9 pour les agences de soutien de mettre en place un syst\u00e8me de soutien complet de bout en bout pour les survivants, depuis le moment o\u00f9 un incident a \u00e9t\u00e9 signal\u00e9 jusqu&#039;au moment o\u00f9 le survivant n&#039;a plus besoin de soutien direct, quelle que soit la situation. leur statut d&#039;immigration.&nbsp;&nbsp;&nbsp;<\/p>\n\n\n\n<p>Pour conna\u00eetre les conclusions et recommandations d\u00e9taill\u00e9es du rapport, suivez le lien ici vers le rapport complet et le lien vers un rapport de synth\u00e8se.&nbsp;&nbsp;<\/p>\n\n\n\n<iframe allowfullscreen=\"allowfullscreen\" scrolling=\"no\" class=\"fp-iframe\" src=\"https:\/\/heyzine.com\/flip-book\/6255fce0df.html\" style=\"border: 1px solid lightgray; width: 100%; height: 400px;\"><\/iframe>\n\n\n\n<div class=\"wp-block-file\"><a id=\"wp-block-file--media-9f7730c8-6cc1-4d03-a8db-1f9baeee7b79\" href=\"https:\/\/bawso.org.uk\/wp-content\/uploads\/2024\/05\/Bawso-Understanding-Forced-Marriage-Report.pdf\" target=\"_blank\" rel=\"noreferrer noopener\">Bawso-Comprendre-le-Mariage-Forc\u00e9-Rapport<\/a><a href=\"https:\/\/bawso.org.uk\/wp-content\/uploads\/2024\/05\/Bawso-Understanding-Forced-Marriage-Report.pdf\" class=\"wp-block-file__button wp-element-button\" download aria-describedby=\"wp-block-file--media-9f7730c8-6cc1-4d03-a8db-1f9baeee7b79\">T\u00e9l\u00e9charger<\/a><\/div>\n\n\n\n<p> <\/p>\n\n\n\n<h2 class=\"wp-block-heading\">Lancement du rapport de recherche sur les mariages forc\u00e9s de Bawso 19.10.23<\/h2>\n\n\n\n<figure class=\"wp-block-embed is-type-wp-embed is-provider-bawso wp-block-embed-bawso\"><div class=\"wp-block-embed__wrapper\">\n<blockquote class=\"wp-embedded-content\" data-secret=\"MafNx7rbM3\"><a href=\"https:\/\/bawso.org.uk\/fr_be\/2023\/10\/launch-of-bawso-forced-marriage-research-report\/\">Lancement du rapport de recherche Bawso sur les mariages forc\u00e9s<\/a><\/blockquote><iframe loading=\"lazy\" class=\"wp-embedded-content\" sandbox=\"allow-scripts\" security=\"restricted\" style=\"position: absolute; visibility: hidden;\" title=\"\u00abLancement du rapport de recherche sur les mariages forc\u00e9s de Bawso\u00bb \u2014 Bawso\" src=\"https:\/\/bawso.org.uk\/en\/2023\/10\/launch-of-bawso-forced-marriage-research-report\/embed\/#?secret=ICmyeXtCPh#?secret=MafNx7rbM3\" data-secret=\"MafNx7rbM3\" width=\"600\" height=\"338\" frameborder=\"0\" marginwidth=\"0\" marginheight=\"0\" scrolling=\"no\"><\/iframe>\n<\/div><\/figure>\n\n\n\n\n\n<div class=\"wp-block-file\"><a id=\"wp-block-file--media-9f7730c8-6cc1-4d03-a8db-1f9baeee7b79\" href=\"https:\/\/bawso.org.uk\/wp-content\/uploads\/2025\/01\/Understanding-Forced-Marriage_English-Welsh-October-2023-Summary-Report.pdf\" target=\"_blank\" rel=\"noreferrer noopener\">Comprendre le mariage forc\u00e9 - Rapport de synth\u00e8se anglais-gallois d&#039;octobre 2023<\/a><a href=\"https:\/\/bawso.org.uk\/wp-content\/uploads\/2025\/01\/Understanding-Forced-Marriage_English-Welsh-October-2023-Summary-Report.pdf\" class=\"wp-block-file__button wp-element-button\" download aria-describedby=\"wp-block-file--media-9f7730c8-6cc1-4d03-a8db-1f9baeee7b79\">T\u00e9l\u00e9charger<\/a><\/div>\n\n\n\n<hr class=\"wp-block-separator has-alpha-channel-opacity\"\/>\n\n\n\n<h2 class=\"wp-block-heading\">Rapport sur le co\u00fbt de la vie 2024<\/h2>\n\n\n\n<p>Le Royaume-Uni a connu une hausse de l\u2019inflation depuis la COVID-19, ce qui a des r\u00e9percussions sur la vie des personnes \u00e0 faibles revenus, vuln\u00e9rables et d\u00e9favoris\u00e9es. L\u2019inflation a fait grimper le co\u00fbt des biens essentiels tels que la nourriture et les articles de toilette, les transports, la garde d\u2019enfants et les vacances. Globalement, le taux de pauvret\u00e9 infantile de 28% au Pays de Galles devrait inqui\u00e9ter les d\u00e9cideurs politiques et le gouvernement. Cela signifie que les enfants se couchent sans suffisamment de nourriture et ne r\u00e9pondent pas aux besoins fondamentaux pour soutenir leur bien-\u00eatre et leur croissance.<\/p>\n\n\n\n<p>L\u2019insuffisance du revenu disponible augmente \u00e9galement le risque de violence et de rupture des relations, comme le souligne le rapport Bawso sur le co\u00fbt de la vie.&nbsp;<\/p>\n\n\n\n<iframe allowfullscreen=\"allowfullscreen\" scrolling=\"no\" class=\"fp-iframe\" src=\"https:\/\/heyzine.com\/flip-book\/a1208138a6.html\" style=\"border: 1px solid lightgray; width: 100%; height: 400px;\"><\/iframe>\n\n\n\n<div class=\"wp-block-file\"><a id=\"wp-block-file--media-9f7730c8-6cc1-4d03-a8db-1f9baeee7b79\" href=\"https:\/\/bawso.org.uk\/wp-content\/uploads\/2024\/10\/Cost-of-living-report-for-Bawso-August-2024.pdf\" target=\"_blank\" rel=\"noreferrer noopener\">Rapport sur le co\u00fbt de la vie \u00e0 Bawso, ao\u00fbt 2024<\/a><a href=\"https:\/\/bawso.org.uk\/wp-content\/uploads\/2024\/10\/Cost-of-living-report-for-Bawso-August-2024.pdf\" class=\"wp-block-file__button wp-element-button\" download aria-describedby=\"wp-block-file--media-9f7730c8-6cc1-4d03-a8db-1f9baeee7b79\">T\u00e9l\u00e9charger<\/a><\/div>\n\n\n\n<hr class=\"wp-block-separator has-alpha-channel-opacity\"\/>\n\n\n\n<h2 class=\"wp-block-heading\">Aucun recours aux fonds publics (NRPF) 2024<\/h2>\n\n\n\n<p>Le droit de ne pas recourir aux fonds publics (NRPF) est une condition d&#039;immigration impos\u00e9e aux visas des migrants par le gouvernement britannique. Cette condition s&#039;applique \u00e9galement aux femmes titulaires d&#039;un visa de conjoint et permet aux immigrants de s\u00e9journer au Royaume-Uni sans frais pour le public. Les victimes de violences conjugales b\u00e9n\u00e9ficiant du NRPF sont d\u00e9savantag\u00e9es et expos\u00e9es \u00e0 un risque accru de nouvelles violences. Les victimes ne sont pas \u00e9ligibles \u00e0 un h\u00e9bergement s\u00fbr fourni par les organismes de bienfaisance dans les refuges, car l&#039;h\u00e9bergement est fourni par des fonds publics. Elles ne peuvent pas non plus acc\u00e9der aux finances\/prestations sociales pour vivre.&nbsp;&nbsp;<\/p>\n\n\n\n<p>La note d&#039;orientation du Bawso NRPF (2024) fournit des informations sur la l\u00e9gislation actuelle du gouvernement gallois qui vise \u00e0 mettre fin au sans-abrisme au Pays de Galles et \u00e0 prot\u00e9ger les victimes de violences et de maltraitance domestiques.&nbsp;&nbsp;<\/p>\n\n\n\n<iframe allowfullscreen=\"allowfullscreen\" scrolling=\"no\" class=\"fp-iframe\" src=\"https:\/\/heyzine.com\/flip-book\/0e864d6e09.html\" style=\"border: 1px solid lightgray; width: 100%; height: 400px;\"><\/iframe>\n\n\n\n<div class=\"wp-block-file\"><a id=\"wp-block-file--media-9f7730c8-6cc1-4d03-a8db-1f9baeee7b79\" href=\"https:\/\/bawso.org.uk\/wp-content\/uploads\/2025\/01\/Bawso-NRPF-policy-brief-October-2024.pdf\" target=\"_blank\" rel=\"noreferrer noopener\">Bawso-NRPF-policy-brief-septembre-2024<\/a><a href=\"https:\/\/bawso.org.uk\/wp-content\/uploads\/2025\/01\/Bawso-NRPF-policy-brief-October-2024.pdf\" class=\"wp-block-file__button wp-element-button\" download aria-describedby=\"wp-block-file--media-9f7730c8-6cc1-4d03-a8db-1f9baeee7b79\">T\u00e9l\u00e9charger<\/a><\/div>","protected":false},"excerpt":{"rendered":"<p>Les conclusions du rapport de recherche de Bawso sur les mariages forc\u00e9s indiquent que ces derniers touchent plus de 15,4 millions de personnes dans le monde, dont 881 millions de femmes et de filles. Cette pratique limite les choix de vie des femmes et leur impose [\u2026]<\/p>","protected":false},"author":6,"featured_media":0,"parent":0,"menu_order":0,"comment_status":"closed","ping_status":"closed","template":"","meta":{"_acf_changed":false,"_seopress_robots_primary_cat":"","_seopress_titles_title":"","_seopress_titles_desc":"","_seopress_robots_index":"","footnotes":""},"class_list":["post-3896","page","type-page","status-publish","hentry"],"acf":[],"publishpress_future_action":{"enabled":false,"date":"2026-06-18 11:51:51","action":"category-add","newStatus":"draft","terms":[],"taxonomy":"","extraData":[]},"publishpress_future_workflow_manual_trigger":{"enabledWorkflows":[]},"_links":{"self":[{"href":"https:\/\/bawso.org.uk\/fr_be\/wp-json\/wp\/v2\/pages\/3896","targetHints":{"allow":["GET"]}}],"collection":[{"href":"https:\/\/bawso.org.uk\/fr_be\/wp-json\/wp\/v2\/pages"}],"about":[{"href":"https:\/\/bawso.org.uk\/fr_be\/wp-json\/wp\/v2\/types\/page"}],"author":[{"embeddable":true,"href":"https:\/\/bawso.org.uk\/fr_be\/wp-json\/wp\/v2\/users\/6"}],"replies":[{"embeddable":true,"href":"https:\/\/bawso.org.uk\/fr_be\/wp-json\/wp\/v2\/comments?post=3896"}],"version-history":[{"count":16,"href":"https:\/\/bawso.org.uk\/fr_be\/wp-json\/wp\/v2\/pages\/3896\/revisions"}],"predecessor-version":[{"id":4424,"href":"https:\/\/bawso.org.uk\/fr_be\/wp-json\/wp\/v2\/pages\/3896\/revisions\/4424"}],"wp:attachment":[{"href":"https:\/\/bawso.org.uk\/fr_be\/wp-json\/wp\/v2\/media?parent=3896"}],"curies":[{"name":"wp","href":"https:\/\/api.w.org\/{rel}","templated":true}]}}