{"id":311,"date":"2022-02-25T13:48:58","date_gmt":"2022-02-25T13:48:58","guid":{"rendered":"https:\/\/bawso.org.uk\/?page_id=311"},"modified":"2022-08-11T19:32:29","modified_gmt":"2022-08-11T18:32:29","slug":"about-us","status":"publish","type":"page","link":"https:\/\/bawso.org.uk\/fr_be\/about-us\/","title":{"rendered":"\u00c0 propos de nous"},"content":{"rendered":"<h2 class=\"wp-block-heading\"><strong>Qui nous sommes<\/strong><\/h2>\n\n\n\n<p class=\"has-medium-font-size\"><strong>Bawso a \u00e9t\u00e9 cr\u00e9\u00e9 en 1995 par un petit groupe de femmes noires et minoritaires \u00e0 Cardiff, qui s&#039;inqui\u00e9taient de la pertinence des services fournis aux victimes de violence domestique. Nous avons lou\u00e9 une salle avec un bureau, une chaise et un t\u00e9l\u00e9phone, et avons commenc\u00e9 \u00e0 sensibiliser les communaut\u00e9s noires et minoritaires, avec le gouvernement, les organes statutaires et les prestataires de services du troisi\u00e8me secteur.<\/strong><\/p>\n\n\n\n<p>Au fil des ans, Bawso a \u00e9t\u00e9 le pionnier du travail dans des domaines bien avant qu&#039;ils ne fassent l&#039;objet d&#039;un int\u00e9r\u00eat public g\u00e9n\u00e9ralis\u00e9 et d&#039;une l\u00e9gislation, notamment le mariage forc\u00e9 (MF), les mutilations g\u00e9nitales f\u00e9minines (MGF), la violence bas\u00e9e sur l&#039;honneur (VHB) et, plus r\u00e9cemment, l&#039;esclavage et la traite modernes. .<\/p>\n\n\n\n<p>Les services de Bawso s&#039;\u00e9tendent d\u00e9sormais \u00e0 travers le Pays de Galles, employant plus d&#039;une centaine de personnes form\u00e9es et exp\u00e9riment\u00e9es et de nombreux b\u00e9n\u00e9voles. Avec un chiffre d&#039;affaires de 4,6 millions de livres sterling par an, nous sommes financ\u00e9s par le gouvernement central de Westminster, le gouvernement d\u00e9centralis\u00e9 de la baie de Cardiff, les autorit\u00e9s locales, les commissaires \u00e0 la criminalit\u00e9 polici\u00e8re, d&#039;autres organismes statutaires, des fondations, des fiducies, des philanthropes et des activit\u00e9s de collecte de fonds communautaires.<\/p>\n\n\n\n<p>Bawso g\u00e8re des refuges sp\u00e9cialement con\u00e7us, des refuges, des guichets uniques, un soutien flottant pour les survivants de la communaut\u00e9 et des projets sp\u00e9cialis\u00e9s pour chaque domaine de violence et d&#039;exploitation des femmes et des filles, des hommes et des gar\u00e7ons. Nous soutenons plus de 6 000 personnes chaque ann\u00e9e et chaque ann\u00e9e, ce nombre augmente.<\/p>\n\n\n\n<p>Le travail sur le terrain est compl\u00e9t\u00e9 par une ligne d&#039;assistance t\u00e9l\u00e9phonique 24 heures sur 24, un d\u00e9partement de formation engag\u00e9 dans l&#039;am\u00e9lioration continue des services de Bawso et des comp\u00e9tences du personnel de Bawso, et la fourniture d&#039;une formation de sensibilisation aux agences ext\u00e9rieures, aux professionnels et aux praticiens, y compris la police, les m\u00e9decins g\u00e9n\u00e9ralistes , le personnel du NHS, les enseignants et les fonctionnaires. Bawso dispose \u00e9galement d&#039;un grand service d&#039;interpr\u00e9tation et de traduction d\u00e9di\u00e9 compos\u00e9 de travailleurs accr\u00e9dit\u00e9s.<\/p>\n\n\n\n<p>Bawso est dirig\u00e9 par un conseil d&#039;administration compos\u00e9 de femmes et d&#039;hommes noirs et minoritaires hautement accomplis et exp\u00e9riment\u00e9s des communaut\u00e9s qu&#039;ils desservent. Le personnel et les b\u00e9n\u00e9voles de Bawso sont \u00e9galement issus de communaut\u00e9s noires et minoritaires du Pays de Galles, ce qui leur donne une compr\u00e9hension unique des cultures, des religions et des langues des utilisateurs de services et de leurs communaut\u00e9s.<\/p>\n\n\n\n<h3 class=\"wp-block-heading\"><strong>NOTRE VISION<\/strong><\/h3>\n\n\n\n<p class=\"is-style-text-x-large has-medium-font-size\"><strong>Que tous les habitants du Pays de Galles vivent \u00e0 l&#039;abri des abus, de la violence et de l&#039;exploitation.<\/strong><\/p>\n\n\n\n<h3 class=\"wp-block-heading\"><strong>NOTRE MISSION<\/strong><\/h3>\n\n\n\n<p class=\"is-style-text-x-large has-medium-font-size\"><strong>D\u00e9fendre et fournir des services sp\u00e9cialis\u00e9s aux victimes noires et minoritaires d&#039;abus, de violence et d&#039;exploitation au Pays de Galles.<\/strong><\/p>\n\n\n\n<h3 class=\"wp-block-heading\"><strong>NOS VALEURS<\/strong><\/h3>\n\n\n\n<ul class=\"wp-block-list\"><li>Nous nous engageons \u00e0 travailler sans jugement avec une tol\u00e9rance z\u00e9ro \u00e0 l&#039;\u00e9gard des abus, de la violence et de l&#039;exploitation.<\/li><li>Nous adh\u00e9rons \u00e0 des normes de pratique professionnelles \u00e9lev\u00e9es, en \u00e9tant respectueux, empathiques, sensibles et honn\u00eates.<\/li><li>Nous maintenons l&#039;int\u00e9grit\u00e9, la transparence et la responsabilit\u00e9 dans tout ce que nous faisons.<\/li><li>Nous fournissons des services disponibles et facilement accessibles.<\/li><li>Nous sensibilisons \u00e0 toutes les formes d&#039;abus et de violence au sein des communaut\u00e9s noires et minoris\u00e9es, ainsi qu&#039;aupr\u00e8s du gouvernement et de la soci\u00e9t\u00e9 civile au Pays de Galles.<\/li><li>Nous d\u00e9fions toujours le racisme et toutes les formes d&#039;in\u00e9galit\u00e9, d&#039;injustice et de discrimination intersectionnelles.<\/li><\/ul>","protected":false},"excerpt":{"rendered":"<p>Who we are Bawso was established in 1995 by a small group of black and minoritised women in Cardiff, who were concerned about the appropriateness of services provided to victims [&hellip;]<\/p>\n","protected":false},"author":1,"featured_media":0,"parent":0,"menu_order":4,"comment_status":"closed","ping_status":"closed","template":"","meta":{"_acf_changed":false,"_seopress_robots_primary_cat":"","_seopress_titles_title":"Bawso | About Us","_seopress_titles_desc":"The lead organisation in Wales providing practical &amp; emotional support to black minority ethnic (BAME) and migrant victims of abuse, violence and exploitation.","_seopress_robots_index":"","footnotes":""},"class_list":["post-311","page","type-page","status-publish","hentry"],"acf":[],"publishpress_future_action":{"enabled":false,"date":"2026-07-06 13:41:30","action":"category-add","newStatus":"draft","terms":[],"taxonomy":"","extraData":[]},"publishpress_future_workflow_manual_trigger":{"enabledWorkflows":[]},"_links":{"self":[{"href":"https:\/\/bawso.org.uk\/fr_be\/wp-json\/wp\/v2\/pages\/311","targetHints":{"allow":["GET"]}}],"collection":[{"href":"https:\/\/bawso.org.uk\/fr_be\/wp-json\/wp\/v2\/pages"}],"about":[{"href":"https:\/\/bawso.org.uk\/fr_be\/wp-json\/wp\/v2\/types\/page"}],"author":[{"embeddable":true,"href":"https:\/\/bawso.org.uk\/fr_be\/wp-json\/wp\/v2\/users\/1"}],"replies":[{"embeddable":true,"href":"https:\/\/bawso.org.uk\/fr_be\/wp-json\/wp\/v2\/comments?post=311"}],"version-history":[{"count":9,"href":"https:\/\/bawso.org.uk\/fr_be\/wp-json\/wp\/v2\/pages\/311\/revisions"}],"predecessor-version":[{"id":1985,"href":"https:\/\/bawso.org.uk\/fr_be\/wp-json\/wp\/v2\/pages\/311\/revisions\/1985"}],"wp:attachment":[{"href":"https:\/\/bawso.org.uk\/fr_be\/wp-json\/wp\/v2\/media?parent=311"}],"curies":[{"name":"wp","href":"https:\/\/api.w.org\/{rel}","templated":true}]}}