{"id":4810,"date":"2025-09-16T10:58:11","date_gmt":"2025-09-16T09:58:11","guid":{"rendered":"https:\/\/bawso.org.uk\/?page_id=4810"},"modified":"2025-09-16T10:58:12","modified_gmt":"2025-09-16T09:58:12","slug":"bawso-service-user-engagement-august-2025","status":"publish","type":"page","link":"https:\/\/bawso.org.uk\/fr\/bawso-service-user-engagement-august-2025\/","title":{"rendered":"Engagement des utilisateurs du service Bawso \u2013 Ao\u00fbt 2025"},"content":{"rendered":"<p>Bawso continue d&#039;ancrer une philosophie participative au c\u0153ur de ses services, reconnaissant le r\u00f4le essentiel des personnes ayant une exp\u00e9rience v\u00e9cue dans la mise en place d&#039;un accompagnement efficace et r\u00e9actif. Nous nous engageons \u00e0 favoriser un changement durable et significatif en \u00e9coutant, en responsabilisant et en renfor\u00e7ant les capacit\u00e9s des usagers, actuels et anciens. Gr\u00e2ce \u00e0 cette approche, nous garantissons que nos services restent pertinents, inform\u00e9s et refl\u00e8tent les besoins et les exp\u00e9riences des communaut\u00e9s que nous servons.<\/p>\n\n\n\n<p>Ce rapport fournit un aper\u00e7u des principales activit\u00e9s d\u2019engagement des utilisateurs de services men\u00e9es au cours de la p\u00e9riode de rapport se terminant en ao\u00fbt 2025.<\/p>\n\n\n\n<p class=\"has-brand-one-background-color has-background\"><strong>1. Panel de surveillance des voix des survivants du gouvernement gallois<\/strong><\/p>\n\n\n\n<p>Bawso est fier de soutenir la participation de deux anciens usagers des services de sant\u00e9 qui si\u00e8gent au Comit\u00e9 d&#039;examen de la voix des survivants du gouvernement gallois. Ces personnes jouent un r\u00f4le crucial dans la repr\u00e9sentation des points de vue des survivantes de violences faites aux femmes, de violences conjugales et de violences sexuelles (VAWDASV), contribuant ainsi \u00e0 l&#039;\u00e9laboration et \u00e0 l&#039;examen des politiques et pratiques pertinentes.<\/p>\n\n\n\n<p>\u00b7 Un membre du panel est un ancien utilisateur de notre service de Swansea.<\/p>\n\n\n\n<p>\u00b7 Le deuxi\u00e8me repr\u00e9sentant avait auparavant eu recours \u00e0 l&#039;assistance via notre bureau de Newport.<\/p>\n\n\n\n<p>Leurs contributions refl\u00e8tent une voix forte et croissante des survivants dans les discussions politiques nationales, et nous continuons \u00e0 leur fournir un soutien continu pour garantir qu\u2019ils sont \u00e9quip\u00e9s et habilit\u00e9s \u00e0 participer efficacement.<\/p>\n\n\n\n<p class=\"has-brand-one-background-color has-background\"><strong>2. Recherche<\/strong><\/p>\n\n\n\n<p>En 2023, Bawso a coordonn\u00e9 des consultations aupr\u00e8s des usagers avec l&#039;Universit\u00e9 du Pays de Galles du Sud. Ces derniers souhaitaient participer \u00e0 un projet de recherche visant \u00e0 d\u00e9terminer comment les prestataires de services peuvent mieux comprendre leurs formes complexes et souvent redondantes de maltraitance, ainsi que le type de soutien appropri\u00e9 aux victimes. Cette consultation a abouti \u00e0 une proposition de recherche entre Bawso et l&#039;Universit\u00e9 du Pays de Galles du Sud, soumise \u00e0 Health and Care Research Wales.<\/p>\n\n\n\n<p>Titre de la recherche : \u00ab L&#039;\u00e9coute est une \u00e9tape importante : co-d\u00e9veloppement d&#039;un cadre multi-agences avec les femmes BME pour la violence contre les femmes, la violence domestique et la violence sexuelle.<\/p>\n\n\n\n<p>Le projet de recherche a d\u00e9but\u00e9 en octobre 2024 avec le recrutement et la planification du projet. Il explore la collaboration inter-organismes face aux besoins et aux exp\u00e9riences des femmes noires et issues de minorit\u00e9s ethniques victimes de violences faites aux femmes, de violences conjugales et de violences sexuelles. Ce cadre \u00e9clairera les modalit\u00e9s de collaboration optimales entre les organismes pour pr\u00e9venir, prot\u00e9ger et soutenir les femmes noires, issues de minorit\u00e9s ethniques et victimes de violences conjugales, de violences conjugales et de violences sexuelles. Le projet utilise diverses m\u00e9thodes, notamment une analyse documentaire, des entretiens et la co-cr\u00e9ation de r\u00e9cits num\u00e9riques (DS) avec les usagers des services, ainsi que des ateliers de co-\u00e9laboration de r\u00e9sultats.<\/p>\n\n\n\n<p>Le projet est soutenu par un groupe consultatif compos\u00e9 d&#039;utilisateurs des services Bawso et de professionnels d&#039;organismes cl\u00e9s. Ce groupe a pour r\u00f4le de soutenir la mise en \u0153uvre et l&#039;ex\u00e9cution du projet, notamment en mati\u00e8re d&#039;outils de collecte de donn\u00e9es, de recrutement, de retour d&#039;information sur les r\u00e9sultats, de co-\u00e9laboration des r\u00e9sultats et de diffusion. Le groupe consultatif se r\u00e9unit trimestriellement (en ligne et en pr\u00e9sentiel) tout au long du projet. Ces travaux seront achev\u00e9s en septembre 2026.<\/p>\n\n\n\n<p><strong>1. Progr\u00e8s de la recherche<\/strong><\/p>\n\n\n\n<ul class=\"wp-block-list\">\n<li>Deux chercheurs pairs ont \u00e9t\u00e9 recrut\u00e9s parmi les anciens usagers du service Bawso, soutenus par nos bureaux de Newport et de Cardiff. Cette recherche offre aux chercheurs pairs la possibilit\u00e9 de b\u00e9n\u00e9ficier d&#039;un transfert de comp\u00e9tences, en travaillant en \u00e9troite collaboration avec des chercheurs de l&#039;universit\u00e9. Ils ont \u00e9galement la possibilit\u00e9 de poursuivre une formation universitaire et de poursuivre une carri\u00e8re dans la recherche.<\/li>\n\n\n\n<li>Leurs r\u00f4les incluent la contribution \u00e0 tous les aspects de la recherche tels que la collecte de donn\u00e9es, l&#039;analyse, les r\u00e9unions du groupe consultatif, les ateliers et la production du cadre, des r\u00e9sultats acad\u00e9miques et des rapports.<\/li>\n<\/ul>\n\n\n\n<div style=\"height:12px\" aria-hidden=\"true\" class=\"wp-block-spacer\"><\/div>\n\n\n\n<p><strong>2. Membres du comit\u00e9 consultatif<\/strong><\/p>\n\n\n\n<p>organismes statutaires<\/p>\n\n\n\n<pre class=\"wp-block-preformatted\">1. Commissaire de police et de la criminalit\u00e9 du sud du Pays de Galles 2. Services sociaux du Pays de Galles 3. Service de conseil et de soutien aux tribunaux pour enfants et familles (CAFCASS) 4. Formatrices principales en sages-femmes (LME Group Wales) 5. Conseil de sant\u00e9 universitaire Aneurin Bevan (ABUHB) - Infirmi\u00e8re visiteuse 6. Conseil de sant\u00e9 universitaire Aneurin Bevan (ABUHB) - Sant\u00e9 de la population et \u00e9volution des entreprises\n<\/pre>\n\n\n\n<p><strong>Bawso<\/strong><\/p>\n\n\n\n<p>Le comit\u00e9 consultatif est compos\u00e9 de 9 utilisateurs actuels et anciens du service, recrut\u00e9s dans nos quatre r\u00e9gions du Pays de Galles.<\/p>\n\n\n\n<p class=\"has-brand-one-background-color has-background\"><strong>3. Mise \u00e0 jour de l&#039;activit\u00e9<\/strong><\/p>\n\n\n\n<ul class=\"wp-block-list\">\n<li>12 histoires num\u00e9riques ont \u00e9t\u00e9 cr\u00e9\u00e9es au cours de 2 ateliers de plusieurs jours dans le sud et le nord du Pays de Galles.<\/li>\n<\/ul>\n\n\n\n<p>o Les histoires partagent des exp\u00e9riences de ce qui a bien fonctionn\u00e9 pour les utilisateurs de services, des parcours vers la s\u00e9curit\u00e9 et le soutien, et des probl\u00e8mes qui sont importants pour eux.<\/p>\n\n\n\n<ul class=\"wp-block-list\">\n<li>\u00c0 ce jour, 23 entretiens en personne ont \u00e9t\u00e9 r\u00e9alis\u00e9s, et jusqu&#039;\u00e0 17 autres le seront d&#039;ici la mi-septembre. Ces entretiens ont eu lieu \u00e0 Cardiff, Newport, Wrexham et Swansea afin de couvrir les zones d&#039;intervention de Bawso. Les premi\u00e8res observations portent sur\u00a0:<\/li>\n<\/ul>\n\n\n\n<div style=\"height:11px\" aria-hidden=\"true\" class=\"wp-block-spacer\"><\/div>\n\n\n\n<p>    o Une gamme d\u2019exp\u00e9riences avec des services et des types de services.<br>    o Les utilisateurs du service acc\u00e8dent souvent au soutien par le biais de relations personnelles ou par hasard.<br>    o Les exp\u00e9riences ont tendance \u00e0 \u00eatre tr\u00e8s bonnes ou tr\u00e8s mauvaises \u2013 peu de preuves d\u2019un terrain d\u2019entente ou d\u2019exp\u00e9riences \u00ab bonnes\/satisfaisantes \u00bb.<br>   o Les utilisateurs de services sont frustr\u00e9s de devoir partager leurs histoires plusieurs fois avec chaque fournisseur de services.<br>   o La r\u00e9ponse globale varie consid\u00e9rablement en fonction de la personne qui a donn\u00e9 la premi\u00e8re r\u00e9ponse.<\/p>\n\n\n\n<ul class=\"wp-block-list\">\n<li>La synth\u00e8se des preuves qualitatives est en cours et 63 articles sont actuellement examin\u00e9s dans leur int\u00e9gralit\u00e9 pour en extraire des preuves contextuelles.<\/li>\n\n\n\n<li>Une r\u00e9union du groupe consultatif a eu lieu en ligne et une deuxi\u00e8me aura lieu en personne en octobre 2025.<\/li>\n\n\n\n<li>Un premier atelier de coproduction avec les usagers et les professionnels est \u00e9galement pr\u00e9vu en octobre 2025.<\/li>\n<\/ul>\n\n\n\n<p><\/p>\n\n\n\n<p>Personne de contact pour le projet de recherche :<\/p>\n\n\n\n<p>Nancy Lidubwi | Responsable des politiques et des affaires \u00a0<\/p>\n\n\n\n<p>E-mail: <a href=\"mailto:nancy@bawso.org.uk\">nancy@bawso.org.uk<\/a><\/p>\n\n\n\n<p>27<sup>e<\/sup> Ao\u00fbt 2025<\/p>\n\n\n\n<p><\/p>","protected":false},"excerpt":{"rendered":"<p>Bawso continues to embed a participatory ethos at the heart of its service delivery, recognising the vital role that individuals with lived experience play in shaping effective and responsive support. [&hellip;]<\/p>\n","protected":false},"author":6,"featured_media":0,"parent":0,"menu_order":0,"comment_status":"closed","ping_status":"closed","template":"","meta":{"_acf_changed":false,"_seopress_robots_primary_cat":"","_seopress_titles_title":"","_seopress_titles_desc":"","_seopress_robots_index":"","footnotes":""},"class_list":["post-4810","page","type-page","status-publish","hentry"],"acf":[],"publishpress_future_action":{"enabled":false,"date":"2026-07-06 11:40:35","action":"category-add","newStatus":"draft","terms":[],"taxonomy":"","extraData":[]},"publishpress_future_workflow_manual_trigger":{"enabledWorkflows":[]},"_links":{"self":[{"href":"https:\/\/bawso.org.uk\/fr\/wp-json\/wp\/v2\/pages\/4810","targetHints":{"allow":["GET"]}}],"collection":[{"href":"https:\/\/bawso.org.uk\/fr\/wp-json\/wp\/v2\/pages"}],"about":[{"href":"https:\/\/bawso.org.uk\/fr\/wp-json\/wp\/v2\/types\/page"}],"author":[{"embeddable":true,"href":"https:\/\/bawso.org.uk\/fr\/wp-json\/wp\/v2\/users\/6"}],"replies":[{"embeddable":true,"href":"https:\/\/bawso.org.uk\/fr\/wp-json\/wp\/v2\/comments?post=4810"}],"version-history":[{"count":10,"href":"https:\/\/bawso.org.uk\/fr\/wp-json\/wp\/v2\/pages\/4810\/revisions"}],"predecessor-version":[{"id":4823,"href":"https:\/\/bawso.org.uk\/fr\/wp-json\/wp\/v2\/pages\/4810\/revisions\/4823"}],"wp:attachment":[{"href":"https:\/\/bawso.org.uk\/fr\/wp-json\/wp\/v2\/media?parent=4810"}],"curies":[{"name":"wp","href":"https:\/\/api.w.org\/{rel}","templated":true}]}}