{"id":1535,"date":"2022-08-11T19:40:46","date_gmt":"2022-08-11T18:40:46","guid":{"rendered":"https:\/\/bawso.org.uk\/?page_id=1535"},"modified":"2022-08-12T12:54:53","modified_gmt":"2022-08-12T11:54:53","slug":"grants-team","status":"publish","type":"page","link":"https:\/\/bawso.org.uk\/fr\/grants-team\/","title":{"rendered":"\u00c9quipe des subventions"},"content":{"rendered":"<p class=\"is-style-text-x-large\">Bawso dispose d&#039;une \u00e9quipe de sp\u00e9cialistes des subventions ayant une expertise dans la gestion et l&#039;administration des subventions du Royaume-Uni et des organismes locaux aux groupes noirs et minoritaires au Pays de Galles.<\/p>\n\n\n\n<p class=\"is-style-default\">Cette capacit\u00e9 a \u00e9t\u00e9 d\u00e9velopp\u00e9e au cours des derni\u00e8res ann\u00e9es dans le cadre des programmes de subventions du Global Majority Fund fournis par Comic Relief.<\/p>\n\n\n\n<p class=\"is-style-default\">Bawso entretient des relations profondes et de longue date avec des groupes noirs et des dirigeants communautaires \u00e0 travers le Pays de Galles. Le conseil d&#039;administration, le personnel et les b\u00e9n\u00e9voles de Bawso sont issus de ces communaut\u00e9s, et Bawso a une capacit\u00e9 \u00e9prouv\u00e9e \u00e0 octroyer des subventions, ainsi qu&#039;\u00e0 soutenir et conseiller les bailleurs de fonds souhaitant op\u00e9rer au Pays de Galles. Il entreprend des recherches primaires dans ce domaine de travail.<\/p>","protected":false},"excerpt":{"rendered":"<p>Bawso has a specialist grants team with expertise in managing and administering grants from UK and local bodies to black and minoritised groups in Wales. This capability has been developed [&hellip;]<\/p>\n","protected":false},"author":1,"featured_media":0,"parent":0,"menu_order":3,"comment_status":"closed","ping_status":"closed","template":"","meta":{"_acf_changed":false,"_seopress_robots_primary_cat":"","_seopress_titles_title":"Bawso | Grants Team","_seopress_titles_desc":"Bawso has a specialist grants team with expertise in managing and administering grants from UK and local bodies to black and minoritised groups in Wales.","_seopress_robots_index":"","footnotes":""},"class_list":["post-1535","page","type-page","status-publish","hentry"],"acf":[],"publishpress_future_action":{"enabled":false,"date":"2026-07-08 15:21:25","action":"category-add","newStatus":"draft","terms":[],"taxonomy":"","extraData":[]},"publishpress_future_workflow_manual_trigger":{"enabledWorkflows":[]},"_links":{"self":[{"href":"https:\/\/bawso.org.uk\/fr\/wp-json\/wp\/v2\/pages\/1535","targetHints":{"allow":["GET"]}}],"collection":[{"href":"https:\/\/bawso.org.uk\/fr\/wp-json\/wp\/v2\/pages"}],"about":[{"href":"https:\/\/bawso.org.uk\/fr\/wp-json\/wp\/v2\/types\/page"}],"author":[{"embeddable":true,"href":"https:\/\/bawso.org.uk\/fr\/wp-json\/wp\/v2\/users\/1"}],"replies":[{"embeddable":true,"href":"https:\/\/bawso.org.uk\/fr\/wp-json\/wp\/v2\/comments?post=1535"}],"version-history":[{"count":3,"href":"https:\/\/bawso.org.uk\/fr\/wp-json\/wp\/v2\/pages\/1535\/revisions"}],"predecessor-version":[{"id":1562,"href":"https:\/\/bawso.org.uk\/fr\/wp-json\/wp\/v2\/pages\/1535\/revisions\/1562"}],"wp:attachment":[{"href":"https:\/\/bawso.org.uk\/fr\/wp-json\/wp\/v2\/media?parent=1535"}],"curies":[{"name":"wp","href":"https:\/\/api.w.org\/{rel}","templated":true}]}}