{"id":77,"date":"2021-11-30T13:46:45","date_gmt":"2021-11-30T13:46:45","guid":{"rendered":"https:\/\/bawso.org.uk\/?page_id=77"},"modified":"2025-11-19T10:26:37","modified_gmt":"2025-11-19T10:26:37","slug":"support-us","status":"publish","type":"page","link":"https:\/\/bawso.org.uk\/es\/support-us\/","title":{"rendered":"Apoyanos"},"content":{"rendered":"<h2 class=\"wp-block-heading\">Donar<\/h2>\n\n\n\n<p class=\"is-style-text-x-large\">Apoya a Bawso a trav\u00e9s de donaciones mensuales y regalos \u00fanicos.<\/p>\n\n\n\n<p class=\"is-style-default\">Sus donaciones marcar\u00e1n una gran diferencia y nos permitir\u00e1n defender y brindar servicios especializados a las v\u00edctimas negras y minoritarias de abuso, violencia y explotaci\u00f3n en Gales. Ya sea que configure una donaci\u00f3n mensual o un regalo \u00fanico, su donaci\u00f3n, sin importar cu\u00e1nto cambiar\u00e1 la vida de las mujeres que enfrentan abuso y explotaci\u00f3n en Gales. Ayudar\u00e1 a proporcionar un lugar de seguridad y refugio para las mujeres y apoyo adaptado a las necesidades individuales.<\/p>\n\n\n\n<div class=\"wp-block-buttons is-layout-flex wp-block-buttons-is-layout-flex\">\n<div class=\"wp-block-button is-style-primary-btn\"><a class=\"wp-block-button__link wp-element-button\" href=\"https:\/\/www.justgiving.com\/bawso\">Por favor, done hoy<\/a><\/div>\n<\/div>\n\n\n\n<div style=\"height:28px\" aria-hidden=\"true\" class=\"wp-block-spacer\"><\/div>\n\n\n\n<p class=\"is-style-default\">Si desea hacer una donaci\u00f3n en efectivo, cheque o transferencia bancaria, comun\u00edquese con uno de nuestro equipo en <a href=\"\/es\/tel\u00e9fono:02920 644 633\/\"><strong>02920 644 633<\/strong><\/a> o correo electr\u00f3nico <a href=\"mailto:info@bawso.org.uk\" target=\"_blank\" rel=\"noreferrer noopener\">info@bawso.org.uk<\/a>. Gracias.<\/p>\n\n\n\n<div style=\"height:28px\" aria-hidden=\"true\" class=\"wp-block-spacer\"><\/div>\n\n\n\n<h2 class=\"wp-block-heading\">Hazte miembro de Bawso <\/h2>\n\n\n\n<p>La membres\u00eda anual de Bawso se extiende desde el 1 de enero hasta el 31 de diciembre de cada a\u00f1o. Si se inscribe a mitad de a\u00f1o, prorrateamos la tarifa. <\/p>\n\n\n\n<p><strong>Beneficios para todos los miembros: <\/strong><\/p>\n\n\n\n<ul class=\"wp-block-list\">\n<li>Descuento en cursos de Formaci\u00f3n Bawso<\/li>\n\n\n\n<li>Acceso a las sesiones de sensibilizaci\u00f3n sobre la Violencia contra las Mujeres<\/li>\n\n\n\n<li>Alertas por correo electr\u00f3nico de nuestros Empleos, Noticias, Eventos y Capacitaciones<\/li>\n\n\n\n<li>Acceso a voluntarios \/ voluntariado<\/li>\n\n\n\n<li>Participaci\u00f3n en iniciativas de recaudaci\u00f3n de fondos.<\/li>\n\n\n\n<li>Campa\u00f1as de violencia contra las mujeres<\/li>\n<\/ul>\n\n\n\n<p><strong>Beneficios adicionales para seguidores individuales: <\/strong><\/p>\n\n\n\n<ul class=\"wp-block-list\">\n<li>Acceso a la formaci\u00f3n de capacidades<\/li>\n\n\n\n<li>Facilitar talleres y hablar en eventos.<\/li>\n\n\n\n<li>Derechos de voto en nuestra Asamblea General Anual<\/li>\n<\/ul>\n\n\n\n<p><strong>Beneficios adicionales para organizaciones: <\/strong><\/p>\n\n\n\n<ul class=\"wp-block-list\">\n<li>Promoci\u00f3n gratuita de tus ofertas de empleo<\/li>\n<\/ul>\n\n\n\n<p>Tras una revisi\u00f3n de nuestro esquema de membres\u00eda en 2018, Bawso ahora ofrece la siguiente categor\u00eda de membres\u00edas:<\/p>\n\n\n\n<div class=\"wp-block-columns alignwide is-layout-flex wp-container-core-columns-is-layout-829b1d53 wp-block-columns-is-layout-flex\" style=\"margin-bottom:0\">\n<div class=\"wp-block-column is-vertically-aligned-top has-brand-seven-background-color has-text-color has-background has-link-color wp-elements-5bea72c41901201a2af98d370fd96f4f is-layout-flow wp-block-column-is-layout-flow\" style=\"color:#000000;padding-top:2em;padding-right:2em;padding-bottom:2em;padding-left:2em\">\n<h2 class=\"wp-block-heading\" id=\"single\" style=\"font-size:25px\"><strong>Cuota de membres\u00eda de la organizaci\u00f3n<\/strong><\/h2>\n\n\n\n<hr class=\"wp-block-separator has-text-color has-css-opacity has-background is-style-wide\" style=\"background-color:#000000;color:#000000\"\/>\n\n\n\n<div style=\"height:31px\" aria-hidden=\"true\" class=\"wp-block-spacer\"><\/div>\n\n\n\n<div class=\"wp-block-buttons alignfull is-horizontal is-content-justification-center is-layout-flex wp-container-core-buttons-is-layout-499968f5 wp-block-buttons-is-layout-flex\">\n<div class=\"wp-block-button has-custom-width wp-block-button__width-100 is-style-fill\"><a class=\"wp-block-button__link has-white-color has-brand-two-background-color has-text-color has-background has-medium-font-size no-border-radius has-custom-font-size wp-element-button\"><strong>\u00a3100\/a\u00f1o<\/strong> (para organizaciones con facturaci\u00f3n de hasta \u00a31 mill\u00f3n)<\/a><\/div>\n\n\n\n<div class=\"wp-block-button has-custom-width wp-block-button__width-100 is-style-fill\"><a class=\"wp-block-button__link has-white-color has-brand-two-background-color has-text-color has-background has-medium-font-size no-border-radius has-custom-font-size wp-element-button\"><strong>\u00a3200\/a\u00f1o<\/strong> (para organizaciones con una facturaci\u00f3n superior a \u00a31 mill\u00f3n)<\/a><\/div>\n<\/div>\n\n\n\n<div style=\"height:41px\" aria-hidden=\"true\" class=\"wp-block-spacer\"><\/div>\n\n\n\n<div class=\"wp-block-buttons is-content-justification-right is-layout-flex wp-container-core-buttons-is-layout-765c4724 wp-block-buttons-is-layout-flex\">\n<div class=\"wp-block-button is-style-primary-btn\"><a class=\"wp-block-button__link wp-element-button\" href=\"https:\/\/bawso.org.uk\/es\/bawso-membership-application-form-for-organisations\/\">Ver formulario<\/a><\/div>\n<\/div>\n<\/div>\n\n\n\n<div class=\"wp-block-column is-vertically-aligned-top has-brand-seven-background-color has-text-color has-background has-link-color wp-elements-91b7c1bf9238835c2d39eae0154569b1 is-layout-flow wp-block-column-is-layout-flow\" style=\"color:#000000;padding-top:2em;padding-right:2em;padding-bottom:2em;padding-left:2em\">\n<h2 class=\"wp-block-heading\" id=\"family\" style=\"font-size:29px\"><strong>Cuota de membres\u00eda individual<\/strong><\/h2>\n\n\n\n<hr class=\"wp-block-separator has-css-opacity is-style-wide\"\/>\n\n\n\n<div style=\"height:31px\" aria-hidden=\"true\" class=\"wp-block-spacer\"><\/div>\n\n\n\n<div class=\"wp-block-buttons alignfull is-horizontal is-content-justification-center is-layout-flex wp-container-core-buttons-is-layout-499968f5 wp-block-buttons-is-layout-flex\">\n<div class=\"wp-block-button has-custom-width wp-block-button__width-100 is-style-fill\"><a class=\"wp-block-button__link has-white-color has-brand-two-background-color has-text-color has-background has-medium-font-size no-border-radius has-custom-font-size wp-element-button\"><strong>\u00a320\/a\u00f1o<\/strong> (empleado)<\/a><\/div>\n\n\n\n<div class=\"wp-block-button has-custom-width wp-block-button__width-100 is-style-fill\"><a class=\"wp-block-button__link has-white-color has-brand-two-background-color has-text-color has-background has-medium-font-size no-border-radius has-custom-font-size wp-element-button\"><strong>\u00a310\/a\u00f1o <\/strong>(desempleados)<\/a><\/div>\n<\/div>\n\n\n\n<div style=\"height:107px\" aria-hidden=\"true\" class=\"wp-block-spacer\"><\/div>\n\n\n\n<div class=\"wp-block-buttons is-content-justification-right is-layout-flex wp-container-core-buttons-is-layout-765c4724 wp-block-buttons-is-layout-flex\">\n<div class=\"wp-block-button is-style-primary-btn\"><a class=\"wp-block-button__link wp-element-button\" href=\"https:\/\/bawso.org.uk\/es\/bawso-membership-application-form-for-individuals\/\">Ver formulario<\/a><\/div>\n<\/div>\n<\/div>\n<\/div>\n\n\n\n<details class=\"wp-block-details is-layout-flow wp-block-details-is-layout-flow\"><summary>Periodo de tiempo <\/summary>\n<p>La membres\u00eda de Bawso generalmente puede aprobarse dentro de los 5 d\u00edas h\u00e1biles siempre que cumpla con nuestros criterios de membres\u00eda y proporcione toda la informaci\u00f3n solicitada en este formulario. Las solicitudes m\u00e1s complejas pueden estar sujetas a la aprobaci\u00f3n de la Junta Directiva de Bawso, lo que puede tardar hasta 3 meses (dependiendo del ciclo de reuniones). Si su solicitud es remitida a la Junta de S\u00edndicos, se lo haremos saber.<\/p>\n<\/details>\n\n\n\n<details class=\"wp-block-details is-layout-flow wp-block-details-is-layout-flow\"><summary>El Reglamento General de Protecci\u00f3n de Datos (GDPR)<\/summary>\n<p>Nos tomamos muy en serio la privacidad y seguridad de las personas y su informaci\u00f3n personal y tomamos todas las medidas y precauciones razonables para proteger y asegurar los datos personales que procesamos. Contamos con pol\u00edticas y procedimientos s\u00f3lidos de seguridad de la informaci\u00f3n para proteger la informaci\u00f3n personal del acceso, alteraci\u00f3n y divulgaci\u00f3n no autorizados. Bawso cuenta con un representante exclusivo al que se puede contactar para cualquier pregunta, comentario o solicitud relacionada con la protecci\u00f3n de datos info@bawso.org.uk.<\/p>\n<\/details>\n\n\n\n<h2 class=\"wp-block-heading\">Voluntario<\/h2>\n\n\n\n<p class=\"is-style-default\">Bawso tiene un programa de voluntariado establecido que brinda capacitaci\u00f3n y apoyo a mujeres y ni\u00f1as de comunidades minoritarias y negras femeninas en Gales, que deseen apoyar las actividades de Bawso.<\/p>\n\n\n\n<p class=\"is-style-default\">Los voluntarios trabajan en todas las partes de Bawso, desde el apoyo a los servicios de cuidado de ni\u00f1os y adultos hasta los servicios centrales y la administraci\u00f3n, y en todas las partes de Gales.<\/p>\n\n\n\n<p class=\"is-style-default\">Los roles de los voluntarios se basan en los intereses y capacidades de cada voluntario.<\/p>\n\n\n\n<p class=\"is-style-default\">Los voluntarios de Bawso obtienen habilidades y experiencia que contribuyen significativamente a asegurar un empleo posterior en la comunidad. Algunos voluntarios de Bawso contin\u00faan recibiendo capacitaci\u00f3n profesional y se unen al equipo de personal de Bawso.<\/p>\n\n\n\n\n\n<div style=\"height:28px\" aria-hidden=\"true\" class=\"wp-block-spacer\"><\/div>\n\n\n\n<h2 class=\"wp-block-heading\">Recaudar fondos para Bawso<\/h2>\n\n\n\n<p class=\"is-style-default\">Lo ayudaremos a recaudar fondos para Bawso organizando su propio evento o participando en eventos organizados por Bawso. Simplemente ll\u00e1menos y le daremos consejos y proporcionaremos materiales.<\/p>\n\n\n\n<div style=\"height:28px\" aria-hidden=\"true\" class=\"wp-block-spacer\"><\/div>\n\n\n\n<h2 class=\"wp-block-heading\">Hazte amigo de Bawso<\/h2>\n\n\n\n<p class=\"is-style-default\">Friends of Bawso es una colecci\u00f3n suelta de especialistas jubilados y activos que apoyan a Bawso y brindan servicios de consultor\u00eda gratuitos en numerosas \u00e1reas, incluido el desarrollo de pol\u00edticas, la planificaci\u00f3n prospectiva, el marketing, la publicidad, las solicitudes de subvenciones, las presentaciones de servicios comisionados, la vivienda, la propiedad y el asesoramiento legal. .<\/p>\n\n\n\n<p class=\"is-style-default\">Amigos de Bawso responde a las solicitudes de la ACEO y la Junta. Los especialistas individuales de Friends of Bawso brindan asesoramiento y servicios directamente. No tiene un estatus formal y no participa en el gobierno o la gesti\u00f3n de Bawso.<\/p>\n\n\n\n<p class=\"is-style-default\">Si desea apoyar a Bawso de esta manera, comun\u00edquese con Bawso y comparta su \u00e1rea de especializaci\u00f3n.<\/p>","protected":false},"excerpt":{"rendered":"<p>Donate Support Bawso through monthly donations and one-off gifts. Your donations will make a huge difference&nbsp;and allow us to advocate for and deliver specialist services to black and minoritised victims [&hellip;]<\/p>\n","protected":false},"author":1,"featured_media":0,"parent":0,"menu_order":13,"comment_status":"closed","ping_status":"closed","template":"","meta":{"_acf_changed":false,"_seopress_robots_primary_cat":"","_seopress_titles_title":"","_seopress_titles_desc":"","_seopress_robots_index":"","footnotes":""},"class_list":["post-77","page","type-page","status-publish","hentry"],"acf":[],"publishpress_future_action":{"enabled":false,"date":"2026-07-06 13:35:48","action":"category-add","newStatus":"draft","terms":[],"taxonomy":"","extraData":[]},"publishpress_future_workflow_manual_trigger":{"enabledWorkflows":[]},"_links":{"self":[{"href":"https:\/\/bawso.org.uk\/es\/wp-json\/wp\/v2\/pages\/77","targetHints":{"allow":["GET"]}}],"collection":[{"href":"https:\/\/bawso.org.uk\/es\/wp-json\/wp\/v2\/pages"}],"about":[{"href":"https:\/\/bawso.org.uk\/es\/wp-json\/wp\/v2\/types\/page"}],"author":[{"embeddable":true,"href":"https:\/\/bawso.org.uk\/es\/wp-json\/wp\/v2\/users\/1"}],"replies":[{"embeddable":true,"href":"https:\/\/bawso.org.uk\/es\/wp-json\/wp\/v2\/comments?post=77"}],"version-history":[{"count":70,"href":"https:\/\/bawso.org.uk\/es\/wp-json\/wp\/v2\/pages\/77\/revisions"}],"predecessor-version":[{"id":4884,"href":"https:\/\/bawso.org.uk\/es\/wp-json\/wp\/v2\/pages\/77\/revisions\/4884"}],"wp:attachment":[{"href":"https:\/\/bawso.org.uk\/es\/wp-json\/wp\/v2\/media?parent=77"}],"curies":[{"name":"gracias","href":"https:\/\/api.w.org\/{rel}","templated":true}]}}