{"id":1535,"date":"2022-08-11T19:40:46","date_gmt":"2022-08-11T18:40:46","guid":{"rendered":"https:\/\/bawso.org.uk\/?page_id=1535"},"modified":"2022-08-12T12:54:53","modified_gmt":"2022-08-12T11:54:53","slug":"grants-team","status":"publish","type":"page","link":"https:\/\/bawso.org.uk\/es\/grants-team\/","title":{"rendered":"Equipo de subvenciones"},"content":{"rendered":"<p class=\"is-style-text-x-large\">Bawso cuenta con un equipo de especialistas en subvenciones con experiencia en la gesti\u00f3n y administraci\u00f3n de subvenciones de organismos locales y del Reino Unido para grupos negros y minoritarios en Gales.<\/p>\n\n\n\n<p class=\"is-style-default\">Esta capacidad se ha desarrollado en los \u00faltimos a\u00f1os en la entrega de los programas de subvenciones del Fondo de la Mayor\u00eda Global proporcionados por Comic Relief.<\/p>\n\n\n\n<p class=\"is-style-default\">Bawso tiene relaciones profundas y duraderas con grupos negros y l\u00edderes comunitarios en Gales. La junta, el personal y los voluntarios de Bawso provienen de estas comunidades, y Bawso tiene una capacidad comprobada para otorgar subvenciones y para apoyar y asesorar a los financiadores de subvenciones que desean operar en Gales. Est\u00e1 realizando investigaci\u00f3n primaria en esta \u00e1rea de trabajo.<\/p>","protected":false},"excerpt":{"rendered":"<p>Bawso has a specialist grants team with expertise in managing and administering grants from UK and local bodies to black and minoritised groups in Wales. This capability has been developed [&hellip;]<\/p>\n","protected":false},"author":1,"featured_media":0,"parent":0,"menu_order":3,"comment_status":"closed","ping_status":"closed","template":"","meta":{"_acf_changed":false,"_seopress_robots_primary_cat":"","_seopress_titles_title":"Bawso | Grants Team","_seopress_titles_desc":"Bawso has a specialist grants team with expertise in managing and administering grants from UK and local bodies to black and minoritised groups in Wales.","_seopress_robots_index":"","footnotes":""},"class_list":["post-1535","page","type-page","status-publish","hentry"],"acf":[],"publishpress_future_action":{"enabled":false,"date":"2026-07-06 13:41:03","action":"category-add","newStatus":"draft","terms":[],"taxonomy":"","extraData":[]},"publishpress_future_workflow_manual_trigger":{"enabledWorkflows":[]},"_links":{"self":[{"href":"https:\/\/bawso.org.uk\/es\/wp-json\/wp\/v2\/pages\/1535","targetHints":{"allow":["GET"]}}],"collection":[{"href":"https:\/\/bawso.org.uk\/es\/wp-json\/wp\/v2\/pages"}],"about":[{"href":"https:\/\/bawso.org.uk\/es\/wp-json\/wp\/v2\/types\/page"}],"author":[{"embeddable":true,"href":"https:\/\/bawso.org.uk\/es\/wp-json\/wp\/v2\/users\/1"}],"replies":[{"embeddable":true,"href":"https:\/\/bawso.org.uk\/es\/wp-json\/wp\/v2\/comments?post=1535"}],"version-history":[{"count":3,"href":"https:\/\/bawso.org.uk\/es\/wp-json\/wp\/v2\/pages\/1535\/revisions"}],"predecessor-version":[{"id":1562,"href":"https:\/\/bawso.org.uk\/es\/wp-json\/wp\/v2\/pages\/1535\/revisions\/1562"}],"wp:attachment":[{"href":"https:\/\/bawso.org.uk\/es\/wp-json\/wp\/v2\/media?parent=1535"}],"curies":[{"name":"gracias","href":"https:\/\/api.w.org\/{rel}","templated":true}]}}