{"id":4810,"date":"2025-09-16T10:58:11","date_gmt":"2025-09-16T09:58:11","guid":{"rendered":"https:\/\/bawso.org.uk\/?page_id=4810"},"modified":"2025-09-16T10:58:12","modified_gmt":"2025-09-16T09:58:12","slug":"bawso-service-user-engagement-august-2025","status":"publish","type":"page","link":"https:\/\/bawso.org.uk\/cy\/bawso-service-user-engagement-august-2025\/","title":{"rendered":"Ymgysylltu \u00e2 Defnyddwyr Gwasanaeth Bawso \u2013 Awst 2025"},"content":{"rendered":"<p>Mae Bawso yn parhau i ymgorffori ethos cyfranogol wrth wraidd ei ddarpariaeth gwasanaethau, gan gydnabod y r\u00f4l hanfodol y mae unigolion \u00e2 phrofiad bywyd yn ei chwarae wrth lunio cefnogaeth effeithiol ac ymatebol. Rydym wedi ymrwymo i feithrin newid hirdymor, ystyrlon trwy wrando ar, grymuso ac adeiladu gallu defnyddwyr gwasanaeth presennol a chyn-ddefnyddwyr. Trwy&#039;r dull hwn, rydym yn sicrhau bod ein gwasanaethau&#039;n parhau i fod yn berthnasol, yn wybodus ac yn adlewyrchu anghenion a phrofiadau&#039;r cymunedau yr ydym yn eu gwasanaethu.<\/p>\n\n\n\n<p>Mae&#039;r adroddiad hwn yn rhoi cipolwg ar weithgareddau allweddol ymgysylltu \u00e2 defnyddwyr gwasanaethau a gynhaliwyd yn ystod y cyfnod adrodd a ddaeth i ben ym mis Awst 2025.<\/p>\n\n\n\n<p class=\"has-brand-one-background-color has-background\"><strong>1. Panel craffu llais goroeswyr Llywodraeth Cymru<\/strong><\/p>\n\n\n\n<p>Mae Bawso yn falch o gefnogi cyfranogiad dau gyn-ddefnyddiwr gwasanaeth sy&#039;n gwasanaethu ar Banel Craffu Llais Goroeswyr Llywodraeth Cymru. Mae&#039;r unigolion hyn yn chwarae rhan hanfodol wrth gynrychioli safbwyntiau goroeswyr trais yn erbyn menywod, cam-drin domestig a thrais rhywiol, gan gyfrannu at ddatblygu a chraffu ar bolis\u00efau ac arferion perthnasol.<\/p>\n\n\n\n<p>\u00b7 Mae un aelod o&#039;r panel yn gyn-ddefnyddiwr gwasanaeth o&#039;n gwasanaeth yn Abertawe.<\/p>\n\n\n\n<p>\u00b7 Roedd yr ail gynrychiolydd wedi cael cymorth drwy ein swyddfa yng Nghasnewydd yn flaenorol.<\/p>\n\n\n\n<p>Mae eu cyfraniadau\u2019n adlewyrchu llais cryf a chynyddol goroeswyr mewn trafodaethau polisi cenedlaethol, ac rydym yn parhau i ddarparu cefnogaeth barhaus i sicrhau eu bod wedi\u2019u cyfarparu a\u2019u grymuso i gymryd rhan yn effeithiol.<\/p>\n\n\n\n<p class=\"has-brand-one-background-color has-background\"><strong>2. Ymchwil<\/strong><\/p>\n\n\n\n<p>Yn 2023, cydlynodd Bawso ymgysylltiadau ymgynghori defnyddwyr gwasanaeth gyda Phrifysgol De Cymru. Roedd defnyddwyr gwasanaeth yn awyddus i fod yn rhan o brosiect ymchwil i edrych ar sut y gall darparwyr gwasanaeth ddeall eu ffurfiau cymhleth, ac yn aml iawn sy&#039;n gorgyffwrdd, o gam-drin yn well, a&#039;r math o gefnogaeth a fyddai&#039;n briodol i ddioddefwyr. Arweiniodd yr ymgynghoriad hwn at gais ymchwil rhwng Bawso a Phrifysgol De Cymru, a gyflwynwyd i Ymchwil Iechyd a Gofal Cymru.<\/p>\n\n\n\n<p>Teitl yr ymchwil: &#039;Mae gwrando yn gam mawr: Cyd-ddatblygu Fframwaith Aml-asiantaeth gyda menywod BME ar gyfer Trais yn erbyn Menywod, Cam-drin Domestig a Thrais Rhywiol.&#039;<\/p>\n\n\n\n<p>Dechreuodd y prosiect ymchwil ym mis Hydref 2024 gyda recriwtio a chynllunio prosiectau. Mae&#039;n archwilio gweithio amlasiantaeth mewn perthynas ag anghenion a phrofiadau menywod Duon a Lleiafrifoedd Ethnig yr effeithir arnynt gan Drais yn Erbyn Menywod, Cam-drin Domestig a Thrais Rhywiol. Bydd y fframwaith yn llywio&#039;r ffyrdd y gall asiantaethau gydweithio orau i atal, amddiffyn a chefnogi menywod Duon a Lleiafrifoedd Ethnig yr effeithir arnynt gan Drais yn Erbyn Menywod, Cam-drin Domestig a Thrais Rhywiol. Mae&#039;r prosiect yn defnyddio amrywiaeth o ddulliau, gan gynnwys adolygiad llenyddiaeth, cyfweliadau a chyd-greu Straeon Digidol (DS) gyda defnyddwyr gwasanaeth, a gweithdai i gyd-ddatblygu allbynnau.<\/p>\n\n\n\n<p>Cefnogir y prosiect gan gr\u0175p cynghori sy&#039;n cynnwys defnyddwyr gwasanaeth Bawso a gweithwyr proffesiynol o asiantaethau allweddol. R\u00f4l y gr\u0175p yw cefnogi gweithredu a chyflawni&#039;r prosiect e.e. offer casglu data, recriwtio, adborth ar ganfyddiadau sy&#039;n dod i&#039;r amlwg, cyd-ddatblygu allbynnau, a lledaenu. Mae&#039;r gr\u0175p cynghori yn cyfarfod bob chwarter (cymysgedd o ar-lein ac wyneb yn wyneb) drwy gydol y prosiect. Bydd y gwaith hwn yn cael ei gwblhau ym mis Medi 2026.<\/p>\n\n\n\n<p><strong>1. Cynnydd ymchwil<\/strong><\/p>\n\n\n\n<ul class=\"wp-block-list\">\n<li>Mae 2 ymchwilydd cyfoedion wedi cael eu recriwtio o blith defnyddwyr gwasanaeth Ex-Bawso a gafodd eu cefnogi gan ein swyddfeydd yng Nghasnewydd a Chaerdydd. Mae&#039;r ymchwil yn cynnig cyfleoedd i ymchwilwyr cyfoedion elwa o drosglwyddo sgiliau, gan weithio&#039;n agos gydag ymchwilwyr o&#039;r brifysgol. Mae gan ymchwilwyr cyfoedion hefyd y cyfle i symud ymlaen i hyfforddiant academaidd a dilyn gyrfa mewn ymchwil.<\/li>\n\n\n\n<li>Mae eu rolau&#039;n cynnwys cyfrannu at bob agwedd ar yr ymchwil megis casglu data, dadansoddi, cyfarfodydd gr\u0175p cynghori, gweithdai a chynhyrchu&#039;r fframwaith, allbynnau academaidd ac adroddiadau.<\/li>\n<\/ul>\n\n\n\n<div style=\"height:12px\" aria-hidden=\"true\" class=\"wp-block-spacer\"><\/div>\n\n\n\n<p><strong>2. Aelodau&#039;r panel ymgynghorol<\/strong><\/p>\n\n\n\n<p>Asiantaethau statudol<\/p>\n\n\n\n<pre class=\"wp-block-preformatted\">1. Comisiynydd Heddlu a Throseddu De Cymru 2. Gofal Cymdeithasol Cymru 3. Gwasanaeth Cynghori a Chymorth Llys Plant a Theuluoedd (CAFCASS) 4. Addysgwyr Bydwreigiaeth Arweiniol (Gr\u0175p LME Cymru) 5. Bwrdd Iechyd Prifysgol Aneurin Bevan (ABUHB) - Ymwelydd iechyd 6. Bwrdd Iechyd Prifysgol Aneurin Bevan (ABUHB) - Iechyd y Boblogaeth a Newid Busnes\n<\/pre>\n\n\n\n<p><strong>Bawso<\/strong><\/p>\n\n\n\n<p>Mae 9 defnyddiwr gwasanaeth presennol a chyn-ddefnyddwyr ar y panel cynghori, wedi&#039;u recriwtio o&#039;n pedwar rhanbarth yng Nghymru.<\/p>\n\n\n\n<p class=\"has-brand-one-background-color has-background\"><strong>3. Diweddariad gweithgaredd<\/strong><\/p>\n\n\n\n<ul class=\"wp-block-list\">\n<li>Mae 12 stori ddigidol wedi cael eu creu ar draws 2 weithdy aml-ddydd yn ne a gogledd Cymru.<\/li>\n<\/ul>\n\n\n\n<p>o Mae&#039;r straeon yn rhannu profiadau o&#039;r hyn sydd wedi gweithio&#039;n dda i ddefnyddwyr gwasanaeth, teithiau i ddiogelwch a chefnogaeth, a materion sy&#039;n bwysig iddyn nhw.<\/p>\n\n\n\n<ul class=\"wp-block-list\">\n<li>Mae 23 o gyfweliadau wyneb yn wyneb wedi&#039;u cwblhau hyd yma gyda hyd at 17 arall i&#039;w cwblhau erbyn canol mis Medi. Mae cyfweliadau wedi digwydd yng Nghaerdydd, Casnewydd, Wrecsam ac Abertawe i gwmpasu ardaloedd darpariaeth Bawso. Mae&#039;r arsylwadau cychwynnol yn cynnwys:<\/li>\n<\/ul>\n\n\n\n<div style=\"height:11px\" aria-hidden=\"true\" class=\"wp-block-spacer\"><\/div>\n\n\n\n<p>    o Ystod o brofiadau gyda gwasanaethau a mathau o wasanaethau.<br>    o Defnyddwyr gwasanaeth yn aml yn cael mynediad at gymorth trwy gysylltiadau personol\/siawns.<br>    o Mae profiadau\u2019n tueddu i fod yn dda iawn neu\u2019n ddrwg iawn \u2013 ychydig o dystiolaeth o dir canol neu brofiadau \u201cda\/boddhaol\u201d.<br>   o Defnyddwyr gwasanaeth yn rhwystredig o orfod rhannu eu straeon sawl gwaith gyda phob darparwr gwasanaeth.<br>   o Mae&#039;r ymateb cyffredinol yn amrywio&#039;n sylweddol yn dibynnu ar bwy oedd yr ymateb cyntaf.<\/p>\n\n\n\n<ul class=\"wp-block-list\">\n<li>Mae synthesis tystiolaeth ansoddol ar y gweill gyda 63 o bapurau&#039;n cael eu hadolygu&#039;n llawn ar hyn o bryd am dystiolaeth gyd-destunol.<\/li>\n\n\n\n<li>Mae un cyfarfod gr\u0175p cynghori wedi bod ar-lein, a bydd ail un yn bersonol ym mis Hydref 2025.<\/li>\n\n\n\n<li>Mae gweithdy cyd-gynhyrchu cyntaf gyda defnyddwyr gwasanaeth a gweithwyr proffesiynol hefyd wedi&#039;i gynllunio ar gyfer Hydref 2025.<\/li>\n<\/ul>\n\n\n\n<p><\/p>\n\n\n\n<p>Person cyswllt ar gyfer y prosiect ymchwil:<\/p>\n\n\n\n<p>Nancy Lidubwi | Pennaeth Polisi a Busnes \u00a0<\/p>\n\n\n\n<p>E-bost: <a href=\"mailto:nancy@bawso.org.uk\">nancy@bawso.org.uk<\/a><\/p>\n\n\n\n<p>27<sup>ed<\/sup> Awst 2025<\/p>\n\n\n\n<p><\/p>","protected":false},"excerpt":{"rendered":"<p>Bawso continues to embed a participatory ethos at the heart of its service delivery, recognising the vital role that individuals with lived experience play in shaping effective and responsive support. [&hellip;]<\/p>\n","protected":false},"author":6,"featured_media":0,"parent":0,"menu_order":0,"comment_status":"closed","ping_status":"closed","template":"","meta":{"_acf_changed":false,"_seopress_robots_primary_cat":"","_seopress_titles_title":"","_seopress_titles_desc":"","_seopress_robots_index":"","footnotes":""},"class_list":["post-4810","page","type-page","status-publish","hentry"],"acf":[],"publishpress_future_action":{"enabled":false,"date":"2026-06-27 16:12:08","action":"category-add","newStatus":"draft","terms":[],"taxonomy":"","extraData":[]},"publishpress_future_workflow_manual_trigger":{"enabledWorkflows":[]},"_links":{"self":[{"href":"https:\/\/bawso.org.uk\/cy\/wp-json\/wp\/v2\/pages\/4810","targetHints":{"allow":["GET"]}}],"collection":[{"href":"https:\/\/bawso.org.uk\/cy\/wp-json\/wp\/v2\/pages"}],"about":[{"href":"https:\/\/bawso.org.uk\/cy\/wp-json\/wp\/v2\/types\/page"}],"author":[{"embeddable":true,"href":"https:\/\/bawso.org.uk\/cy\/wp-json\/wp\/v2\/users\/6"}],"replies":[{"embeddable":true,"href":"https:\/\/bawso.org.uk\/cy\/wp-json\/wp\/v2\/comments?post=4810"}],"version-history":[{"count":10,"href":"https:\/\/bawso.org.uk\/cy\/wp-json\/wp\/v2\/pages\/4810\/revisions"}],"predecessor-version":[{"id":4823,"href":"https:\/\/bawso.org.uk\/cy\/wp-json\/wp\/v2\/pages\/4810\/revisions\/4823"}],"wp:attachment":[{"href":"https:\/\/bawso.org.uk\/cy\/wp-json\/wp\/v2\/media?parent=4810"}],"curies":[{"name":"wp","href":"https:\/\/api.w.org\/{rel}","templated":true}]}}