{"id":3974,"date":"2024-07-10T10:17:09","date_gmt":"2024-07-10T09:17:09","guid":{"rendered":"https:\/\/bawso.org.uk\/?page_id=3974"},"modified":"2024-09-23T14:21:57","modified_gmt":"2024-09-23T13:21:57","slug":"bawso-sebei-project","status":"publish","type":"page","link":"https:\/\/bawso.org.uk\/cy\/bawso-sebei-project\/","title":{"rendered":"Bawso - Prosiect Sebei"},"content":{"rendered":"<figure class=\"wp-block-image size-large\"><img loading=\"lazy\" decoding=\"async\" width=\"1024\" height=\"585\" src=\"https:\/\/bawso.org.uk\/wp-content\/uploads\/2024\/03\/Website-Wordpress-Feature-Image-1100-x-628-px-3-1024x585.png\" alt=\"\" class=\"wp-image-3632\"\/><\/figure>\n\n\n\n<p>Mae\u2019n bleser gennym gyhoeddi prosiect newydd sy\u2019n bartneriaeth rhwng Cymru ac Uganda. Rydym wedi derbyn cyllid gan lywodraeth Cymru a weinyddir gan Gyngor Gweithredu Gwirfoddol Cymru (WCVA) o dan raglen Cymru o Blaid Affrica, i weithio gyda Phrosiect Grymuso Cymunedol Sebei yn Uganda i fynd i\u2019r afael ag arfer FGM.<\/p>\n\n\n\n<figure class=\"wp-block-image size-full is-resized\"><img loading=\"lazy\" decoding=\"async\" width=\"691\" height=\"300\" src=\"https:\/\/bawso.org.uk\/wp-content\/uploads\/2024\/03\/WA_Colour-removebg-preview-e1710238776667.png\" alt=\"\" class=\"wp-image-3619\" style=\"width:839px;height:auto\" srcset=\"https:\/\/bawso.org.uk\/wp-content\/uploads\/2024\/03\/WA_Colour-removebg-preview-e1710238776667.png 691w, https:\/\/bawso.org.uk\/wp-content\/uploads\/2024\/03\/WA_Colour-removebg-preview-e1710238776667-300x130.png 300w, https:\/\/bawso.org.uk\/wp-content\/uploads\/2024\/03\/WA_Colour-removebg-preview-e1710238776667-18x8.png 18w\" sizes=\"auto, (max-width: 691px) 100vw, 691px\" \/><\/figure>\n\n\n\n<p>Nod y prosiect yw cyfrannu at ddileu FGM yn rhanbarth Sebei yn Nwyrain Uganda trwy addysg gymunedol a chodi ymwybyddiaeth. Mae\u2019r manteision yn cynnwys creu t\u00eem o eiriolwyr cymunedol sy\u2019n ymgorffori ysgolion, gwragedd canol sydd wedi\u2019u hyfforddi\u2019n draddodiadol (gweinyddwyr geni traddodiadol) ac arweinwyr barn a fydd yn arwain y prosiect ac yn rheoli\u2019r canlyniadau.<\/p>\n\n\n\n<p>Canlyniad cyffredinol y prosiect yw gostyngiad mewn trais yn erbyn menywod a merched (VAWG) sy\u2019n cynnwys FGM, newid agwedd a hyder i herio arferion diwylliannol niweidiol. Effaith hirdymor yw gwireddu gostyngiad o FGM yn rhanbarth Sebei gan 55% o fewn 10 mlynedd.<\/p>\n\n\n\n<p>Bydd y prosiect yn cyfrannu at Ddeddf Llesiant cenedlaethau\u2019r dyfodol 2015 drwy roi gwybodaeth a gwybodaeth i athrawon yng Nghymru i adnabod merched sydd mewn perygl o FGM a mynd i\u2019r afael \u00e2 materion diogelu ar gyfer merched ifanc BME. Bydd hefyd yn cryfhau r\u00f4l Bawso wrth ddarparu gwasanaethau ledled Cymru i gefnogi menywod o gymunedau BME ac yn creu cyfleoedd dysgu rhwng Cymru ac Uganda.<\/p>\n\n\n\n<hr class=\"wp-block-separator has-alpha-channel-opacity\"\/>\n\n\n\n<p>\u201cRwy&#039;n falch iawn o gyhoeddi bod Bawso wedi sicrhau cyllid drwy raglen Cymru ac Affrica Llywodraeth Cymru, gan rymuso sefydliadau yng Nghymru i gychwyn ar brosiectau sy&#039;n cyd-fynd \u00e2 Nodau Datblygu Cynaliadwy&#039;r Cenhedloedd Unedig. Mae&#039;r cydweithio hwn ar fin dod \u00e2 manteision sylweddol i Gymru ac Affrica.<br>&nbsp;<br>Mae ein menter arloesol, prosiect Bawso-Sebei, ar fin cael effaith sylweddol ar ddileu Llurguniad Organau Rhywiol Merched (FGM) yn rhanbarth Sebei yn Uganda. Trwy bartneriaethau strategol gyda grwpiau cymunedol lleol ac ysgolion, ein nod yw cyflawni gostyngiad rhyfeddol o 55% mewn FGM o fewn y degawd nesaf.<br>&nbsp;<br>Gyda\u2019n gilydd, rydym wedi ymrwymo i feithrin newid cadarnhaol a chyfrannu at fyd mwy diogel a thecach.\u201d - Tina Fahm,&nbsp;<em>Prif Swyddog Gweithredol Bawso<\/em>.<\/p>\n\n\n\n<h2 class=\"wp-block-heading\"><strong>Dewch i gwrdd \u00e2&#039;r t\u00eem sy&#039;n gweithio ar Brosiect Bawso-Sebei yn Uganda&nbsp;<\/strong><\/h2>\n\n\n\n<p>Rydym wrth ein bodd yn gweithio gyda th\u00eem Prosiect Grymuso Cymunedol Sebei i sicrhau bod FGM yn cael ei ddileu yn rhanbarth Sebei.\u00a0<\/p>\n\n\n\n<div class=\"wp-block-columns is-layout-flex wp-container-core-columns-is-layout-9d6595d7 wp-block-columns-is-layout-flex\">\n<div class=\"wp-block-column is-layout-flow wp-block-column-is-layout-flow\">\n<div class=\"wp-block-media-text is-stacked-on-mobile\" style=\"grid-template-columns:46% auto\"><figure class=\"wp-block-media-text__media\"><img loading=\"lazy\" decoding=\"async\" width=\"216\" height=\"288\" src=\"https:\/\/bawso.org.uk\/wp-content\/uploads\/2024\/08\/Sokuton-1.jpg\" alt=\"\" class=\"wp-image-4075 size-full\" srcset=\"https:\/\/bawso.org.uk\/wp-content\/uploads\/2024\/08\/Sokuton-1.jpg 216w, https:\/\/bawso.org.uk\/wp-content\/uploads\/2024\/08\/Sokuton-1-9x12.jpg 9w\" sizes=\"auto, (max-width: 216px) 100vw, 216px\" \/><\/figure><div class=\"wp-block-media-text__content\">\n<p class=\"has-small-font-size\">Sokuton Samuel, Rheolwr Prosiect<\/p>\n\n\n\n<p class=\"has-small-font-size\">Grymuso Cymunedol Sebei Mwy, Uganda<\/p>\n<\/div><\/div>\n<\/div>\n\n\n\n<div class=\"wp-block-column is-layout-flow wp-block-column-is-layout-flow\">\n<div class=\"wp-block-media-text is-stacked-on-mobile\"><figure class=\"wp-block-media-text__media\"><img loading=\"lazy\" decoding=\"async\" width=\"247\" height=\"329\" src=\"https:\/\/bawso.org.uk\/wp-content\/uploads\/2024\/08\/Picture2.jpg\" alt=\"\" class=\"wp-image-4076 size-full\" srcset=\"https:\/\/bawso.org.uk\/wp-content\/uploads\/2024\/08\/Picture2.jpg 247w, https:\/\/bawso.org.uk\/wp-content\/uploads\/2024\/08\/Picture2-225x300.jpg 225w, https:\/\/bawso.org.uk\/wp-content\/uploads\/2024\/08\/Picture2-9x12.jpg 9w\" sizes=\"auto, (max-width: 247px) 100vw, 247px\" \/><\/figure><div class=\"wp-block-media-text__content\">\n<p class=\"has-small-font-size\">Nyadoi Winfred, Hyfforddwr Prosiect<\/p>\n\n\n\n<p class=\"has-small-font-size\">Grymuso Cymunedol Sebei Mwy, Uganda<\/p>\n<\/div><\/div>\n<\/div>\n\n\n\n<div class=\"wp-block-column is-layout-flow wp-block-column-is-layout-flow\">\n<div class=\"wp-block-media-text is-stacked-on-mobile\"><figure class=\"wp-block-media-text__media\"><img loading=\"lazy\" decoding=\"async\" width=\"225\" height=\"300\" src=\"https:\/\/bawso.org.uk\/wp-content\/uploads\/2024\/08\/Picture3.jpg\" alt=\"\" class=\"wp-image-4077 size-full\" srcset=\"https:\/\/bawso.org.uk\/wp-content\/uploads\/2024\/08\/Picture3.jpg 225w, https:\/\/bawso.org.uk\/wp-content\/uploads\/2024\/08\/Picture3-9x12.jpg 9w\" sizes=\"auto, (max-width: 225px) 100vw, 225px\" \/><\/figure><div class=\"wp-block-media-text__content\">\n<p class=\"has-small-font-size\">Twietuk Benfred, Swyddog Sensiteiddio Cymunedol a Chodi Ymwybyddiaeth   <\/p>\n\n\n\n<p class=\"has-small-font-size\">                         <\/p>\n<\/div><\/div>\n<\/div>\n<\/div>\n\n\n\n<p class=\"is-style-text-large has-medium-font-size\"><strong>Cysylltu cymunedau yn Affrica Is-Sahara<\/strong><\/p>\n\n\n\n<p>Ar \u00f4l gweithio\u2019n llwyddiannus gyda\u2019n partneriaid yn Kenya, The Christian Partners Development Agency, i greu ymwybyddiaeth yn y gymuned am drais yn erbyn menywod a merched rydym wedi creu partneriaeth rhwng ein T\u00eem yn Uganda a Kenya i weithio gyda\u2019n gilydd i gefnogi a dysgu oddi wrth ein gilydd trwy gysylltu y ddwy gymuned. Bydd hyn yn golygu teithio rhwng y ddwy gymuned, meithrin perthnasoedd a rhannu arfer gorau. Rydym yn gyffrous iawn i weld ffrwyth y bartneriaeth hon.<\/p>\n\n\n\n<div class=\"wp-block-columns is-layout-flex wp-container-core-columns-is-layout-9d6595d7 wp-block-columns-is-layout-flex\">\n<div class=\"wp-block-column is-layout-flow wp-block-column-is-layout-flow\">\n<div class=\"wp-block-media-text is-stacked-on-mobile\"><figure class=\"wp-block-media-text__media\"><img loading=\"lazy\" decoding=\"async\" width=\"307\" height=\"409\" src=\"https:\/\/bawso.org.uk\/wp-content\/uploads\/2024\/08\/Picture4.jpg\" alt=\"\" class=\"wp-image-4078 size-full\" srcset=\"https:\/\/bawso.org.uk\/wp-content\/uploads\/2024\/08\/Picture4.jpg 307w, https:\/\/bawso.org.uk\/wp-content\/uploads\/2024\/08\/Picture4-225x300.jpg 225w, https:\/\/bawso.org.uk\/wp-content\/uploads\/2024\/08\/Picture4-9x12.jpg 9w\" sizes=\"auto, (max-width: 307px) 100vw, 307px\" \/><\/figure><div class=\"wp-block-media-text__content\">\n<p class=\"has-small-font-size\">Alice Kirambi, Cyfarwyddwr Gweithredol<\/p>\n\n\n\n<p class=\"has-small-font-size\">Asiantaeth Datblygu Partneriaid Cristnogol, Kenya<\/p>\n<\/div><\/div>\n<\/div>\n\n\n\n<div class=\"wp-block-column is-layout-flow wp-block-column-is-layout-flow\">\n<div class=\"wp-block-media-text is-stacked-on-mobile\"><figure class=\"wp-block-media-text__media\"><img loading=\"lazy\" decoding=\"async\" width=\"320\" height=\"427\" src=\"https:\/\/bawso.org.uk\/wp-content\/uploads\/2024\/08\/Picture5.jpg\" alt=\"\" class=\"wp-image-4079 size-full\" srcset=\"https:\/\/bawso.org.uk\/wp-content\/uploads\/2024\/08\/Picture5.jpg 320w, https:\/\/bawso.org.uk\/wp-content\/uploads\/2024\/08\/Picture5-225x300.jpg 225w, https:\/\/bawso.org.uk\/wp-content\/uploads\/2024\/08\/Picture5-9x12.jpg 9w\" sizes=\"auto, (max-width: 320px) 100vw, 320px\" \/><\/figure><div class=\"wp-block-media-text__content\">\n<p class=\"has-small-font-size\">Anne Savai, Cydlynydd y Prosiect&nbsp;<\/p>\n\n\n\n<p class=\"has-small-font-size\">Asiantaeth Datblygu Partneriaid Cristnogol, Kenya<\/p>\n<\/div><\/div>\n<\/div>\n\n\n\n<div class=\"wp-block-column is-layout-flow wp-block-column-is-layout-flow\">\n<div class=\"wp-block-media-text is-stacked-on-mobile\"><figure class=\"wp-block-media-text__media\"><img loading=\"lazy\" decoding=\"async\" width=\"321\" height=\"497\" src=\"https:\/\/bawso.org.uk\/wp-content\/uploads\/2024\/08\/Picture6.png\" alt=\"\" class=\"wp-image-4080 size-full\" srcset=\"https:\/\/bawso.org.uk\/wp-content\/uploads\/2024\/08\/Picture6.png 321w, https:\/\/bawso.org.uk\/wp-content\/uploads\/2024\/08\/Picture6-194x300.png 194w, https:\/\/bawso.org.uk\/wp-content\/uploads\/2024\/08\/Picture6-8x12.png 8w\" sizes=\"auto, (max-width: 321px) 100vw, 321px\" \/><\/figure><div class=\"wp-block-media-text__content\">\n<p class=\"has-small-font-size\">Rooda Ahmed, Cydlynydd Prosiect<\/p>\n\n\n\n<p class=\"has-small-font-size\">Cymorth i Fenywod Bawso, Cymru, DU<\/p>\n\n\n\n<details class=\"wp-block-details is-layout-flow wp-block-details-is-layout-flow\"><summary><strong>Fy r\u00f4l<\/strong><\/summary>\n<p>yw goruchwylio&#039;r prosiect yn Uganda a gweithio&#039;n agos gyda&#039;r t\u00eem ar lawr gwlad i gyflawni canlyniadau&#039;r prosiect. Yma yng Nghymru, mae fy r\u00f4l hefyd yn cynnwys cydlynu cangen Cymru o\u2019r prosiect, sy\u2019n cynnwys gweithio gydag ysgolion, gwirfoddolwyr a chymunedau i gydlynu gweithgareddau a fydd yn cynyddu\u2019r wybodaeth am FGM ymhlith buddiolwyr. Rhan o fy r\u00f4l yw rhwydweithio a chysylltu \u00e2 phartneriaid i ddatblygu a chynnal cysylltiadau \u00e2 chymunedau a sefydliadau yma ac yn Affrica.<\/p>\n<\/details>\n<\/div><\/div>\n<\/div>\n<\/div>\n\n\n\n<h2 class=\"wp-block-heading\">Taflenni Gwybodaeth Anffurfio Organau Cenhedlu Benywod <\/h2>\n\n\n\n<p>Mae sawl pwrpas pwysig i greu taflenni gwybodaeth FGM. Yn gyntaf, ei ddiben yw codi ymwybyddiaeth a helpu i hysbysu\u2019r cyhoedd, yn ogystal \u00e2 chymunedau penodol sydd mewn perygl o beth yw FGM, ei fathau, mynychder, a\u2019r risgiau iechyd difrifol a\u2019r troseddau hawliau dynol sy\u2019n gysylltiedig ag ef.&nbsp;&nbsp;                               <\/p>\n\n\n\n<p>Yn ail, mae\u2019r daflen wybodaeth hefyd yn ymwneud \u00e2 grymuso merched a menywod ifanc i amddiffyn eu hunain a gwrthsefyll pwysau i gael FGM. Mae hefyd yn gyfle i addysgu cymunedau eraill am y gwahanol fathau o drais yn erbyn menywod a merched sy\u2019n cynnwys FGM.&nbsp;&nbsp;<\/p>\n\n\n\n<p>Mae\u2019n atgyfnerthu ffr\u00e2m gyfreithiol y DU o amgylch FGM a\u2019i oblygiadau. Mae&#039;n hysbysu cymunedau am statws cyfreithiol FGM yn eu gwlad, gan gynnwys cyfreithiau sy&#039;n gwahardd yr arfer a&#039;r cosbau i&#039;r rhai sy&#039;n perfformio neu&#039;n hwyluso.&nbsp;&nbsp;<\/p>\n\n\n\n<p>Mae\u2019r daflen wybodaeth yn cynnig gwasanaethau cymorth gwahanol sydd ar gael i oroeswyr FGM ac adnoddau cyffredinol sy\u2019n darparu gwybodaeth bellach. Yn gyffredinol, mae taflenni FGM yn chwarae rhan hanfodol yn yr ymdrech fyd-eang i ddileu&#039;r arfer a chefnogi cymunedau yr effeithir arnynt.&nbsp;&nbsp;<\/p>\n\n\n\n<figure class=\"wp-block-image size-large\"><a href=\"https:\/\/bawso.org.uk\/wp-content\/uploads\/2024\/07\/202407-Bawso-FGM-Awareness-leaflet.pdf.png\"><img loading=\"lazy\" decoding=\"async\" width=\"1024\" height=\"307\" src=\"https:\/\/bawso.org.uk\/wp-content\/uploads\/2024\/07\/202407-Bawso-FGM-Awareness-leaflet.pdf-1024x307.png\" alt=\"\" class=\"wp-image-4013\" srcset=\"https:\/\/bawso.org.uk\/wp-content\/uploads\/2024\/07\/202407-Bawso-FGM-Awareness-leaflet.pdf-1024x307.png 1024w, https:\/\/bawso.org.uk\/wp-content\/uploads\/2024\/07\/202407-Bawso-FGM-Awareness-leaflet.pdf-300x90.png 300w, https:\/\/bawso.org.uk\/wp-content\/uploads\/2024\/07\/202407-Bawso-FGM-Awareness-leaflet.pdf-768x230.png 768w, https:\/\/bawso.org.uk\/wp-content\/uploads\/2024\/07\/202407-Bawso-FGM-Awareness-leaflet.pdf-1536x460.png 1536w, https:\/\/bawso.org.uk\/wp-content\/uploads\/2024\/07\/202407-Bawso-FGM-Awareness-leaflet.pdf-18x5.png 18w, https:\/\/bawso.org.uk\/wp-content\/uploads\/2024\/07\/202407-Bawso-FGM-Awareness-leaflet.pdf.png 2000w\" sizes=\"auto, (max-width: 1024px) 100vw, 1024px\" \/><\/a><\/figure>\n\n\n\n<figure class=\"wp-block-image size-large\"><a href=\"https:\/\/bawso.org.uk\/wp-content\/uploads\/2024\/07\/202407-Bawso-FGM-Awareness-leaflet.pdf-1.png\"><img loading=\"lazy\" decoding=\"async\" width=\"1024\" height=\"307\" src=\"https:\/\/bawso.org.uk\/wp-content\/uploads\/2024\/07\/202407-Bawso-FGM-Awareness-leaflet.pdf-1-1024x307.png\" alt=\"\" class=\"wp-image-4016\" srcset=\"https:\/\/bawso.org.uk\/wp-content\/uploads\/2024\/07\/202407-Bawso-FGM-Awareness-leaflet.pdf-1-1024x307.png 1024w, https:\/\/bawso.org.uk\/wp-content\/uploads\/2024\/07\/202407-Bawso-FGM-Awareness-leaflet.pdf-1-300x90.png 300w, https:\/\/bawso.org.uk\/wp-content\/uploads\/2024\/07\/202407-Bawso-FGM-Awareness-leaflet.pdf-1-768x230.png 768w, https:\/\/bawso.org.uk\/wp-content\/uploads\/2024\/07\/202407-Bawso-FGM-Awareness-leaflet.pdf-1-1536x460.png 1536w, https:\/\/bawso.org.uk\/wp-content\/uploads\/2024\/07\/202407-Bawso-FGM-Awareness-leaflet.pdf-1-18x5.png 18w, https:\/\/bawso.org.uk\/wp-content\/uploads\/2024\/07\/202407-Bawso-FGM-Awareness-leaflet.pdf-1.png 2000w\" sizes=\"auto, (max-width: 1024px) 100vw, 1024px\" \/><\/a><\/figure>\n\n\n\n<h2 class=\"wp-block-heading has-brand-one-color has-text-color has-link-color wp-elements-f83db1f6d3b29a0d7a1c91e86e820ee8\"><a href=\"https:\/\/bawso.org.uk\/cy\/bawso-sebei-fgm-project-update\/\" data-type=\"page\" data-id=\"3983\">B<\/a><a href=\"https:\/\/bawso.org.uk\/cy\/bawso-sebei-fgm-project-update\/\" data-type=\"page\" data-id=\"3983\" target=\"_blank\" rel=\"noreferrer noopener\">awso \u2013 Y DIWEDDARAF AM Brosiect FGM Sebei!&nbsp;<\/a><\/h2>\n\n\n\n<h2 class=\"wp-block-heading has-brand-one-color has-text-color has-link-color wp-elements-d5732e93419d15dd6160343a321ccb40\"><a href=\"https:\/\/bawso.org.uk\/cy\/linking-communities-in-africa-to-address-fgm\/\" data-type=\"page\" data-id=\"4082\">Cysylltu cymunedau yn Affrica i fynd i&#039;r afael ag FGM<\/a><\/h2>","protected":false},"excerpt":{"rendered":"<p>We are delighted to announce a new project which is a partnership between Wales and Uganda. We have received funding from the Welsh government administered by Wales Council for Voluntary [&hellip;]<\/p>\n","protected":false},"author":6,"featured_media":3632,"parent":0,"menu_order":0,"comment_status":"closed","ping_status":"closed","template":"","meta":{"_acf_changed":false,"_seopress_robots_primary_cat":"","_seopress_titles_title":"","_seopress_titles_desc":"","_seopress_robots_index":"","footnotes":""},"class_list":["post-3974","page","type-page","status-publish","has-post-thumbnail","hentry"],"acf":[],"publishpress_future_action":{"enabled":false,"date":"2026-06-27 14:29:00","action":"category-add","newStatus":"draft","terms":[],"taxonomy":"","extraData":[]},"publishpress_future_workflow_manual_trigger":{"enabledWorkflows":[]},"_links":{"self":[{"href":"https:\/\/bawso.org.uk\/cy\/wp-json\/wp\/v2\/pages\/3974","targetHints":{"allow":["GET"]}}],"collection":[{"href":"https:\/\/bawso.org.uk\/cy\/wp-json\/wp\/v2\/pages"}],"about":[{"href":"https:\/\/bawso.org.uk\/cy\/wp-json\/wp\/v2\/types\/page"}],"author":[{"embeddable":true,"href":"https:\/\/bawso.org.uk\/cy\/wp-json\/wp\/v2\/users\/6"}],"replies":[{"embeddable":true,"href":"https:\/\/bawso.org.uk\/cy\/wp-json\/wp\/v2\/comments?post=3974"}],"version-history":[{"count":11,"href":"https:\/\/bawso.org.uk\/cy\/wp-json\/wp\/v2\/pages\/3974\/revisions"}],"predecessor-version":[{"id":4133,"href":"https:\/\/bawso.org.uk\/cy\/wp-json\/wp\/v2\/pages\/3974\/revisions\/4133"}],"wp:featuredmedia":[{"embeddable":true,"href":"https:\/\/bawso.org.uk\/cy\/wp-json\/wp\/v2\/media\/3632"}],"wp:attachment":[{"href":"https:\/\/bawso.org.uk\/cy\/wp-json\/wp\/v2\/media?parent=3974"}],"curies":[{"name":"wp","href":"https:\/\/api.w.org\/{rel}","templated":true}]}}