{"id":4082,"date":"2024-08-28T11:06:31","date_gmt":"2024-08-28T10:06:31","guid":{"rendered":"https:\/\/bawso.org.uk\/?page_id=4082"},"modified":"2024-08-28T11:06:31","modified_gmt":"2024-08-28T10:06:31","slug":"linking-communities-in-africa-to-address-fgm","status":"publish","type":"page","link":"https:\/\/bawso.org.uk\/cs\/linking-communities-in-africa-to-address-fgm\/","title":{"rendered":"Propojen\u00ed komunit v Africe za \u00fa\u010delem \u0159e\u0161en\u00ed FGM\u00a0"},"content":{"rendered":"<p>Mrza\u010den\u00ed \u017eensk\u00fdch pohlavn\u00edch org\u00e1n\u016f (FGM) je velmi praktikov\u00e1no ve v\u00fdchodn\u00ed \u010d\u00e1sti Ugandy, zejm\u00e9na v oblasti Sebei a mezi Pokoty v Amudatu v sousedn\u00edm okrese Karamoja, kde je mnoho mlad\u00fdch d\u00edvek nuceno k t\u00e9to nebezpe\u010dn\u00e9 praxi.&nbsp;<\/p>\n\n\n\n<p>P\u0159edpokl\u00e1d\u00e1 se, \u017ee jde o ritu\u00e1l p\u0159echodu d\u00edvky do \u017eensk\u00e9 k\u00e1p\u011b. Proces je v\u0161ak velmi bolestiv\u00fd a m\u016f\u017ee v\u00e9st k t\u011b\u017ek\u00fdm zdravotn\u00edm komplikac\u00edm, infekc\u00edm, krv\u00e1cen\u00ed a\u017e smrti.&nbsp;<\/p>\n\n\n\n<p>Podle zpr\u00e1v v\u00edce ne\u017e 50% d\u00edvek v Sebei a Amudat podstoupilo mrza\u010den\u00ed \u017eensk\u00fdch pohlavn\u00edch org\u00e1n\u016f, p\u0159i\u010dem\u017e n\u011bkter\u00e9 byly k t\u00e9to praxi donuceny ve velmi \u00fatl\u00e9m v\u011bku deseti let.&nbsp;<\/p>\n\n\n\n<p>Cvi\u010den\u00ed je v\u017edy prov\u00e1d\u011bno za nehygienick\u00fdch podm\u00ednek zvy\u0161uj\u00edc\u00edch riziko infekce a dal\u0161\u00edch zdravotn\u00edch stav\u016f. Navzdory odporu n\u011bkter\u00fdch \u010dlen\u016f komunity, kte\u0159\u00ed to pova\u017euj\u00ed za d\u016fle\u017eitou kulturn\u00ed tradici, vynakl\u00e1d\u00e1 Projekt na pos\u00edlen\u00ed postaven\u00ed komunity Greater Sebei velk\u00e9 \u00fasil\u00ed, aby se spojil se zdravotn\u00edky, m\u00edstn\u00edmi aktivisty a vl\u00e1dn\u00edmi \u00fa\u0159ady, institucemi, jako jsou \u0161koly a c\u00edrkve, aby se \u0161krty ukon\u010dily.&nbsp;<\/p>\n\n\n\n<p>Projekt Greater Sebei Community Empowerment Project d\u00e1le spolupracuje s The Christian Partners Development Agency (CDPA) se s\u00eddlem v Keni, aby se pod\u011blili o zku\u0161enosti, jak mohou ukon\u010dit praxi pomoc\u00ed n\u00ed\u017ee uveden\u00fdch p\u0159\u00edstup\u016f. CPDA m\u00e1 v\u00edce ne\u017e 30 let zku\u0161enost\u00ed s obhajobou mlad\u00fdch d\u00edvek a \u017een, s \u0159e\u0161en\u00edm genderov\u011b podm\u00edn\u011bn\u00e9ho n\u00e1sil\u00ed, kter\u00e9 zahrnuje FGM, p\u0159ed\u010dasn\u00e9 s\u0148atky, dom\u00e1c\u00ed zneu\u017e\u00edv\u00e1n\u00ed, sexu\u00e1ln\u00ed n\u00e1sil\u00ed, zn\u00e1siln\u011bn\u00ed a incest v Keni. Ob\u011b organizace pracuj\u00ed v podobn\u00fdch oblastech n\u00e1sil\u00ed na \u017een\u00e1ch a d\u00edvk\u00e1ch a jejich individu\u00e1ln\u00ed zku\u0161enosti p\u0159isp\u00edvaj\u00ed ke sn\u00ed\u017een\u00ed m\u00edry FGM v regionu Sebei o 50% v p\u0159\u00ed\u0161t\u00edch deseti letech.\u00a0<\/p>\n\n\n\n<ul class=\"wp-block-list\">\n<li>Kontinu\u00e1ln\u00ed senzibilizace od dve\u0159\u00ed ke dve\u0159\u00edm&nbsp;<\/li>\n\n\n\n<li>Kontinu\u00e1ln\u00ed FGM senzibilizace hork\u00fdch m\u00edst<\/li>\n\n\n\n<li>Zaveden\u00ed \u0161koln\u00edch debat pro ob\u011b pohlav\u00ed s c\u00edlem prodiskutovat dopad, kter\u00fd m\u00e1 FGM na sv\u00e9 ob\u011bti&nbsp;<\/li>\n\n\n\n<li>Zvy\u0161ov\u00e1n\u00ed pov\u011bdom\u00ed komunity prost\u0159ednictv\u00edm road show&nbsp;<\/li>\n\n\n\n<li>Pomoc\u00ed m\u00edstn\u00edho komunitn\u00edho rozhlasu se mluv\u00ed o FGM na m\u00edstn\u00ed i n\u00e1rodn\u00ed \u00farovni&nbsp;<\/li>\n\n\n\n<li>N\u00e1bor ambasador\u016f proti FGM v komunit\u011b a ve \u0161kol\u00e1ch&nbsp;&nbsp;<\/li>\n\n\n\n<li>Uzn\u00e1n\u00ed ambasador\u016f proti FGM. Dobrovoln\u00edci jsou \u0161koleni a maj\u00ed k dispozici n\u00e1stroje ke zv\u00fd\u0161en\u00ed pov\u011bdom\u00ed o FGM ve sv\u00fdch komunit\u00e1ch. Absolvuj\u00ed se standardn\u00edm prosp\u011bchem<\/li>\n\n\n\n<li>Pravideln\u011b vedeme komunitn\u00ed dialog, abychom udr\u017eeli poselstv\u00ed proti FGM na\u017eivu<\/li>\n<\/ul>\n\n\n\n<div style=\"height:49px\" aria-hidden=\"true\" class=\"wp-block-spacer\"><\/div>\n\n\n\n<div class=\"wp-block-media-text is-stacked-on-mobile\"><figure class=\"wp-block-media-text__media\"><img loading=\"lazy\" decoding=\"async\" width=\"262\" height=\"245\" src=\"https:\/\/bawso.org.uk\/wp-content\/uploads\/2024\/08\/Picture2.png\" alt=\"\" class=\"wp-image-4085 size-full\" srcset=\"https:\/\/bawso.org.uk\/wp-content\/uploads\/2024\/08\/Picture2.png 262w, https:\/\/bawso.org.uk\/wp-content\/uploads\/2024\/08\/Picture2-13x12.png 13w\" sizes=\"auto, (max-width: 262px) 100vw, 262px\" \/><\/figure><div class=\"wp-block-media-text__content\">\n<p><strong><em>Gener\u00e1ln\u00ed \u0159editelka CDPA pan\u00ed Alice Kirambi na jedn\u00e1n\u00ed s<\/em><\/strong> <strong><em>P\u0159e\u017eiv\u0161\u00ed FGM\/FISTULA.<\/em><\/strong><\/p>\n<\/div><\/div>\n\n\n\n<div class=\"wp-block-media-text has-media-on-the-right is-stacked-on-mobile\"><div class=\"wp-block-media-text__content\">\n<p><strong><em>\u00a0Ann z CDPA usnad\u0148uje sezen\u00ed na st\u0159edn\u00ed \u0161kole Kapkwata<\/em><\/strong><\/p>\n<\/div><figure class=\"wp-block-media-text__media\"><img loading=\"lazy\" decoding=\"async\" width=\"664\" height=\"460\" src=\"https:\/\/bawso.org.uk\/wp-content\/uploads\/2024\/08\/Picture3.png\" alt=\"\" class=\"wp-image-4086 size-full\" srcset=\"https:\/\/bawso.org.uk\/wp-content\/uploads\/2024\/08\/Picture3.png 664w, https:\/\/bawso.org.uk\/wp-content\/uploads\/2024\/08\/Picture3-300x208.png 300w, https:\/\/bawso.org.uk\/wp-content\/uploads\/2024\/08\/Picture3-18x12.png 18w\" sizes=\"auto, (max-width: 664px) 100vw, 664px\" \/><\/figure><\/div>","protected":false},"excerpt":{"rendered":"<p>Female Genital Mutilation (FGM) is highly practiced in eastern part of Uganda, particularly the Sebei region and among the Pokots in Amudat the neighboring District of the Karamoja region where [&hellip;]<\/p>\n","protected":false},"author":6,"featured_media":0,"parent":0,"menu_order":0,"comment_status":"closed","ping_status":"closed","template":"","meta":{"_acf_changed":false,"_seopress_robots_primary_cat":"","_seopress_titles_title":"","_seopress_titles_desc":"","_seopress_robots_index":"","footnotes":""},"class_list":["post-4082","page","type-page","status-publish","hentry"],"acf":[],"publishpress_future_action":{"enabled":false,"date":"2026-07-07 16:00:47","action":"category-add","newStatus":"draft","terms":[],"taxonomy":"","extraData":[]},"publishpress_future_workflow_manual_trigger":{"enabledWorkflows":[]},"_links":{"self":[{"href":"https:\/\/bawso.org.uk\/cs\/wp-json\/wp\/v2\/pages\/4082","targetHints":{"allow":["GET"]}}],"collection":[{"href":"https:\/\/bawso.org.uk\/cs\/wp-json\/wp\/v2\/pages"}],"about":[{"href":"https:\/\/bawso.org.uk\/cs\/wp-json\/wp\/v2\/types\/page"}],"author":[{"embeddable":true,"href":"https:\/\/bawso.org.uk\/cs\/wp-json\/wp\/v2\/users\/6"}],"replies":[{"embeddable":true,"href":"https:\/\/bawso.org.uk\/cs\/wp-json\/wp\/v2\/comments?post=4082"}],"version-history":[{"count":2,"href":"https:\/\/bawso.org.uk\/cs\/wp-json\/wp\/v2\/pages\/4082\/revisions"}],"predecessor-version":[{"id":4088,"href":"https:\/\/bawso.org.uk\/cs\/wp-json\/wp\/v2\/pages\/4082\/revisions\/4088"}],"wp:attachment":[{"href":"https:\/\/bawso.org.uk\/cs\/wp-json\/wp\/v2\/media?parent=4082"}],"curies":[{"name":"wp","href":"https:\/\/api.w.org\/{rel}","templated":true}]}}