{"id":396,"date":"2022-03-10T11:49:44","date_gmt":"2022-03-10T11:49:44","guid":{"rendered":"https:\/\/bawso.org.uk\/?post_type=services&#038;p=396"},"modified":"2022-08-23T11:22:20","modified_gmt":"2022-08-23T10:22:20","slug":"raising-awareness-in-the-community","status":"publish","type":"page","link":"https:\/\/bawso.org.uk\/cs\/raising-awareness-in-the-community\/","title":{"rendered":"Zvy\u0161ov\u00e1n\u00ed pov\u011bdom\u00ed ve Spole\u010denstv\u00ed"},"content":{"rendered":"<p class=\"is-style-text-x-large\">Bawso po\u0159\u00e1d\u00e1 v \u010derno\u0161sk\u00fdch a men\u0161inov\u00fdch komunit\u00e1ch informa\u010dn\u00ed sch\u016fzky o \u0161kodliv\u00fdch kulturn\u00edch a tradi\u010dn\u00edch praktik\u00e1ch. <\/p>\n\n\n\n<p class=\"is-style-default\">Z\u00fa\u010dast\u0148uj\u00ed se jich \u017eeny a d\u00edvky, mu\u017ei a chlapci a pojedn\u00e1vaj\u00ed o dopadu a nespravedlnosti praktik, jako je mrza\u010den\u00ed \u017eensk\u00fdch pohlavn\u00edch org\u00e1n\u016f, n\u00e1sil\u00ed ze cti, dom\u00e1c\u00ed n\u00e1sil\u00ed a v\u0161echny formy brutality.<\/p>\n\n\n\n<p class=\"is-style-default\">Sezen\u00ed jsou navr\u017eena tak, aby vybavila komunity znalostmi a informacemi, kter\u00e9 pot\u0159ebuj\u00ed ke zpochyb\u0148ov\u00e1n\u00ed \u0161kodliv\u00fdch praktik a ke zm\u011bn\u011b postoj\u016f, kter\u00e9 umo\u017e\u0148uj\u00ed, aby zneu\u017e\u00edv\u00e1n\u00ed pokra\u010dovalo a nebylo hl\u00e1\u0161eno.<\/p>\n\n\n\n<h3 class=\"wp-block-heading\">Zapojte se<\/h3>\n\n\n\n<p>Chcete-li se zapojit do na\u0161\u00ed preventivn\u00ed pr\u00e1ce, po\u0161lete n\u00e1m e-mail na <a href=\"mailto:info@bawso.org.uk\" target=\"_blank\" rel=\"noreferrer noopener\">info@bawso.org.uk<\/a><\/p>","protected":false},"excerpt":{"rendered":"<p>Bawso delivers awareness sessions in black and minoritised communities on harmful cultural and traditional practices. These are attended by women and girls, men and boys, and broach the impact and [&hellip;]<\/p>","protected":false},"author":1,"featured_media":0,"parent":0,"menu_order":6,"comment_status":"open","ping_status":"closed","template":"","meta":{"_acf_changed":false,"_seopress_robots_primary_cat":"","_seopress_titles_title":"Bawso | Raising Awareness in the Community","_seopress_titles_desc":"Bawso works with Black and Ethnic Minority communities (BME) improving understanding of harmful cultural practices including violence against women and girls.","_seopress_robots_index":"","footnotes":""},"class_list":["post-396","page","type-page","status-publish","hentry"],"acf":[],"publishpress_future_action":{"enabled":false,"date":"2026-06-16 02:15:56","action":"category-add","newStatus":"draft","terms":[],"taxonomy":"","extraData":[]},"publishpress_future_workflow_manual_trigger":{"enabledWorkflows":[]},"_links":{"self":[{"href":"https:\/\/bawso.org.uk\/cs\/wp-json\/wp\/v2\/pages\/396","targetHints":{"allow":["GET"]}}],"collection":[{"href":"https:\/\/bawso.org.uk\/cs\/wp-json\/wp\/v2\/pages"}],"about":[{"href":"https:\/\/bawso.org.uk\/cs\/wp-json\/wp\/v2\/types\/page"}],"author":[{"embeddable":true,"href":"https:\/\/bawso.org.uk\/cs\/wp-json\/wp\/v2\/users\/1"}],"replies":[{"embeddable":true,"href":"https:\/\/bawso.org.uk\/cs\/wp-json\/wp\/v2\/comments?post=396"}],"version-history":[{"count":7,"href":"https:\/\/bawso.org.uk\/cs\/wp-json\/wp\/v2\/pages\/396\/revisions"}],"predecessor-version":[{"id":1658,"href":"https:\/\/bawso.org.uk\/cs\/wp-json\/wp\/v2\/pages\/396\/revisions\/1658"}],"wp:attachment":[{"href":"https:\/\/bawso.org.uk\/cs\/wp-json\/wp\/v2\/media?parent=396"}],"curies":[{"name":"wp","href":"https:\/\/api.w.org\/{rel}","templated":true}]}}