{"id":3896,"date":"2024-05-21T08:24:47","date_gmt":"2024-05-21T07:24:47","guid":{"rendered":"https:\/\/bawso.org.uk\/?page_id=3896"},"modified":"2025-01-07T15:56:41","modified_gmt":"2025-01-07T15:56:41","slug":"research-and-publications","status":"publish","type":"page","link":"https:\/\/bawso.org.uk\/cs\/research-and-publications\/","title":{"rendered":"V\u00fdzkum a publikace"},"content":{"rendered":"<p class=\"has-large-font-size\"><strong><em><strong>Zji\u0161t\u011bn\u00ed z v\u00fdzkumn\u00e9 zpr\u00e1vy o nucen\u00e9m man\u017eelstv\u00ed Bawso&nbsp;<\/strong>&nbsp;<\/em><\/strong><\/p>\n\n\n\n<p>Nucen\u00e9 s\u0148atky postihuj\u00ed v\u00edce ne\u017e 15,4 milion\u016f lid\u00ed na cel\u00e9m sv\u011bt\u011b, z toho 88% jsou \u017eeny a d\u00edvky. Praxe omezuje mo\u017enosti \u017een v \u017eivot\u011b diktovat osobu, kterou by si m\u011bly vz\u00edt, p\u0159\u00e1tele, se kter\u00fdmi se st\u00fdkaj\u00ed, a dal\u0161\u00ed \u017eivotn\u00ed volby. Nucen\u00e9 s\u0148atky jsou formou zneu\u017e\u00edv\u00e1n\u00ed \u017een a d\u00edvek a m\u011bly by b\u00fdt pova\u017eov\u00e1ny za trestn\u00fd \u010din.&nbsp;&nbsp;<\/p>\n\n\n\n<p>\u0158e\u0161en\u00ed nucen\u00fdch s\u0148atk\u016f a zneu\u017e\u00edv\u00e1n\u00ed zalo\u017een\u00e9ho na cti (HBA), kter\u00e9 je \u010dasto spojov\u00e1no s man\u017eelstv\u00edm, vy\u017eaduje lep\u0161\u00ed pochopen\u00ed rozsahu praxe a faktor\u016f, kter\u00e9 k n\u00ed p\u0159isp\u00edvaj\u00ed. Jako organizace, kter\u00e1 podporuje ob\u011bti a p\u0159e\u017eiv\u0161\u00ed nucen\u00fdch s\u0148atk\u016f a HBA, jsme provedli studii, jej\u00edm\u017e c\u00edlem bylo z\u00edskat hlubok\u00e9 pochopen\u00ed ideologi\u00ed, kter\u00e9 p\u0159isp\u00edvaj\u00ed k nucen\u00fdm s\u0148atk\u016fm a HBV. Tato studie byla prov\u00e1d\u011bna od roku 2022 a dokon\u010dena v z\u00e1\u0159\u00ed 2023. Zpr\u00e1vu zah\u00e1jila v \u0159\u00edjnu 2023 ministryn\u011b soci\u00e1ln\u00ed spravedlnosti a hlavn\u00ed whipov\u00e1 Jane Hutt (vel\u0161sk\u00e1 vl\u00e1da).&nbsp;&nbsp;<\/p>\n\n\n\n<p>Kl\u00ed\u010dov\u00fdm doporu\u010den\u00edm v\u00fdzkumu bylo, \u017ee je pot\u0159eba, aby podp\u016frn\u00e9 agentury zavedly komplexn\u00ed syst\u00e9m podpory pro p\u0159e\u017eiv\u0161\u00ed od okam\u017eiku, kdy byl incident nahl\u00e1\u0161en, a\u017e do doby, kdy p\u0159e\u017eiv\u0161\u00ed ji\u017e nepot\u0159ebuje p\u0159\u00edmou podporu bez ohledu na jejich imigra\u010dn\u00ed status.&nbsp;&nbsp;&nbsp;<\/p>\n\n\n\n<p>Chcete-li z\u00edskat podrobn\u00e1 zji\u0161t\u011bn\u00ed a doporu\u010den\u00ed ze zpr\u00e1vy, klikn\u011bte zde na odkaz na celou zpr\u00e1vu a na odkaz na souhrnnou zpr\u00e1vu.&nbsp;&nbsp;<\/p>\n\n\n\n<iframe allowfullscreen=\"allowfullscreen\" scrolling=\"no\" class=\"fp-iframe\" src=\"https:\/\/heyzine.com\/flip-book\/6255fce0df.html\" style=\"border: 1px solid lightgray; width: 100%; height: 400px;\"><\/iframe>\n\n\n\n<div class=\"wp-block-file\"><a id=\"wp-block-file--media-9f7730c8-6cc1-4d03-a8db-1f9baeee7b79\" href=\"https:\/\/bawso.org.uk\/wp-content\/uploads\/2024\/05\/Bawso-Understanding-Forced-Marriage-Report.pdf\" target=\"_blank\" rel=\"noreferrer noopener\">Bawso-Porozum\u011bn\u00ed-Vynucen\u00e9-Man\u017eelstv\u00ed-Zpr\u00e1va<\/a><a href=\"https:\/\/bawso.org.uk\/wp-content\/uploads\/2024\/05\/Bawso-Understanding-Forced-Marriage-Report.pdf\" class=\"wp-block-file__button wp-element-button\" download aria-describedby=\"wp-block-file--media-9f7730c8-6cc1-4d03-a8db-1f9baeee7b79\">Sta\u017een\u00ed<\/a><\/div>\n\n\n\n<p> <\/p>\n\n\n\n<h2 class=\"wp-block-heading\">Zah\u00e1jen\u00ed v\u00fdzkumn\u00e9 zpr\u00e1vy Bawso Forced Marriage Research Report 19.10.23<\/h2>\n\n\n\n<figure class=\"wp-block-embed is-type-wp-embed is-provider-bawso wp-block-embed-bawso\"><div class=\"wp-block-embed__wrapper\">\n<blockquote class=\"wp-embedded-content\" data-secret=\"MafNx7rbM3\"><a href=\"https:\/\/bawso.org.uk\/cs\/2023\/10\/launch-of-bawso-forced-marriage-research-report\/\">Zah\u00e1jen\u00ed v\u00fdzkumn\u00e9 zpr\u00e1vy Bawso Forced Marriage Research Report<\/a><\/blockquote><iframe loading=\"lazy\" class=\"wp-embedded-content\" sandbox=\"allow-scripts\" security=\"restricted\" style=\"position: absolute; visibility: hidden;\" title=\"\u201eZah\u00e1jen\u00ed v\u00fdzkumn\u00e9 zpr\u00e1vy o vynucen\u00fdch man\u017eelstv\u00edch Bawso\u201c \u2014 Bawso\" src=\"https:\/\/bawso.org.uk\/en\/2023\/10\/launch-of-bawso-forced-marriage-research-report\/embed\/#?secret=ICmyeXtCPh#?secret=MafNx7rbM3\" data-secret=\"MafNx7rbM3\" width=\"600\" height=\"338\" frameborder=\"0\" marginwidth=\"0\" marginheight=\"0\" scrolling=\"no\"><\/iframe>\n<\/div><\/figure>\n\n\n\n\n\n<div class=\"wp-block-file\"><a id=\"wp-block-file--media-9f7730c8-6cc1-4d03-a8db-1f9baeee7b79\" href=\"https:\/\/bawso.org.uk\/wp-content\/uploads\/2025\/01\/Understanding-Forced-Marriage_English-Welsh-October-2023-Summary-Report.pdf\" target=\"_blank\" rel=\"noreferrer noopener\">Understanding-Forced-Marriage_English-Welsh-October-2023-Summary-Report<\/a><a href=\"https:\/\/bawso.org.uk\/wp-content\/uploads\/2025\/01\/Understanding-Forced-Marriage_English-Welsh-October-2023-Summary-Report.pdf\" class=\"wp-block-file__button wp-element-button\" download aria-describedby=\"wp-block-file--media-9f7730c8-6cc1-4d03-a8db-1f9baeee7b79\">Sta\u017een\u00ed<\/a><\/div>\n\n\n\n<hr class=\"wp-block-separator has-alpha-channel-opacity\"\/>\n\n\n\n<h2 class=\"wp-block-heading\">Zpr\u00e1va o \u017eivotn\u00edch n\u00e1kladech 2024<\/h2>\n\n\n\n<p>Spojen\u00e9 kr\u00e1lovstv\u00ed zaznamenalo od COVID 19 n\u00e1r\u016fst inflace, kter\u00fd m\u00e1 dopad na \u017eivoty lid\u00ed s n\u00edzk\u00fdmi p\u0159\u00edjmy, zraniteln\u00fdch a znev\u00fdhodn\u011bn\u00fdch lid\u00ed. Inflace zv\u00fd\u0161ila n\u00e1klady na z\u00e1kladn\u00ed zbo\u017e\u00ed, jako jsou potraviny a toaletn\u00ed pot\u0159eby, doprava, p\u00e9\u010de o d\u011bti a dovolen\u00e9. Celkov\u011b by se m\u00edra d\u011btsk\u00e9 chudoby ve Walesu ve v\u00fd\u0161i 28% m\u011bla t\u00fdkat tv\u016frc\u016f politik a vl\u00e1dy. Znamen\u00e1 to, \u017ee d\u011bti chod\u00ed sp\u00e1t bez dostate\u010dn\u00e9ho j\u00eddla a postr\u00e1daj\u00ed z\u00e1kladn\u00ed pot\u0159eby, kter\u00e9 by podpo\u0159ily jejich pohodu a r\u016fst.<\/p>\n\n\n\n<p>Nedostate\u010dn\u00fd disponibiln\u00ed p\u0159\u00edjem tak\u00e9 zvy\u0161uje riziko n\u00e1sil\u00ed a rozpadu vztah\u016f, jak zd\u016fraz\u0148uje Bawsoova zpr\u00e1va o \u017eivotn\u00edch n\u00e1kladech.&nbsp;<\/p>\n\n\n\n<iframe allowfullscreen=\"allowfullscreen\" scrolling=\"no\" class=\"fp-iframe\" src=\"https:\/\/heyzine.com\/flip-book\/a1208138a6.html\" style=\"border: 1px solid lightgray; width: 100%; height: 400px;\"><\/iframe>\n\n\n\n<div class=\"wp-block-file\"><a id=\"wp-block-file--media-9f7730c8-6cc1-4d03-a8db-1f9baeee7b79\" href=\"https:\/\/bawso.org.uk\/wp-content\/uploads\/2024\/10\/Cost-of-living-report-for-Bawso-August-2024.pdf\" target=\"_blank\" rel=\"noreferrer noopener\">P\u0159ehled-\u017eivotn\u00edch-n\u00e1klad\u016f-za-Bawso-srpen-2024<\/a><a href=\"https:\/\/bawso.org.uk\/wp-content\/uploads\/2024\/10\/Cost-of-living-report-for-Bawso-August-2024.pdf\" class=\"wp-block-file__button wp-element-button\" download aria-describedby=\"wp-block-file--media-9f7730c8-6cc1-4d03-a8db-1f9baeee7b79\">Sta\u017een\u00ed<\/a><\/div>\n\n\n\n<hr class=\"wp-block-separator has-alpha-channel-opacity\"\/>\n\n\n\n<h2 class=\"wp-block-heading\">\u017d\u00e1dn\u00e9 vyu\u017eit\u00ed ve\u0159ejn\u00fdch prost\u0159edk\u016f (NRPF) 2024<\/h2>\n\n\n\n<p>No Recourse to Public Funds (NRPF) je imigra\u010dn\u00ed podm\u00ednkou, kterou vl\u00e1da Spojen\u00e9ho kr\u00e1lovstv\u00ed klade na v\u00edza pro migranty. Tato podm\u00ednka plat\u00ed tak\u00e9 pro \u017eeny, kter\u00e9 maj\u00ed man\u017eelsk\u00e1 v\u00edza, a umo\u017e\u0148uje imigrant\u016fm z\u016fstat ve Spojen\u00e9m kr\u00e1lovstv\u00ed zdarma pro ve\u0159ejnost. Ob\u011bti dom\u00e1c\u00edho n\u00e1sil\u00ed a n\u00e1sil\u00ed na FNM jsou znev\u00fdhodn\u011bny a vystaveny zv\u00fd\u0161en\u00e9mu riziku dal\u0161\u00edho zneu\u017e\u00edv\u00e1n\u00ed. Ob\u011bti nemaj\u00ed n\u00e1rok na bezpe\u010dn\u00e9 ubytov\u00e1n\u00ed poskytovan\u00e9 charitativn\u00edmi organizacemi v azylov\u00e9m dom\u011b, proto\u017ee ubytov\u00e1n\u00ed je zaji\u0161t\u011bno z ve\u0159ejn\u00fdch prost\u0159edk\u016f. Nemohou tak\u00e9 z\u00edskat p\u0159\u00edstup k financ\u00edm\/soci\u00e1ln\u00edm d\u00e1vk\u00e1m, z nich\u017e by mohli \u017e\u00edt.&nbsp;&nbsp;<\/p>\n\n\n\n<p>Stru\u010dn\u00fd popis politiky NRPF Bawso (2024) poskytuje informace o aktu\u00e1ln\u00ed legislativ\u011b vel\u0161sk\u00e9 vl\u00e1dy, kter\u00e1 se dot\u00fdk\u00e1 ukon\u010den\u00ed bezdomovectv\u00ed ve Walesu a ochrany ob\u011bt\u00ed dom\u00e1c\u00edho n\u00e1sil\u00ed a n\u00e1sil\u00ed.&nbsp;&nbsp;<\/p>\n\n\n\n<iframe allowfullscreen=\"allowfullscreen\" scrolling=\"no\" class=\"fp-iframe\" src=\"https:\/\/heyzine.com\/flip-book\/0e864d6e09.html\" style=\"border: 1px solid lightgray; width: 100%; height: 400px;\"><\/iframe>\n\n\n\n<div class=\"wp-block-file\"><a id=\"wp-block-file--media-9f7730c8-6cc1-4d03-a8db-1f9baeee7b79\" href=\"https:\/\/bawso.org.uk\/wp-content\/uploads\/2025\/01\/Bawso-NRPF-policy-brief-October-2024.pdf\" target=\"_blank\" rel=\"noreferrer noopener\">Bawso-NRPF-policy-brief-z\u00e1\u0159\u00ed-2024<\/a><a href=\"https:\/\/bawso.org.uk\/wp-content\/uploads\/2025\/01\/Bawso-NRPF-policy-brief-October-2024.pdf\" class=\"wp-block-file__button wp-element-button\" download aria-describedby=\"wp-block-file--media-9f7730c8-6cc1-4d03-a8db-1f9baeee7b79\">Sta\u017een\u00ed<\/a><\/div>","protected":false},"excerpt":{"rendered":"<p>Zji\u0161t\u011bn\u00ed z v\u00fdzkumn\u00e9 zpr\u00e1vy Bawso o nucen\u00fdch s\u0148atc\u00edch Nucen\u00e9 s\u0148atky postihuj\u00ed v\u00edce ne\u017e 15,4 milionu lid\u00ed na cel\u00e9m sv\u011bt\u011b, z nich\u017e 88% tvo\u0159\u00ed \u017eeny a d\u00edvky. Tato praxe omezuje \u017een\u00e1m mo\u017enosti \u017eivota a diktuje [\u2026]<\/p>","protected":false},"author":6,"featured_media":0,"parent":0,"menu_order":0,"comment_status":"closed","ping_status":"closed","template":"","meta":{"_acf_changed":false,"_seopress_robots_primary_cat":"","_seopress_titles_title":"","_seopress_titles_desc":"","_seopress_robots_index":"","footnotes":""},"class_list":["post-3896","page","type-page","status-publish","hentry"],"acf":[],"publishpress_future_action":{"enabled":false,"date":"2026-06-16 03:32:02","action":"category-add","newStatus":"draft","terms":[],"taxonomy":"","extraData":[]},"publishpress_future_workflow_manual_trigger":{"enabledWorkflows":[]},"_links":{"self":[{"href":"https:\/\/bawso.org.uk\/cs\/wp-json\/wp\/v2\/pages\/3896","targetHints":{"allow":["GET"]}}],"collection":[{"href":"https:\/\/bawso.org.uk\/cs\/wp-json\/wp\/v2\/pages"}],"about":[{"href":"https:\/\/bawso.org.uk\/cs\/wp-json\/wp\/v2\/types\/page"}],"author":[{"embeddable":true,"href":"https:\/\/bawso.org.uk\/cs\/wp-json\/wp\/v2\/users\/6"}],"replies":[{"embeddable":true,"href":"https:\/\/bawso.org.uk\/cs\/wp-json\/wp\/v2\/comments?post=3896"}],"version-history":[{"count":16,"href":"https:\/\/bawso.org.uk\/cs\/wp-json\/wp\/v2\/pages\/3896\/revisions"}],"predecessor-version":[{"id":4424,"href":"https:\/\/bawso.org.uk\/cs\/wp-json\/wp\/v2\/pages\/3896\/revisions\/4424"}],"wp:attachment":[{"href":"https:\/\/bawso.org.uk\/cs\/wp-json\/wp\/v2\/media?parent=3896"}],"curies":[{"name":"wp","href":"https:\/\/api.w.org\/{rel}","templated":true}]}}