{"id":3799,"date":"2024-04-19T13:41:36","date_gmt":"2024-04-19T12:41:36","guid":{"rendered":"https:\/\/bawso.org.uk\/?page_id=3799"},"modified":"2024-04-19T13:41:37","modified_gmt":"2024-04-19T12:41:37","slug":"bawso-membership-application-form-for-individuals","status":"publish","type":"page","link":"https:\/\/bawso.org.uk\/cs\/bawso-membership-application-form-for-individuals\/","title":{"rendered":"Formul\u00e1\u0159 \u017e\u00e1dosti o \u010dlenstv\u00ed v Bawso pro jednotlivce"},"content":{"rendered":"<noscript class=\"ninja-forms-noscript-message\">\n\tUpozorn\u011bn\u00ed: U tohoto obsahu je vy\u017eadov\u00e1n JavaScript.<\/noscript>\n<div id=\"nf-form-7-cont\" class=\"nf-form-cont\" aria-live=\"polite\" aria-labelledby=\"nf-form-title-7\" aria-describedby=\"nf-form-errors-7\" role=\"form\">\n\n    <div class=\"nf-loading-spinner\"><\/div>\n\n<\/div>\n        <!-- That data is being printed as a workaround to page builders reordering the order of the scripts loaded-->\n        <script>var formDisplay=1;var nfForms=nfForms||[];var form=[];form.id='7';form.settings={\"objectType\":\"Form Setting\",\"editActive\":true,\"title\":\"Bawso Membership Application Form for Individuals \",\"show_title\":1,\"allow_public_link\":0,\"embed_form\":\"\",\"clear_complete\":1,\"hide_complete\":1,\"default_label_pos\":\"above\",\"wrapper_class\":\"\",\"element_class\":\"\",\"form_title_heading_level\":\"3\",\"key\":\"\",\"add_submit\":0,\"changeEmailErrorMsg\":\"Zadejte platnou e-mailovou adresu!\",\"changeDateErrorMsg\":\"Pros\\u00edm vlo\\u017ete spr\\u00e1vn\\u00e9 datum!\",\"confirmFieldErrorMsg\":\"Tato pole se mus\\u00ed shodovat!\",\"fieldNumberNumMinError\":\"Chyba minim\\u00e1ln\\u00ed hodnoty\",\"fieldNumberNumMaxError\":\"Chyba maxim\\u00e1ln\\u00ed hodnoty\",\"fieldNumberIncrementBy\":\"Pros\\u00edm, zvy\\u0161te o\",\"formErrorsCorrectErrors\":\"P\\u0159ed odesl\\u00e1n\\u00edm tohoto formul\\u00e1\\u0159e opravte chyby.\",\"validateRequiredField\":\"Toto pole je povinn\\u00e9.\",\"honeypotHoneypotError\":\"Honeypot Error\",\"fieldsMarkedRequired\":\"Pole ozna\\u010den\\u00e9 <span class=\\\"ninja-forms-req-symbol\\\">*<\\\/span> jsou povinn\\u00e9\",\"currency\":\"\",\"unique_field_error\":\"A form with this value has already been submitted.\",\"logged_in\":false,\"not_logged_in_msg\":\"\",\"sub_limit_msg\":\"The form has reached its submission limit.\",\"calculations\":[],\"conditions\":[],\"formContentData\":[\"bawso_membership_application_form_for_individuals_1713526091762\",\"firstname_1713525880284\",\"lastname_1713525915292\",\"address_1713525920644\",\"phone_1713525934096\",\"email_1713525937250\",\"payment_details_1713527264060\",\"terms_and_conditions_1713527176640\",\"date_1713526207396\",\"submit_1713526622990\"],\"drawerDisabled\":false,\"ninjaForms\":\"Ninja Forms\",\"fieldTextareaRTEInsertLink\":\"Vlo\\u017eit odkaz\",\"fieldTextareaRTEInsertMedia\":\"Vlo\\u017ete medi\\u00e1ln\\u00ed soubor\",\"fieldTextareaRTESelectAFile\":\"Vyberte soubor\",\"formHoneypot\":\"Pokud jste \\u010dlov\\u011bk, kter\\u00fd vid\\u00ed toto pole, nechte ho pros\\u00edm pr\\u00e1zdn\\u00e9.\",\"fileUploadOldCodeFileUploadInProgress\":\"Prob\\u00edh\\u00e1 nahr\\u00e1v\\u00e1n\\u00ed souboru.\",\"fileUploadOldCodeFileUpload\":\"NAHR\\u00c1T SOUBOR\",\"currencySymbol\":\"&pound;\",\"thousands_sep\":\"&nbsp;\",\"decimal_point\":\",\",\"siteLocale\":\"cs_CZ\",\"dateFormat\":\"d\\\/m\\\/Y\",\"startOfWeek\":\"1\",\"of\":\"\\\/\",\"previousMonth\":\"P\\u0159edch\\u00e1zej\\u00edc\\u00ed m\\u011bs\\u00edc\",\"nextMonth\":\"P\\u0159\\u00ed\\u0161t\\u00ed m\\u011bs\\u00edc\",\"months\":[\"Leden\",\"\\u00danor\",\"B\\u0159ezen\",\"Duben\",\"Kv\\u011bten\",\"\\u010cerven\",\"\\u010cervenec\",\"Srpen\",\"Z\\u00e1\\u0159\\u00ed\",\"\\u0158\\u00edjen\",\"Listopad\",\"Prosinec\"],\"monthsShort\":[\"Led\",\"\\u00dano\",\"B\\u0159e\",\"Dub\",\"Kv\\u011bten\",\"\\u010cvn\",\"\\u010cvc\",\"Srp\",\"Z\\u00e1\\u0159\",\"\\u0158\\u00edj\",\"Lis\",\"Pro\"],\"weekdays\":[\"Ned\\u011ble\",\"Pond\\u011bl\\u00ed\",\"\\u00dater\\u00fd\",\"St\\u0159eda\",\"\\u010ctvrtek\",\"P\\u00e1tek\",\"Sobota\"],\"weekdaysShort\":[\"Ne\",\"Po\",\"\\u00dat\",\"St\",\"\\u010ct\",\"P\\u00e1\",\"So\"],\"weekdaysMin\":[\"Ne\",\"Po\",\"\\u00dat\",\"St\",\"\\u010ct\",\"P\\u00e1\",\"So\"],\"recaptchaConsentMissing\":\"reCaptcha validation couldn&#039;t load.\",\"recaptchaMissingCookie\":\"reCaptcha v3 validation couldn&#039;t load the cookie needed to submit the form.\",\"recaptchaConsentEvent\":\"Accept reCaptcha cookies before sending the form.\",\"currency_symbol\":\"\",\"beforeForm\":\"\",\"beforeFields\":\"\",\"afterFields\":\"\",\"afterForm\":\"\"};form.fields=[{\"objectType\":\"Field\",\"objectDomain\":\"fields\",\"editActive\":false,\"order\":1,\"idAttribute\":\"id\",\"type\":\"listcheckbox\",\"label\":\"Bawso Membership Application Form for individuals\",\"key\":\"bawso_membership_application_form_for_individuals_1713526091762\",\"label_pos\":\"above\",\"required\":1,\"options\":[{\"errors\":[],\"max_options\":0,\"label\":\"Employed Individual\",\"value\":\"Employed Individual\",\"calc\":\"\",\"selected\":0,\"order\":0,\"settingModel\":{\"settings\":false,\"hide_merge_tags\":false,\"error\":false,\"name\":\"options\",\"type\":\"option-repeater\",\"label\":\"Options <a href=\\\"#\\\" class=\\\"nf-add-new\\\">Add New<\\\/a> <a href=\\\"#\\\" class=\\\"extra nf-open-import-tooltip\\\"><i class=\\\"fa fa-sign-in\\\" aria-hidden=\\\"true\\\"><\\\/i> Import<\\\/a>\",\"width\":\"full\",\"group\":\"\",\"value\":[{\"label\":\"One\",\"value\":\"one\",\"calc\":\"\",\"selected\":0,\"order\":0},{\"label\":\"Two\",\"value\":\"two\",\"calc\":\"\",\"selected\":0,\"order\":1},{\"label\":\"Three\",\"value\":\"three\",\"calc\":\"\",\"selected\":0,\"order\":2}],\"columns\":{\"label\":{\"header\":\"Label\",\"default\":\"\"},\"value\":{\"header\":\"Value\",\"default\":\"\"},\"calc\":{\"header\":\"Calc Value\",\"default\":\"\"},\"selected\":{\"header\":\"<span class=\\\"dashicons dashicons-yes\\\"><\\\/span>\",\"default\":0}}},\"manual_value\":true},{\"errors\":[],\"max_options\":0,\"label\":\"Unemployed Individual\",\"value\":\"Unemployed Individual\",\"calc\":\"\",\"selected\":0,\"order\":1,\"settingModel\":{\"settings\":false,\"hide_merge_tags\":false,\"error\":false,\"name\":\"options\",\"type\":\"option-repeater\",\"label\":\"Options <a href=\\\"#\\\" class=\\\"nf-add-new\\\">Add New<\\\/a> <a href=\\\"#\\\" class=\\\"extra nf-open-import-tooltip\\\"><i class=\\\"fa fa-sign-in\\\" aria-hidden=\\\"true\\\"><\\\/i> Import<\\\/a>\",\"width\":\"full\",\"group\":\"\",\"value\":[{\"label\":\"One\",\"value\":\"one\",\"calc\":\"\",\"selected\":0,\"order\":0},{\"label\":\"Two\",\"value\":\"two\",\"calc\":\"\",\"selected\":0,\"order\":1},{\"label\":\"Three\",\"value\":\"three\",\"calc\":\"\",\"selected\":0,\"order\":2}],\"columns\":{\"label\":{\"header\":\"Label\",\"default\":\"\"},\"value\":{\"header\":\"Value\",\"default\":\"\"},\"calc\":{\"header\":\"Calc Value\",\"default\":\"\"},\"selected\":{\"header\":\"<span class=\\\"dashicons dashicons-yes\\\"><\\\/span>\",\"default\":0}}},\"manual_value\":true}],\"container_class\":\"\",\"element_class\":\"\",\"admin_label\":\"\",\"help_text\":\"<p><br><\\\/p>\",\"desc_text\":\"<p><span style=\\\"font-family: &quot;Times New Roman&quot;; font-size: medium;\\\">The information provided will be treated in the strictest confidence and will not be shared with any other organization.<\\\/span><br><\\\/p>\",\"drawerDisabled\":false,\"id\":36,\"beforeField\":\"\",\"afterField\":\"\",\"value\":\"\",\"parentType\":\"list\",\"element_templates\":[\"listcheckbox\",\"input\"],\"old_classname\":\"list-checkbox\",\"wrap_template\":\"wrap\"},{\"objectType\":\"Field\",\"objectDomain\":\"fields\",\"editActive\":false,\"order\":2,\"idAttribute\":\"id\",\"type\":\"firstname\",\"label\":\"First Name\",\"key\":\"firstname_1713525880284\",\"label_pos\":\"above\",\"required\":1,\"default\":\"\",\"placeholder\":\"\",\"container_class\":\"\",\"element_class\":\"\",\"admin_label\":\"\",\"help_text\":\"\",\"custom_name_attribute\":\"fname\",\"personally_identifiable\":1,\"value\":\"\",\"drawerDisabled\":false,\"id\":37,\"beforeField\":\"\",\"afterField\":\"\",\"parentType\":\"firstname\",\"element_templates\":[\"firstname\",\"input\"],\"old_classname\":\"\",\"wrap_template\":\"wrap\"},{\"objectType\":\"Field\",\"objectDomain\":\"fields\",\"editActive\":false,\"order\":3,\"idAttribute\":\"id\",\"label\":\"Last Name\",\"type\":\"lastname\",\"key\":\"lastname_1713525915292\",\"label_pos\":\"above\",\"required\":1,\"default\":\"\",\"placeholder\":\"\",\"container_class\":\"\",\"element_class\":\"\",\"admin_label\":\"\",\"help_text\":\"\",\"custom_name_attribute\":\"lname\",\"personally_identifiable\":1,\"value\":\"\",\"id\":38,\"beforeField\":\"\",\"afterField\":\"\",\"parentType\":\"lastname\",\"element_templates\":[\"lastname\",\"input\"],\"old_classname\":\"\",\"wrap_template\":\"wrap\"},{\"objectType\":\"Field\",\"objectDomain\":\"fields\",\"editActive\":false,\"order\":4,\"idAttribute\":\"id\",\"label\":\"Address\",\"type\":\"address\",\"key\":\"address_1713525920644\",\"label_pos\":\"above\",\"required\":1,\"default\":\"\",\"placeholder\":\"\",\"container_class\":\"\",\"element_class\":\"\",\"input_limit\":\"\",\"input_limit_type\":\"characters\",\"input_limit_msg\":\"Character(s) left\",\"manual_key\":false,\"admin_label\":\"\",\"help_text\":\"\",\"mask\":\"\",\"custom_mask\":\"\",\"custom_name_attribute\":\"address\",\"personally_identifiable\":1,\"value\":\"\",\"drawerDisabled\":false,\"id\":39,\"beforeField\":\"\",\"afterField\":\"\",\"parentType\":\"address\",\"element_templates\":[\"address\",\"textbox\",\"input\"],\"old_classname\":\"\",\"wrap_template\":\"wrap\"},{\"objectType\":\"Field\",\"objectDomain\":\"fields\",\"editActive\":false,\"order\":5,\"idAttribute\":\"id\",\"label\":\"Phone\",\"type\":\"phone\",\"key\":\"phone_1713525934096\",\"label_pos\":\"above\",\"required\":1,\"default\":\"\",\"placeholder\":\"\",\"container_class\":\"\",\"element_class\":\"\",\"input_limit\":\"\",\"input_limit_type\":\"characters\",\"input_limit_msg\":\"Character(s) left\",\"manual_key\":false,\"admin_label\":\"\",\"help_text\":\"\",\"mask\":\"\",\"custom_mask\":\"\",\"custom_name_attribute\":\"phone\",\"personally_identifiable\":1,\"value\":\"\",\"id\":40,\"beforeField\":\"\",\"afterField\":\"\",\"parentType\":\"textbox\",\"element_templates\":[\"tel\",\"textbox\",\"input\"],\"old_classname\":\"\",\"wrap_template\":\"wrap\"},{\"objectType\":\"Field\",\"objectDomain\":\"fields\",\"editActive\":false,\"order\":6,\"idAttribute\":\"id\",\"label\":\"Email\",\"type\":\"email\",\"key\":\"email_1713525937250\",\"label_pos\":\"above\",\"required\":1,\"default\":\"\",\"placeholder\":\"\",\"container_class\":\"\",\"element_class\":\"\",\"admin_label\":\"\",\"help_text\":\"\",\"custom_name_attribute\":\"email\",\"personally_identifiable\":1,\"value\":\"\",\"id\":41,\"beforeField\":\"\",\"afterField\":\"\",\"parentType\":\"email\",\"element_templates\":[\"email\",\"input\"],\"old_classname\":\"\",\"wrap_template\":\"wrap\"},{\"objectType\":\"Field\",\"objectDomain\":\"fields\",\"editActive\":false,\"order\":7,\"idAttribute\":\"id\",\"label\":\"Payment Details\",\"type\":\"checkbox\",\"key\":\"payment_details_1713527264060\",\"label_pos\":\"right\",\"required\":false,\"container_class\":\"\",\"element_class\":\"\",\"manual_key\":false,\"admin_label\":\"\",\"help_text\":\"\",\"desc_text\":\"<p style=\\\"font-size: medium; font-family: &quot;Times New Roman&quot;;\\\">Payment by BACS to: Bawso, The Cooperative Bank,<\\\/p><p style=\\\"font-size: medium; font-family: &quot;Times New Roman&quot;;\\\">Sort Code:&nbsp;<span style=\\\"font-weight: 600;\\\">089003<\\\/span><\\\/p><p style=\\\"font-size: medium; font-family: &quot;Times New Roman&quot;;\\\">Account Number:&nbsp;<span style=\\\"font-weight: 600;\\\">50082298<\\\/span><\\\/p>\",\"default_value\":\"unchecked\",\"checked_value\":\"Checked\",\"unchecked_value\":\"Unchecked\",\"checked_calc_value\":\"\",\"unchecked_calc_value\":\"\",\"drawerDisabled\":false,\"id\":42,\"beforeField\":\"\",\"afterField\":\"\",\"value\":\"\",\"parentType\":\"checkbox\",\"element_templates\":[\"checkbox\",\"input\"],\"old_classname\":\"\",\"wrap_template\":\"wrap\"},{\"objectType\":\"Field\",\"objectDomain\":\"fields\",\"editActive\":false,\"order\":9,\"idAttribute\":\"id\",\"label\":\"Terms and Conditions \",\"type\":\"checkbox\",\"key\":\"terms_and_conditions_1713527176640\",\"label_pos\":\"right\",\"required\":1,\"container_class\":\"\",\"element_class\":\"\",\"manual_key\":false,\"admin_label\":\"\",\"help_text\":\"<p><br><\\\/p>\",\"desc_text\":\"<p>I understand that any information conferred to me, either verbally or in writing is highly confidential and will not be divulged for any reason to persons not connected with Bawso\\u2019s current work. Any written information will be safely and securely stored in a confidential manner.&nbsp;<\\\/p><p>&nbsp;I agree to support Bawso and agree to the terms and conditions of Bawso membership.<\\\/p>\",\"default_value\":\"unchecked\",\"checked_value\":\"Checked\",\"unchecked_value\":\"Unchecked\",\"checked_calc_value\":\"\",\"unchecked_calc_value\":\"\",\"drawerDisabled\":false,\"id\":43,\"beforeField\":\"\",\"afterField\":\"\",\"value\":\"\",\"parentType\":\"checkbox\",\"element_templates\":[\"checkbox\",\"input\"],\"old_classname\":\"\",\"wrap_template\":\"wrap\"},{\"objectType\":\"Field\",\"objectDomain\":\"fields\",\"editActive\":false,\"order\":11,\"idAttribute\":\"id\",\"type\":\"date\",\"label\":\"Date\\\/Time\",\"key\":\"date_1713526207396\",\"label_pos\":\"above\",\"required\":1,\"placeholder\":\"\",\"container_class\":\"\",\"element_class\":\"\",\"manual_key\":false,\"admin_label\":\"\",\"help_text\":\"\",\"date_mode\":\"date_only\",\"date_default\":1,\"date_format\":\"default\",\"year_range_start\":\"\",\"year_range_end\":\"\",\"hours_24\":0,\"minute_increment\":5,\"value\":\"\",\"drawerDisabled\":false,\"id\":45,\"beforeField\":\"\",\"afterField\":\"\",\"parentType\":\"date\",\"element_templates\":[\"date\",\"textbox\",\"input\"],\"old_classname\":\"\",\"wrap_template\":\"wrap\"},{\"objectType\":\"Field\",\"objectDomain\":\"fields\",\"editActive\":false,\"order\":12,\"idAttribute\":\"id\",\"type\":\"submit\",\"label\":\"Submit\",\"processing_label\":\"Processing\",\"container_class\":\"\",\"element_class\":\"\",\"key\":\"submit_1713526622990\",\"admin_label\":\"\",\"id\":46,\"beforeField\":\"\",\"afterField\":\"\",\"value\":\"\",\"label_pos\":\"above\",\"parentType\":\"textbox\",\"element_templates\":[\"submit\",\"button\",\"input\"],\"old_classname\":\"\",\"wrap_template\":\"wrap-no-label\"}];nfForms.push(form);<\/script>\n        \n","protected":false},"excerpt":{"rendered":"","protected":false},"author":1,"featured_media":0,"parent":0,"menu_order":0,"comment_status":"closed","ping_status":"closed","template":"","meta":{"_acf_changed":false,"_seopress_robots_primary_cat":"","_seopress_titles_title":"","_seopress_titles_desc":"","_seopress_robots_index":"","footnotes":""},"class_list":["post-3799","page","type-page","status-publish","hentry"],"acf":[],"publishpress_future_action":{"enabled":false,"date":"2026-07-06 12:31:44","action":"category-add","newStatus":"draft","terms":[],"taxonomy":"","extraData":[]},"publishpress_future_workflow_manual_trigger":{"enabledWorkflows":[]},"_links":{"self":[{"href":"https:\/\/bawso.org.uk\/cs\/wp-json\/wp\/v2\/pages\/3799","targetHints":{"allow":["GET"]}}],"collection":[{"href":"https:\/\/bawso.org.uk\/cs\/wp-json\/wp\/v2\/pages"}],"about":[{"href":"https:\/\/bawso.org.uk\/cs\/wp-json\/wp\/v2\/types\/page"}],"author":[{"embeddable":true,"href":"https:\/\/bawso.org.uk\/cs\/wp-json\/wp\/v2\/users\/1"}],"replies":[{"embeddable":true,"href":"https:\/\/bawso.org.uk\/cs\/wp-json\/wp\/v2\/comments?post=3799"}],"version-history":[{"count":1,"href":"https:\/\/bawso.org.uk\/cs\/wp-json\/wp\/v2\/pages\/3799\/revisions"}],"predecessor-version":[{"id":3803,"href":"https:\/\/bawso.org.uk\/cs\/wp-json\/wp\/v2\/pages\/3799\/revisions\/3803"}],"wp:attachment":[{"href":"https:\/\/bawso.org.uk\/cs\/wp-json\/wp\/v2\/media?parent=3799"}],"curies":[{"name":"wp","href":"https:\/\/api.w.org\/{rel}","templated":true}]}}