{"id":1535,"date":"2022-08-11T19:40:46","date_gmt":"2022-08-11T18:40:46","guid":{"rendered":"https:\/\/bawso.org.uk\/?page_id=1535"},"modified":"2022-08-12T12:54:53","modified_gmt":"2022-08-12T11:54:53","slug":"grants-team","status":"publish","type":"page","link":"https:\/\/bawso.org.uk\/cs\/grants-team\/","title":{"rendered":"Grantov\u00fd t\u00fdm"},"content":{"rendered":"<p class=\"is-style-text-x-large\">Bawso m\u00e1 specializovan\u00fd grantov\u00fd t\u00fdm se zku\u0161enostmi v \u0159\u00edzen\u00ed a spr\u00e1v\u011b grant\u016f od britsk\u00fdch a m\u00edstn\u00edch org\u00e1n\u016f \u010derno\u0161sk\u00fdm a men\u0161inov\u00fdm skupin\u00e1m ve Walesu.<\/p>\n\n\n\n<p class=\"is-style-default\">Tato schopnost byla vyvinuta v posledn\u00edch letech p\u0159i poskytov\u00e1n\u00ed grantov\u00fdch program\u016f Global Majority Fund poskytovan\u00fdch Comic Relief.<\/p>\n\n\n\n<p class=\"is-style-default\">Bawso m\u00e1 hlubok\u00e9 a dlouhodob\u00e9 vztahy s \u010derno\u0161sk\u00fdmi skupinami a komunitn\u00edmi v\u016fdci po cel\u00e9m Walesu. Rada Bawso, zam\u011bstnanci a dobrovoln\u00edci jsou z t\u011bchto komunit a Bawso m\u00e1 vyzkou\u0161enou a otestovanou kapacitu poskytovat granty a podporovat a radit poskytovatel\u016fm grant\u016f, kte\u0159\u00ed cht\u011bj\u00ed p\u016fsobit ve Walesu. Prov\u00e1d\u00ed prim\u00e1rn\u00ed v\u00fdzkum v t\u00e9to oblasti pr\u00e1ce.<\/p>","protected":false},"excerpt":{"rendered":"<p>Bawso has a specialist grants team with expertise in managing and administering grants from UK and local bodies to black and minoritised groups in Wales. This capability has been developed [&hellip;]<\/p>\n","protected":false},"author":1,"featured_media":0,"parent":0,"menu_order":3,"comment_status":"closed","ping_status":"closed","template":"","meta":{"_acf_changed":false,"_seopress_robots_primary_cat":"","_seopress_titles_title":"Bawso | Grants Team","_seopress_titles_desc":"Bawso has a specialist grants team with expertise in managing and administering grants from UK and local bodies to black and minoritised groups in Wales.","_seopress_robots_index":"","footnotes":""},"class_list":["post-1535","page","type-page","status-publish","hentry"],"acf":[],"publishpress_future_action":{"enabled":false,"date":"2026-07-06 13:30:25","action":"category-add","newStatus":"draft","terms":[],"taxonomy":"","extraData":[]},"publishpress_future_workflow_manual_trigger":{"enabledWorkflows":[]},"_links":{"self":[{"href":"https:\/\/bawso.org.uk\/cs\/wp-json\/wp\/v2\/pages\/1535","targetHints":{"allow":["GET"]}}],"collection":[{"href":"https:\/\/bawso.org.uk\/cs\/wp-json\/wp\/v2\/pages"}],"about":[{"href":"https:\/\/bawso.org.uk\/cs\/wp-json\/wp\/v2\/types\/page"}],"author":[{"embeddable":true,"href":"https:\/\/bawso.org.uk\/cs\/wp-json\/wp\/v2\/users\/1"}],"replies":[{"embeddable":true,"href":"https:\/\/bawso.org.uk\/cs\/wp-json\/wp\/v2\/comments?post=1535"}],"version-history":[{"count":3,"href":"https:\/\/bawso.org.uk\/cs\/wp-json\/wp\/v2\/pages\/1535\/revisions"}],"predecessor-version":[{"id":1562,"href":"https:\/\/bawso.org.uk\/cs\/wp-json\/wp\/v2\/pages\/1535\/revisions\/1562"}],"wp:attachment":[{"href":"https:\/\/bawso.org.uk\/cs\/wp-json\/wp\/v2\/media?parent=1535"}],"curies":[{"name":"wp","href":"https:\/\/api.w.org\/{rel}","templated":true}]}}