{"id":77,"date":"2021-11-30T13:46:45","date_gmt":"2021-11-30T13:46:45","guid":{"rendered":"https:\/\/bawso.org.uk\/?page_id=77"},"modified":"2025-11-19T10:26:37","modified_gmt":"2025-11-19T10:26:37","slug":"support-us","status":"publish","type":"page","link":"https:\/\/bawso.org.uk\/bs\/support-us\/","title":{"rendered":"Podr\u017eite nas"},"content":{"rendered":"<h2 class=\"wp-block-heading\">Donirati<\/h2>\n\n\n\n<p class=\"is-style-text-x-large\">Podr\u017eite Bawso kroz mjese\u010dne donacije i jednokratne poklone.<\/p>\n\n\n\n<p class=\"is-style-default\">Va\u0161e donacije \u0107e napraviti ogromnu razliku i omogu\u0107iti nam da se zala\u017eemo za i pru\u017eamo specijalisti\u010dke usluge crnim i manjinama \u017ertvama zlostavljanja, nasilja i eksploatacije u Walesu. Bilo da date mjese\u010dnu donaciju ili jednokratni poklon, va\u0161a donacija \u2013 bez obzira koliko \u0107e promijeniti \u017eivote \u017eena koje se suo\u010davaju sa zlostavljanjem i eksploatacijom \u0161irom Walesa. To \u0107e pomo\u0107i da se \u017eenama obezbijedi mjesto sigurnosti i skloni\u0161ta i podr\u0161ka prilago\u0111ena individualnim potrebama.<\/p>\n\n\n\n<div class=\"wp-block-buttons is-layout-flex wp-block-buttons-is-layout-flex\">\n<div class=\"wp-block-button is-style-primary-btn\"><a class=\"wp-block-button__link wp-element-button\" href=\"https:\/\/www.justgiving.com\/bawso\">Molim vas donirajte danas<\/a><\/div>\n<\/div>\n\n\n\n<div style=\"height:28px\" aria-hidden=\"true\" class=\"wp-block-spacer\"><\/div>\n\n\n\n<p class=\"is-style-default\">Ako \u017eelite da donirate gotovinom, \u010dekom ili bankovnim transferom, kontaktirajte nekog od na\u0161eg tima <a href=\"tel:02920 644 633\"><strong>02920 644 633<\/strong><\/a> ili emailom <a href=\"mailto:info@bawso.org.uk\" target=\"_blank\" rel=\"noreferrer noopener\">info@bawso.org.uk<\/a>. Hvala ti.<\/p>\n\n\n\n<div style=\"height:28px\" aria-hidden=\"true\" class=\"wp-block-spacer\"><\/div>\n\n\n\n<h2 class=\"wp-block-heading\">Postanite \u010dlan Bawso-a <\/h2>\n\n\n\n<p>Godi\u0161nje \u010dlanstvo Bawso traje od 1. januara do 31. decembra svake godine, ako se pridru\u017eite sredinom godine, mi \u0107emo proporcionalno pla\u0107ati naknadu. <\/p>\n\n\n\n<p><strong>Pogodnosti za sve \u010dlanove: <\/strong><\/p>\n\n\n\n<ul class=\"wp-block-list\">\n<li>Popust na kurseve Bawso Training<\/li>\n\n\n\n<li>Pristup sesijama za podizanje svijesti o nasilju nad \u017eenama<\/li>\n\n\n\n<li>Obavje\u0161tenja putem e-po\u0161te o na\u0161im poslovima, vijestima, doga\u0111ajima i obuci<\/li>\n\n\n\n<li>Pristup volonterima \/ volontiranju<\/li>\n\n\n\n<li>U\u010de\u0161\u0107e u inicijativama za prikupljanje sredstava<\/li>\n\n\n\n<li>Kampanje nasilja nad \u017eenama<\/li>\n<\/ul>\n\n\n\n<p><strong>Dodatne pogodnosti za individualne navija\u010de: <\/strong><\/p>\n\n\n\n<ul class=\"wp-block-list\">\n<li>Pristup obuci kapaciteta<\/li>\n\n\n\n<li>Facilitiranje radionica i govor na doga\u0111ajima<\/li>\n\n\n\n<li>Pravo glasa na na\u0161oj skup\u0161tini<\/li>\n<\/ul>\n\n\n\n<p><strong>Dodatne pogodnosti za organizacije: <\/strong><\/p>\n\n\n\n<ul class=\"wp-block-list\">\n<li>Besplatna promocija va\u0161ih slobodnih radnih mjesta<\/li>\n<\/ul>\n\n\n\n<p>Nakon pregleda na\u0161e \u0161eme \u010dlanstva u 2018., Bawso sada nudi sljede\u0107u kategoriju \u010dlanstva:<\/p>\n\n\n\n<div class=\"wp-block-columns alignwide is-layout-flex wp-container-core-columns-is-layout-829b1d53 wp-block-columns-is-layout-flex\" style=\"margin-bottom:0\">\n<div class=\"wp-block-column is-vertically-aligned-top has-brand-seven-background-color has-text-color has-background has-link-color wp-elements-5bea72c41901201a2af98d370fd96f4f is-layout-flow wp-block-column-is-layout-flow\" style=\"color:#000000;padding-top:2em;padding-right:2em;padding-bottom:2em;padding-left:2em\">\n<h2 class=\"wp-block-heading\" id=\"single\" style=\"font-size:25px\"><strong>Organizacijska \u010dlanarina<\/strong><\/h2>\n\n\n\n<hr class=\"wp-block-separator has-text-color has-css-opacity has-background is-style-wide\" style=\"background-color:#000000;color:#000000\"\/>\n\n\n\n<div style=\"height:31px\" aria-hidden=\"true\" class=\"wp-block-spacer\"><\/div>\n\n\n\n<div class=\"wp-block-buttons alignfull is-horizontal is-content-justification-center is-layout-flex wp-container-core-buttons-is-layout-499968f5 wp-block-buttons-is-layout-flex\">\n<div class=\"wp-block-button has-custom-width wp-block-button__width-100 is-style-fill\"><a class=\"wp-block-button__link has-white-color has-brand-two-background-color has-text-color has-background has-medium-font-size no-border-radius has-custom-font-size wp-element-button\"><strong>\u00a3100\/god<\/strong> (za organizaciju sa prometom do 1 milion funti)<\/a><\/div>\n\n\n\n<div class=\"wp-block-button has-custom-width wp-block-button__width-100 is-style-fill\"><a class=\"wp-block-button__link has-white-color has-brand-two-background-color has-text-color has-background has-medium-font-size no-border-radius has-custom-font-size wp-element-button\"><strong>\u00a3200\/god<\/strong> (za organizaciju sa prometom preko 1 milion funti)<\/a><\/div>\n<\/div>\n\n\n\n<div style=\"height:41px\" aria-hidden=\"true\" class=\"wp-block-spacer\"><\/div>\n\n\n\n<div class=\"wp-block-buttons is-content-justification-right is-layout-flex wp-container-core-buttons-is-layout-765c4724 wp-block-buttons-is-layout-flex\">\n<div class=\"wp-block-button is-style-primary-btn\"><a class=\"wp-block-button__link wp-element-button\" href=\"https:\/\/bawso.org.uk\/bs\/bawso-membership-application-form-for-organisations\/\">View Form<\/a><\/div>\n<\/div>\n<\/div>\n\n\n\n<div class=\"wp-block-column is-vertically-aligned-top has-brand-seven-background-color has-text-color has-background has-link-color wp-elements-91b7c1bf9238835c2d39eae0154569b1 is-layout-flow wp-block-column-is-layout-flow\" style=\"color:#000000;padding-top:2em;padding-right:2em;padding-bottom:2em;padding-left:2em\">\n<h2 class=\"wp-block-heading\" id=\"family\" style=\"font-size:29px\"><strong>Pojedina\u010dna \u010dlanarina<\/strong><\/h2>\n\n\n\n<hr class=\"wp-block-separator has-css-opacity is-style-wide\"\/>\n\n\n\n<div style=\"height:31px\" aria-hidden=\"true\" class=\"wp-block-spacer\"><\/div>\n\n\n\n<div class=\"wp-block-buttons alignfull is-horizontal is-content-justification-center is-layout-flex wp-container-core-buttons-is-layout-499968f5 wp-block-buttons-is-layout-flex\">\n<div class=\"wp-block-button has-custom-width wp-block-button__width-100 is-style-fill\"><a class=\"wp-block-button__link has-white-color has-brand-two-background-color has-text-color has-background has-medium-font-size no-border-radius has-custom-font-size wp-element-button\"><strong>\u00a320\/god<\/strong> (zaposlen)<\/a><\/div>\n\n\n\n<div class=\"wp-block-button has-custom-width wp-block-button__width-100 is-style-fill\"><a class=\"wp-block-button__link has-white-color has-brand-two-background-color has-text-color has-background has-medium-font-size no-border-radius has-custom-font-size wp-element-button\"><strong>\u00a310\/god <\/strong>(nezaposlen)<\/a><\/div>\n<\/div>\n\n\n\n<div style=\"height:107px\" aria-hidden=\"true\" class=\"wp-block-spacer\"><\/div>\n\n\n\n<div class=\"wp-block-buttons is-content-justification-right is-layout-flex wp-container-core-buttons-is-layout-765c4724 wp-block-buttons-is-layout-flex\">\n<div class=\"wp-block-button is-style-primary-btn\"><a class=\"wp-block-button__link wp-element-button\" href=\"https:\/\/bawso.org.uk\/bs\/bawso-membership-application-form-for-individuals\/\">View Form<\/a><\/div>\n<\/div>\n<\/div>\n<\/div>\n\n\n\n<details class=\"wp-block-details is-layout-flow wp-block-details-is-layout-flow\"><summary>Vremenski okvir <\/summary>\n<p>\u010clanstvo u Bawsou op\u0107enito se mo\u017ee odobriti u roku od 5 radnih dana pod uslovom da ispunite na\u0161e kriterije za \u010dlanstvo i dostavite sve informacije koje se tra\u017ee u ovom obrascu. Slo\u017eenije aplikacije mogu biti predmet odobrenja od strane Bawso odbora direktora, \u0161to mo\u017ee potrajati do 3 mjeseca (u zavisnosti od ciklusa sastanka). Ako va\u0161a prijava bude proslije\u0111ena Upravnom odboru, obavijestit \u0107emo vas.<\/p>\n<\/details>\n\n\n\n<details class=\"wp-block-details is-layout-flow wp-block-details-is-layout-flow\"><summary>Op\u0107a uredba o za\u0161titi podataka (GDPR)<\/summary>\n<p>Privatnost i sigurnost pojedinaca i njihovih li\u010dnih podataka shvatamo veoma ozbiljno i preduzimamo sve razumne mere i mere predostro\u017enosti da za\u0161titimo i obezbedimo li\u010dne podatke koje obra\u0111ujemo. Imamo sna\u017ene politike i procedure za sigurnost informacija kako bismo za\u0161titili li\u010dne podatke od neovla\u0161tenog pristupa, izmjene i otkrivanja. Bawso ima posve\u0107enog predstavnika kojem se mo\u017ee obratiti za sva pitanja, komentare i zahtjeve u vezi sa za\u0161titom podataka info@bawso.org.uk.<\/p>\n<\/details>\n\n\n\n<h2 class=\"wp-block-heading\">Volontiraj<\/h2>\n\n\n\n<p class=\"is-style-default\">Bawso ima uspostavljen program volontiranja koji pru\u017ea obuku i podr\u0161ku \u017eenama i djevojkama iz \u017eenskih crna\u010dkih i manjinskih zajednica u Walesu, koje \u017eele podr\u017eati Bawso aktivnosti.<\/p>\n\n\n\n<p class=\"is-style-default\">Volonteri rade u svakom dijelu Bawsa, od pru\u017eanja podr\u0161ke uslugama za brigu o odraslima i djeci do centralnih slu\u017ebi i administracije, te u svim dijelovima Walesa.<\/p>\n\n\n\n<p class=\"is-style-default\">Uloge volontera su zasnovane na interesima i sposobnostima svakog volontera.<\/p>\n\n\n\n<p class=\"is-style-default\">Bawso volonteri sti\u010du vje\u0161tine i iskustvo koje zna\u010dajno doprinose osiguranju kasnijeg zaposlenja u zajednici. Neki Bawso volonteri idu na stru\u010dnu obuku i pridru\u017euju se timu osoblja Bawso.<\/p>\n\n\n\n\n\n<div style=\"height:28px\" aria-hidden=\"true\" class=\"wp-block-spacer\"><\/div>\n\n\n\n<h2 class=\"wp-block-heading\">Prikupite sredstva za Bawso<\/h2>\n\n\n\n<p class=\"is-style-default\">Pomo\u0107i \u0107emo vam da prikupite sredstva za Bawso tako \u0161to \u0107ete pokrenuti vlastiti doga\u0111aj u\u010de\u0161\u0107a u doga\u0111ajima koje vodi Bawso. Samo nas pozovite i mi \u0107emo dati savjete i materijale.<\/p>\n\n\n\n<div style=\"height:28px\" aria-hidden=\"true\" class=\"wp-block-spacer\"><\/div>\n\n\n\n<h2 class=\"wp-block-heading\">Postanite prijatelj Bawsoa<\/h2>\n\n\n\n<p class=\"is-style-default\">Friends of Bawso je labava kolekcija penzionisanih i zaposlenih stru\u010dnjaka koji podr\u017eavaju Bawso i pru\u017eaju usluge besplatnog savjetovanja u brojnim podru\u010djima uklju\u010duju\u0107i razvoj politike, planiranje unaprijed, marketing, publicitet, aplikacije za grantove, podno\u0161enje narud\u017ebina za usluge, stanovanje, imovinu i pravne savjete .<\/p>\n\n\n\n<p class=\"is-style-default\">Friends of Bawso odgovara na zahtjeve ACEO-a i odbora. Stru\u010dnjaci Individualni prijatelji Bawso-a direktno pru\u017eaju savjete i usluge. Nema formalni status i ne igra nikakvu ulogu u upravljanju ili upravljanju Bawsom.<\/p>\n\n\n\n<p class=\"is-style-default\">Ako \u017eelite podr\u017eati Bawso na ovaj na\u010din, kontaktirajte Bawso i podijelite svoje podru\u010dje stru\u010dnosti.<\/p>","protected":false},"excerpt":{"rendered":"<p>Donate Support Bawso through monthly donations and one-off gifts. Your donations will make a huge difference&nbsp;and allow us to advocate for and deliver specialist services to black and minoritised victims [&hellip;]<\/p>","protected":false},"author":1,"featured_media":0,"parent":0,"menu_order":13,"comment_status":"closed","ping_status":"closed","template":"","meta":{"_acf_changed":false,"_seopress_robots_primary_cat":"","_seopress_titles_title":"","_seopress_titles_desc":"","_seopress_robots_index":"","footnotes":""},"class_list":["post-77","page","type-page","status-publish","hentry"],"acf":[],"publishpress_future_action":{"enabled":false,"date":"2026-06-17 11:25:52","action":"category-add","newStatus":"draft","terms":[],"taxonomy":"","extraData":[]},"publishpress_future_workflow_manual_trigger":{"enabledWorkflows":[]},"_links":{"self":[{"href":"https:\/\/bawso.org.uk\/bs\/wp-json\/wp\/v2\/pages\/77","targetHints":{"allow":["GET"]}}],"collection":[{"href":"https:\/\/bawso.org.uk\/bs\/wp-json\/wp\/v2\/pages"}],"about":[{"href":"https:\/\/bawso.org.uk\/bs\/wp-json\/wp\/v2\/types\/page"}],"author":[{"embeddable":true,"href":"https:\/\/bawso.org.uk\/bs\/wp-json\/wp\/v2\/users\/1"}],"replies":[{"embeddable":true,"href":"https:\/\/bawso.org.uk\/bs\/wp-json\/wp\/v2\/comments?post=77"}],"version-history":[{"count":70,"href":"https:\/\/bawso.org.uk\/bs\/wp-json\/wp\/v2\/pages\/77\/revisions"}],"predecessor-version":[{"id":4884,"href":"https:\/\/bawso.org.uk\/bs\/wp-json\/wp\/v2\/pages\/77\/revisions\/4884"}],"wp:attachment":[{"href":"https:\/\/bawso.org.uk\/bs\/wp-json\/wp\/v2\/media?parent=77"}],"curies":[{"name":"radni list","href":"https:\/\/api.w.org\/{rel}","templated":true}]}}