{"id":4657,"date":"2025-07-24T11:35:56","date_gmt":"2025-07-24T10:35:56","guid":{"rendered":"https:\/\/bawso.org.uk\/?page_id=4657"},"modified":"2025-08-06T11:37:38","modified_gmt":"2025-08-06T10:37:38","slug":"bawso-reclaim-project","status":"publish","type":"page","link":"https:\/\/bawso.org.uk\/bs\/bawso-reclaim-project\/","title":{"rendered":"Projekt oporavka Bawsoa"},"content":{"rendered":"<p>\u017drtve nasilja u porodici \u010desto pate od velikih problema s mentalnim zdravljem, koje dodatno pogor\u0161avaju njihovo porijeklo, kultura i sistemi vjerovanja. U mnogim zajednicama, posebno me\u0111u BME grupama, problemi mentalnog zdravlja su u velikoj mjeri stigmatizirani, \u0161to \u017ertvama jo\u0161 vi\u0161e ote\u017eava tra\u017eenje i primanje podr\u0161ke koja im je potrebna.&nbsp;<\/p>\n\n\n\n<p>U Velikoj Britaniji, a posebno u Walesu, postoje brojne prepreke koje sprje\u010davaju korisnike usluga, posebno one koji nemaju pristup javnim sredstvima, da pristupe odgovaraju\u0107oj podr\u0161ci za mentalno zdravlje. Mnogi korisnici na\u0161ih BME usluga ne mogu priu\u0161titi privatno savjetovanje, a zatvaranjem nekoliko dobrotvornih organizacija za mentalno zdravlje u Walesu, situacija je postala jo\u0161 kriti\u010dnija. Trenutno se vrijeme \u010dekanja na savjetodavne usluge kre\u0107e od godinu dana do godinu i po dana, tokom \u010dega mnogi na\u0161i korisnici usluga do\u017eivljavaju daljnje pogor\u0161anje mentalnog zdravlja.&nbsp;<\/p>\n\n\n\n<p>U Bawsu smo posve\u0107eni pronala\u017eenju inovativnih na\u010dina za podr\u0161ku korisnicima na\u0161ih usluga dok \u010dekaju stru\u010dnu pomo\u0107. Jedna takva inicijativa je <strong>Reclaim terapijske sesije<\/strong> Holisti\u010dki, umjetni\u010dki projekat koji je predstavio kolega. Ovaj projekat omogu\u0107ava klijentima da koriste kreativno izra\u017eavanje kao sredstvo za obradu osje\u0107aja, smirivanje uma i upravljanje svojim mentalnim zdravljem.&nbsp;<\/p>\n\n\n\n<p>Kroz umjetnost, klijenti dobijaju neverbalni izlaz za istra\u017eivanje i izra\u017eavanje svojih emocija, promoviraju\u0107i iscjeljenje i otpornost. \u0160tavi\u0161e, postoji mogu\u0107nost da se njihova umjetni\u010dka djela izlo\u017ee ili prodaju, a prihod \u0107e podr\u017eati NRPF projekat koji nudi i terapeutske i prakti\u010dne koristi.&nbsp;<\/p>\n\n\n\n<p>Vjerujemo da projekat Reclaim ima potencijal da pozitivno uti\u010de na \u0161irok spektar korisnika na\u0161ih usluga, poma\u017eu\u0107i im da povrate svoj glas, upravljaju svojim mentalnim blagostanjem i krenu naprijed s dostojanstvom i nadom.&nbsp;<\/p>\n\n\n\n<div class=\"wp-block-media-text is-stacked-on-mobile\"><figure class=\"wp-block-media-text__media\"><img loading=\"lazy\" decoding=\"async\" width=\"768\" height=\"1024\" src=\"https:\/\/bawso.org.uk\/wp-content\/uploads\/2025\/08\/Cardiff-Half-Marathon-Group-Picture-2024-1-768x1024.jpg\" alt=\"\" class=\"wp-image-4701 size-full\" srcset=\"https:\/\/bawso.org.uk\/wp-content\/uploads\/2025\/08\/Cardiff-Half-Marathon-Group-Picture-2024-1-768x1024.jpg 768w, https:\/\/bawso.org.uk\/wp-content\/uploads\/2025\/08\/Cardiff-Half-Marathon-Group-Picture-2024-1-225x300.jpg 225w, https:\/\/bawso.org.uk\/wp-content\/uploads\/2025\/08\/Cardiff-Half-Marathon-Group-Picture-2024-1-1152x1536.jpg 1152w, https:\/\/bawso.org.uk\/wp-content\/uploads\/2025\/08\/Cardiff-Half-Marathon-Group-Picture-2024-1-9x12.jpg 9w, https:\/\/bawso.org.uk\/wp-content\/uploads\/2025\/08\/Cardiff-Half-Marathon-Group-Picture-2024-1.jpg 1536w\" sizes=\"auto, (max-width: 768px) 100vw, 768px\" \/><\/figure><div class=\"wp-block-media-text__content\">\n<p>Ove godine, na polumaratonu u Cardiffu 2025., na\u0161i trka\u010di prikupljaju sredstva za ovaj projekat. Pogledajte kako im ide i podr\u017eite ih donacijom ili dijeljenjem!<\/p>\n\n\n\n<div class=\"wp-block-buttons is-layout-flex wp-block-buttons-is-layout-flex\">\n<div class=\"wp-block-button\"><a class=\"wp-block-button__link wp-element-button\" href=\"https:\/\/www.justgiving.com\/campaign\/teambawso-chm-2025\">Donirajte ovdje! <\/a><\/div>\n<\/div>\n<\/div><\/div>\n\n\n\n<p><\/p>","protected":false},"excerpt":{"rendered":"<p>\u017drtve nasilja u porodici \u010desto pate od velikih problema s mentalnim zdravljem, koje dodatno pogor\u0161avaju njihovo porijeklo, kultura i sistemi vjerovanja. U mnogim zajednicama, posebno me\u0111u BME grupama, mentalno [\u2026]<\/p>","protected":false},"author":6,"featured_media":0,"parent":0,"menu_order":0,"comment_status":"closed","ping_status":"closed","template":"","meta":{"_acf_changed":false,"_seopress_robots_primary_cat":"","_seopress_titles_title":"","_seopress_titles_desc":"","_seopress_robots_index":"","footnotes":""},"class_list":["post-4657","page","type-page","status-publish","hentry"],"acf":[],"publishpress_future_action":{"enabled":false,"date":"2026-06-19 11:21:30","action":"category-add","newStatus":"draft","terms":[],"taxonomy":"","extraData":[]},"publishpress_future_workflow_manual_trigger":{"enabledWorkflows":[]},"_links":{"self":[{"href":"https:\/\/bawso.org.uk\/bs\/wp-json\/wp\/v2\/pages\/4657","targetHints":{"allow":["GET"]}}],"collection":[{"href":"https:\/\/bawso.org.uk\/bs\/wp-json\/wp\/v2\/pages"}],"about":[{"href":"https:\/\/bawso.org.uk\/bs\/wp-json\/wp\/v2\/types\/page"}],"author":[{"embeddable":true,"href":"https:\/\/bawso.org.uk\/bs\/wp-json\/wp\/v2\/users\/6"}],"replies":[{"embeddable":true,"href":"https:\/\/bawso.org.uk\/bs\/wp-json\/wp\/v2\/comments?post=4657"}],"version-history":[{"count":2,"href":"https:\/\/bawso.org.uk\/bs\/wp-json\/wp\/v2\/pages\/4657\/revisions"}],"predecessor-version":[{"id":4702,"href":"https:\/\/bawso.org.uk\/bs\/wp-json\/wp\/v2\/pages\/4657\/revisions\/4702"}],"wp:attachment":[{"href":"https:\/\/bawso.org.uk\/bs\/wp-json\/wp\/v2\/media?parent=4657"}],"curies":[{"name":"radni list","href":"https:\/\/api.w.org\/{rel}","templated":true}]}}