{"id":418,"date":"2022-03-11T12:13:44","date_gmt":"2022-03-11T12:13:44","guid":{"rendered":"https:\/\/bawso.org.uk\/?post_type=services&#038;p=418"},"modified":"2022-11-12T09:07:15","modified_gmt":"2022-11-12T09:07:15","slug":"training","status":"publish","type":"page","link":"https:\/\/bawso.org.uk\/bs\/training\/","title":{"rendered":"Trening"},"content":{"rendered":"<p class=\"is-style-text-x-large\">Bawso Training Services pru\u017ea internu obuku za Bawso osoblje i volontere u potrazi za pobolj\u0161anim uslugama i napredovanjem u karijeri. Na\u0161a obuka je CPD akreditovana i pru\u017ea eksternu obuku osmi\u0161ljenu da pove\u0107a znanje profesionalaca i prakti\u010dara u vladi, statutarnim agencijama i organizacijama tre\u0107eg sektora. Bawso obu\u010dava osoblje u policiji, vatrogasnoj i spasila\u010dkoj slu\u017ebi, NHS-u, ljekarima op\u0161te prakse, socijalnim radnicima, nastavnicima i dr\u017eavnim slu\u017ebenicima.<\/p>\n\n\n\n<h3 class=\"wp-block-heading\"><strong>Bawso pru\u017ea obuku u sljede\u0107im oblastima:<\/strong><\/h3>\n\n\n\n<ul class=\"wp-block-list\"><li>Zlostavljanje u porodici iz crne i minorizirane perspektive<\/li><li>Razumijevanje nasilja zasnovanog na \u010dasti<\/li><li>Razumijevanje saka\u0107enja \u017eenskih genitalija<\/li><li>Razumevanje prisilnog braka<\/li><li>Razumijevanje \u0161tetnih kulturnih praksi<\/li><li>Prepoznavanje modernog ropstva i trgovine ljudima<\/li><li>Podr\u0161ka \u017ertvama bez pribjegavanja javnim sredstvima<\/li><li>Kulturna raznolikost \u2013 implikacije i vrijednost<\/li><\/ul>\n\n\n\n<div style=\"height:17px\" aria-hidden=\"true\" class=\"wp-block-spacer\"><\/div>\n\n\n\n<h3 class=\"has-brand-one-color has-text-color wp-block-heading\"><strong>Obuka po meri i po meri<\/strong><\/h3>\n\n\n\n<p class=\"is-style-default\">Vr\u0161imo obuku na zahtjev kupca. Ako ste zainteresovani da saznate vi\u0161e, kontaktirajte nas koriste\u0107i formu ispod.<\/p>\n\n\n\n<div class=\"wp-block-buttons is-layout-flex wp-block-buttons-is-layout-flex\"><\/div>\n\n\n\n<div style=\"height:30px\" aria-hidden=\"true\" class=\"wp-block-spacer\"><\/div>\n\n\n\n<h2 class=\"has-text-align-center has-brand-two-color has-text-color wp-block-heading\" id=\"contact-us\"><strong>Kontaktiraj nas<\/strong><\/h2>\n\n\n<noscript class=\"ninja-forms-noscript-message\">\n\tNapomena: JavaScript je potreban za ovaj sadr\u017eaj.<\/noscript>\n<div id=\"nf-form-3-cont\" class=\"nf-form-cont\" aria-live=\"polite\" aria-labelledby=\"nf-form-title-3\" aria-describedby=\"nf-form-errors-3\" role=\"form\">\n\n    <div class=\"nf-loading-spinner\"><\/div>\n\n<\/div>\n        <!-- That data is being printed as a workaround to page builders reordering the order of the scripts loaded-->\n        <script>var formDisplay=1;var nfForms=nfForms||[];var form=[];form.id='3';form.settings={\"objectType\":\"Form Setting\",\"editActive\":true,\"title\":\"Training Contact Form\",\"created_at\":\"2022-03-17 11:45:27\",\"default_label_pos\":\"above\",\"show_title\":\"0\",\"clear_complete\":\"1\",\"hide_complete\":\"1\",\"logged_in\":\"\",\"success-msg_styles_margin\":\"\",\"success-msg_styles_font-size\":\"\",\"success-msg_styles_width\":\"\",\"success-msg_styles_height\":\"\",\"success-msg_styles_color\":\"\",\"success-msg_styles_border-color\":\"\",\"success-msg_styles_border-style\":\"\",\"success-msg_styles_border\":\"\",\"success-msg_styles_background-color\":\"\",\"row-odd_styles_background-color\":\"\",\"row-odd_styles_border\":\"\",\"row-odd_styles_border-style\":\"\",\"row-odd_styles_border-color\":\"\",\"row-odd_styles_color\":\"\",\"row-odd_styles_height\":\"\",\"row-odd_styles_width\":\"\",\"row-odd_styles_font-size\":\"\",\"row-odd_styles_margin\":\"\",\"row-odd_styles_padding\":\"\",\"row-odd_styles_display\":\"\",\"row-odd_styles_show_advanced_css\":\"0\",\"row-odd_styles_advanced\":\"\",\"row_styles_advanced\":\"\",\"row_styles_show_advanced_css\":\"0\",\"row_styles_display\":\"\",\"row_styles_padding\":\"\",\"row_styles_margin\":\"\",\"row_styles_font-size\":\"\",\"row_styles_width\":\"\",\"row_styles_height\":\"\",\"row_styles_color\":\"\",\"row_styles_border-color\":\"\",\"row_styles_border-style\":\"\",\"row_styles_border\":\"\",\"row_styles_background-color\":\"\",\"title_styles_advanced\":\"\",\"title_styles_show_advanced_css\":\"0\",\"title_styles_float\":\"\",\"title_styles_display\":\"\",\"title_styles_padding\":\"\",\"title_styles_margin\":\"\",\"title_styles_font-size\":\"\",\"title_styles_width\":\"\",\"title_styles_height\":\"\",\"title_styles_color\":\"\",\"title_styles_border-color\":\"\",\"title_styles_border-style\":\"\",\"title_styles_border\":\"\",\"title_styles_background-color\":\"\",\"container_styles_advanced\":\"\",\"container_styles_show_advanced_css\":\"0\",\"container_styles_float\":\"\",\"container_styles_display\":\"\",\"container_styles_padding\":\"\",\"container_styles_margin\":\"\",\"container_styles_font-size\":\"\",\"container_styles_width\":\"\",\"container_styles_height\":\"\",\"container_styles_color\":\"\",\"container_styles_border-color\":\"\",\"container_styles_border-style\":\"\",\"container_styles_border\":\"\",\"container_styles_background-color\":\"\",\"formContentData\":[\"firstname_1645794232350\",\"lastname_1645794236486\",\"email_1645794242097\",\"phone_1645794250568\",\"message\",\"html_1645794647950\",\"submit\"],\"calculations\":[],\"sub_limit_msg\":\"\",\"sub_limit_number\":\"\",\"not_logged_in_msg\":\"\",\"add_submit\":\"1\",\"element_class\":\"\",\"wrapper_class\":\"\",\"conditions\":[],\"key\":\"\",\"success-msg_styles_padding\":\"\",\"success-msg_styles_display\":\"\",\"success-msg_styles_show_advanced_css\":\"0\",\"success-msg_styles_advanced\":\"\",\"error_msg_styles_background-color\":\"\",\"error_msg_styles_border\":\"\",\"error_msg_styles_border-style\":\"\",\"error_msg_styles_border-color\":\"\",\"error_msg_styles_color\":\"\",\"error_msg_styles_height\":\"\",\"error_msg_styles_width\":\"\",\"error_msg_styles_font-size\":\"\",\"error_msg_styles_margin\":\"\",\"error_msg_styles_padding\":\"\",\"error_msg_styles_display\":\"\",\"error_msg_styles_show_advanced_css\":\"0\",\"error_msg_styles_advanced\":\"\",\"changeEmailErrorMsg\":\"Please enter a valid email address!\",\"changeDateErrorMsg\":\"Please enter a valid date!\",\"confirmFieldErrorMsg\":\"These fields must match!\",\"fieldNumberNumMinError\":\"Number Min Error\",\"fieldNumberNumMaxError\":\"Number Max Error\",\"fieldNumberIncrementBy\":\"Please increment by \",\"formErrorsCorrectErrors\":\"Please correct errors before submitting this form.\",\"validateRequiredField\":\"This is a required field.\",\"honeypotHoneypotError\":\"Honeypot Error\",\"fieldsMarkedRequired\":\"Fields marked with an <span class=\\\"ninja-forms-req-symbol\\\">*<\\\/span> are required\",\"currency\":\"\",\"repeatable_fieldsets\":\"\",\"unique_field_error\":\"A form with this value has already been submitted.\",\"drawerDisabled\":false,\"allow_public_link\":0,\"embed_form\":\"\",\"form_title_heading_level\":\"3\",\"ninjaForms\":\"Ninja Forms\",\"fieldTextareaRTEInsertLink\":\"Insert Link\",\"fieldTextareaRTEInsertMedia\":\"Insert Media\",\"fieldTextareaRTESelectAFile\":\"Select a file\",\"formHoneypot\":\"If you are a human seeing this field, please leave it empty.\",\"fileUploadOldCodeFileUploadInProgress\":\"File Upload in Progress.\",\"fileUploadOldCodeFileUpload\":\"FILE UPLOAD\",\"currencySymbol\":\"&pound;\",\"thousands_sep\":\".\",\"decimal_point\":\",\",\"siteLocale\":\"bs_BA\",\"dateFormat\":\"d\\\/m\\\/Y\",\"startOfWeek\":\"1\",\"of\":\"of\",\"previousMonth\":\"Previous Month\",\"nextMonth\":\"Next Month\",\"months\":[\"January\",\"February\",\"March\",\"April\",\"May\",\"June\",\"July\",\"August\",\"September\",\"October\",\"November\",\"December\"],\"monthsShort\":[\"Jan\",\"Feb\",\"Mar\",\"Apr\",\"May\",\"Jun\",\"Jul\",\"Aug\",\"Sep\",\"Oct\",\"Nov\",\"Dec\"],\"weekdays\":[\"Sunday\",\"Monday\",\"Tuesday\",\"Wednesday\",\"Thursday\",\"Friday\",\"Saturday\"],\"weekdaysShort\":[\"Sun\",\"Mon\",\"Tue\",\"Wed\",\"Thu\",\"Fri\",\"Sat\"],\"weekdaysMin\":[\"Su\",\"Mo\",\"Tu\",\"We\",\"Th\",\"Fr\",\"Sa\"],\"recaptchaConsentMissing\":\"reCaptcha validation couldn&#039;t load.\",\"recaptchaMissingCookie\":\"reCaptcha v3 validation couldn&#039;t load the cookie needed to submit the form.\",\"recaptchaConsentEvent\":\"Accept reCaptcha cookies before sending the form.\",\"currency_symbol\":\"\",\"beforeForm\":\"\",\"beforeFields\":\"\",\"afterFields\":\"\",\"afterForm\":\"\"};form.fields=[{\"objectType\":\"Field\",\"objectDomain\":\"fields\",\"editActive\":false,\"order\":1,\"idAttribute\":\"id\",\"value\":\"\",\"drawerDisabled\":\"\",\"personally_identifiable\":1,\"help_text\":\"\",\"custom_name_attribute\":\"fname\",\"admin_label\":\"\",\"element_class\":\"\",\"container_class\":\"one-half first\",\"default\":\"\",\"placeholder\":\"\",\"required\":1,\"label_pos\":\"above\",\"key\":\"firstname_1645794232350\",\"label\":\"First Name\",\"type\":\"firstname\",\"field_label\":\"First Name\",\"field_key\":\"firstname_1645794232350\",\"id\":13,\"beforeField\":\"\",\"afterField\":\"\",\"parentType\":\"firstname\",\"element_templates\":[\"firstname\",\"input\"],\"old_classname\":\"\",\"wrap_template\":\"wrap\"},{\"objectType\":\"Field\",\"objectDomain\":\"fields\",\"editActive\":false,\"order\":2,\"idAttribute\":\"id\",\"drawerDisabled\":\"\",\"value\":\"\",\"personally_identifiable\":1,\"custom_name_attribute\":\"lname\",\"help_text\":\"\",\"admin_label\":\"\",\"element_class\":\"\",\"container_class\":\"one-half second\",\"default\":\"\",\"placeholder\":\"\",\"required\":1,\"label_pos\":\"above\",\"key\":\"lastname_1645794236486\",\"label\":\"Last Name\",\"type\":\"lastname\",\"field_label\":\"Last Name\",\"field_key\":\"lastname_1645794236486\",\"id\":12,\"beforeField\":\"\",\"afterField\":\"\",\"parentType\":\"lastname\",\"element_templates\":[\"lastname\",\"input\"],\"old_classname\":\"\",\"wrap_template\":\"wrap\"},{\"objectType\":\"Field\",\"objectDomain\":\"fields\",\"editActive\":false,\"order\":3,\"idAttribute\":\"id\",\"drawerDisabled\":\"\",\"value\":\"\",\"personally_identifiable\":1,\"custom_name_attribute\":\"email\",\"help_text\":\"\",\"admin_label\":\"\",\"element_class\":\"\",\"container_class\":\"one-half first\",\"placeholder\":\"\",\"default\":\"\",\"required\":1,\"label_pos\":\"above\",\"key\":\"email_1645794242097\",\"label\":\"Email\",\"type\":\"email\",\"field_label\":\"Email\",\"field_key\":\"email_1645794242097\",\"id\":14,\"beforeField\":\"\",\"afterField\":\"\",\"parentType\":\"email\",\"element_templates\":[\"email\",\"input\"],\"old_classname\":\"\",\"wrap_template\":\"wrap\"},{\"objectType\":\"Field\",\"objectDomain\":\"fields\",\"editActive\":false,\"order\":4,\"idAttribute\":\"id\",\"drawerDisabled\":\"\",\"value\":\"\",\"personally_identifiable\":1,\"custom_name_attribute\":\"phone\",\"custom_mask\":\"\",\"mask\":\"\",\"help_text\":\"\",\"admin_label\":\"\",\"manual_key\":\"\",\"input_limit_msg\":\"Character(s) left\",\"input_limit_type\":\"characters\",\"input_limit\":\"\",\"element_class\":\"\",\"container_class\":\"one-half second\",\"default\":\"\",\"placeholder\":\"\",\"required\":\"\",\"label_pos\":\"above\",\"key\":\"phone_1645794250568\",\"label\":\"Phone\",\"type\":\"phone\",\"field_label\":\"Phone\",\"field_key\":\"phone_1645794250568\",\"id\":15,\"beforeField\":\"\",\"afterField\":\"\",\"parentType\":\"textbox\",\"element_templates\":[\"tel\",\"textbox\",\"input\"],\"old_classname\":\"\",\"wrap_template\":\"wrap\"},{\"objectType\":\"Field\",\"objectDomain\":\"fields\",\"editActive\":false,\"order\":5,\"idAttribute\":\"id\",\"drawerDisabled\":false,\"value\":\"\",\"cellcid\":\"c3284\",\"element_styles_advanced\":\"\",\"element_styles_show_advanced_css\":0,\"element_styles_float\":\"\",\"element_styles_display\":\"\",\"element_styles_padding\":\"\",\"element_styles_margin\":\"\",\"element_styles_font-size\":\"\",\"element_styles_width\":\"\",\"element_styles_height\":\"\",\"element_styles_color\":\"\",\"element_styles_border-color\":\"\",\"element_styles_border-style\":\"\",\"element_styles_border\":\"\",\"element_styles_background-color\":\"\",\"label_styles_advanced\":\"\",\"label_styles_show_advanced_css\":0,\"label_styles_float\":\"\",\"label_styles_display\":\"\",\"label_styles_padding\":\"\",\"label_styles_margin\":\"\",\"label_styles_font-size\":\"\",\"label_styles_width\":\"\",\"label_styles_height\":\"\",\"label_styles_color\":\"\",\"label_styles_border-color\":\"\",\"label_styles_border-style\":\"\",\"label_styles_border\":\"\",\"label_styles_background-color\":\"\",\"wrap_styles_advanced\":\"\",\"wrap_styles_show_advanced_css\":0,\"wrap_styles_float\":\"\",\"wrap_styles_display\":\"\",\"wrap_styles_padding\":\"\",\"wrap_styles_margin\":\"\",\"wrap_styles_font-size\":\"\",\"wrap_styles_width\":\"\",\"wrap_styles_height\":\"\",\"wrap_styles_color\":\"\",\"wrap_styles_border-color\":\"\",\"wrap_styles_border-style\":\"\",\"wrap_styles_border\":\"\",\"wrap_styles_background-color\":\"\",\"textarea_media\":\"\",\"disable_rte_mobile\":\"\",\"textarea_rte\":\"\",\"disable_browser_autocomplete\":\"\",\"desc_text\":\"\",\"help_text\":\"\",\"admin_label\":\"\",\"disable_input\":\"\",\"manual_key\":\"\",\"input_limit_msg\":\"Character(s) left\",\"input_limit_type\":\"characters\",\"input_limit\":\"\",\"container_class\":\"\",\"element_class\":\"\",\"wrapper_class\":\"\",\"default\":\"\",\"placeholder\":\"\",\"required\":1,\"label_pos\":\"above\",\"created_at\":\"2022-02-25 13:02:41\",\"type\":\"textarea\",\"key\":\"message\",\"label\":\"Message\",\"field_label\":\"Message\",\"field_key\":\"message\",\"id\":16,\"beforeField\":\"\",\"afterField\":\"\",\"parentType\":\"textarea\",\"element_templates\":[\"textarea\",\"input\"],\"old_classname\":\"\",\"wrap_template\":\"wrap\"},{\"objectType\":\"Field\",\"objectDomain\":\"fields\",\"editActive\":false,\"order\":6,\"idAttribute\":\"id\",\"drawerDisabled\":\"\",\"key\":\"html_1645794647950\",\"element_class\":\"\",\"container_class\":\"\",\"default\":\"<p>By submitting this form, you agree to allow us to use your details in order to reply. Check our privacy policy for how we protect and manage your data.<br><\\\/p>\",\"type\":\"html\",\"label\":\"HTML\",\"field_label\":\"HTML\",\"field_key\":\"html_1645794647950\",\"id\":17,\"beforeField\":\"\",\"afterField\":\"\",\"value\":\"<p>By submitting this form, you agree to allow us to use your details in order to reply. Check our privacy policy for how we protect and manage your data.<br><\\\/p>\",\"label_pos\":\"above\",\"parentType\":\"html\",\"element_templates\":[\"html\",\"input\"],\"old_classname\":\"\",\"wrap_template\":\"wrap\"},{\"objectType\":\"Field\",\"objectDomain\":\"fields\",\"editActive\":false,\"order\":7,\"idAttribute\":\"id\",\"wrap_styles_padding\":\"\",\"wrap_styles_margin\":\"\",\"wrap_styles_font-size\":\"\",\"wrap_styles_width\":\"\",\"wrap_styles_height\":\"\",\"wrap_styles_color\":\"\",\"wrap_styles_border-color\":\"\",\"wrap_styles_border-style\":\"\",\"wrap_styles_border\":\"\",\"wrap_styles_background-color\":\"\",\"element_class\":\"\",\"container_class\":\"\",\"processing_label\":\"Processing\",\"created_at\":\"2022-02-25 13:02:41\",\"type\":\"submit\",\"key\":\"submit\",\"label\":\"Submit\",\"wrap_styles_display\":\"\",\"wrap_styles_float\":\"\",\"wrap_styles_show_advanced_css\":0,\"wrap_styles_advanced\":\"\",\"label_styles_background-color\":\"\",\"label_styles_border\":\"\",\"label_styles_border-style\":\"\",\"label_styles_border-color\":\"\",\"label_styles_color\":\"\",\"label_styles_height\":\"\",\"label_styles_width\":\"\",\"label_styles_font-size\":\"\",\"label_styles_margin\":\"\",\"label_styles_padding\":\"\",\"label_styles_display\":\"\",\"label_styles_float\":\"\",\"label_styles_show_advanced_css\":0,\"label_styles_advanced\":\"\",\"element_styles_background-color\":\"\",\"element_styles_border\":\"\",\"element_styles_border-style\":\"\",\"element_styles_border-color\":\"\",\"element_styles_color\":\"\",\"element_styles_height\":\"\",\"element_styles_width\":\"\",\"element_styles_font-size\":\"\",\"element_styles_margin\":\"\",\"element_styles_padding\":\"\",\"element_styles_display\":\"\",\"element_styles_float\":\"\",\"element_styles_show_advanced_css\":0,\"element_styles_advanced\":\"\",\"submit_element_hover_styles_background-color\":\"\",\"submit_element_hover_styles_border\":\"\",\"submit_element_hover_styles_border-style\":\"\",\"submit_element_hover_styles_border-color\":\"\",\"submit_element_hover_styles_color\":\"\",\"submit_element_hover_styles_height\":\"\",\"submit_element_hover_styles_width\":\"\",\"submit_element_hover_styles_font-size\":\"\",\"submit_element_hover_styles_margin\":\"\",\"submit_element_hover_styles_padding\":\"\",\"submit_element_hover_styles_display\":\"\",\"submit_element_hover_styles_float\":\"\",\"submit_element_hover_styles_show_advanced_css\":0,\"submit_element_hover_styles_advanced\":\"\",\"cellcid\":\"c3287\",\"field_label\":\"Submit\",\"field_key\":\"submit\",\"id\":18,\"beforeField\":\"\",\"afterField\":\"\",\"value\":\"\",\"label_pos\":\"above\",\"parentType\":\"textbox\",\"element_templates\":[\"submit\",\"button\",\"input\"],\"old_classname\":\"\",\"wrap_template\":\"wrap-no-label\"},{\"objectType\":\"Field\",\"objectDomain\":\"fields\",\"editActive\":false,\"order\":\"8.0\",\"type\":\"recaptcha_v3\",\"label\":\"Hidden\",\"key\":\"recaptcha_v3\",\"default\":\"\",\"admin_label\":\"\",\"drawerDisabled\":false,\"id\":\"88846\",\"beforeField\":\"\",\"afterField\":\"\",\"value\":\"\",\"label_pos\":\"above\",\"parentType\":\"hidden\",\"element_templates\":[\"recaptcha-v3\",\"hidden\",\"input\"],\"old_classname\":\"\",\"wrap_template\":\"wrap-no-label\",\"site_key\":\"6LdHAJ8pAAAAAM4e1-YgDaJ-DiR4YqCKgN_G6lL1\"}];nfForms.push(form);<\/script>","protected":false},"excerpt":{"rendered":"<p>Bawso Training Services pru\u017ea internu obuku za osoblje i volontere Bawsa u nastojanju da pobolj\u0161aju usluge i napreduju u karijeri. Na\u0161a obuka je akreditovana za kontinuirani profesionalni razvoj (CPD) i pru\u017ea eksternu obuku osmi\u0161ljenu [\u2026]<\/p>","protected":false},"author":1,"featured_media":0,"parent":0,"menu_order":8,"comment_status":"open","ping_status":"closed","template":"","meta":{"_acf_changed":false,"_seopress_robots_primary_cat":"","_seopress_titles_title":"Bawso | Training","_seopress_titles_desc":"We work with BAME communities in Wales to challenge harmful traditional practices and change the attitudes that allow abuse to continue and go unreported.","_seopress_robots_index":"","footnotes":""},"class_list":["post-418","page","type-page","status-publish","hentry"],"acf":[],"publishpress_future_action":{"enabled":false,"date":"2026-06-16 04:35:09","action":"category-add","newStatus":"draft","terms":[],"taxonomy":"","extraData":[]},"publishpress_future_workflow_manual_trigger":{"enabledWorkflows":[]},"_links":{"self":[{"href":"https:\/\/bawso.org.uk\/bs\/wp-json\/wp\/v2\/pages\/418","targetHints":{"allow":["GET"]}}],"collection":[{"href":"https:\/\/bawso.org.uk\/bs\/wp-json\/wp\/v2\/pages"}],"about":[{"href":"https:\/\/bawso.org.uk\/bs\/wp-json\/wp\/v2\/types\/page"}],"author":[{"embeddable":true,"href":"https:\/\/bawso.org.uk\/bs\/wp-json\/wp\/v2\/users\/1"}],"replies":[{"embeddable":true,"href":"https:\/\/bawso.org.uk\/bs\/wp-json\/wp\/v2\/comments?post=418"}],"version-history":[{"count":12,"href":"https:\/\/bawso.org.uk\/bs\/wp-json\/wp\/v2\/pages\/418\/revisions"}],"predecessor-version":[{"id":1939,"href":"https:\/\/bawso.org.uk\/bs\/wp-json\/wp\/v2\/pages\/418\/revisions\/1939"}],"wp:attachment":[{"href":"https:\/\/bawso.org.uk\/bs\/wp-json\/wp\/v2\/media?parent=418"}],"curies":[{"name":"radni list","href":"https:\/\/api.w.org\/{rel}","templated":true}]}}