{"id":4082,"date":"2024-08-28T11:06:31","date_gmt":"2024-08-28T10:06:31","guid":{"rendered":"https:\/\/bawso.org.uk\/?page_id=4082"},"modified":"2024-08-28T11:06:31","modified_gmt":"2024-08-28T10:06:31","slug":"linking-communities-in-africa-to-address-fgm","status":"publish","type":"page","link":"https:\/\/bawso.org.uk\/bs\/linking-communities-in-africa-to-address-fgm\/","title":{"rendered":"Povezivanje zajednica u Africi za rje\u0161avanje FGM\u00a0"},"content":{"rendered":"<p>Saka\u0107enje \u017eenskih genitalija (FGM) je veoma praktikovano u isto\u010dnom delu Ugande, posebno u regionu Sebei i me\u0111u Pokotima u Amudatu, susednom okrugu u regionu Karamoja, gde su mnoge mlade devojke prisiljene na ovu opasnu praksu.&nbsp;<\/p>\n\n\n\n<p>Vjeruje se da se radi o obredu prelaza djevojke u \u017eensku kapulja\u010du. Me\u0111utim, proces je vrlo bolan i mo\u017ee dovesti do te\u0161kih zdravstvenih komplikacija, infekcija, krvarenja \u010dak i smrti.&nbsp;<\/p>\n\n\n\n<p>Prema izvje\u0161tajima, preko 50% djevoj\u010dica u Sebeiju i Amudatu podvrgnuto je saka\u0107enju \u017eenskih genitalija, a neke su u vrlo nje\u017enoj dobi od deset godina prisiljene na ovu praksu.&nbsp;<\/p>\n\n\n\n<p>Praksa se uvijek izvodi u nehigijenskim uvjetima koji pove\u0107avaju rizik od infekcije i drugih zdravstvenih stanja. Unato\u010d otporu nekih \u010dlanova zajednice koji to smatraju va\u017enom kulturnom tradicijom, Projekat osna\u017eivanja zajednice Greater Sebei ula\u017ee mnogo napora da uspostavi vezu sa zdravstvenim radnicima, lokalnim aktivistima i vladinim vlastima, institucijama poput \u0161kola i crkava kako bi prekinuli smanjenje.&nbsp;<\/p>\n\n\n\n<p>Greater Sebei Community Empowerment Project dalje radi u partnerstvu sa The Christian Partners Development Agency (CDPA) sa sjedi\u0161tem u Keniji, kako bi podijelili iskustva o tome kako mogu okon\u010dati praksu koriste\u0107i pristupe u nastavku. CPDA ima preko 30 godina iskustva u zagovaranju mladih djevojaka i \u017eena, bave\u0107i se rodno zasnovanim nasiljem koje uklju\u010duje FGM, rane brakove, zlostavljanje u porodici, seksualno nasilje, silovanje i incest u Keniji. Obje organizacije rade u sli\u010dnim oblastima nasilja nad \u017eenama i djevoj\u010dicama, a njihova individualna iskustva doprinose smanjenju stope FGM u regiji Sebei za 50% u narednih deset godina.\u00a0<\/p>\n\n\n\n<ul class=\"wp-block-list\">\n<li>Kontinuirana osjetljivost od vrata do vrata&nbsp;<\/li>\n\n\n\n<li>Kontinuirano FGM senzibilizacija vru\u0107ih ta\u010daka<\/li>\n\n\n\n<li>Uvo\u0111enje \u0161kolskih debata za oba spola kako bi se razgovaralo o uticaju koje FGM ima na svoje \u017ertve&nbsp;<\/li>\n\n\n\n<li>Podizanje svijesti zajednice kroz road show&nbsp;<\/li>\n\n\n\n<li>Kori\u0161tenje radija lokalne zajednice prikazuje i lokalni i nacionalni nivo da se govori o FGM&nbsp;<\/li>\n\n\n\n<li>Zapo\u0161ljavanje ambasadora protiv feniranja u zajednici i \u0161kolama&nbsp;&nbsp;<\/li>\n\n\n\n<li>Priznanje ambasadorima anti FGM. Volonteri su obu\u010deni i daju im se alati za podizanje svijesti o K\u017dM u svojim zajednicama. Diplomiraju sa standardnim postignu\u0107em<\/li>\n\n\n\n<li>Redovno odr\u017eavanje dijaloga u zajednici kako bi se odr\u017eala \u017eiva poruka protiv FGM-a<\/li>\n<\/ul>\n\n\n\n<div style=\"height:49px\" aria-hidden=\"true\" class=\"wp-block-spacer\"><\/div>\n\n\n\n<div class=\"wp-block-media-text is-stacked-on-mobile\"><figure class=\"wp-block-media-text__media\"><img loading=\"lazy\" decoding=\"async\" width=\"262\" height=\"245\" src=\"https:\/\/bawso.org.uk\/wp-content\/uploads\/2024\/08\/Picture2.png\" alt=\"\" class=\"wp-image-4085 size-full\" srcset=\"https:\/\/bawso.org.uk\/wp-content\/uploads\/2024\/08\/Picture2.png 262w, https:\/\/bawso.org.uk\/wp-content\/uploads\/2024\/08\/Picture2-13x12.png 13w\" sizes=\"auto, (max-width: 262px) 100vw, 262px\" \/><\/figure><div class=\"wp-block-media-text__content\">\n<p><strong><em>Izvr\u0161na direktorica CDPA g\u0111a Alice Kirambi na sjednici sa<\/em><\/strong> <strong><em>Pre\u017eivjeli od FGM\/FISTULE.<\/em><\/strong><\/p>\n<\/div><\/div>\n\n\n\n<div class=\"wp-block-media-text has-media-on-the-right is-stacked-on-mobile\"><div class=\"wp-block-media-text__content\">\n<p><strong><em>\u00a0Ann iz CDPA vodi sesiju u srednjoj \u0161koli Kapkwata<\/em><\/strong><\/p>\n<\/div><figure class=\"wp-block-media-text__media\"><img loading=\"lazy\" decoding=\"async\" width=\"664\" height=\"460\" src=\"https:\/\/bawso.org.uk\/wp-content\/uploads\/2024\/08\/Picture3.png\" alt=\"\" class=\"wp-image-4086 size-full\" srcset=\"https:\/\/bawso.org.uk\/wp-content\/uploads\/2024\/08\/Picture3.png 664w, https:\/\/bawso.org.uk\/wp-content\/uploads\/2024\/08\/Picture3-300x208.png 300w, https:\/\/bawso.org.uk\/wp-content\/uploads\/2024\/08\/Picture3-18x12.png 18w\" sizes=\"auto, (max-width: 664px) 100vw, 664px\" \/><\/figure><\/div>","protected":false},"excerpt":{"rendered":"<p>Female Genital Mutilation (FGM) is highly practiced in eastern part of Uganda, particularly the Sebei region and among the Pokots in Amudat the neighboring District of the Karamoja region where [&hellip;]<\/p>\n","protected":false},"author":6,"featured_media":0,"parent":0,"menu_order":0,"comment_status":"closed","ping_status":"closed","template":"","meta":{"_acf_changed":false,"_seopress_robots_primary_cat":"","_seopress_titles_title":"","_seopress_titles_desc":"","_seopress_robots_index":"","footnotes":""},"class_list":["post-4082","page","type-page","status-publish","hentry"],"acf":[],"publishpress_future_action":{"enabled":false,"date":"2026-06-29 17:23:53","action":"category-add","newStatus":"draft","terms":[],"taxonomy":"","extraData":[]},"publishpress_future_workflow_manual_trigger":{"enabledWorkflows":[]},"_links":{"self":[{"href":"https:\/\/bawso.org.uk\/bs\/wp-json\/wp\/v2\/pages\/4082","targetHints":{"allow":["GET"]}}],"collection":[{"href":"https:\/\/bawso.org.uk\/bs\/wp-json\/wp\/v2\/pages"}],"about":[{"href":"https:\/\/bawso.org.uk\/bs\/wp-json\/wp\/v2\/types\/page"}],"author":[{"embeddable":true,"href":"https:\/\/bawso.org.uk\/bs\/wp-json\/wp\/v2\/users\/6"}],"replies":[{"embeddable":true,"href":"https:\/\/bawso.org.uk\/bs\/wp-json\/wp\/v2\/comments?post=4082"}],"version-history":[{"count":2,"href":"https:\/\/bawso.org.uk\/bs\/wp-json\/wp\/v2\/pages\/4082\/revisions"}],"predecessor-version":[{"id":4088,"href":"https:\/\/bawso.org.uk\/bs\/wp-json\/wp\/v2\/pages\/4082\/revisions\/4088"}],"wp:attachment":[{"href":"https:\/\/bawso.org.uk\/bs\/wp-json\/wp\/v2\/media?parent=4082"}],"curies":[{"name":"radni list","href":"https:\/\/api.w.org\/{rel}","templated":true}]}}