{"id":3983,"date":"2024-07-10T11:01:52","date_gmt":"2024-07-10T10:01:52","guid":{"rendered":"https:\/\/bawso.org.uk\/?page_id=3983"},"modified":"2024-07-10T11:01:52","modified_gmt":"2024-07-10T10:01:52","slug":"bawso-sebei-fgm-project-update","status":"publish","type":"page","link":"https:\/\/bawso.org.uk\/bs\/bawso-sebei-fgm-project-update\/","title":{"rendered":"Bawso \u2013 Sebei FGM projekat A\u017dURIRANJE!\u00a0"},"content":{"rendered":"<p>Sa zadovoljstvom mo\u017eemo objaviti da je Projekat osna\u017eivanja ve\u0107eg Sebeija zapo\u010deo temeljne radove u Ugandi. Cilj ovog projekta je da se vidi smanjenje nasilja nad \u017eenama i djevoj\u010dicama (VAWG) \u0161to uklju\u010duje FGM, promjenu stavova i samopouzdanje da se izazove \u0161tetne kulturne prakse.\u00a0\u00a0<\/p>\n\n\n\n<h2 class=\"wp-block-heading\"><strong>Klju\u010dna dostignu\u0107a<\/strong>\u00a0<\/h2>\n\n\n\n<p>15 starje\u0161ina zajednice, mu\u0161karaca i \u017eena, prisustvovalo je kastingu vizije, gdje su dobili viziju projekta i strategije za eliminaciju FGM kao dio na\u0161eg pristupa u zajednici.\u00a0<\/p>\n\n\n\n<figure class=\"wp-block-gallery has-nested-images columns-default is-cropped wp-block-gallery-1 is-layout-flex wp-block-gallery-is-layout-flex\">\n<figure class=\"wp-block-image size-large\"><img loading=\"lazy\" decoding=\"async\" width=\"339\" height=\"452\" data-id=\"3986\" src=\"https:\/\/bawso.org.uk\/wp-content\/uploads\/2024\/07\/Bawso-\u2013-Sebei-FGM-Project-UPDATE-Picture-2.jpg\" alt=\"\" class=\"wp-image-3986\" srcset=\"https:\/\/bawso.org.uk\/wp-content\/uploads\/2024\/07\/Bawso-\u2013-Sebei-FGM-Project-UPDATE-Picture-2.jpg 339w, https:\/\/bawso.org.uk\/wp-content\/uploads\/2024\/07\/Bawso-\u2013-Sebei-FGM-Project-UPDATE-Picture-2-225x300.jpg 225w, https:\/\/bawso.org.uk\/wp-content\/uploads\/2024\/07\/Bawso-\u2013-Sebei-FGM-Project-UPDATE-Picture-2-9x12.jpg 9w\" sizes=\"auto, (max-width: 339px) 100vw, 339px\" \/><\/figure>\n\n\n\n<figure class=\"wp-block-image size-large\"><img loading=\"lazy\" decoding=\"async\" width=\"259\" height=\"194\" data-id=\"3987\" src=\"https:\/\/bawso.org.uk\/wp-content\/uploads\/2024\/07\/Bawso-\u2013-Sebei-FGM-Project-UPDATE-Picture-1.png\" alt=\"\" class=\"wp-image-3987\" srcset=\"https:\/\/bawso.org.uk\/wp-content\/uploads\/2024\/07\/Bawso-\u2013-Sebei-FGM-Project-UPDATE-Picture-1.png 259w, https:\/\/bawso.org.uk\/wp-content\/uploads\/2024\/07\/Bawso-\u2013-Sebei-FGM-Project-UPDATE-Picture-1-16x12.png 16w\" sizes=\"auto, (max-width: 259px) 100vw, 259px\" \/><\/figure>\n<\/figure>\n\n\n\n<p>\u00a0Stare\u0161ine prisustvuju viziji na kojoj je Benfred \u2013 jedan od \u010dlanova tima na projektu FGM, koji uklju\u010duje stare\u0161ine u diskusiju o alternativama FGM.<\/p>\n\n\n\n<div class=\"wp-block-media-text is-stacked-on-mobile\"><figure class=\"wp-block-media-text__media\"><img loading=\"lazy\" decoding=\"async\" width=\"609\" height=\"456\" src=\"https:\/\/bawso.org.uk\/wp-content\/uploads\/2024\/07\/Bawso-\u2013-Sebei-FGM-Project-UPDATE-Picture-3.jpg\" alt=\"\" class=\"wp-image-3988 size-full\" srcset=\"https:\/\/bawso.org.uk\/wp-content\/uploads\/2024\/07\/Bawso-\u2013-Sebei-FGM-Project-UPDATE-Picture-3.jpg 609w, https:\/\/bawso.org.uk\/wp-content\/uploads\/2024\/07\/Bawso-\u2013-Sebei-FGM-Project-UPDATE-Picture-3-300x225.jpg 300w, https:\/\/bawso.org.uk\/wp-content\/uploads\/2024\/07\/Bawso-\u2013-Sebei-FGM-Project-UPDATE-Picture-3-16x12.jpg 16w\" sizes=\"auto, (max-width: 609px) 100vw, 609px\" \/><\/figure><div class=\"wp-block-media-text__content\">\n<p>Obuci je prisustvovalo 20 nastavnika iz tri razli\u010dite \u0161kole. Projekat osna\u017eivanja Greater Sebei ima za cilj rad sa \u0161kolama i pru\u017eanje sesija djeci. Ovo su pozdravili direktori i nastavnici.<\/p>\n<\/div><\/div>\n\n\n\n<div class=\"wp-block-media-text has-media-on-the-right is-stacked-on-mobile\"><div class=\"wp-block-media-text__content\">\n<p>Tim se sastao sa 40 srednjo\u0161kolaca kako bi razgovarali o FGM-u, daju\u0107i mladim ljudima alate za rano prepoznavanje zabrinutosti oko zlostavljanja djece i nasilja nad \u017eenama.<\/p>\n<\/div><figure class=\"wp-block-media-text__media\"><img loading=\"lazy\" decoding=\"async\" width=\"256\" height=\"192\" src=\"https:\/\/bawso.org.uk\/wp-content\/uploads\/2024\/07\/Bawso-\u2013-Sebei-FGM-Project-UPDATE-Picture-4.jpg\" alt=\"\" class=\"wp-image-3989 size-full\" srcset=\"https:\/\/bawso.org.uk\/wp-content\/uploads\/2024\/07\/Bawso-\u2013-Sebei-FGM-Project-UPDATE-Picture-4.jpg 256w, https:\/\/bawso.org.uk\/wp-content\/uploads\/2024\/07\/Bawso-\u2013-Sebei-FGM-Project-UPDATE-Picture-4-16x12.jpg 16w\" sizes=\"auto, (max-width: 256px) 100vw, 256px\" \/><\/figure><\/div>\n\n\n\n<div class=\"wp-block-media-text is-stacked-on-mobile\"><figure class=\"wp-block-media-text__media\"><img loading=\"lazy\" decoding=\"async\" width=\"258\" height=\"117\" src=\"https:\/\/bawso.org.uk\/wp-content\/uploads\/2024\/07\/Bawso-\u2013-Sebei-FGM-Project-UPDATE-Picture-5.png\" alt=\"\" class=\"wp-image-3990 size-full\" srcset=\"https:\/\/bawso.org.uk\/wp-content\/uploads\/2024\/07\/Bawso-\u2013-Sebei-FGM-Project-UPDATE-Picture-5.png 258w, https:\/\/bawso.org.uk\/wp-content\/uploads\/2024\/07\/Bawso-\u2013-Sebei-FGM-Project-UPDATE-Picture-5-18x8.png 18w\" sizes=\"auto, (max-width: 258px) 100vw, 258px\" \/><\/figure><div class=\"wp-block-media-text__content\">\n<p>30 od 40 je pro\u0161lo obuku o \u017eivotnim vje\u0161tinama i \u0161tetnim efektima feniranja.<\/p>\n\n\n\n<p>Winnie, projektni trener koji vodi trening.<\/p>\n<\/div><\/div>\n\n\n\n<p>Ovo je uzbudljiv projekat za zajednicu Sebei u isto\u010dnoj Ugandi i ve\u0107 je izazvao veliko interesovanje me\u0111u svim starosnim grupama.<\/p>\n\n\n\n<p>Pratite Bawsoa na dru\u0161tvenim mre\u017eama i web stranici za vi\u0161e a\u017euriranja iz Ugande.<\/p>","protected":false},"excerpt":{"rendered":"<p>We are delighted to announce that Greater Sebei Empowerment Project has started the groundwork in Uganda. The aim of this project is to see a reduction in violence against women [&hellip;]<\/p>\n","protected":false},"author":6,"featured_media":0,"parent":0,"menu_order":0,"comment_status":"closed","ping_status":"closed","template":"","meta":{"_acf_changed":false,"_seopress_robots_primary_cat":"","_seopress_titles_title":"","_seopress_titles_desc":"","_seopress_robots_index":"","footnotes":""},"class_list":["post-3983","page","type-page","status-publish","hentry"],"acf":[],"publishpress_future_action":{"enabled":false,"date":"2026-07-08 05:24:24","action":"category-add","newStatus":"draft","terms":[],"taxonomy":"","extraData":[]},"publishpress_future_workflow_manual_trigger":{"enabledWorkflows":[]},"_links":{"self":[{"href":"https:\/\/bawso.org.uk\/bs\/wp-json\/wp\/v2\/pages\/3983","targetHints":{"allow":["GET"]}}],"collection":[{"href":"https:\/\/bawso.org.uk\/bs\/wp-json\/wp\/v2\/pages"}],"about":[{"href":"https:\/\/bawso.org.uk\/bs\/wp-json\/wp\/v2\/types\/page"}],"author":[{"embeddable":true,"href":"https:\/\/bawso.org.uk\/bs\/wp-json\/wp\/v2\/users\/6"}],"replies":[{"embeddable":true,"href":"https:\/\/bawso.org.uk\/bs\/wp-json\/wp\/v2\/comments?post=3983"}],"version-history":[{"count":1,"href":"https:\/\/bawso.org.uk\/bs\/wp-json\/wp\/v2\/pages\/3983\/revisions"}],"predecessor-version":[{"id":3991,"href":"https:\/\/bawso.org.uk\/bs\/wp-json\/wp\/v2\/pages\/3983\/revisions\/3991"}],"wp:attachment":[{"href":"https:\/\/bawso.org.uk\/bs\/wp-json\/wp\/v2\/media?parent=3983"}],"curies":[{"name":"radni list","href":"https:\/\/api.w.org\/{rel}","templated":true}]}}