{"id":3974,"date":"2024-07-10T10:17:09","date_gmt":"2024-07-10T09:17:09","guid":{"rendered":"https:\/\/bawso.org.uk\/?page_id=3974"},"modified":"2024-09-23T14:21:57","modified_gmt":"2024-09-23T13:21:57","slug":"bawso-sebei-project","status":"publish","type":"page","link":"https:\/\/bawso.org.uk\/bs\/bawso-sebei-project\/","title":{"rendered":"Projekt Bawso \u2013 Sebei"},"content":{"rendered":"<figure class=\"wp-block-image size-large\"><img loading=\"lazy\" decoding=\"async\" width=\"1024\" height=\"585\" src=\"https:\/\/bawso.org.uk\/wp-content\/uploads\/2024\/03\/Website-Wordpress-Feature-Image-1100-x-628-px-3-1024x585.png\" alt=\"\" class=\"wp-image-3632\"\/><\/figure>\n\n\n\n<p>Sa zadovoljstvom najavljujemo novi projekat koji je partnerstvo izme\u0111u Walesa i Ugande. Dobili smo sredstva od vel\u0161ke vlade kojom upravlja Vije\u0107e za dobrovoljnu akciju Walesa (WCVA) u okviru programa Wales for Africa, kako bismo radili sa Projektom za osna\u017eivanje zajednice Sebei u Ugandi kako bismo se pozabavili praksom feniranja \u017eenskog spolnog organa.<\/p>\n\n\n\n<figure class=\"wp-block-image size-full is-resized\"><img loading=\"lazy\" decoding=\"async\" width=\"691\" height=\"300\" src=\"https:\/\/bawso.org.uk\/wp-content\/uploads\/2024\/03\/WA_Colour-removebg-preview-e1710238776667.png\" alt=\"\" class=\"wp-image-3619\" style=\"width:839px;height:auto\" srcset=\"https:\/\/bawso.org.uk\/wp-content\/uploads\/2024\/03\/WA_Colour-removebg-preview-e1710238776667.png 691w, https:\/\/bawso.org.uk\/wp-content\/uploads\/2024\/03\/WA_Colour-removebg-preview-e1710238776667-300x130.png 300w, https:\/\/bawso.org.uk\/wp-content\/uploads\/2024\/03\/WA_Colour-removebg-preview-e1710238776667-18x8.png 18w\" sizes=\"auto, (max-width: 691px) 100vw, 691px\" \/><\/figure>\n\n\n\n<p>Projekat ima za cilj da doprinese eliminaciji genitalnog fetusa u regiji Sebei u isto\u010dnoj Ugandi kroz obrazovanje zajednice i podizanje svijesti. Prednosti uklju\u010duju stvaranje tima zagovornika zajednice koji uklju\u010duje \u0161kole, tradicionalno obu\u010dene babice (tradicionalne porodilje) i vo\u0111e mi\u0161ljenja koji \u0107e predvoditi projekat i upravljati rezultatima.<\/p>\n\n\n\n<p>Sveukupni rezultat projekta je smanjenje nasilja nad \u017eenama i djevoj\u010dicama (VAWG) koje uklju\u010duje FGM, promjenu stavova i samopouzdanje da se izazove \u0161tetne kulturne prakse. Dugoro\u010dan u\u010dinak je smanjenje FGM-a u regiji Sebei za 55% u roku od 10 godina.<\/p>\n\n\n\n<p>Projekat \u0107e doprinijeti Zakonu o dobrobiti budu\u0107ih generacija iz 2015. godine tako \u0161to \u0107e nastavnicima u Walesu pru\u017eiti informacije i znanje za identifikaciju djevoj\u010dica koje su u riziku od FGM i rje\u0161avanje pitanja za\u0161tite mladih BME djevojaka. To \u0107e tako\u0111er oja\u010dati ulogu Bawsoa u pru\u017eanju usluga \u0161irom Walesa za podr\u0161ku \u017eenama iz BME zajednica i stvoriti mogu\u0107nosti za u\u010denje izme\u0111u Walesa i Ugande.<\/p>\n\n\n\n<hr class=\"wp-block-separator has-alpha-channel-opacity\"\/>\n\n\n\n<p>\u201eOdu\u0161evljen sam \u0161to mogu objaviti da je Bawso osigurao sredstva kroz program Vlade Velsa za Wales i Afriku, osna\u017euju\u0107i organizacije u Walesu da se upuste u projekte koji su uskla\u0111eni s ciljevima odr\u017eivog razvoja UN-a. Ova saradnja je spremna da donese zna\u010dajne koristi i Velsu i Africi.<br>&nbsp;<br>Na\u0161a revolucionarna inicijativa, projekat Bawso-Sebei, treba da izvr\u0161i zna\u010dajan uticaj na iskorenjivanje saka\u0107enja \u017eenskih genitalija (FGM) u regionu Sebei u Ugandi. Kroz strate\u0161ka partnerstva sa grupama i \u0161kolama u lokalnoj zajednici, cilj nam je da postignemo zna\u010dajno smanjenje 55% genitalnog feminiranja u narednoj deceniji.<br>&nbsp;<br>Zajedno smo posve\u0107eni negovanju pozitivnih promjena i doprinosu sigurnijem, pravednijem svijetu.\u201d \u2013 Tina Fahm,&nbsp;<em>Bawso CEO<\/em>.<\/p>\n\n\n\n<h2 class=\"wp-block-heading\"><strong>Upoznajte tim koji radi na Bawso-Sebei projektu u Ugandi&nbsp;<\/strong><\/h2>\n\n\n\n<p>Odu\u0161evljeni smo \u0161to radimo sa timom projekta za osna\u017eivanje zajednice Sebei kako bismo osigurali eliminaciju genitalnog feminiranja u regiji Sebei.\u00a0<\/p>\n\n\n\n<div class=\"wp-block-columns is-layout-flex wp-container-core-columns-is-layout-9d6595d7 wp-block-columns-is-layout-flex\">\n<div class=\"wp-block-column is-layout-flow wp-block-column-is-layout-flow\">\n<div class=\"wp-block-media-text is-stacked-on-mobile\" style=\"grid-template-columns:46% auto\"><figure class=\"wp-block-media-text__media\"><img loading=\"lazy\" decoding=\"async\" width=\"216\" height=\"288\" src=\"https:\/\/bawso.org.uk\/wp-content\/uploads\/2024\/08\/Sokuton-1.jpg\" alt=\"\" class=\"wp-image-4075 size-full\" srcset=\"https:\/\/bawso.org.uk\/wp-content\/uploads\/2024\/08\/Sokuton-1.jpg 216w, https:\/\/bawso.org.uk\/wp-content\/uploads\/2024\/08\/Sokuton-1-9x12.jpg 9w\" sizes=\"auto, (max-width: 216px) 100vw, 216px\" \/><\/figure><div class=\"wp-block-media-text__content\">\n<p class=\"has-small-font-size\">Sokuton Samuel, menad\u017eer projekta<\/p>\n\n\n\n<p class=\"has-small-font-size\">Greater Sebei Community Empowerment, Uganda<\/p>\n<\/div><\/div>\n<\/div>\n\n\n\n<div class=\"wp-block-column is-layout-flow wp-block-column-is-layout-flow\">\n<div class=\"wp-block-media-text is-stacked-on-mobile\"><figure class=\"wp-block-media-text__media\"><img loading=\"lazy\" decoding=\"async\" width=\"247\" height=\"329\" src=\"https:\/\/bawso.org.uk\/wp-content\/uploads\/2024\/08\/Picture2.jpg\" alt=\"\" class=\"wp-image-4076 size-full\" srcset=\"https:\/\/bawso.org.uk\/wp-content\/uploads\/2024\/08\/Picture2.jpg 247w, https:\/\/bawso.org.uk\/wp-content\/uploads\/2024\/08\/Picture2-225x300.jpg 225w, https:\/\/bawso.org.uk\/wp-content\/uploads\/2024\/08\/Picture2-9x12.jpg 9w\" sizes=\"auto, (max-width: 247px) 100vw, 247px\" \/><\/figure><div class=\"wp-block-media-text__content\">\n<p class=\"has-small-font-size\">Nyadoi Winfred, projektni trener<\/p>\n\n\n\n<p class=\"has-small-font-size\">Greater Sebei Community Empowerment, Uganda<\/p>\n<\/div><\/div>\n<\/div>\n\n\n\n<div class=\"wp-block-column is-layout-flow wp-block-column-is-layout-flow\">\n<div class=\"wp-block-media-text is-stacked-on-mobile\"><figure class=\"wp-block-media-text__media\"><img loading=\"lazy\" decoding=\"async\" width=\"225\" height=\"300\" src=\"https:\/\/bawso.org.uk\/wp-content\/uploads\/2024\/08\/Picture3.jpg\" alt=\"\" class=\"wp-image-4077 size-full\" srcset=\"https:\/\/bawso.org.uk\/wp-content\/uploads\/2024\/08\/Picture3.jpg 225w, https:\/\/bawso.org.uk\/wp-content\/uploads\/2024\/08\/Picture3-9x12.jpg 9w\" sizes=\"auto, (max-width: 225px) 100vw, 225px\" \/><\/figure><div class=\"wp-block-media-text__content\">\n<p class=\"has-small-font-size\">Twietuk Benfred, slu\u017ebenik za senzibilizaciju zajednice i podizanje svijesti   <\/p>\n\n\n\n<p class=\"has-small-font-size\">                         <\/p>\n<\/div><\/div>\n<\/div>\n<\/div>\n\n\n\n<p class=\"is-style-text-large has-medium-font-size\"><strong>Povezivanje zajednica u podsaharskoj Africi<\/strong><\/p>\n\n\n\n<p>Nakon uspje\u0161nog rada sa na\u0161im partnerima u Keniji, The Christian Partners Development Agency, na stvaranju svijesti u zajednici o nasilju nad \u017eenama i djevoj\u010dicama, uspostavili smo partnerstvo izme\u0111u na\u0161eg tima u Ugandi i Keniji kako bismo zajedno radili na podr\u0161ci i u\u010denju jedni od drugih povezuju\u0107i se dvije zajednice. Ovo \u0107e uklju\u010divati putovanje izme\u0111u dvije zajednice, izgradnju odnosa i razmjenu najbolje prakse. Veoma smo uzbu\u0111eni \u0161to vidimo plodove ovog partnerstva.<\/p>\n\n\n\n<div class=\"wp-block-columns is-layout-flex wp-container-core-columns-is-layout-9d6595d7 wp-block-columns-is-layout-flex\">\n<div class=\"wp-block-column is-layout-flow wp-block-column-is-layout-flow\">\n<div class=\"wp-block-media-text is-stacked-on-mobile\"><figure class=\"wp-block-media-text__media\"><img loading=\"lazy\" decoding=\"async\" width=\"307\" height=\"409\" src=\"https:\/\/bawso.org.uk\/wp-content\/uploads\/2024\/08\/Picture4.jpg\" alt=\"\" class=\"wp-image-4078 size-full\" srcset=\"https:\/\/bawso.org.uk\/wp-content\/uploads\/2024\/08\/Picture4.jpg 307w, https:\/\/bawso.org.uk\/wp-content\/uploads\/2024\/08\/Picture4-225x300.jpg 225w, https:\/\/bawso.org.uk\/wp-content\/uploads\/2024\/08\/Picture4-9x12.jpg 9w\" sizes=\"auto, (max-width: 307px) 100vw, 307px\" \/><\/figure><div class=\"wp-block-media-text__content\">\n<p class=\"has-small-font-size\">Alice Kirambi, izvr\u0161ni direktor<\/p>\n\n\n\n<p class=\"has-small-font-size\">Christian Partners Development Agency, Kenija<\/p>\n<\/div><\/div>\n<\/div>\n\n\n\n<div class=\"wp-block-column is-layout-flow wp-block-column-is-layout-flow\">\n<div class=\"wp-block-media-text is-stacked-on-mobile\"><figure class=\"wp-block-media-text__media\"><img loading=\"lazy\" decoding=\"async\" width=\"320\" height=\"427\" src=\"https:\/\/bawso.org.uk\/wp-content\/uploads\/2024\/08\/Picture5.jpg\" alt=\"\" class=\"wp-image-4079 size-full\" srcset=\"https:\/\/bawso.org.uk\/wp-content\/uploads\/2024\/08\/Picture5.jpg 320w, https:\/\/bawso.org.uk\/wp-content\/uploads\/2024\/08\/Picture5-225x300.jpg 225w, https:\/\/bawso.org.uk\/wp-content\/uploads\/2024\/08\/Picture5-9x12.jpg 9w\" sizes=\"auto, (max-width: 320px) 100vw, 320px\" \/><\/figure><div class=\"wp-block-media-text__content\">\n<p class=\"has-small-font-size\">Anne Savai, koordinatorica projekta&nbsp;<\/p>\n\n\n\n<p class=\"has-small-font-size\">Christian Partners Development Agency, Kenija<\/p>\n<\/div><\/div>\n<\/div>\n\n\n\n<div class=\"wp-block-column is-layout-flow wp-block-column-is-layout-flow\">\n<div class=\"wp-block-media-text is-stacked-on-mobile\"><figure class=\"wp-block-media-text__media\"><img loading=\"lazy\" decoding=\"async\" width=\"321\" height=\"497\" src=\"https:\/\/bawso.org.uk\/wp-content\/uploads\/2024\/08\/Picture6.png\" alt=\"\" class=\"wp-image-4080 size-full\" srcset=\"https:\/\/bawso.org.uk\/wp-content\/uploads\/2024\/08\/Picture6.png 321w, https:\/\/bawso.org.uk\/wp-content\/uploads\/2024\/08\/Picture6-194x300.png 194w, https:\/\/bawso.org.uk\/wp-content\/uploads\/2024\/08\/Picture6-8x12.png 8w\" sizes=\"auto, (max-width: 321px) 100vw, 321px\" \/><\/figure><div class=\"wp-block-media-text__content\">\n<p class=\"has-small-font-size\">Rooda Ahmed, koordinator projekta<\/p>\n\n\n\n<p class=\"has-small-font-size\">Bawso Womens Aid, Wales, UK<\/p>\n\n\n\n<details class=\"wp-block-details is-layout-flow wp-block-details-is-layout-flow\"><summary><strong>Moja uloga<\/strong><\/summary>\n<p>je nadgledanje projekta u Ugandi i bliska saradnja sa timom na terenu u postizanju ishoda projekta. Ovdje u Walesu, moja uloga tako\u0111er uklju\u010duje koordinaciju dijela projekta u Walesu, koji uklju\u010duje rad sa \u0161kolama, volonterima i zajednicama na koordinaciji aktivnosti koje \u0107e pove\u0107ati znanje o FGM me\u0111u korisnicima. Dio moje uloge je umre\u017eavanje i povezivanje s partnerima kako bi se razvile i odr\u017eavale veze sa zajednicama i organizacijama ovdje i u Africi.<\/p>\n<\/details>\n<\/div><\/div>\n<\/div>\n<\/div>\n\n\n\n<h2 class=\"wp-block-heading\">Informativni letci o saka\u0107enju \u017eenskih genitalija <\/h2>\n\n\n\n<p>Svrha kreiranja informativnih letaka o fetalnom \u017eenskom tijelu slu\u017ei nekoliko va\u017enih svrha. Prvo, to je podizanje svijesti i pomo\u0107 u informiranju javnosti, kao i specifi\u010dnih zajednica u riziku o tome \u0161ta je FGM, njegovim vrstama, rasprostranjenosti i ozbiljnim zdravstvenim rizicima i kr\u0161enjima ljudskih prava povezanih s njim.&nbsp;&nbsp;                               <\/p>\n\n\n\n<p>Drugo, informativni letak se odnosi i na osna\u017eivanje mladih djevojaka i \u017eena da se za\u0161tite i odupru pritisku da se podvrgnu FGM-u. To je tako\u0111er prilika da se druge zajednice edukuju o razli\u010ditim oblicima nasilja nad \u017eenama i djevoj\u010dicama koje uklju\u010duje i FGM.&nbsp;&nbsp;<\/p>\n\n\n\n<p>Njime se ja\u010da pravni okvir Ujedinjenog Kraljevstva koji okru\u017euje FGM i njegove implikacije. On informi\u0161e zajednice o pravnom statusu feniranja u njihovoj zemlji, uklju\u010duju\u0107i zakone koji zabranjuju ovu praksu i kazne za one koji vr\u0161e ili omogu\u0107avaju.&nbsp;&nbsp;<\/p>\n\n\n\n<p>Informativni letak nudi razli\u010dite usluge podr\u0161ke koje su dostupne za osobe koje su pre\u017eivjele fetalno \u017eenstveno obra\u0111ivanje i op\u0107e resurse koji pru\u017eaju dodatne informacije. Sveukupno gledano, leci za \u017eenstveno \u0161ivanje igraju klju\u010dnu ulogu u globalnim naporima da se iskorijeni ova praksa i pru\u017ei podr\u0161ka pogo\u0111enim zajednicama.&nbsp;&nbsp;<\/p>\n\n\n\n<figure class=\"wp-block-image size-large\"><a href=\"https:\/\/bawso.org.uk\/wp-content\/uploads\/2024\/07\/202407-Bawso-FGM-Awareness-leaflet.pdf.png\"><img loading=\"lazy\" decoding=\"async\" width=\"1024\" height=\"307\" src=\"https:\/\/bawso.org.uk\/wp-content\/uploads\/2024\/07\/202407-Bawso-FGM-Awareness-leaflet.pdf-1024x307.png\" alt=\"\" class=\"wp-image-4013\" srcset=\"https:\/\/bawso.org.uk\/wp-content\/uploads\/2024\/07\/202407-Bawso-FGM-Awareness-leaflet.pdf-1024x307.png 1024w, https:\/\/bawso.org.uk\/wp-content\/uploads\/2024\/07\/202407-Bawso-FGM-Awareness-leaflet.pdf-300x90.png 300w, https:\/\/bawso.org.uk\/wp-content\/uploads\/2024\/07\/202407-Bawso-FGM-Awareness-leaflet.pdf-768x230.png 768w, https:\/\/bawso.org.uk\/wp-content\/uploads\/2024\/07\/202407-Bawso-FGM-Awareness-leaflet.pdf-1536x460.png 1536w, https:\/\/bawso.org.uk\/wp-content\/uploads\/2024\/07\/202407-Bawso-FGM-Awareness-leaflet.pdf-18x5.png 18w, https:\/\/bawso.org.uk\/wp-content\/uploads\/2024\/07\/202407-Bawso-FGM-Awareness-leaflet.pdf.png 2000w\" sizes=\"auto, (max-width: 1024px) 100vw, 1024px\" \/><\/a><\/figure>\n\n\n\n<figure class=\"wp-block-image size-large\"><a href=\"https:\/\/bawso.org.uk\/wp-content\/uploads\/2024\/07\/202407-Bawso-FGM-Awareness-leaflet.pdf-1.png\"><img loading=\"lazy\" decoding=\"async\" width=\"1024\" height=\"307\" src=\"https:\/\/bawso.org.uk\/wp-content\/uploads\/2024\/07\/202407-Bawso-FGM-Awareness-leaflet.pdf-1-1024x307.png\" alt=\"\" class=\"wp-image-4016\" srcset=\"https:\/\/bawso.org.uk\/wp-content\/uploads\/2024\/07\/202407-Bawso-FGM-Awareness-leaflet.pdf-1-1024x307.png 1024w, https:\/\/bawso.org.uk\/wp-content\/uploads\/2024\/07\/202407-Bawso-FGM-Awareness-leaflet.pdf-1-300x90.png 300w, https:\/\/bawso.org.uk\/wp-content\/uploads\/2024\/07\/202407-Bawso-FGM-Awareness-leaflet.pdf-1-768x230.png 768w, https:\/\/bawso.org.uk\/wp-content\/uploads\/2024\/07\/202407-Bawso-FGM-Awareness-leaflet.pdf-1-1536x460.png 1536w, https:\/\/bawso.org.uk\/wp-content\/uploads\/2024\/07\/202407-Bawso-FGM-Awareness-leaflet.pdf-1-18x5.png 18w, https:\/\/bawso.org.uk\/wp-content\/uploads\/2024\/07\/202407-Bawso-FGM-Awareness-leaflet.pdf-1.png 2000w\" sizes=\"auto, (max-width: 1024px) 100vw, 1024px\" \/><\/a><\/figure>\n\n\n\n<h2 class=\"wp-block-heading has-brand-one-color has-text-color has-link-color wp-elements-f83db1f6d3b29a0d7a1c91e86e820ee8\"><a href=\"https:\/\/bawso.org.uk\/bs\/bawso-sebei-fgm-project-update\/\" data-type=\"page\" data-id=\"3983\">B<\/a><a href=\"https:\/\/bawso.org.uk\/bs\/bawso-sebei-fgm-project-update\/\" data-type=\"page\" data-id=\"3983\" target=\"_blank\" rel=\"noreferrer noopener\">awso \u2013 Sebei FGM projekat A\u017dURIRANJE!&nbsp;<\/a><\/h2>\n\n\n\n<h2 class=\"wp-block-heading has-brand-one-color has-text-color has-link-color wp-elements-d5732e93419d15dd6160343a321ccb40\"><a href=\"https:\/\/bawso.org.uk\/bs\/linking-communities-in-africa-to-address-fgm\/\" data-type=\"page\" data-id=\"4082\">Povezivanje zajednica u Africi za rje\u0161avanje FGM<\/a><\/h2>","protected":false},"excerpt":{"rendered":"<p>We are delighted to announce a new project which is a partnership between Wales and Uganda. We have received funding from the Welsh government administered by Wales Council for Voluntary [&hellip;]<\/p>\n","protected":false},"author":6,"featured_media":3632,"parent":0,"menu_order":0,"comment_status":"closed","ping_status":"closed","template":"","meta":{"_acf_changed":false,"_seopress_robots_primary_cat":"","_seopress_titles_title":"","_seopress_titles_desc":"","_seopress_robots_index":"","footnotes":""},"class_list":["post-3974","page","type-page","status-publish","has-post-thumbnail","hentry"],"acf":[],"publishpress_future_action":{"enabled":false,"date":"2026-06-29 04:20:14","action":"category-add","newStatus":"draft","terms":[],"taxonomy":"","extraData":[]},"publishpress_future_workflow_manual_trigger":{"enabledWorkflows":[]},"_links":{"self":[{"href":"https:\/\/bawso.org.uk\/bs\/wp-json\/wp\/v2\/pages\/3974","targetHints":{"allow":["GET"]}}],"collection":[{"href":"https:\/\/bawso.org.uk\/bs\/wp-json\/wp\/v2\/pages"}],"about":[{"href":"https:\/\/bawso.org.uk\/bs\/wp-json\/wp\/v2\/types\/page"}],"author":[{"embeddable":true,"href":"https:\/\/bawso.org.uk\/bs\/wp-json\/wp\/v2\/users\/6"}],"replies":[{"embeddable":true,"href":"https:\/\/bawso.org.uk\/bs\/wp-json\/wp\/v2\/comments?post=3974"}],"version-history":[{"count":11,"href":"https:\/\/bawso.org.uk\/bs\/wp-json\/wp\/v2\/pages\/3974\/revisions"}],"predecessor-version":[{"id":4133,"href":"https:\/\/bawso.org.uk\/bs\/wp-json\/wp\/v2\/pages\/3974\/revisions\/4133"}],"wp:featuredmedia":[{"embeddable":true,"href":"https:\/\/bawso.org.uk\/bs\/wp-json\/wp\/v2\/media\/3632"}],"wp:attachment":[{"href":"https:\/\/bawso.org.uk\/bs\/wp-json\/wp\/v2\/media?parent=3974"}],"curies":[{"name":"radni list","href":"https:\/\/api.w.org\/{rel}","templated":true}]}}