{"id":3896,"date":"2024-05-21T08:24:47","date_gmt":"2024-05-21T07:24:47","guid":{"rendered":"https:\/\/bawso.org.uk\/?page_id=3896"},"modified":"2025-01-07T15:56:41","modified_gmt":"2025-01-07T15:56:41","slug":"research-and-publications","status":"publish","type":"page","link":"https:\/\/bawso.org.uk\/bs\/research-and-publications\/","title":{"rendered":"Istra\u017eivanja i publikacije"},"content":{"rendered":"<p class=\"has-large-font-size\"><strong><em><strong>Nalazi iz izvje\u0161taja o istra\u017eivanju prisilnog braka Bawso&nbsp;<\/strong>&nbsp;<\/em><\/strong><\/p>\n\n\n\n<p>Prisilni brak poga\u0111a preko 15,4 miliona ljudi \u0161irom svijeta, od kojih su 88% \u017eene i djevoj\u010dice. Praksa ograni\u010dava izbor \u017eena u \u017eivotu diktira osobu za koju treba da se uda, prijatelje s kojima se dru\u017ee i druge \u017eivotne izbore. Prisilni brak je oblik zlostavljanja \u017eena i djevojaka i treba ga tretirati kao zlo\u010din.&nbsp;&nbsp;<\/p>\n\n\n\n<p>Za rje\u0161avanje prisilnog braka i zlostavljanja zasnovanog na \u010dasti (HBA) koje se \u010desto povezuje sa brakom, potrebno je bolje razumijevanje obima prakse i faktora koji tome doprinose. Kao organizacija koja podr\u017eava \u017ertve i osobe koje su pre\u017eivjele prisilne brakove i HBA, poduzeli smo studiju koja je imala za cilj stjecanje dubljeg razumijevanja ideologija koje doprinose prisilnom braku i HBV-u. Ova studija je sprovedena od 2022. i zavr\u0161ena u septembru 2023. Izvje\u0161taj je pokrenula u oktobru 2023. ministar za socijalnu pravdu i \u0161efica Whip, Jane Hutt (Vlada Velsa).&nbsp;&nbsp;<\/p>\n\n\n\n<p>Klju\u010dna preporuka istra\u017eivanja bila je potreba da agencije za podr\u0161ku uspostave sveobuhvatan sistem podr\u0161ke od kraja do kraja za pre\u017eivjele, od trenutka kada je incident prijavljen do trenutka kada pre\u017eivjelima vi\u0161e nije potrebna direktna podr\u0161ka bez obzira na njihov imigracioni status.&nbsp;&nbsp;&nbsp;<\/p>\n\n\n\n<p>Za detaljne nalaze i preporuke iz izvje\u0161taja, slijedite link ovdje do cijelog izvje\u0161taja i link za sa\u017eeti izvje\u0161taj.&nbsp;&nbsp;<\/p>\n\n\n\n<iframe allowfullscreen=\"allowfullscreen\" scrolling=\"no\" class=\"fp-iframe\" src=\"https:\/\/heyzine.com\/flip-book\/6255fce0df.html\" style=\"border: 1px solid lightgray; width: 100%; height: 400px;\"><\/iframe>\n\n\n\n<div class=\"wp-block-file\"><a id=\"wp-block-file--media-9f7730c8-6cc1-4d03-a8db-1f9baeee7b79\" href=\"https:\/\/bawso.org.uk\/wp-content\/uploads\/2024\/05\/Bawso-Understanding-Forced-Marriage-Report.pdf\" target=\"_blank\" rel=\"noreferrer noopener\">Bawso-Razumijevanje-Prisilni-Izvje\u0161taj o braku<\/a><a href=\"https:\/\/bawso.org.uk\/wp-content\/uploads\/2024\/05\/Bawso-Understanding-Forced-Marriage-Report.pdf\" class=\"wp-block-file__button wp-element-button\" download aria-describedby=\"wp-block-file--media-9f7730c8-6cc1-4d03-a8db-1f9baeee7b79\">Skinuti<\/a><\/div>\n\n\n\n<p> <\/p>\n\n\n\n<h2 class=\"wp-block-heading\">Pokretanje Bawso izvje\u0161taja o istra\u017eivanju prisilnog braka 19.10.23<\/h2>\n\n\n\n<figure class=\"wp-block-embed is-type-wp-embed is-provider-bawso wp-block-embed-bawso\"><div class=\"wp-block-embed__wrapper\">\n<blockquote class=\"wp-embedded-content\" data-secret=\"MafNx7rbM3\"><a href=\"https:\/\/bawso.org.uk\/bs\/2023\/10\/launch-of-bawso-forced-marriage-research-report\/\">Pokretanje Bawso izvje\u0161taja o istra\u017eivanju prisilnog braka<\/a><\/blockquote><iframe loading=\"lazy\" class=\"wp-embedded-content\" sandbox=\"allow-scripts\" security=\"restricted\" style=\"position: absolute; visibility: hidden;\" title=\"\u201cPokretanje izvje\u0161taja o istra\u017eivanju prisilnog braka Bawso\u201d \u2014 Bawso\" src=\"https:\/\/bawso.org.uk\/en\/2023\/10\/launch-of-bawso-forced-marriage-research-report\/embed\/#?secret=ICmyeXtCPh#?secret=MafNx7rbM3\" data-secret=\"MafNx7rbM3\" width=\"600\" height=\"338\" frameborder=\"0\" marginwidth=\"0\" marginheight=\"0\" scrolling=\"no\"><\/iframe>\n<\/div><\/figure>\n\n\n\n\n\n<div class=\"wp-block-file\"><a id=\"wp-block-file--media-9f7730c8-6cc1-4d03-a8db-1f9baeee7b79\" href=\"https:\/\/bawso.org.uk\/wp-content\/uploads\/2025\/01\/Understanding-Forced-Marriage_English-Welsh-October-2023-Summary-Report.pdf\" target=\"_blank\" rel=\"noreferrer noopener\">Razumijevanje-Prisilni-Brak_engleski-vel\u0161ki-oktobar-2023-sa\u017eetak-izvje\u0161taj<\/a><a href=\"https:\/\/bawso.org.uk\/wp-content\/uploads\/2025\/01\/Understanding-Forced-Marriage_English-Welsh-October-2023-Summary-Report.pdf\" class=\"wp-block-file__button wp-element-button\" download aria-describedby=\"wp-block-file--media-9f7730c8-6cc1-4d03-a8db-1f9baeee7b79\">Skinuti<\/a><\/div>\n\n\n\n<hr class=\"wp-block-separator has-alpha-channel-opacity\"\/>\n\n\n\n<h2 class=\"wp-block-heading\">Izvje\u0161taj o tro\u0161kovima \u017eivota 2024<\/h2>\n\n\n\n<p>U Velikoj Britaniji je zabilje\u017een porast inflacije od COVID-a 19 koji utje\u010de na \u017eivote ljudi s niskim primanjima, ranjivih i ugro\u017eenih ljudi. Inflacija je pove\u0107ala cijene osnovnih dobara kao \u0161to su hrana i toaletni pribor, prijevoz, briga o djeci i odmor. Sve u svemu, stopa siroma\u0161tva djece od 28% u Walesu trebala bi zabrinjavati kreatore politike i vladu. To zna\u010di da djeca idu na spavanje bez dovoljno hrane i nemaju osnovne potrebe za podr\u0161ku njihovom blagostanju i rastu.<\/p>\n\n\n\n<p>Nedovoljan raspolo\u017eivi prihod tako\u0111e pove\u0107ava rizik od nasilja i raspada u odnosima kao \u0161to je istaknuto u Bawso izve\u0161taju o tro\u0161kovima \u017eivota.&nbsp;<\/p>\n\n\n\n<iframe allowfullscreen=\"allowfullscreen\" scrolling=\"no\" class=\"fp-iframe\" src=\"https:\/\/heyzine.com\/flip-book\/a1208138a6.html\" style=\"border: 1px solid lightgray; width: 100%; height: 400px;\"><\/iframe>\n\n\n\n<div class=\"wp-block-file\"><a id=\"wp-block-file--media-9f7730c8-6cc1-4d03-a8db-1f9baeee7b79\" href=\"https:\/\/bawso.org.uk\/wp-content\/uploads\/2024\/10\/Cost-of-living-report-for-Bawso-August-2024.pdf\" target=\"_blank\" rel=\"noreferrer noopener\">Izvje\u0161taj o tro\u0161kovima \u017eivota za-Bawso-avgust-2024<\/a><a href=\"https:\/\/bawso.org.uk\/wp-content\/uploads\/2024\/10\/Cost-of-living-report-for-Bawso-August-2024.pdf\" class=\"wp-block-file__button wp-element-button\" download aria-describedby=\"wp-block-file--media-9f7730c8-6cc1-4d03-a8db-1f9baeee7b79\">Skinuti<\/a><\/div>\n\n\n\n<hr class=\"wp-block-separator has-alpha-channel-opacity\"\/>\n\n\n\n<h2 class=\"wp-block-heading\">Bez upotrebe javnih fondova (NRPF) 2024<\/h2>\n\n\n\n<p>Bez pribjegavanja javnim fondovima (NRPF) je imigracijski uslov koji je Vlada Ujedinjenog Kraljevstva postavila za vizu za migrante. Uvjet se tako\u0111er odnosi na \u017eene koje imaju bra\u010dne vize i dozvoljava imigrantima da ostanu u Ujedinjenom Kraljevstvu bez ikakvih tro\u0161kova za javnost. \u017drtve porodi\u010dnog zlostavljanja i nasilja na NRPF-u su u nepovoljnom polo\u017eaju i izlo\u017eene su pove\u0107anom riziku daljeg zlostavljanja. \u017drtve nemaju pravo na siguran smje\u0161taj koji obezbje\u0111uju dobrotvorne organizacije u skloni\u0161tu, jer se smje\u0161taj obezbje\u0111uje iz javnih sredstava. Oni tako\u0111er ne mogu pristupiti finansijama\/socijalnim beneficijama za \u017eivot.&nbsp;&nbsp;<\/p>\n\n\n\n<p>Sa\u017eetak politike Bawso NRPF-a (2024.) pru\u017ea informacije o trenutnom zakonodavstvu vel\u0161ke vlade koje se doti\u010de okon\u010danja besku\u0107ni\u0161tva u Velsu i za\u0161tite \u017ertava porodi\u010dnog zlostavljanja i nasilja.&nbsp;&nbsp;<\/p>\n\n\n\n<iframe allowfullscreen=\"allowfullscreen\" scrolling=\"no\" class=\"fp-iframe\" src=\"https:\/\/heyzine.com\/flip-book\/0e864d6e09.html\" style=\"border: 1px solid lightgray; width: 100%; height: 400px;\"><\/iframe>\n\n\n\n<div class=\"wp-block-file\"><a id=\"wp-block-file--media-9f7730c8-6cc1-4d03-a8db-1f9baeee7b79\" href=\"https:\/\/bawso.org.uk\/wp-content\/uploads\/2025\/01\/Bawso-NRPF-policy-brief-October-2024.pdf\" target=\"_blank\" rel=\"noreferrer noopener\">Bawso-NRPF-policy-brief-septembar-2024<\/a><a href=\"https:\/\/bawso.org.uk\/wp-content\/uploads\/2025\/01\/Bawso-NRPF-policy-brief-October-2024.pdf\" class=\"wp-block-file__button wp-element-button\" download aria-describedby=\"wp-block-file--media-9f7730c8-6cc1-4d03-a8db-1f9baeee7b79\">Skinuti<\/a><\/div>","protected":false},"excerpt":{"rendered":"<p>Findings from Bawso forced marriage research report&nbsp;&nbsp; Forced marriage affects over 15.4 million people worldwide, of which 88% are women and girls. The practice limits women\u2019s choices in life dictating [&hellip;]<\/p>\n","protected":false},"author":6,"featured_media":0,"parent":0,"menu_order":0,"comment_status":"closed","ping_status":"closed","template":"","meta":{"_acf_changed":false,"_seopress_robots_primary_cat":"","_seopress_titles_title":"","_seopress_titles_desc":"","_seopress_robots_index":"","footnotes":""},"class_list":["post-3896","page","type-page","status-publish","hentry"],"acf":[],"publishpress_future_action":{"enabled":false,"date":"2026-07-08 05:25:21","action":"category-add","newStatus":"draft","terms":[],"taxonomy":"","extraData":[]},"publishpress_future_workflow_manual_trigger":{"enabledWorkflows":[]},"_links":{"self":[{"href":"https:\/\/bawso.org.uk\/bs\/wp-json\/wp\/v2\/pages\/3896","targetHints":{"allow":["GET"]}}],"collection":[{"href":"https:\/\/bawso.org.uk\/bs\/wp-json\/wp\/v2\/pages"}],"about":[{"href":"https:\/\/bawso.org.uk\/bs\/wp-json\/wp\/v2\/types\/page"}],"author":[{"embeddable":true,"href":"https:\/\/bawso.org.uk\/bs\/wp-json\/wp\/v2\/users\/6"}],"replies":[{"embeddable":true,"href":"https:\/\/bawso.org.uk\/bs\/wp-json\/wp\/v2\/comments?post=3896"}],"version-history":[{"count":16,"href":"https:\/\/bawso.org.uk\/bs\/wp-json\/wp\/v2\/pages\/3896\/revisions"}],"predecessor-version":[{"id":4424,"href":"https:\/\/bawso.org.uk\/bs\/wp-json\/wp\/v2\/pages\/3896\/revisions\/4424"}],"wp:attachment":[{"href":"https:\/\/bawso.org.uk\/bs\/wp-json\/wp\/v2\/media?parent=3896"}],"curies":[{"name":"radni list","href":"https:\/\/api.w.org\/{rel}","templated":true}]}}