{"id":3329,"date":"2023-12-06T14:09:09","date_gmt":"2023-12-06T14:09:09","guid":{"rendered":"https:\/\/bawso.org.uk\/?page_id=3329"},"modified":"2026-01-13T11:10:21","modified_gmt":"2026-01-13T11:10:21","slug":"bawso-bme-oral-stories","status":"publish","type":"page","link":"https:\/\/bawso.org.uk\/bs\/bawso-bme-oral-stories\/","title":{"rendered":"Bawso crne i manjinske etni\u010dke (BME) usmene pri\u010de"},"content":{"rendered":"<p>Projekt Bawso BME Oral Stories ima za cilj digitalno snimanje i o\u010duvanje 25 usmenih pri\u010da i 25 digitalnih pri\u010da (3-minutnih video zapisa) korisnika Bawso usluga. <\/p>\n\n\n\n<p>Projekat je uskla\u0111en sa Zakonom o blagostanju i budu\u0107im generacijama Walesa (2015.) i promovira koheziju dok doprinosi bogatoj vel\u0161koj kulturi i radu Nacionalnog muzeja Walesa. <\/p>\n\n\n\n<p>Ovo je partnerski projekat izme\u0111u Bawsoa, Nacionalnog muzeja Walesa i Centra za pripovijedanje George Ewart Evans Univerziteta u Ju\u017enom Walesu. Godinu dana dobija sredstva od Nacionalnog fonda za ba\u0161tinu lutrije. <\/p>\n\n\n<div class=\"wp-block-image is-style-default\">\n<figure class=\"alignright size-full\"><img loading=\"lazy\" decoding=\"async\" width=\"3477\" height=\"869\" src=\"https:\/\/bawso.org.uk\/wp-content\/uploads\/2023\/12\/Bawso-BME-Stories-1-3.png\" alt=\"\" class=\"wp-image-3394\" srcset=\"https:\/\/bawso.org.uk\/wp-content\/uploads\/2023\/12\/Bawso-BME-Stories-1-3.png 3477w, https:\/\/bawso.org.uk\/wp-content\/uploads\/2023\/12\/Bawso-BME-Stories-1-3-300x75.png 300w, https:\/\/bawso.org.uk\/wp-content\/uploads\/2023\/12\/Bawso-BME-Stories-1-3-1024x256.png 1024w, https:\/\/bawso.org.uk\/wp-content\/uploads\/2023\/12\/Bawso-BME-Stories-1-3-768x192.png 768w, https:\/\/bawso.org.uk\/wp-content\/uploads\/2023\/12\/Bawso-BME-Stories-1-3-1536x384.png 1536w, https:\/\/bawso.org.uk\/wp-content\/uploads\/2023\/12\/Bawso-BME-Stories-1-3-2048x512.png 2048w, https:\/\/bawso.org.uk\/wp-content\/uploads\/2023\/12\/Bawso-BME-Stories-1-3-18x4.png 18w\" sizes=\"auto, (max-width: 3477px) 100vw, 3477px\" \/><\/figure>\n<\/div>\n\n\n<h2 class=\"wp-block-heading\">Upoznajte tim koji radi na Bawso BME pri\u010dama <\/h2>\n\n\n\n<div class=\"wp-block-media-text is-stacked-on-mobile is-vertically-aligned-top is-image-fill-element\" style=\"grid-template-columns:23% auto\"><figure class=\"wp-block-media-text__media\"><img loading=\"lazy\" decoding=\"async\" width=\"768\" height=\"1024\" src=\"https:\/\/bawso.org.uk\/wp-content\/uploads\/2024\/02\/Nancy-Picture-1-768x1024.jpg\" alt=\"\" class=\"wp-image-3540 size-full\" style=\"object-position:50% 50%\" srcset=\"https:\/\/bawso.org.uk\/wp-content\/uploads\/2024\/02\/Nancy-Picture-1-768x1024.jpg 768w, https:\/\/bawso.org.uk\/wp-content\/uploads\/2024\/02\/Nancy-Picture-1-225x300.jpg 225w, https:\/\/bawso.org.uk\/wp-content\/uploads\/2024\/02\/Nancy-Picture-1-1152x1536.jpg 1152w, https:\/\/bawso.org.uk\/wp-content\/uploads\/2024\/02\/Nancy-Picture-1-9x12.jpg 9w, https:\/\/bawso.org.uk\/wp-content\/uploads\/2024\/02\/Nancy-Picture-1.jpg 1536w\" sizes=\"auto, (max-width: 768px) 100vw, 768px\" \/><\/figure><div class=\"wp-block-media-text__content\">\n<p><strong>Nancy Lidubwi, Bawso Voditeljica politike nasilja nad \u017eenama<\/strong><\/p>\n\n\n\n<details class=\"wp-block-details is-layout-flow wp-block-details-is-layout-flow\"><summary>BIO<\/summary>\n<p>Nancy Lidubwi radi za Bawso kao menad\u017eerica politike nasilja nad \u017eenama i ona je voditeljica projekta. Kao takva, njena uloga je da zadr\u017ei menad\u017eerski nadzor kroz projekat preko imenovanog \u010dlana osoblja.&nbsp;&nbsp;<\/p>\n\n\n\n<p>Ona je odgovorna za cjelokupno upravljanje grantovima, pra\u0107enje i izvje\u0161tavanje, svu \u0161tampu i publicitet projekta, sve aspekte zapo\u0161ljavanja, upravljanja i podr\u0161ke u\u010desnicima u projektu.&nbsp;&nbsp;<\/p>\n\n\n\n<p>Nensi je zadu\u017eena za sav javni anga\u017eman na projektu, uklju\u010duju\u0107i i to da bude prva ta\u010dka poziva za sve upite u vezi sa projektom, prisustvuje svim projektnim radionicama, mjese\u010dnim sastancima upravljanja projektom i pru\u017ea USW timu bilo koju BAWSO specifi\u010dnu obuku i indukcije.&nbsp;&nbsp;<\/p>\n\n\n\n<p>Ostale uloge uklju\u010duju upravljanje ugovornim aran\u017emanima za evaluaciju projekta, koordinaciju grupe za upravljanje projektom koja uklju\u010duje predstavljanje potrebnih zainteresovanih strana, BAWSO i USW i upravljanje odnosima sa projektnim partnerima.&nbsp;&nbsp;<\/p>\n\n\n\n<p>Nensi je radila sa Bawsom na razli\u010ditim ulogama koje su uklju\u010divale \u0161efa poslovnog razvoja zadu\u017eenog za prikupljanje sredstava i razvoj strategija kako bi dobrotvorna organizacija bila finansijski odr\u017eiva. Tako\u0111er je radila kao voditeljica obuke i anga\u017emana korisnika usluga gdje je razvila i dr\u017eala obuke za mejnstrim organizacije i dobrotvorne organizacije o nasilju nad \u017eenama iz perspektive crnaca i manjinskih etni\u010dkih zajednica. Ova uloga je uklju\u010divala zagovaranje prava korisnika usluga i osiguravanje da se njihov glas \u010duje i uklju\u010di u kreiranje i implementaciju politike i da se njihove potrebe stave u centar pru\u017eanja usluga.&nbsp;<\/p>\n\n\n\n<p>Nancy ima diplomu magistra ekonomije i dru\u0161tvenog razvoja i diplomu sociologije.&nbsp;<\/p>\n<\/details>\n<\/div><\/div>\n\n\n\n<hr class=\"wp-block-separator has-alpha-channel-opacity\"\/>\n\n\n\n<div class=\"wp-block-media-text is-stacked-on-mobile is-vertically-aligned-top is-image-fill-element\" style=\"grid-template-columns:23% auto\"><figure class=\"wp-block-media-text__media\"><img loading=\"lazy\" decoding=\"async\" width=\"1024\" height=\"619\" src=\"https:\/\/bawso.org.uk\/wp-content\/uploads\/2023\/12\/Sophia-website-photo-1024x619.jpg\" alt=\"\" class=\"wp-image-3402 size-full\" style=\"object-position:50% 50%\" srcset=\"https:\/\/bawso.org.uk\/wp-content\/uploads\/2023\/12\/Sophia-website-photo-1024x619.jpg 1024w, https:\/\/bawso.org.uk\/wp-content\/uploads\/2023\/12\/Sophia-website-photo-300x181.jpg 300w, https:\/\/bawso.org.uk\/wp-content\/uploads\/2023\/12\/Sophia-website-photo-768x464.jpg 768w, https:\/\/bawso.org.uk\/wp-content\/uploads\/2023\/12\/Sophia-website-photo-18x12.jpg 18w, https:\/\/bawso.org.uk\/wp-content\/uploads\/2023\/12\/Sophia-website-photo.jpg 1084w\" sizes=\"auto, (max-width: 1024px) 100vw, 1024px\" \/><\/figure><div class=\"wp-block-media-text__content\">\n<p><strong>Dr Sophia Kier-Byfield, Bawso Saradnica na projektu usmenih pri\u010da, Univerzitet Ju\u017enog Velsa<\/strong><\/p>\n\n\n\n<details class=\"wp-block-details is-layout-flow wp-block-details-is-layout-flow\"><summary>BIO <\/summary>\n<p>Kao postdoktorski istra\u017eiva\u010d sa interesima za feminizam i kako umjetnost mo\u017ee poja\u010dati glasove i pri\u010de manjina, privilegija je raditi s Bawsom i Nacionalnim muzejom Walesa na ovom va\u017enom projektu. Bawsov rad na prvoj liniji je jedinstven po na\u010dinu na koji slu\u017ei specifi\u010dnim potrebama BME zajednica u Walesu i \u0161ire, a anga\u017eman s muzejom kao mjestom za pripovijedanje \u0107e, nadamo se, animirati nove historije o tome \u0161to za pre\u017eivjele zna\u010di prona\u0107i dom u Walesu.<\/p>\n\n\n\n<p>Kao istra\u017eiva\u010d na Univerzitetu Ju\u017enog Velsa, odgovoran sam za svakodnevno planiranje, organizaciju i realizaciju projekta. Prvi mjeseci projekta uklju\u010divali su upoznavanje mog novog radnog mjesta, kolega i susreta sa projektnim partnerima. Bilo je zadovoljstvo upoznati kolege iz Bawso-a \u0161irom Ju\u017enog Velsa, kustose u St Fagansu i arhiviste u People&#039;s Collection Walesu, razumjeti njihove strukture i prioritete u projektu i po\u010deti pripremati planove za participativne radionice za korisnike Bawso usluga. Radionice \u0107e trajati od januara do aprila 2024.<\/p>\n\n\n\n<p>Razgovor sa prvim osobljem u Bawso-u bio je posebno va\u017ean u ovom procesu upoznavanja i planiranja. Prona\u0107i koji dani u nedelji su najpogodniji za u\u010desnike u razli\u010ditim oblastima, organizovanje na\u0161eg projekta oko verskih praznika i uspostavljanje brige o deci su detalji za koje se nadamo da \u0107e u\u010de\u0161\u0107e u\u010diniti prakti\u010dnijim i prijatnijim. Tako\u0111er sam povezivao sa partnerima kako bih prona\u0161ao na\u010dine da radionice u\u010dinim zanimljivima i pru\u017eim prilike u\u010desnicima ne samo da pri\u010daju pri\u010de, ve\u0107 i da eksperimenti\u0161u i igraju se s na\u010dinom na koji se pri\u010daju i snimaju.<\/p>\n\n\n\n<p>Od po\u010detka projekta uspje\u0161no sam se prijavio za podr\u0161ku Fonda za gra\u0111ansku aktivnost USW kako bi nam omogu\u0107io stvaranje trajnih resursa (nastavnih materijala i pamfleta pri\u010da) koji \u0107e pomo\u0107i gra\u0111anima da se nastave baviti pri\u010dama nakon projekat je zavr\u0161en.<\/p>\n\n\n\n<p>Kako bih projekt isporu\u010dio u skladu sa najvi\u0161im standardima kvalitete i eti\u010dkih standarda, ovi prvi mjeseci moga rada uklju\u010divali su i uvod u USW, obuku za osvje\u017eavanje znanja o digitalnom pripovijedanju, obuku usmene istorije u People&#039;s Collection Walesu i daljnje uvo\u0111enje u rad Bawsoa od strane prisustvuju i podr\u017eavaju njihove javne doga\u0111aje, kao \u0161to je lansiranje izvje\u0161taja o istra\u017eivanju prisilnog braka na USW i White Ribbon Day u Llandaff Cathedral.<\/p>\n<\/details>\n<\/div><\/div>\n\n\n\n<hr class=\"wp-block-separator has-alpha-channel-opacity\"\/>\n\n\n\n<div class=\"wp-block-media-text is-stacked-on-mobile is-vertically-aligned-top is-image-fill-element\" style=\"grid-template-columns:23% auto\"><figure class=\"wp-block-media-text__media\"><img loading=\"lazy\" decoding=\"async\" width=\"450\" height=\"341\" src=\"https:\/\/bawso.org.uk\/wp-content\/uploads\/2023\/12\/Prof-Emily-Underwood-L.2e16d0ba.fill-450x341.format-jpeg_kCkKxX6-1-1.jpg\" alt=\"\" class=\"wp-image-3348 size-full\" style=\"object-position:50% 50%\" srcset=\"https:\/\/bawso.org.uk\/wp-content\/uploads\/2023\/12\/Prof-Emily-Underwood-L.2e16d0ba.fill-450x341.format-jpeg_kCkKxX6-1-1.jpg 450w, https:\/\/bawso.org.uk\/wp-content\/uploads\/2023\/12\/Prof-Emily-Underwood-L.2e16d0ba.fill-450x341.format-jpeg_kCkKxX6-1-1-300x227.jpg 300w, https:\/\/bawso.org.uk\/wp-content\/uploads\/2023\/12\/Prof-Emily-Underwood-L.2e16d0ba.fill-450x341.format-jpeg_kCkKxX6-1-1-16x12.jpg 16w\" sizes=\"auto, (max-width: 450px) 100vw, 450px\" \/><\/figure><div class=\"wp-block-media-text__content\">\n<p><strong>Profesor Emily Underwood-Lee<\/strong><\/p>\n\n\n\n<details class=\"wp-block-details is-layout-flow wp-block-details-is-layout-flow\"><summary>BIO <\/summary>\n<p>Drago mi je \u0161to radim na projektu Bawso Oral Stories. Moja uloga u projektu je vo\u0111enje zbirke pri\u010da i usmene istorije. Nadam se da mo\u017eemo omogu\u0107iti korisnicima Bawso servisa da podijele pri\u010de koje su nam pri\u010dali da \u017eele da ih se \u010duje i sa\u010duva.<\/p>\n\n\n\n<p>Ovaj projekat se razvija na osnovu moje teku\u0107e saradnje sa Bawsom i mog prethodnog rada na istra\u017eivanju kako da omogu\u0107im da se \u010duju glasovi pre\u017eivjelih. Posebno sam zainteresovan za razmi\u0161ljanje o tome kako mo\u017eemo raditi sa zajednicama koje Bawso podr\u017eava kako bismo osigurali da se njihove pri\u010de \u010duju na mjestima i od strane ljudi koje sami pripovjeda\u010di osje\u0107aju potrebu da slu\u0161aju. Znamo da bi glas pre\u017eivjelih trebao biti u sredi\u0161tu politike i prakse i nadam se da ovaj projekat mo\u017ee dati doprinos pru\u017eanju usluga koje se istinski vode prema potrebama. Ovaj projekat \u0107e omogu\u0107iti dijeljenje pri\u010da kao dio nacionalne zbirke i pomo\u0107i nam da izgradimo razumijevanje \u0161irine iskustava ljudi Walesa. Tako\u0111er znamo da dijeljenje pri\u010da mo\u017ee izgraditi vezu, potaknuti zajednicu i razumijevanje i pobolj\u0161ati dobrobit i uzbu\u0111en sam \u0161to \u0107u biti dio ovog rada sa korisnicima usluga Bawso.<\/p>\n\n\n\n<p>Moj \u0161iri istra\u017eiva\u010dki rad fokusira se na poja\u010davanje li\u010dnih pri\u010da koje se malo \u010duju od ljudi \u010diji su glasovi mo\u017eda bili zanemareni i na razliku koju slu\u0161anje ovih pri\u010da mo\u017ee u\u010diniti u politici, praksi i svakodnevnom \u017eivotu i za pripovjeda\u010da i za slu\u0161atelja. Posebno me zanimaju pri\u010de o majci, polu, zdravlju\/bolesti i naslije\u0111u. Profesor sam studija performansa na Univerzitetu Ju\u017enog Velsa, gdje sam ko-direktor Centra za pripovijedanje George Ewart Evans i kopredsjedavaju\u0107i Mre\u017ee za istra\u017eivanje nasilja nad \u017eenama, zlostavljanja u porodici i seksualnog nasilja u Walesu. Moje nedavne publikacije uklju\u010duju koautorsku knjigu Maternal Performance: Feminist Relations (Palgrave 2021), ure\u0111enu zbirku Mothering Performance (Routledge 2022) i posebno izdanje recenziranog \u010dasopisa Storytelling, Self, Society o &#039;Pripovijedanju za zdravlje&#039; ( 2019).<\/p>\n<\/details>\n<\/div><\/div>\n\n\n\n<div style=\"height:54px\" aria-hidden=\"true\" class=\"wp-block-spacer\"><\/div>\n\n\n\n<p><strong>Slavimo \u017eenske glasove kroz digitalno pripovijedanje<\/strong>&nbsp;<\/p>\n\n\n\n<p>U partnerstvu sa Univerzitetom Ju\u017enog Walesa, Centrom za pripovijedanje George Ewart Evans i Muzejom Walesa Amgueddfa Cymru, Bawso je s ponosom vodio sna\u017ean projekt ba\u0161tine koji je \u017eivotna iskustva \u017eena, korisnica usluga Bawsoa, doveo u srce Nacionalnog muzeja i javne domene.&nbsp;<\/p>\n\n\n\n<p>Finansirana od strane Nacionalnog fonda za naslije\u0111e lutrije 2023. godine, ova inicijativa je zabilje\u017eila i sa\u010duvala glasove \u017eena koje su \u010desto ostale ne\u010duvene, osiguravaju\u0107i da se njihove pri\u010de \u010duju i arhiviraju za budu\u0107e generacije.&nbsp;<\/p>\n\n\n\n<p>Na\u0161 izvje\u0161taj na kraju projekta nudi detaljan uvid u ovo inspirativno putovanje, od radionica anga\u017emana zajednice i pripovijedanja, do ure\u0111ivanja, javnih doga\u0111aja i kona\u010dnog arhiviranja 64 jedinstvene pri\u010de prikupljene iz 154 interakcije korisnika usluge.&nbsp;<\/p>\n\n\n\n<p>Pozivamo vas da istra\u017eite ove duboko dirljive pri\u010de li\u010dno u Nacionalnom muzeju St Fagans ili online putem <a href=\"https:\/\/www.peoplescollection.wales\/user\/117801\/author\/117801\/sort\/date\/page\/2\" data-type=\"link\" data-id=\"https:\/\/www.peoplescollection.wales\/user\/117801\/author\/117801\/sort\/date\/page\/2\"><a href=\"https:\/\/eu-west-1.protection.sophos.com?d=peoplescollection.wales&amp;u=aHR0cHM6Ly93d3cucGVvcGxlc2NvbGxlY3Rpb24ud2FsZXMvdXNlcnMvMTE3ODAxP3BhZ2U9MQ==&amp;i=NjM2M2I2NjdmZDAzM2IxMjc4MDU5Y2Rh&amp;t=c0pqSXE1SUwxYjhiRk1nNVRtR0NVTFgvd1F0YkY3ZVRxNUtpYzRGU1lPTT0=&amp;h=a716634ca9164f97a64090c918742f01&amp;s=AVNPUEhUT0NFTkNSWVBUSVbDh_BjtqC1MDxIjACgJI1UdN8tBYhl5cbKzMwKkkhEOvvWE0aH21uE4WeIt0V2LqQ\">Bawso | People&#039;s Collection Wales<\/a><\/a>.<\/p>\n\n\n\n<p>\u017delite saznati vi\u0161e? Slobodno nas kontaktirajte putem SMS-a, e-maila ili posjetite bilo koju od na\u0161ih kancelarija \u0161irom Walesa.&nbsp;<\/p>\n\n\n\n<div class=\"wp-block-file\"><a id=\"wp-block-file--media-371aa259-c3ef-4aaa-9a1f-57b36b67f683\" href=\"https:\/\/bawso.org.uk\/wp-content\/uploads\/2025\/08\/Final-version-Bawso-Stories-end-of-project-report-31-1-25-1.pdf\"><strong>Izvje\u0161taj o zavr\u0161etku projekta Bawso Stories <\/strong><\/a><a href=\"https:\/\/bawso.org.uk\/wp-content\/uploads\/2025\/08\/Final-version-Bawso-Stories-end-of-project-report-31-1-25-1.pdf\" class=\"wp-block-file__button wp-element-button\" download aria-describedby=\"wp-block-file--media-371aa259-c3ef-4aaa-9a1f-57b36b67f683\">Skinuti<\/a><\/div>\n\n\n\n<div class=\"wp-block-file has-brand-four-background-color has-background\"><a id=\"wp-block-file--media-1c6cc171-d548-4e6e-afa5-020fb6c212ce\" href=\"https:\/\/bawso.org.uk\/wp-content\/uploads\/2025\/08\/Storiau-Bawso-adroddiad-diwedd-prosiect-21-3-25.pdf\" target=\"_blank\" rel=\"noreferrer noopener\"><strong>Stor\u00efau Bawso Adroddiad Diwedd Prosiect <\/strong><\/a><a href=\"https:\/\/bawso.org.uk\/wp-content\/uploads\/2025\/08\/Storiau-Bawso-adroddiad-diwedd-prosiect-21-3-25.pdf\" class=\"wp-block-file__button wp-element-button\" download aria-describedby=\"wp-block-file--media-1c6cc171-d548-4e6e-afa5-020fb6c212ce\">Skinuti<\/a><\/div>\n\n\n\n<div style=\"height:47px\" aria-hidden=\"true\" class=\"wp-block-spacer\"><\/div>\n\n\n\n<div class=\"wp-block-query is-layout-flow wp-block-query-is-layout-flow\"><ul class=\"columns-2 wp-block-post-template is-layout-grid wp-container-core-post-template-is-layout-17361a50 wp-block-post-template-is-layout-grid\"><li class=\"wp-block-post post-4293 post type-post status-publish format-standard hentry category-news category-events tag-bawso-oral-stories\">\n\n<div class=\"wp-block-group\" style=\"padding-top:30px;padding-right:30px;padding-bottom:30px;padding-left:30px\"><div class=\"wp-block-group__inner-container is-layout-constrained wp-container-core-group-is-layout-644faf63 wp-block-group-is-layout-constrained\"><h2 class=\"wp-block-post-title\"><a href=\"https:\/\/bawso.org.uk\/bs\/2024\/11\/bawso-stories-landmarks-of-personal-history\/\" target=\"_self\" >Bawso Pri\u010de: Znamenitosti li\u010dne istorije<\/a><\/h2>\n\n<div class=\"wp-block-post-excerpt\"><p class=\"wp-block-post-excerpt__excerpt\">Detalji doga\u0111aja: Datum i vrijeme: srijeda, 13. novembar \u00b7 11:00 \u2013 12:30 GMT Lokacija: St. Fagans National\u2026<\/p><p class=\"wp-block-post-excerpt__more-text\"><a class=\"wp-block-post-excerpt__more-link\" href=\"https:\/\/bawso.org.uk\/bs\/2024\/11\/bawso-stories-landmarks-of-personal-history\/\">\u010citaj vi\u0161e<\/a><\/p><\/div>\n\n<div class=\"wp-block-post-date\"><time datetime=\"2024-11-11T11:37:27+00:00\">11. novembra 2024.<\/time><\/div><\/div><\/div>\n\n<\/li><li class=\"wp-block-post post-4019 post type-post status-publish format-standard hentry category-news category-events tag-bawso-oral-stories\">\n\n<div class=\"wp-block-group\" style=\"padding-top:30px;padding-right:30px;padding-bottom:30px;padding-left:30px\"><div class=\"wp-block-group__inner-container is-layout-constrained wp-container-core-group-is-layout-644faf63 wp-block-group-is-layout-constrained\"><h2 class=\"wp-block-post-title\"><a href=\"https:\/\/bawso.org.uk\/bs\/2024\/07\/bawso-stories-launch-event\/\" target=\"_self\" >Doga\u0111aj pokretanja usmenih pri\u010da Bawso<\/a><\/h2>\n\n<div class=\"wp-block-post-excerpt\"><p class=\"wp-block-post-excerpt__excerpt\">Pridru\u017eite nam se na pokretanju Bawso Stories, specijalnog projekta koji slavi pojedince, pri\u010de i naslije\u0111e\u2026<\/p><p class=\"wp-block-post-excerpt__more-text\"><a class=\"wp-block-post-excerpt__more-link\" href=\"https:\/\/bawso.org.uk\/bs\/2024\/07\/bawso-stories-launch-event\/\">\u010citaj vi\u0161e<\/a><\/p><\/div>\n\n<div class=\"wp-block-post-date\"><time datetime=\"2024-07-22T14:25:22+01:00\">22. jula 2024.<\/time><\/div><\/div><\/div>\n\n<\/li><li class=\"wp-block-post post-3877 post type-post status-publish format-standard hentry category-news tag-bawso-oral-stories\">\n\n<div class=\"wp-block-group\" style=\"padding-top:30px;padding-right:30px;padding-bottom:30px;padding-left:30px\"><div class=\"wp-block-group__inner-container is-layout-constrained wp-container-core-group-is-layout-644faf63 wp-block-group-is-layout-constrained\"><h2 class=\"wp-block-post-title\"><a href=\"https:\/\/bawso.org.uk\/bs\/2024\/05\/a-visit-to-national-museum-cardiff\/\" target=\"_self\" >Posjeta Nacionalnom muzeju Cardiff<\/a><\/h2>\n\n<div class=\"wp-block-post-excerpt\"><p class=\"wp-block-post-excerpt__excerpt\">Posjeta Nacionalnog muzeja Cardiff korisnika usluge Bawso Newport obe\u0107ava oboga\u0107uju\u0107e iskustvo ispunjeno\u2026<\/p><p class=\"wp-block-post-excerpt__more-text\"><a class=\"wp-block-post-excerpt__more-link\" href=\"https:\/\/bawso.org.uk\/bs\/2024\/05\/a-visit-to-national-museum-cardiff\/\">\u010citaj vi\u0161e<\/a><\/p><\/div>\n\n<div class=\"wp-block-post-date\"><time datetime=\"2024-05-03T12:14:30+01:00\">3. maja 2024.<\/time><\/div><\/div><\/div>\n\n<\/li><li class=\"wp-block-post post-3850 post type-post status-publish format-standard hentry category-news tag-bawso-oral-stories\">\n\n<div class=\"wp-block-group\" style=\"padding-top:30px;padding-right:30px;padding-bottom:30px;padding-left:30px\"><div class=\"wp-block-group__inner-container is-layout-constrained wp-container-core-group-is-layout-644faf63 wp-block-group-is-layout-constrained\"><h2 class=\"wp-block-post-title\"><a href=\"https:\/\/bawso.org.uk\/bs\/2024\/04\/bawso-at-llanberis-slate-museum\/\" target=\"_self\" >Bawso u Muzeju \u0161kriljevca Llanberis<\/a><\/h2>\n\n<div class=\"wp-block-post-excerpt\"><p class=\"wp-block-post-excerpt__excerpt\">U srcu Llanberisa, nalazi se Muzej \u0161kriljevca\u2014svjedo\u010danstvo o bogatom industrijskom naslje\u0111u regije. Kao\u2026<\/p><p class=\"wp-block-post-excerpt__more-text\"><a class=\"wp-block-post-excerpt__more-link\" href=\"https:\/\/bawso.org.uk\/bs\/2024\/04\/bawso-at-llanberis-slate-museum\/\">\u010citaj vi\u0161e<\/a><\/p><\/div>\n\n<div class=\"wp-block-post-date\"><time datetime=\"2024-04-30T14:40:05+01:00\">30. april 2024.<\/time><\/div><\/div><\/div>\n\n<\/li><li class=\"wp-block-post post-3707 post type-post status-publish format-standard hentry category-news tag-bawso-oral-stories\">\n\n<div class=\"wp-block-group\" style=\"padding-top:30px;padding-right:30px;padding-bottom:30px;padding-left:30px\"><div class=\"wp-block-group__inner-container is-layout-constrained wp-container-core-group-is-layout-644faf63 wp-block-group-is-layout-constrained\"><h2 class=\"wp-block-post-title\"><a href=\"https:\/\/bawso.org.uk\/bs\/2024\/04\/a-trip-to-welsh-museums\/\" target=\"_self\" >Izlet u vel\u0161ke muzeje\u00a0<\/a><\/h2>\n\n<div class=\"wp-block-post-excerpt\"><p class=\"wp-block-post-excerpt__excerpt\">Finansiran od strane Nacionalnog fonda za naslije\u0111e lutrije, projekat Bawso BME Oral Stories, pod vodstvom\u2026<\/p><p class=\"wp-block-post-excerpt__more-text\"><a class=\"wp-block-post-excerpt__more-link\" href=\"https:\/\/bawso.org.uk\/bs\/2024\/04\/a-trip-to-welsh-museums\/\">\u010citaj vi\u0161e<\/a><\/p><\/div>\n\n<div class=\"wp-block-post-date\"><time datetime=\"2024-04-08T11:20:31+01:00\">8. aprila 2024.<\/time><\/div><\/div><\/div>\n\n<\/li><\/ul><\/div>\n\n\n\n<p><a href=\"https:\/\/nation.cymru\/news\/unique-partnership-to-share-untold-stories-of-wales-diverse-communities\/\"><strong>Nation Cymru \u2013 News Post<\/strong><\/a><\/p>\n\n\n\n<h2 class=\"wp-block-heading has-brand-four-color has-text-color has-link-color has-small-font-size wp-elements-a7ee413eccea65321406039e0206c417\">Doga\u0111aj lansiranja Bawso Stories <\/h2>\n\n\n\n<h2 class=\"wp-block-heading has-brand-four-color has-text-color has-link-color has-small-font-size wp-elements-bb72eb752ffff7f96a94e60eb4d3f3f8\">Bawso Pri\u010de: Znamenitosti doga\u0111aja iz li\u010dne istorije <\/h2>\n\n\n\n<h2 class=\"wp-block-heading has-brand-four-color has-text-color has-link-color has-small-font-size wp-elements-837cb1c2d88e931d6fc0f0805f10a09b\">Izlet u vel\u0161ke muzeje&nbsp;<\/h2>\n\n\n\n<h2 class=\"wp-block-heading has-brand-four-color has-text-color has-link-color has-small-font-size wp-elements-cfcf520190511e034d89760ae48101a6\">Bawso u Muzeju \u0161kriljevca Llanberis<\/h2>\n\n\n\n<h2 class=\"wp-block-heading has-brand-four-color has-text-color has-link-color has-small-font-size wp-elements-c98774cc86b6a7f5132bfd56940c328a\">Posjeta Nacionalnom muzeju Cardiff<\/h2>\n\n\n\n<p class=\"is-style-text-x-large has-brand-four-color has-text-color has-link-color has-small-font-size wp-elements-6af1aeda4fbb35b8153ffd3fe2238c37\"><strong>Bawso posjeti muzej Llanberis u Sjevernom Velsu 12. aprila 2024&nbsp;<\/strong><\/p>\n\n\n\n<p><\/p>","protected":false},"excerpt":{"rendered":"<p>The Bawso BME Oral Stories project aims to digitally record and preserve 25 oral histories and 25 digital stories (3-minute videos) from Bawso service users. The project aligns with the [&hellip;]<\/p>\n","protected":false},"author":6,"featured_media":0,"parent":0,"menu_order":0,"comment_status":"closed","ping_status":"closed","template":"","meta":{"_acf_changed":false,"_seopress_robots_primary_cat":"","_seopress_titles_title":"","_seopress_titles_desc":"","_seopress_robots_index":"","footnotes":""},"class_list":["post-3329","page","type-page","status-publish","hentry"],"acf":[],"publishpress_future_action":{"enabled":false,"date":"2026-07-08 05:24:24","action":"category-add","newStatus":"draft","terms":[],"taxonomy":"","extraData":[]},"publishpress_future_workflow_manual_trigger":{"enabledWorkflows":[]},"_links":{"self":[{"href":"https:\/\/bawso.org.uk\/bs\/wp-json\/wp\/v2\/pages\/3329","targetHints":{"allow":["GET"]}}],"collection":[{"href":"https:\/\/bawso.org.uk\/bs\/wp-json\/wp\/v2\/pages"}],"about":[{"href":"https:\/\/bawso.org.uk\/bs\/wp-json\/wp\/v2\/types\/page"}],"author":[{"embeddable":true,"href":"https:\/\/bawso.org.uk\/bs\/wp-json\/wp\/v2\/users\/6"}],"replies":[{"embeddable":true,"href":"https:\/\/bawso.org.uk\/bs\/wp-json\/wp\/v2\/comments?post=3329"}],"version-history":[{"count":36,"href":"https:\/\/bawso.org.uk\/bs\/wp-json\/wp\/v2\/pages\/3329\/revisions"}],"predecessor-version":[{"id":4945,"href":"https:\/\/bawso.org.uk\/bs\/wp-json\/wp\/v2\/pages\/3329\/revisions\/4945"}],"wp:attachment":[{"href":"https:\/\/bawso.org.uk\/bs\/wp-json\/wp\/v2\/media?parent=3329"}],"curies":[{"name":"radni list","href":"https:\/\/api.w.org\/{rel}","templated":true}]}}