{"id":311,"date":"2022-02-25T13:48:58","date_gmt":"2022-02-25T13:48:58","guid":{"rendered":"https:\/\/bawso.org.uk\/?page_id=311"},"modified":"2022-08-11T19:32:29","modified_gmt":"2022-08-11T18:32:29","slug":"about-us","status":"publish","type":"page","link":"https:\/\/bawso.org.uk\/bs\/about-us\/","title":{"rendered":"O nama"},"content":{"rendered":"<h2 class=\"wp-block-heading\"><strong>Ko smo mi<\/strong><\/h2>\n\n\n\n<p class=\"has-medium-font-size\"><strong>Bawso je 1995. godine osnovala mala grupa crnki i minoriziranih \u017eena u Cardiffu, koje su bile zabrinute za primjerenost usluga koje se pru\u017eaju \u017ertvama nasilja u porodici. Iznajmili smo sobu sa stolom, stolicom i telefonom i po\u010deli da podi\u017eemo svest unutar crna\u010dkih i manjinskih zajednica, sa vladom, statutarnim telima i pru\u017eaocima usluga tre\u0107eg sektora.<\/strong><\/p>\n\n\n\n<p>Tokom godina, Bawso je bio pionir rada u oblastima mnogo prije nego \u0161to su postale predmet \u0161iroko rasprostranjenog javnog interesa i zakonodavstva, uklju\u010duju\u0107i prisilne brakove (FM), saka\u0107enje \u017eenskih genitalija (FMG), nasilje zasnovano na \u010dasti (HBV), i nedavno, moderno ropstvo i trgovinu ljudima. .<\/p>\n\n\n\n<p>Bawso usluge se sada prote\u017eu \u0161irom Walesa, zapo\u0161ljavaju\u0107i preko stotinu obu\u010denog i iskusnog osoblja i brojne volontere. Sa prometom od 4,6 miliona funti godi\u0161nje finansiraju nas centralna vlada u Westminsteru, decentralizirana vlada u Cardiff Bayu, lokalne vlasti, policijski povjerenici za kriminal, druga statutarna tijela, fondacije, fondacije, filantropi i aktivnosti prikupljanja sredstava u zajednici.<\/p>\n\n\n\n<p>Bawso vodi namjenski izgra\u0111ena skloni\u0161ta, sigurne ku\u0107e, objekte na jednom mjestu, plutaju\u0107u podr\u0161ku za pre\u017eivjele u zajednici i specijalisti\u010dke projekte za svako podru\u010dje nasilja i eksploatacije \u017eena i djevoj\u010dica, mu\u0161karaca i dje\u010daka. Podr\u017eavamo preko 6.000 pojedinaca svake godine i svake godine se taj broj pove\u0107ava.<\/p>\n\n\n\n<p>Rad na terenu je upotpunjen 24-satnom linijom za pomo\u0107, odjelom za obuku koji je posve\u0107en stalnom pobolj\u0161anju usluga Bawso i vje\u0161tina osoblja Bawso, te pru\u017eanjem obuke za podizanje svijesti vanjskim agencijama, profesionalcima i prakti\u010darima, uklju\u010duju\u0107i policiju, lije\u010dnike op\u0107e prakse. , osoblje NHS-a, nastavnici i dr\u017eavni slu\u017ebenici. Bawso tako\u0111e ima veliko i posve\u0107eno Odeljenje za tuma\u010denje i prevo\u0111enje akreditovanih radnika.<\/p>\n\n\n\n<p>Bawso-om upravlja odbor koji se sastoji od vrhunskih i iskusnih crnaca i minoriziranih \u017eena i mu\u0161karaca iz zajednica kojima slu\u017ee. Osoblje i volonteri Bawsoa tako\u0111er su iz crna\u010dkih i manjinskih zajednica u Walesu, \u0161to im daje jedinstveno razumijevanje kultura, religija i jezika korisnika usluga i njihovih zajednica.<\/p>\n\n\n\n<h3 class=\"wp-block-heading\"><strong>NA\u0160A VIZIJA<\/strong><\/h3>\n\n\n\n<p class=\"is-style-text-x-large has-medium-font-size\"><strong>Da svi ljudi u Walesu \u017eive slobodni od zlostavljanja, nasilja i eksploatacije.<\/strong><\/p>\n\n\n\n<h3 class=\"wp-block-heading\"><strong>NA\u0160A MISIJA<\/strong><\/h3>\n\n\n\n<p class=\"is-style-text-x-large has-medium-font-size\"><strong>Zagovarati i pru\u017eati specijalisti\u010dke usluge crnim i minoriziranim \u017ertvama zlostavljanja, nasilja i eksploatacije u Walesu.<\/strong><\/p>\n\n\n\n<h3 class=\"wp-block-heading\"><strong>NA\u0160E VRIJEDNOSTI<\/strong><\/h3>\n\n\n\n<ul class=\"wp-block-list\"><li>Posve\u0107eni smo radu bez osude uz nultu toleranciju na zlostavljanje, nasilje i eksploataciju.<\/li><li>Pridr\u017eavamo se visokih profesionalnih standarda prakse, po\u0161tovanja, empatije, osje\u0107ajnosti i po\u0161tenja.<\/li><li>Odr\u017eavamo integritet, transparentnost i odgovornost u svemu \u0161to radimo.<\/li><li>Pru\u017eamo lako dostupne i lako dostupne usluge.<\/li><li>Podi\u017eemo svijest o svim oblicima zlostavljanja i nasilja kako unutar crna\u010dkih i manjinskih zajednica, tako i kod vlade i civilnog dru\u0161tva u Walesu.<\/li><li>Mi uvijek izazivamo rasizam i sve oblike me\u0111usektorske nejednakosti, nepravde i diskriminacije.<\/li><\/ul>","protected":false},"excerpt":{"rendered":"<p>Who we are Bawso was established in 1995 by a small group of black and minoritised women in Cardiff, who were concerned about the appropriateness of services provided to victims [&hellip;]<\/p>\n","protected":false},"author":1,"featured_media":0,"parent":0,"menu_order":4,"comment_status":"closed","ping_status":"closed","template":"","meta":{"_acf_changed":false,"_seopress_robots_primary_cat":"","_seopress_titles_title":"Bawso | About Us","_seopress_titles_desc":"The lead organisation in Wales providing practical &amp; emotional support to black minority ethnic (BAME) and migrant victims of abuse, violence and exploitation.","_seopress_robots_index":"","footnotes":""},"class_list":["post-311","page","type-page","status-publish","hentry"],"acf":[],"publishpress_future_action":{"enabled":false,"date":"2026-06-29 20:34:41","action":"category-add","newStatus":"draft","terms":[],"taxonomy":"","extraData":[]},"publishpress_future_workflow_manual_trigger":{"enabledWorkflows":[]},"_links":{"self":[{"href":"https:\/\/bawso.org.uk\/bs\/wp-json\/wp\/v2\/pages\/311","targetHints":{"allow":["GET"]}}],"collection":[{"href":"https:\/\/bawso.org.uk\/bs\/wp-json\/wp\/v2\/pages"}],"about":[{"href":"https:\/\/bawso.org.uk\/bs\/wp-json\/wp\/v2\/types\/page"}],"author":[{"embeddable":true,"href":"https:\/\/bawso.org.uk\/bs\/wp-json\/wp\/v2\/users\/1"}],"replies":[{"embeddable":true,"href":"https:\/\/bawso.org.uk\/bs\/wp-json\/wp\/v2\/comments?post=311"}],"version-history":[{"count":9,"href":"https:\/\/bawso.org.uk\/bs\/wp-json\/wp\/v2\/pages\/311\/revisions"}],"predecessor-version":[{"id":1985,"href":"https:\/\/bawso.org.uk\/bs\/wp-json\/wp\/v2\/pages\/311\/revisions\/1985"}],"wp:attachment":[{"href":"https:\/\/bawso.org.uk\/bs\/wp-json\/wp\/v2\/media?parent=311"}],"curies":[{"name":"radni list","href":"https:\/\/api.w.org\/{rel}","templated":true}]}}